{"id":8711,"date":"2026-04-15T16:05:34","date_gmt":"2026-04-15T19:05:34","guid":{"rendered":"https:\/\/redoma.com.br\/revenda\/?post_type=product&#038;p=8711"},"modified":"2026-04-15T16:12:17","modified_gmt":"2026-04-15T19:12:17","slug":"agenda-diaria-pro-360-original-graphic","status":"publish","type":"product","link":"https:\/\/redoma.com.br\/revenda\/produto\/agenda-diaria-pro-360-original-graphic\/","title":{"rendered":"AGENDA D\u00cdARIA PRO 360 ORIGINAL GRAPHIC"},"content":{"rendered":"","protected":false},"excerpt":{"rendered":"<h4>AGENDA D\u00cdARIA PRO 360 ORIGINAL GRAPHIC<\/h4>\n<p>\u2022 miolo di\u00e1rio em 3 idiomas<br data-start=\"27\" data-end=\"30\" \/>\u2022 pagina\u00e7\u00e3o de janeiro a janeiro<br data-start=\"62\" data-end=\"65\" \/>\u2022 dados comerciais<br data-start=\"83\" data-end=\"86\" \/>\u2022 feriados nacionais e internacionais<br data-start=\"123\" data-end=\"126\" \/>\u2022 calend\u00e1rio das esta\u00e7\u00f5es e ano lunar<br data-start=\"163\" data-end=\"166\" \/>\u2022 planejamento 2027<br data-start=\"185\" data-end=\"188\" \/>\u2022 planejamento financeiro<br data-start=\"213\" data-end=\"216\" \/>\u2022 indica\u00e7\u00e3o da semana e dias corridos<br data-start=\"253\" data-end=\"256\" \/>\u2022 tabelas de convers\u00e3o<br data-start=\"278\" data-end=\"281\" \/>\u2022 \u00edndice telef\u00f4nico<br data-start=\"300\" data-end=\"303\" \/>\u2022 wire-o dourado<\/p>\n","protected":false},"featured_media":8712,"template":"","meta":[],"product_brand":[],"product_cat":[418,419,432,426],"product_tag":[],"class_list":{"0":"post-8711","1":"product","2":"type-product","3":"status-publish","4":"has-post-thumbnail","6":"product_cat-agendas-classicas","7":"product_cat-agendas-diarias","8":"product_cat-original","9":"product_cat-original-graphic","10":"description-off","12":"first","13":"instock","14":"shipping-taxable","15":"purchasable","16":"product-type-simple"},"yoast_head":"<!-- This site is optimized with the Yoast SEO plugin v27.4 - https:\/\/yoast.com\/product\/yoast-seo-wordpress\/ -->\n<title>AGENDA D\u00cdARIA PRO 360 ORIGINAL GRAPHIC - Redoma - Revenda<\/title>\n<meta name=\"robots\" content=\"index, follow, max-snippet:-1, max-image-preview:large, max-video-preview:-1\" \/>\n<link rel=\"canonical\" href=\"https:\/\/redoma.com.br\/revenda\/produto\/agenda-diaria-pro-360-original-graphic\/\" \/>\n<meta property=\"og:locale\" content=\"pt_BR\" \/>\n<meta property=\"og:type\" content=\"article\" \/>\n<meta property=\"og:title\" content=\"AGENDA D\u00cdARIA PRO 360 ORIGINAL GRAPHIC - Redoma - Revenda\" \/>\n<meta property=\"og:description\" content=\"AGENDA D\u00cdARIA PRO 360 ORIGINAL GRAPHIC \u2022 miolo di\u00e1rio em 3 idiomas\u2022 pagina\u00e7\u00e3o de janeiro a janeiro\u2022 dados comerciais\u2022 feriados nacionais e internacionais\u2022 calend\u00e1rio das esta\u00e7\u00f5es e ano lunar\u2022 planejamento 2027\u2022 planejamento financeiro\u2022 indica\u00e7\u00e3o da semana e dias corridos\u2022 tabelas de convers\u00e3o\u2022 \u00edndice telef\u00f4nico\u2022 wire-o dourado\" \/>\n<meta property=\"og:url\" content=\"https:\/\/redoma.com.br\/revenda\/produto\/agenda-diaria-pro-360-original-graphic\/\" \/>\n<meta property=\"og:site_name\" content=\"Redoma - Revenda\" \/>\n<meta property=\"article:modified_time\" content=\"2026-04-15T19:12:17+00:00\" \/>\n<meta property=\"og:image\" content=\"https:\/\/redoma.com.br\/revenda\/wp-content\/uploads\/2026\/04\/R569_01.png\" \/>\n\t<meta property=\"og:image:width\" content=\"1001\" \/>\n\t<meta property=\"og:image:height\" content=\"1001\" \/>\n\t<meta property=\"og:image:type\" content=\"image\/png\" \/>\n<meta name=\"twitter:card\" content=\"summary_large_image\" \/>\n<meta name=\"twitter:label1\" content=\"Est. tempo de leitura\" \/>\n\t<meta name=\"twitter:data1\" content=\"1 minuto\" \/>\n<script type=\"application\/ld+json\" class=\"yoast-schema-graph\">{\"@context\":\"https:\\\/\\\/schema.org\",\"@graph\":[{\"@type\":\"WebPage\",\"@id\":\"https:\\\/\\\/redoma.com.br\\\/revenda\\\/produto\\\/agenda-diaria-pro-360-original-graphic\\\/\",\"url\":\"https:\\\/\\\/redoma.com.br\\\/revenda\\\/produto\\\/agenda-diaria-pro-360-original-graphic\\\/\",\"name\":\"AGENDA D\u00cdARIA PRO 360 ORIGINAL GRAPHIC - Redoma - Revenda\",\"isPartOf\":{\"@id\":\"https:\\\/\\\/redoma.com.br\\\/revenda\\\/#website\"},\"primaryImageOfPage\":{\"@id\":\"https:\\\/\\\/redoma.com.br\\\/revenda\\\/produto\\\/agenda-diaria-pro-360-original-graphic\\\/#primaryimage\"},\"image\":{\"@id\":\"https:\\\/\\\/redoma.com.br\\\/revenda\\\/produto\\\/agenda-diaria-pro-360-original-graphic\\\/#primaryimage\"},\"thumbnailUrl\":\"https:\\\/\\\/redoma.com.br\\\/revenda\\\/wp-content\\\/uploads\\\/2026\\\/04\\\/R569_01.png\",\"datePublished\":\"2026-04-15T19:05:34+00:00\",\"dateModified\":\"2026-04-15T19:12:17+00:00\",\"breadcrumb\":{\"@id\":\"https:\\\/\\\/redoma.com.br\\\/revenda\\\/produto\\\/agenda-diaria-pro-360-original-graphic\\\/#breadcrumb\"},\"inLanguage\":\"pt-BR\",\"potentialAction\":[{\"@type\":\"ReadAction\",\"target\":[\"https:\\\/\\\/redoma.com.br\\\/revenda\\\/produto\\\/agenda-diaria-pro-360-original-graphic\\\/\"]}]},{\"@type\":\"ImageObject\",\"inLanguage\":\"pt-BR\",\"@id\":\"https:\\\/\\\/redoma.com.br\\\/revenda\\\/produto\\\/agenda-diaria-pro-360-original-graphic\\\/#primaryimage\",\"url\":\"https:\\\/\\\/redoma.com.br\\\/revenda\\\/wp-content\\\/uploads\\\/2026\\\/04\\\/R569_01.png\",\"contentUrl\":\"https:\\\/\\\/redoma.com.br\\\/revenda\\\/wp-content\\\/uploads\\\/2026\\\/04\\\/R569_01.png\",\"width\":1001,\"height\":1001},{\"@type\":\"BreadcrumbList\",\"@id\":\"https:\\\/\\\/redoma.com.br\\\/revenda\\\/produto\\\/agenda-diaria-pro-360-original-graphic\\\/#breadcrumb\",\"itemListElement\":[{\"@type\":\"ListItem\",\"position\":1,\"name\":\"In\u00edcio\",\"item\":\"https:\\\/\\\/redoma.com.br\\\/revenda\\\/\"},{\"@type\":\"ListItem\",\"position\":2,\"name\":\"Produtos\",\"item\":\"https:\\\/\\\/redoma.com.br\\\/revenda\\\/produtos\\\/\"},{\"@type\":\"ListItem\",\"position\":3,\"name\":\"AGENDA D\u00cdARIA PRO 360 ORIGINAL GRAPHIC\"}]},{\"@type\":\"WebSite\",\"@id\":\"https:\\\/\\\/redoma.com.br\\\/revenda\\\/#website\",\"url\":\"https:\\\/\\\/redoma.com.br\\\/revenda\\\/\",\"name\":\"Redoma - Revenda\",\"description\":\"\",\"potentialAction\":[{\"@type\":\"SearchAction\",\"target\":{\"@type\":\"EntryPoint\",\"urlTemplate\":\"https:\\\/\\\/redoma.com.br\\\/revenda\\\/?s={search_term_string}\"},\"query-input\":{\"@type\":\"PropertyValueSpecification\",\"valueRequired\":true,\"valueName\":\"search_term_string\"}}],\"inLanguage\":\"pt-BR\"}]}<\/script>\n<!-- \/ Yoast SEO plugin. -->","yoast_head_json":{"title":"AGENDA D\u00cdARIA PRO 360 ORIGINAL GRAPHIC - Redoma - Revenda","robots":{"index":"index","follow":"follow","max-snippet":"max-snippet:-1","max-image-preview":"max-image-preview:large","max-video-preview":"max-video-preview:-1"},"canonical":"https:\/\/redoma.com.br\/revenda\/produto\/agenda-diaria-pro-360-original-graphic\/","og_locale":"pt_BR","og_type":"article","og_title":"AGENDA D\u00cdARIA PRO 360 ORIGINAL GRAPHIC - Redoma - Revenda","og_description":"AGENDA D\u00cdARIA PRO 360 ORIGINAL GRAPHIC \u2022 miolo di\u00e1rio em 3 idiomas\u2022 pagina\u00e7\u00e3o de janeiro a janeiro\u2022 dados comerciais\u2022 feriados nacionais e internacionais\u2022 calend\u00e1rio das esta\u00e7\u00f5es e ano lunar\u2022 planejamento 2027\u2022 planejamento financeiro\u2022 indica\u00e7\u00e3o da semana e dias corridos\u2022 tabelas de convers\u00e3o\u2022 \u00edndice telef\u00f4nico\u2022 wire-o dourado","og_url":"https:\/\/redoma.com.br\/revenda\/produto\/agenda-diaria-pro-360-original-graphic\/","og_site_name":"Redoma - Revenda","article_modified_time":"2026-04-15T19:12:17+00:00","og_image":[{"width":1001,"height":1001,"url":"https:\/\/redoma.com.br\/revenda\/wp-content\/uploads\/2026\/04\/R569_01.png","type":"image\/png"}],"twitter_card":"summary_large_image","twitter_misc":{"Est. tempo de leitura":"1 minuto"},"schema":{"@context":"https:\/\/schema.org","@graph":[{"@type":"WebPage","@id":"https:\/\/redoma.com.br\/revenda\/produto\/agenda-diaria-pro-360-original-graphic\/","url":"https:\/\/redoma.com.br\/revenda\/produto\/agenda-diaria-pro-360-original-graphic\/","name":"AGENDA D\u00cdARIA PRO 360 ORIGINAL GRAPHIC - Redoma - Revenda","isPartOf":{"@id":"https:\/\/redoma.com.br\/revenda\/#website"},"primaryImageOfPage":{"@id":"https:\/\/redoma.com.br\/revenda\/produto\/agenda-diaria-pro-360-original-graphic\/#primaryimage"},"image":{"@id":"https:\/\/redoma.com.br\/revenda\/produto\/agenda-diaria-pro-360-original-graphic\/#primaryimage"},"thumbnailUrl":"https:\/\/redoma.com.br\/revenda\/wp-content\/uploads\/2026\/04\/R569_01.png","datePublished":"2026-04-15T19:05:34+00:00","dateModified":"2026-04-15T19:12:17+00:00","breadcrumb":{"@id":"https:\/\/redoma.com.br\/revenda\/produto\/agenda-diaria-pro-360-original-graphic\/#breadcrumb"},"inLanguage":"pt-BR","potentialAction":[{"@type":"ReadAction","target":["https:\/\/redoma.com.br\/revenda\/produto\/agenda-diaria-pro-360-original-graphic\/"]}]},{"@type":"ImageObject","inLanguage":"pt-BR","@id":"https:\/\/redoma.com.br\/revenda\/produto\/agenda-diaria-pro-360-original-graphic\/#primaryimage","url":"https:\/\/redoma.com.br\/revenda\/wp-content\/uploads\/2026\/04\/R569_01.png","contentUrl":"https:\/\/redoma.com.br\/revenda\/wp-content\/uploads\/2026\/04\/R569_01.png","width":1001,"height":1001},{"@type":"BreadcrumbList","@id":"https:\/\/redoma.com.br\/revenda\/produto\/agenda-diaria-pro-360-original-graphic\/#breadcrumb","itemListElement":[{"@type":"ListItem","position":1,"name":"In\u00edcio","item":"https:\/\/redoma.com.br\/revenda\/"},{"@type":"ListItem","position":2,"name":"Produtos","item":"https:\/\/redoma.com.br\/revenda\/produtos\/"},{"@type":"ListItem","position":3,"name":"AGENDA D\u00cdARIA PRO 360 ORIGINAL GRAPHIC"}]},{"@type":"WebSite","@id":"https:\/\/redoma.com.br\/revenda\/#website","url":"https:\/\/redoma.com.br\/revenda\/","name":"Redoma - Revenda","description":"","potentialAction":[{"@type":"SearchAction","target":{"@type":"EntryPoint","urlTemplate":"https:\/\/redoma.com.br\/revenda\/?s={search_term_string}"},"query-input":{"@type":"PropertyValueSpecification","valueRequired":true,"valueName":"search_term_string"}}],"inLanguage":"pt-BR"}]}},"_links":{"self":[{"href":"https:\/\/redoma.com.br\/revenda\/wp-json\/wp\/v2\/product\/8711","targetHints":{"allow":["GET"]}}],"collection":[{"href":"https:\/\/redoma.com.br\/revenda\/wp-json\/wp\/v2\/product"}],"about":[{"href":"https:\/\/redoma.com.br\/revenda\/wp-json\/wp\/v2\/types\/product"}],"wp:featuredmedia":[{"embeddable":true,"href":"https:\/\/redoma.com.br\/revenda\/wp-json\/wp\/v2\/media\/8712"}],"wp:attachment":[{"href":"https:\/\/redoma.com.br\/revenda\/wp-json\/wp\/v2\/media?parent=8711"}],"wp:term":[{"taxonomy":"product_brand","embeddable":true,"href":"https:\/\/redoma.com.br\/revenda\/wp-json\/wp\/v2\/product_brand?post=8711"},{"taxonomy":"product_cat","embeddable":true,"href":"https:\/\/redoma.com.br\/revenda\/wp-json\/wp\/v2\/product_cat?post=8711"},{"taxonomy":"product_tag","embeddable":true,"href":"https:\/\/redoma.com.br\/revenda\/wp-json\/wp\/v2\/product_tag?post=8711"}],"curies":[{"name":"wp","href":"https:\/\/api.w.org\/{rel}","templated":true}]}}