{"id":8259,"date":"2025-06-02T17:06:47","date_gmt":"2025-06-02T20:06:47","guid":{"rendered":"https:\/\/redoma.com.br\/revenda\/?post_type=product&#038;p=8259"},"modified":"2026-04-22T10:31:17","modified_gmt":"2026-04-22T13:31:17","slug":"agenda-diaria-safira-preta","status":"publish","type":"product","link":"https:\/\/redoma.com.br\/revenda\/produto\/agenda-diaria-safira-preta\/","title":{"rendered":"AGENDA DI\u00c1RIA SAFIRA PRETA"},"content":{"rendered":"","protected":false},"excerpt":{"rendered":"<h4>AGENDA DI\u00c1RIA SAFIRA PRETA<\/h4>\n<p>\u2022 138x200mm<br \/>\n\u2022 capa em material texturizado<br \/>\n\u2022 miolo di\u00e1rio em 3 idiomas<br \/>\n\u2022 8 p\u00e1ginas com informa\u00e7\u00f5es \u00fateis para seu dia a dia<br \/>\n\u2022 planejamento<br \/>\n\u2022 indice telef\u00f4nico<br \/>\n\u2022 fitilho<br \/>\n\u2022 marcador de p\u00e1gina<\/p>\n<p>*venda minima calxa com 20 unidades<\/p>\n","protected":false},"featured_media":8865,"template":"","meta":[],"product_brand":[],"product_cat":[418,419,429],"product_tag":[],"class_list":{"0":"post-8259","1":"product","2":"type-product","3":"status-publish","4":"has-post-thumbnail","6":"product_cat-agendas-classicas","7":"product_cat-agendas-diarias","8":"product_cat-essencial-office","9":"description-off","11":"first","12":"instock","13":"shipping-taxable","14":"purchasable","15":"product-type-simple"},"yoast_head":"<!-- This site is optimized with the Yoast SEO plugin v27.4 - https:\/\/yoast.com\/product\/yoast-seo-wordpress\/ -->\n<title>AGENDA DI\u00c1RIA SAFIRA PRETA - Redoma - Revenda<\/title>\n<meta name=\"robots\" content=\"index, follow, max-snippet:-1, max-image-preview:large, max-video-preview:-1\" \/>\n<link rel=\"canonical\" href=\"https:\/\/redoma.com.br\/revenda\/produto\/agenda-diaria-safira-preta\/\" \/>\n<meta property=\"og:locale\" content=\"pt_BR\" \/>\n<meta property=\"og:type\" content=\"article\" \/>\n<meta property=\"og:title\" content=\"AGENDA DI\u00c1RIA SAFIRA PRETA - Redoma - Revenda\" \/>\n<meta property=\"og:description\" content=\"AGENDA DI\u00c1RIA SAFIRA PRETA \u2022 138x200mm \u2022 capa em material texturizado \u2022 miolo di\u00e1rio em 3 idiomas \u2022 8 p\u00e1ginas com informa\u00e7\u00f5es \u00fateis para seu dia a dia \u2022 planejamento \u2022 indice telef\u00f4nico \u2022 fitilho \u2022 marcador de p\u00e1gina  *venda minima calxa com 20 unidades\" \/>\n<meta property=\"og:url\" content=\"https:\/\/redoma.com.br\/revenda\/produto\/agenda-diaria-safira-preta\/\" \/>\n<meta property=\"og:site_name\" content=\"Redoma - Revenda\" \/>\n<meta property=\"article:modified_time\" content=\"2026-04-22T13:31:17+00:00\" \/>\n<meta property=\"og:image\" content=\"https:\/\/redoma.com.br\/revenda\/wp-content\/uploads\/2025\/06\/R730PT_27_1.png\" \/>\n\t<meta property=\"og:image:width\" content=\"1001\" \/>\n\t<meta property=\"og:image:height\" content=\"1001\" \/>\n\t<meta property=\"og:image:type\" content=\"image\/png\" \/>\n<meta name=\"twitter:card\" content=\"summary_large_image\" \/>\n<meta name=\"twitter:label1\" content=\"Est. tempo de leitura\" \/>\n\t<meta name=\"twitter:data1\" content=\"1 minuto\" \/>\n<script type=\"application\/ld+json\" class=\"yoast-schema-graph\">{\"@context\":\"https:\\\/\\\/schema.org\",\"@graph\":[{\"@type\":\"WebPage\",\"@id\":\"https:\\\/\\\/redoma.com.br\\\/revenda\\\/produto\\\/agenda-diaria-safira-preta\\\/\",\"url\":\"https:\\\/\\\/redoma.com.br\\\/revenda\\\/produto\\\/agenda-diaria-safira-preta\\\/\",\"name\":\"AGENDA DI\u00c1RIA SAFIRA PRETA - Redoma - Revenda\",\"isPartOf\":{\"@id\":\"https:\\\/\\\/redoma.com.br\\\/revenda\\\/#website\"},\"primaryImageOfPage\":{\"@id\":\"https:\\\/\\\/redoma.com.br\\\/revenda\\\/produto\\\/agenda-diaria-safira-preta\\\/#primaryimage\"},\"image\":{\"@id\":\"https:\\\/\\\/redoma.com.br\\\/revenda\\\/produto\\\/agenda-diaria-safira-preta\\\/#primaryimage\"},\"thumbnailUrl\":\"https:\\\/\\\/redoma.com.br\\\/revenda\\\/wp-content\\\/uploads\\\/2025\\\/06\\\/R730PT_27_1.png\",\"datePublished\":\"2025-06-02T20:06:47+00:00\",\"dateModified\":\"2026-04-22T13:31:17+00:00\",\"breadcrumb\":{\"@id\":\"https:\\\/\\\/redoma.com.br\\\/revenda\\\/produto\\\/agenda-diaria-safira-preta\\\/#breadcrumb\"},\"inLanguage\":\"pt-BR\",\"potentialAction\":[{\"@type\":\"ReadAction\",\"target\":[\"https:\\\/\\\/redoma.com.br\\\/revenda\\\/produto\\\/agenda-diaria-safira-preta\\\/\"]}]},{\"@type\":\"ImageObject\",\"inLanguage\":\"pt-BR\",\"@id\":\"https:\\\/\\\/redoma.com.br\\\/revenda\\\/produto\\\/agenda-diaria-safira-preta\\\/#primaryimage\",\"url\":\"https:\\\/\\\/redoma.com.br\\\/revenda\\\/wp-content\\\/uploads\\\/2025\\\/06\\\/R730PT_27_1.png\",\"contentUrl\":\"https:\\\/\\\/redoma.com.br\\\/revenda\\\/wp-content\\\/uploads\\\/2025\\\/06\\\/R730PT_27_1.png\",\"width\":1001,\"height\":1001},{\"@type\":\"BreadcrumbList\",\"@id\":\"https:\\\/\\\/redoma.com.br\\\/revenda\\\/produto\\\/agenda-diaria-safira-preta\\\/#breadcrumb\",\"itemListElement\":[{\"@type\":\"ListItem\",\"position\":1,\"name\":\"In\u00edcio\",\"item\":\"https:\\\/\\\/redoma.com.br\\\/revenda\\\/\"},{\"@type\":\"ListItem\",\"position\":2,\"name\":\"Produtos\",\"item\":\"https:\\\/\\\/redoma.com.br\\\/revenda\\\/produtos\\\/\"},{\"@type\":\"ListItem\",\"position\":3,\"name\":\"AGENDA DI\u00c1RIA SAFIRA PRETA\"}]},{\"@type\":\"WebSite\",\"@id\":\"https:\\\/\\\/redoma.com.br\\\/revenda\\\/#website\",\"url\":\"https:\\\/\\\/redoma.com.br\\\/revenda\\\/\",\"name\":\"Redoma - Revenda\",\"description\":\"\",\"potentialAction\":[{\"@type\":\"SearchAction\",\"target\":{\"@type\":\"EntryPoint\",\"urlTemplate\":\"https:\\\/\\\/redoma.com.br\\\/revenda\\\/?s={search_term_string}\"},\"query-input\":{\"@type\":\"PropertyValueSpecification\",\"valueRequired\":true,\"valueName\":\"search_term_string\"}}],\"inLanguage\":\"pt-BR\"}]}<\/script>\n<!-- \/ Yoast SEO plugin. -->","yoast_head_json":{"title":"AGENDA DI\u00c1RIA SAFIRA PRETA - Redoma - Revenda","robots":{"index":"index","follow":"follow","max-snippet":"max-snippet:-1","max-image-preview":"max-image-preview:large","max-video-preview":"max-video-preview:-1"},"canonical":"https:\/\/redoma.com.br\/revenda\/produto\/agenda-diaria-safira-preta\/","og_locale":"pt_BR","og_type":"article","og_title":"AGENDA DI\u00c1RIA SAFIRA PRETA - Redoma - Revenda","og_description":"AGENDA DI\u00c1RIA SAFIRA PRETA \u2022 138x200mm \u2022 capa em material texturizado \u2022 miolo di\u00e1rio em 3 idiomas \u2022 8 p\u00e1ginas com informa\u00e7\u00f5es \u00fateis para seu dia a dia \u2022 planejamento \u2022 indice telef\u00f4nico \u2022 fitilho \u2022 marcador de p\u00e1gina  *venda minima calxa com 20 unidades","og_url":"https:\/\/redoma.com.br\/revenda\/produto\/agenda-diaria-safira-preta\/","og_site_name":"Redoma - Revenda","article_modified_time":"2026-04-22T13:31:17+00:00","og_image":[{"width":1001,"height":1001,"url":"https:\/\/redoma.com.br\/revenda\/wp-content\/uploads\/2025\/06\/R730PT_27_1.png","type":"image\/png"}],"twitter_card":"summary_large_image","twitter_misc":{"Est. tempo de leitura":"1 minuto"},"schema":{"@context":"https:\/\/schema.org","@graph":[{"@type":"WebPage","@id":"https:\/\/redoma.com.br\/revenda\/produto\/agenda-diaria-safira-preta\/","url":"https:\/\/redoma.com.br\/revenda\/produto\/agenda-diaria-safira-preta\/","name":"AGENDA DI\u00c1RIA SAFIRA PRETA - Redoma - Revenda","isPartOf":{"@id":"https:\/\/redoma.com.br\/revenda\/#website"},"primaryImageOfPage":{"@id":"https:\/\/redoma.com.br\/revenda\/produto\/agenda-diaria-safira-preta\/#primaryimage"},"image":{"@id":"https:\/\/redoma.com.br\/revenda\/produto\/agenda-diaria-safira-preta\/#primaryimage"},"thumbnailUrl":"https:\/\/redoma.com.br\/revenda\/wp-content\/uploads\/2025\/06\/R730PT_27_1.png","datePublished":"2025-06-02T20:06:47+00:00","dateModified":"2026-04-22T13:31:17+00:00","breadcrumb":{"@id":"https:\/\/redoma.com.br\/revenda\/produto\/agenda-diaria-safira-preta\/#breadcrumb"},"inLanguage":"pt-BR","potentialAction":[{"@type":"ReadAction","target":["https:\/\/redoma.com.br\/revenda\/produto\/agenda-diaria-safira-preta\/"]}]},{"@type":"ImageObject","inLanguage":"pt-BR","@id":"https:\/\/redoma.com.br\/revenda\/produto\/agenda-diaria-safira-preta\/#primaryimage","url":"https:\/\/redoma.com.br\/revenda\/wp-content\/uploads\/2025\/06\/R730PT_27_1.png","contentUrl":"https:\/\/redoma.com.br\/revenda\/wp-content\/uploads\/2025\/06\/R730PT_27_1.png","width":1001,"height":1001},{"@type":"BreadcrumbList","@id":"https:\/\/redoma.com.br\/revenda\/produto\/agenda-diaria-safira-preta\/#breadcrumb","itemListElement":[{"@type":"ListItem","position":1,"name":"In\u00edcio","item":"https:\/\/redoma.com.br\/revenda\/"},{"@type":"ListItem","position":2,"name":"Produtos","item":"https:\/\/redoma.com.br\/revenda\/produtos\/"},{"@type":"ListItem","position":3,"name":"AGENDA DI\u00c1RIA SAFIRA PRETA"}]},{"@type":"WebSite","@id":"https:\/\/redoma.com.br\/revenda\/#website","url":"https:\/\/redoma.com.br\/revenda\/","name":"Redoma - Revenda","description":"","potentialAction":[{"@type":"SearchAction","target":{"@type":"EntryPoint","urlTemplate":"https:\/\/redoma.com.br\/revenda\/?s={search_term_string}"},"query-input":{"@type":"PropertyValueSpecification","valueRequired":true,"valueName":"search_term_string"}}],"inLanguage":"pt-BR"}]}},"_links":{"self":[{"href":"https:\/\/redoma.com.br\/revenda\/wp-json\/wp\/v2\/product\/8259","targetHints":{"allow":["GET"]}}],"collection":[{"href":"https:\/\/redoma.com.br\/revenda\/wp-json\/wp\/v2\/product"}],"about":[{"href":"https:\/\/redoma.com.br\/revenda\/wp-json\/wp\/v2\/types\/product"}],"wp:featuredmedia":[{"embeddable":true,"href":"https:\/\/redoma.com.br\/revenda\/wp-json\/wp\/v2\/media\/8865"}],"wp:attachment":[{"href":"https:\/\/redoma.com.br\/revenda\/wp-json\/wp\/v2\/media?parent=8259"}],"wp:term":[{"taxonomy":"product_brand","embeddable":true,"href":"https:\/\/redoma.com.br\/revenda\/wp-json\/wp\/v2\/product_brand?post=8259"},{"taxonomy":"product_cat","embeddable":true,"href":"https:\/\/redoma.com.br\/revenda\/wp-json\/wp\/v2\/product_cat?post=8259"},{"taxonomy":"product_tag","embeddable":true,"href":"https:\/\/redoma.com.br\/revenda\/wp-json\/wp\/v2\/product_tag?post=8259"}],"curies":[{"name":"wp","href":"https:\/\/api.w.org\/{rel}","templated":true}]}}