{"id":2439,"date":"2021-05-24T17:30:40","date_gmt":"2021-05-24T20:30:40","guid":{"rendered":"https:\/\/novo.redoma.com.br\/?post_type=product&#038;p=2439"},"modified":"2025-07-11T18:28:16","modified_gmt":"2025-07-11T21:28:16","slug":"caderno-encadernado-capa-cortica","status":"publish","type":"product","link":"https:\/\/redoma.com.br\/revenda\/produto\/caderno-encadernado-capa-cortica\/","title":{"rendered":"Caderno Encadernado | Capa Corti\u00e7a"},"content":{"rendered":"<div style=\"width: 1200px;\" class=\"wp-video\"><video class=\"wp-video-shortcode\" id=\"video-2439-1\" width=\"1200\" height=\"675\" preload=\"metadata\" controls=\"controls\"><source type=\"video\/mp4\" src=\"https:\/\/redoma.com.br\/revenda\/wp-content\/uploads\/2023\/03\/Cadernos-e-planners-INSTITUCIONAL.mp4?_=1\" \/><a href=\"https:\/\/redoma.com.br\/revenda\/wp-content\/uploads\/2023\/03\/Cadernos-e-planners-INSTITUCIONAL.mp4\">https:\/\/redoma.com.br\/revenda\/wp-content\/uploads\/2023\/03\/Cadernos-e-planners-INSTITUCIONAL.mp4<\/a><\/video><\/div>\n","protected":false},"excerpt":{"rendered":"<p><strong>Classifica\u00e7\u00e3o:<\/strong> Revestimento Standard<\/p>\n<p>&nbsp;<\/p>\n<p>Como o pr\u00f3prio nome j\u00e1 diz este revestimento traz a estampa de corti\u00e7a e possui uma camada especial que o deixa com a sensa\u00e7\u00e3o de \u201cemborrachado\u201d. Neste revestimento \u00e9 poss\u00edvel gravar o logo colorido ou em hot stamping trazendo um destaque especial.<\/p>\n<p>&nbsp;<\/p>\n<p><strong>Solicite seu or\u00e7amento preenchendo o formul\u00e1rio a baixo:<\/strong><\/p>\n","protected":false},"featured_media":7270,"template":"","meta":[],"product_brand":[],"product_cat":[15],"product_tag":[],"class_list":{"0":"post-2439","1":"product","2":"type-product","3":"status-publish","4":"has-post-thumbnail","6":"product_cat-sem-categoria","7":"description-off","9":"first","10":"instock","11":"shipping-taxable","12":"purchasable","13":"product-type-variable"},"yoast_head":"<!-- This site is optimized with the Yoast SEO plugin v26.8 - https:\/\/yoast.com\/product\/yoast-seo-wordpress\/ -->\n<title>Caderno Encadernado | Capa Corti\u00e7a - Redoma - Revenda<\/title>\n<meta name=\"robots\" content=\"index, follow, max-snippet:-1, max-image-preview:large, max-video-preview:-1\" \/>\n<link rel=\"canonical\" href=\"https:\/\/redoma.com.br\/revenda\/produto\/caderno-encadernado-capa-cortica\/\" \/>\n<meta property=\"og:locale\" content=\"pt_BR\" \/>\n<meta property=\"og:type\" content=\"article\" \/>\n<meta property=\"og:title\" content=\"Caderno Encadernado | Capa Corti\u00e7a - Redoma - Revenda\" \/>\n<meta property=\"og:description\" content=\"Classifica\u00e7\u00e3o: Revestimento Standard  &nbsp;  Como o pr\u00f3prio nome j\u00e1 diz este revestimento traz a estampa de corti\u00e7a e possui uma camada especial que o deixa com a sensa\u00e7\u00e3o de \u201cemborrachado\u201d. Neste revestimento \u00e9 poss\u00edvel gravar o logo colorido ou em hot stamping trazendo um destaque especial.  &nbsp;  Solicite seu or\u00e7amento preenchendo o formul\u00e1rio a baixo:\" \/>\n<meta property=\"og:url\" content=\"https:\/\/redoma.com.br\/revenda\/produto\/caderno-encadernado-capa-cortica\/\" \/>\n<meta property=\"og:site_name\" content=\"Redoma - Revenda\" \/>\n<meta property=\"article:modified_time\" content=\"2025-07-11T21:28:16+00:00\" \/>\n<meta property=\"og:image\" content=\"https:\/\/redoma.com.br\/revenda\/wp-content\/uploads\/2021\/05\/Caderno-medio-lombada-codigo-698.png\" \/>\n\t<meta property=\"og:image:width\" content=\"1000\" \/>\n\t<meta property=\"og:image:height\" content=\"1000\" \/>\n\t<meta property=\"og:image:type\" content=\"image\/png\" \/>\n<meta name=\"twitter:card\" content=\"summary_large_image\" \/>\n<script type=\"application\/ld+json\" class=\"yoast-schema-graph\">{\"@context\":\"https:\/\/schema.org\",\"@graph\":[{\"@type\":\"WebPage\",\"@id\":\"https:\/\/redoma.com.br\/revenda\/produto\/caderno-encadernado-capa-cortica\/\",\"url\":\"https:\/\/redoma.com.br\/revenda\/produto\/caderno-encadernado-capa-cortica\/\",\"name\":\"Caderno Encadernado | Capa Corti\u00e7a - Redoma - Revenda\",\"isPartOf\":{\"@id\":\"https:\/\/redoma.com.br\/revenda\/#website\"},\"primaryImageOfPage\":{\"@id\":\"https:\/\/redoma.com.br\/revenda\/produto\/caderno-encadernado-capa-cortica\/#primaryimage\"},\"image\":{\"@id\":\"https:\/\/redoma.com.br\/revenda\/produto\/caderno-encadernado-capa-cortica\/#primaryimage\"},\"thumbnailUrl\":\"https:\/\/redoma.com.br\/revenda\/wp-content\/uploads\/2023\/03\/Cortica-Caderno-lombada-26.png\",\"datePublished\":\"2021-05-24T20:30:40+00:00\",\"dateModified\":\"2025-07-11T21:28:16+00:00\",\"breadcrumb\":{\"@id\":\"https:\/\/redoma.com.br\/revenda\/produto\/caderno-encadernado-capa-cortica\/#breadcrumb\"},\"inLanguage\":\"pt-BR\",\"potentialAction\":[{\"@type\":\"ReadAction\",\"target\":[\"https:\/\/redoma.com.br\/revenda\/produto\/caderno-encadernado-capa-cortica\/\"]}]},{\"@type\":\"ImageObject\",\"inLanguage\":\"pt-BR\",\"@id\":\"https:\/\/redoma.com.br\/revenda\/produto\/caderno-encadernado-capa-cortica\/#primaryimage\",\"url\":\"https:\/\/redoma.com.br\/revenda\/wp-content\/uploads\/2023\/03\/Cortica-Caderno-lombada-26.png\",\"contentUrl\":\"https:\/\/redoma.com.br\/revenda\/wp-content\/uploads\/2023\/03\/Cortica-Caderno-lombada-26.png\",\"width\":1000,\"height\":1000},{\"@type\":\"BreadcrumbList\",\"@id\":\"https:\/\/redoma.com.br\/revenda\/produto\/caderno-encadernado-capa-cortica\/#breadcrumb\",\"itemListElement\":[{\"@type\":\"ListItem\",\"position\":1,\"name\":\"In\u00edcio\",\"item\":\"https:\/\/redoma.com.br\/revenda\/\"},{\"@type\":\"ListItem\",\"position\":2,\"name\":\"Produtos\",\"item\":\"https:\/\/redoma.com.br\/revenda\/produtos\/\"},{\"@type\":\"ListItem\",\"position\":3,\"name\":\"Caderno EncadernadoCapa Corti\u00e7a\"}]},{\"@type\":\"WebSite\",\"@id\":\"https:\/\/redoma.com.br\/revenda\/#website\",\"url\":\"https:\/\/redoma.com.br\/revenda\/\",\"name\":\"Redoma - Revenda\",\"description\":\"\",\"potentialAction\":[{\"@type\":\"SearchAction\",\"target\":{\"@type\":\"EntryPoint\",\"urlTemplate\":\"https:\/\/redoma.com.br\/revenda\/?s={search_term_string}\"},\"query-input\":{\"@type\":\"PropertyValueSpecification\",\"valueRequired\":true,\"valueName\":\"search_term_string\"}}],\"inLanguage\":\"pt-BR\"}]}<\/script>\n<!-- \/ Yoast SEO plugin. -->","yoast_head_json":{"title":"Caderno Encadernado | Capa Corti\u00e7a - Redoma - Revenda","robots":{"index":"index","follow":"follow","max-snippet":"max-snippet:-1","max-image-preview":"max-image-preview:large","max-video-preview":"max-video-preview:-1"},"canonical":"https:\/\/redoma.com.br\/revenda\/produto\/caderno-encadernado-capa-cortica\/","og_locale":"pt_BR","og_type":"article","og_title":"Caderno Encadernado | Capa Corti\u00e7a - Redoma - Revenda","og_description":"Classifica\u00e7\u00e3o: Revestimento Standard  &nbsp;  Como o pr\u00f3prio nome j\u00e1 diz este revestimento traz a estampa de corti\u00e7a e possui uma camada especial que o deixa com a sensa\u00e7\u00e3o de \u201cemborrachado\u201d. Neste revestimento \u00e9 poss\u00edvel gravar o logo colorido ou em hot stamping trazendo um destaque especial.  &nbsp;  Solicite seu or\u00e7amento preenchendo o formul\u00e1rio a baixo:","og_url":"https:\/\/redoma.com.br\/revenda\/produto\/caderno-encadernado-capa-cortica\/","og_site_name":"Redoma - Revenda","article_modified_time":"2025-07-11T21:28:16+00:00","og_image":[{"width":1000,"height":1000,"url":"https:\/\/redoma.com.br\/revenda\/wp-content\/uploads\/2021\/05\/Caderno-medio-lombada-codigo-698.png","type":"image\/png"}],"twitter_card":"summary_large_image","schema":{"@context":"https:\/\/schema.org","@graph":[{"@type":"WebPage","@id":"https:\/\/redoma.com.br\/revenda\/produto\/caderno-encadernado-capa-cortica\/","url":"https:\/\/redoma.com.br\/revenda\/produto\/caderno-encadernado-capa-cortica\/","name":"Caderno Encadernado | Capa Corti\u00e7a - Redoma - Revenda","isPartOf":{"@id":"https:\/\/redoma.com.br\/revenda\/#website"},"primaryImageOfPage":{"@id":"https:\/\/redoma.com.br\/revenda\/produto\/caderno-encadernado-capa-cortica\/#primaryimage"},"image":{"@id":"https:\/\/redoma.com.br\/revenda\/produto\/caderno-encadernado-capa-cortica\/#primaryimage"},"thumbnailUrl":"https:\/\/redoma.com.br\/revenda\/wp-content\/uploads\/2023\/03\/Cortica-Caderno-lombada-26.png","datePublished":"2021-05-24T20:30:40+00:00","dateModified":"2025-07-11T21:28:16+00:00","breadcrumb":{"@id":"https:\/\/redoma.com.br\/revenda\/produto\/caderno-encadernado-capa-cortica\/#breadcrumb"},"inLanguage":"pt-BR","potentialAction":[{"@type":"ReadAction","target":["https:\/\/redoma.com.br\/revenda\/produto\/caderno-encadernado-capa-cortica\/"]}]},{"@type":"ImageObject","inLanguage":"pt-BR","@id":"https:\/\/redoma.com.br\/revenda\/produto\/caderno-encadernado-capa-cortica\/#primaryimage","url":"https:\/\/redoma.com.br\/revenda\/wp-content\/uploads\/2023\/03\/Cortica-Caderno-lombada-26.png","contentUrl":"https:\/\/redoma.com.br\/revenda\/wp-content\/uploads\/2023\/03\/Cortica-Caderno-lombada-26.png","width":1000,"height":1000},{"@type":"BreadcrumbList","@id":"https:\/\/redoma.com.br\/revenda\/produto\/caderno-encadernado-capa-cortica\/#breadcrumb","itemListElement":[{"@type":"ListItem","position":1,"name":"In\u00edcio","item":"https:\/\/redoma.com.br\/revenda\/"},{"@type":"ListItem","position":2,"name":"Produtos","item":"https:\/\/redoma.com.br\/revenda\/produtos\/"},{"@type":"ListItem","position":3,"name":"Caderno EncadernadoCapa Corti\u00e7a"}]},{"@type":"WebSite","@id":"https:\/\/redoma.com.br\/revenda\/#website","url":"https:\/\/redoma.com.br\/revenda\/","name":"Redoma - Revenda","description":"","potentialAction":[{"@type":"SearchAction","target":{"@type":"EntryPoint","urlTemplate":"https:\/\/redoma.com.br\/revenda\/?s={search_term_string}"},"query-input":{"@type":"PropertyValueSpecification","valueRequired":true,"valueName":"search_term_string"}}],"inLanguage":"pt-BR"}]}},"_links":{"self":[{"href":"https:\/\/redoma.com.br\/revenda\/wp-json\/wp\/v2\/product\/2439","targetHints":{"allow":["GET"]}}],"collection":[{"href":"https:\/\/redoma.com.br\/revenda\/wp-json\/wp\/v2\/product"}],"about":[{"href":"https:\/\/redoma.com.br\/revenda\/wp-json\/wp\/v2\/types\/product"}],"wp:featuredmedia":[{"embeddable":true,"href":"https:\/\/redoma.com.br\/revenda\/wp-json\/wp\/v2\/media\/7270"}],"wp:attachment":[{"href":"https:\/\/redoma.com.br\/revenda\/wp-json\/wp\/v2\/media?parent=2439"}],"wp:term":[{"taxonomy":"product_brand","embeddable":true,"href":"https:\/\/redoma.com.br\/revenda\/wp-json\/wp\/v2\/product_brand?post=2439"},{"taxonomy":"product_cat","embeddable":true,"href":"https:\/\/redoma.com.br\/revenda\/wp-json\/wp\/v2\/product_cat?post=2439"},{"taxonomy":"product_tag","embeddable":true,"href":"https:\/\/redoma.com.br\/revenda\/wp-json\/wp\/v2\/product_tag?post=2439"}],"curies":[{"name":"wp","href":"https:\/\/api.w.org\/{rel}","templated":true}]}}