{"id":90,"date":"2021-04-09T15:26:02","date_gmt":"2021-04-09T18:26:02","guid":{"rendered":"http:\/\/novo.redoma.com.br\/?page_id=90"},"modified":"2025-05-29T14:18:37","modified_gmt":"2025-05-29T17:18:37","slug":"empresa","status":"publish","type":"page","link":"https:\/\/redoma.com.br\/revenda\/empresa\/","title":{"rendered":"Empresa"},"content":{"rendered":"<div class=\"wpb-content-wrapper\"><p>[vc_row full_width=&#8221;stretch_row&#8221; css=&#8221;.vc_custom_1617993866905{padding-top: 5rem !important;padding-bottom: 4rem !important;background-color: #ededed !important;}&#8221; el_class=&#8221;empresa&#8221;][vc_column][vc_column_text el_class=&#8221;mw-1000 text-medium&#8221;]<\/p>\n<h1 style=\"text-align: center;\">CONHE\u00c7A NOSSA HIST\u00d3RIA<\/h1>\n<p style=\"text-align: center;\">Ao longo dos anos a Redoma cresceu, e com constantes investimentos ampliou seu parque gr\u00e1fico e aumentou seu mix de produtos.<\/p>\n<p style=\"text-align: center;\">Tudo come\u00e7ou com o prop\u00f3sito de criar solu\u00e7\u00f5es gr\u00e1ficas. Idealizar um produto que fosse n\u00e3o somente um presente ou um produto de rascunhos, mas sim uma ferramenta de trabalho.<\/p>\n<p style=\"text-align: center;\">O Calend\u00e1rio Financeiro, que o mercado chamou de \u201cREDOMA\u201d, se tornou um produto essencial para o mercado financeiro, insubstitu\u00edvel para muitos mesmo com o avan\u00e7o da tecnologia.<\/p>\n<p>[\/vc_column_text][\/vc_column][\/vc_row][vc_row full_width=&#8221;stretch_row_content_no_spaces&#8221; equal_height=&#8221;yes&#8221; el_class=&#8221;empresa&#8221;][vc_column width=&#8221;1\/2&#8243; css=&#8221;.vc_custom_1618001830471{background-image: url(https:\/\/novo.redoma.com.br\/wp-content\/uploads\/2021\/04\/img-empresa1.jpg?id=91) !important;background-position: center !important;background-repeat: no-repeat !important;background-size: cover !important;}&#8221; el_class=&#8221;mh-300&#8243;][\/vc_column][vc_column width=&#8221;1\/2&#8243; css=&#8221;.vc_custom_1617993152575{padding-right: 2rem !important;padding-left: 2rem !important;}&#8221;][vc_column_text css=&#8221;.vc_custom_1617994346758{padding-top: 8rem !important;padding-bottom: 6rem !important;}&#8221; el_class=&#8221;mw-700 text-medium&#8221;]Com o mesmo prop\u00f3sito de seu in\u00edcio, vem criando solu\u00e7\u00f5es para a organiza\u00e7\u00e3o dos nossos clientes, mas com um diferencial: oferecer possibilidades de criar um produto exclusivo, transmitindo nele o sentimento e o valor de sua empresa.<\/p>\n<p>Esse ano estamos em comemora\u00e7\u00e3o, 45 anos de muitas hist\u00f3rias, aprendizado, crescimento e conquistas. Agradecemos a confian\u00e7a de todos os nossos clientes, parceiros, colaboradores e representantes, por fazerem parte dessa nossa hist\u00f3ria.[\/vc_column_text][\/vc_column][\/vc_row][vc_row full_width=&#8221;stretch_row_content_no_spaces&#8221; equal_height=&#8221;yes&#8221; el_class=&#8221;empresa&#8221;][vc_column width=&#8221;1\/2&#8243; css=&#8221;.vc_custom_1618002061086{background-image: url(https:\/\/novo.redoma.com.br\/wp-content\/uploads\/2021\/04\/img-empresa2.jpg?id=106) !important;background-position: center !important;background-repeat: no-repeat !important;background-size: cover !important;}&#8221; el_class=&#8221;mh-300 order-sm-2&#8243;][\/vc_column][vc_column width=&#8221;1\/2&#8243; css=&#8221;.vc_custom_1617993152575{padding-right: 2rem !important;padding-left: 2rem !important;}&#8221;][vc_column_text css=&#8221;.vc_custom_1617994619457{padding-top: 6rem !important;padding-bottom: 4rem !important;}&#8221; el_class=&#8221;mw-700 text-medium&#8221;]<\/p>\n<h2>SUSTENTABILIDADE<\/h2>\n<p>Construir pensando no futuro.<\/p>\n<p>O princ\u00edpio da Redoma \u00e9 cuidar do meio ambiente e, por meio de um programa de gest\u00e3o de res\u00edduos, organizamos as sobras de pap\u00e9is e alum\u00ednios que s\u00e3o preservados e encaminhados para empresas especializadas em reaproveitamento. Investimos em tecnologias para o uso inteligente e eficiente da energia el\u00e9trica e \u00e1gua. Acreditamos que o consumo consciente \u00e9 o caminho para um crescimento sustent\u00e1vel. Utilizamos na impress\u00e3o dos nossos produtos tinta 100% feita \u00e0 base de \u00f3leos vegetais, desta forma colaboramos com a preserva\u00e7\u00e3o do meio ambiente.[\/vc_column_text][\/vc_column][\/vc_row][vc_row full_width=&#8221;stretch_row&#8221; css=&#8221;.vc_custom_1617993866905{padding-top: 5rem !important;padding-bottom: 4rem !important;background-color: #ededed !important;}&#8221; el_class=&#8221;empresa&#8221;][vc_column][vc_column_text el_class=&#8221;mw-1000 text-medium&#8221;]<\/p>\n<h2 style=\"text-align: center;\">CERTIFICA\u00c7\u00d5ES<\/h2>\n<p style=\"text-align: center;\">Conhe\u00e7a as certifica\u00e7\u00f5es que a redoma tem:<\/p>\n<p style=\"text-align: center;\">Anualmente a Redoma dedica investimentos que visam melhorias em nossos processos, fabrica\u00e7\u00e3o e ambiente de trabalho. Somos fornecedor avaliado e certificado por empresas refer\u00eancias no mercado garantindo aos nossos clientes qualidade, transpar\u00eancia, \u00e9tica e seguran\u00e7a.<\/p>\n<p>[\/vc_column_text][\/vc_column][\/vc_row]<\/p>\n<\/div>","protected":false},"excerpt":{"rendered":"<p>[vc_row full_width=&#8221;stretch_row&#8221; css=&#8221;.vc_custom_1617993866905{padding-top: 5rem !important;padding-bottom: 4rem !important;background-color: #ededed !important;}&#8221; el_class=&#8221;empresa&#8221;][vc_column][vc_column_text el_class=&#8221;mw-1000 text-medium&#8221;] CONHE\u00c7A NOSSA HIST\u00d3RIA Ao longo dos anos a Redoma cresceu, e com constantes investimentos ampliou seu parque gr\u00e1fico e aumentou seu mix de produtos. Tudo come\u00e7ou com o prop\u00f3sito de criar solu\u00e7\u00f5es gr\u00e1ficas. Idealizar um produto que fosse n\u00e3o somente um presente ou&hellip;<\/p>\n","protected":false},"author":4,"featured_media":0,"parent":0,"menu_order":0,"comment_status":"closed","ping_status":"closed","template":"","meta":{"footnotes":""},"class_list":["post-90","page","type-page","status-publish","hentry","description-off"],"yoast_head":"<!-- This site is optimized with the Yoast SEO plugin v27.4 - https:\/\/yoast.com\/product\/yoast-seo-wordpress\/ -->\n<title>Empresa - Redoma - Revenda<\/title>\n<meta name=\"robots\" content=\"index, follow, max-snippet:-1, max-image-preview:large, max-video-preview:-1\" \/>\n<link rel=\"canonical\" href=\"https:\/\/redoma.com.br\/revenda\/empresa\/\" \/>\n<meta property=\"og:locale\" content=\"pt_BR\" \/>\n<meta property=\"og:type\" content=\"article\" \/>\n<meta property=\"og:title\" content=\"Empresa - Redoma - Revenda\" \/>\n<meta property=\"og:description\" content=\"[vc_row full_width=&#8221;stretch_row&#8221; css=&#8221;.vc_custom_1617993866905{padding-top: 5rem !important;padding-bottom: 4rem !important;background-color: #ededed !important;}&#8221; el_class=&#8221;empresa&#8221;][vc_column][vc_column_text el_class=&#8221;mw-1000 text-medium&#8221;] CONHE\u00c7A NOSSA HIST\u00d3RIA Ao longo dos anos a Redoma cresceu, e com constantes investimentos ampliou seu parque gr\u00e1fico e aumentou seu mix de produtos. Tudo come\u00e7ou com o prop\u00f3sito de criar solu\u00e7\u00f5es gr\u00e1ficas. Idealizar um produto que fosse n\u00e3o somente um presente ou&hellip;\" \/>\n<meta property=\"og:url\" content=\"https:\/\/redoma.com.br\/revenda\/empresa\/\" \/>\n<meta property=\"og:site_name\" content=\"Redoma - Revenda\" \/>\n<meta property=\"article:modified_time\" content=\"2025-05-29T17:18:37+00:00\" \/>\n<meta name=\"twitter:card\" content=\"summary_large_image\" \/>\n<meta name=\"twitter:label1\" content=\"Est. tempo de leitura\" \/>\n\t<meta name=\"twitter:data1\" content=\"3 minutos\" \/>\n<script type=\"application\/ld+json\" class=\"yoast-schema-graph\">{\"@context\":\"https:\\\/\\\/schema.org\",\"@graph\":[{\"@type\":\"WebPage\",\"@id\":\"https:\\\/\\\/redoma.com.br\\\/revenda\\\/empresa\\\/\",\"url\":\"https:\\\/\\\/redoma.com.br\\\/revenda\\\/empresa\\\/\",\"name\":\"Empresa - Redoma - Revenda\",\"isPartOf\":{\"@id\":\"https:\\\/\\\/redoma.com.br\\\/revenda\\\/#website\"},\"datePublished\":\"2021-04-09T18:26:02+00:00\",\"dateModified\":\"2025-05-29T17:18:37+00:00\",\"breadcrumb\":{\"@id\":\"https:\\\/\\\/redoma.com.br\\\/revenda\\\/empresa\\\/#breadcrumb\"},\"inLanguage\":\"pt-BR\",\"potentialAction\":[{\"@type\":\"ReadAction\",\"target\":[\"https:\\\/\\\/redoma.com.br\\\/revenda\\\/empresa\\\/\"]}]},{\"@type\":\"BreadcrumbList\",\"@id\":\"https:\\\/\\\/redoma.com.br\\\/revenda\\\/empresa\\\/#breadcrumb\",\"itemListElement\":[{\"@type\":\"ListItem\",\"position\":1,\"name\":\"In\u00edcio\",\"item\":\"https:\\\/\\\/redoma.com.br\\\/revenda\\\/\"},{\"@type\":\"ListItem\",\"position\":2,\"name\":\"Empresa\"}]},{\"@type\":\"WebSite\",\"@id\":\"https:\\\/\\\/redoma.com.br\\\/revenda\\\/#website\",\"url\":\"https:\\\/\\\/redoma.com.br\\\/revenda\\\/\",\"name\":\"Redoma - Revenda\",\"description\":\"\",\"potentialAction\":[{\"@type\":\"SearchAction\",\"target\":{\"@type\":\"EntryPoint\",\"urlTemplate\":\"https:\\\/\\\/redoma.com.br\\\/revenda\\\/?s={search_term_string}\"},\"query-input\":{\"@type\":\"PropertyValueSpecification\",\"valueRequired\":true,\"valueName\":\"search_term_string\"}}],\"inLanguage\":\"pt-BR\"}]}<\/script>\n<!-- \/ Yoast SEO plugin. -->","yoast_head_json":{"title":"Empresa - Redoma - Revenda","robots":{"index":"index","follow":"follow","max-snippet":"max-snippet:-1","max-image-preview":"max-image-preview:large","max-video-preview":"max-video-preview:-1"},"canonical":"https:\/\/redoma.com.br\/revenda\/empresa\/","og_locale":"pt_BR","og_type":"article","og_title":"Empresa - Redoma - Revenda","og_description":"[vc_row full_width=&#8221;stretch_row&#8221; css=&#8221;.vc_custom_1617993866905{padding-top: 5rem !important;padding-bottom: 4rem !important;background-color: #ededed !important;}&#8221; el_class=&#8221;empresa&#8221;][vc_column][vc_column_text el_class=&#8221;mw-1000 text-medium&#8221;] CONHE\u00c7A NOSSA HIST\u00d3RIA Ao longo dos anos a Redoma cresceu, e com constantes investimentos ampliou seu parque gr\u00e1fico e aumentou seu mix de produtos. Tudo come\u00e7ou com o prop\u00f3sito de criar solu\u00e7\u00f5es gr\u00e1ficas. Idealizar um produto que fosse n\u00e3o somente um presente ou&hellip;","og_url":"https:\/\/redoma.com.br\/revenda\/empresa\/","og_site_name":"Redoma - Revenda","article_modified_time":"2025-05-29T17:18:37+00:00","twitter_card":"summary_large_image","twitter_misc":{"Est. tempo de leitura":"3 minutos"},"schema":{"@context":"https:\/\/schema.org","@graph":[{"@type":"WebPage","@id":"https:\/\/redoma.com.br\/revenda\/empresa\/","url":"https:\/\/redoma.com.br\/revenda\/empresa\/","name":"Empresa - Redoma - Revenda","isPartOf":{"@id":"https:\/\/redoma.com.br\/revenda\/#website"},"datePublished":"2021-04-09T18:26:02+00:00","dateModified":"2025-05-29T17:18:37+00:00","breadcrumb":{"@id":"https:\/\/redoma.com.br\/revenda\/empresa\/#breadcrumb"},"inLanguage":"pt-BR","potentialAction":[{"@type":"ReadAction","target":["https:\/\/redoma.com.br\/revenda\/empresa\/"]}]},{"@type":"BreadcrumbList","@id":"https:\/\/redoma.com.br\/revenda\/empresa\/#breadcrumb","itemListElement":[{"@type":"ListItem","position":1,"name":"In\u00edcio","item":"https:\/\/redoma.com.br\/revenda\/"},{"@type":"ListItem","position":2,"name":"Empresa"}]},{"@type":"WebSite","@id":"https:\/\/redoma.com.br\/revenda\/#website","url":"https:\/\/redoma.com.br\/revenda\/","name":"Redoma - Revenda","description":"","potentialAction":[{"@type":"SearchAction","target":{"@type":"EntryPoint","urlTemplate":"https:\/\/redoma.com.br\/revenda\/?s={search_term_string}"},"query-input":{"@type":"PropertyValueSpecification","valueRequired":true,"valueName":"search_term_string"}}],"inLanguage":"pt-BR"}]}},"_links":{"self":[{"href":"https:\/\/redoma.com.br\/revenda\/wp-json\/wp\/v2\/pages\/90","targetHints":{"allow":["GET"]}}],"collection":[{"href":"https:\/\/redoma.com.br\/revenda\/wp-json\/wp\/v2\/pages"}],"about":[{"href":"https:\/\/redoma.com.br\/revenda\/wp-json\/wp\/v2\/types\/page"}],"author":[{"embeddable":true,"href":"https:\/\/redoma.com.br\/revenda\/wp-json\/wp\/v2\/users\/4"}],"replies":[{"embeddable":true,"href":"https:\/\/redoma.com.br\/revenda\/wp-json\/wp\/v2\/comments?post=90"}],"version-history":[{"count":20,"href":"https:\/\/redoma.com.br\/revenda\/wp-json\/wp\/v2\/pages\/90\/revisions"}],"predecessor-version":[{"id":270,"href":"https:\/\/redoma.com.br\/revenda\/wp-json\/wp\/v2\/pages\/90\/revisions\/270"}],"wp:attachment":[{"href":"https:\/\/redoma.com.br\/revenda\/wp-json\/wp\/v2\/media?parent=90"}],"curies":[{"name":"wp","href":"https:\/\/api.w.org\/{rel}","templated":true}]}}