
{"id":8663,"date":"2026-04-27T14:29:34","date_gmt":"2026-04-27T17:29:34","guid":{"rendered":"https:\/\/redoma.com.br\/corporativo\/?post_type=product&#038;p=8663"},"modified":"2026-04-27T14:34:01","modified_gmt":"2026-04-27T17:34:01","slug":"mini-caneca-ceramica-reta-110ml","status":"publish","type":"product","link":"https:\/\/redoma.com.br\/corporativo\/produto\/mini-caneca-ceramica-reta-110ml\/","title":{"rendered":"MINI CANECA CER\u00c2MICA RETA 110ML"},"content":{"rendered":"<div style=\"width: 1200px;\" class=\"wp-video\"><video class=\"wp-video-shortcode\" id=\"video-8663-1\" width=\"1200\" height=\"675\" preload=\"metadata\" controls=\"controls\"><source type=\"video\/mp4\" src=\"https:\/\/redoma.com.br\/corporativo\/wp-content\/uploads\/2025\/03\/kits-box.mp4?_=1\" \/><a href=\"https:\/\/redoma.com.br\/corporativo\/wp-content\/uploads\/2025\/03\/kits-box.mp4\">https:\/\/redoma.com.br\/corporativo\/wp-content\/uploads\/2025\/03\/kits-box.mp4<\/a><\/video><\/div>\n","protected":false},"excerpt":{"rendered":"<p><strong>MINI CANECA CER\u00c2MICA RETA 110ML<br \/>\n<\/strong><br \/>\nPersonaliza\u00e7\u00e3o:<br \/>\n\u2022 Impress\u00e3o at\u00e9 3 cores chapadas.<\/p>\n<p>Escolha o item e substitua pelo produto complementar de um dos boxes.<\/p>\n","protected":false},"featured_media":8664,"template":"","meta":[],"product_brand":[],"product_cat":[402,401,22],"product_tag":[],"class_list":{"0":"post-8663","1":"product","2":"type-product","3":"status-publish","4":"has-post-thumbnail","6":"product_cat-lancamentos","7":"product_cat-produtos-complementares","8":"product_cat-produtos-em-destaque","9":"description-off","11":"first","12":"instock","13":"shipping-taxable","14":"purchasable","15":"product-type-simple"},"yoast_head":"<!-- This site is optimized with the Yoast SEO plugin v27.4 - https:\/\/yoast.com\/product\/yoast-seo-wordpress\/ -->\n<title>MINI CANECA CER\u00c2MICA RETA 110ML - Redoma - Brindes Corporativos<\/title>\n<meta name=\"robots\" content=\"index, follow, max-snippet:-1, max-image-preview:large, max-video-preview:-1\" \/>\n<link rel=\"canonical\" href=\"https:\/\/redoma.com.br\/corporativo\/produto\/mini-caneca-ceramica-reta-110ml\/\" \/>\n<meta property=\"og:locale\" content=\"pt_BR\" \/>\n<meta property=\"og:type\" content=\"article\" \/>\n<meta property=\"og:title\" content=\"MINI CANECA CER\u00c2MICA RETA 110ML - Redoma - Brindes Corporativos\" \/>\n<meta property=\"og:description\" content=\"MINI CANECA CER\u00c2MICA RETA 110ML  Personaliza\u00e7\u00e3o: \u2022 Impress\u00e3o at\u00e9 3 cores chapadas.  Escolha o item e substitua pelo produto complementar de um dos boxes.\" \/>\n<meta property=\"og:url\" content=\"https:\/\/redoma.com.br\/corporativo\/produto\/mini-caneca-ceramica-reta-110ml\/\" \/>\n<meta property=\"og:site_name\" content=\"Redoma - Brindes Corporativos\" \/>\n<meta property=\"article:modified_time\" content=\"2026-04-27T17:34:01+00:00\" \/>\n<meta property=\"og:image\" content=\"https:\/\/redoma.com.br\/corporativo\/wp-content\/uploads\/2026\/04\/SMC301_01.png\" \/>\n\t<meta property=\"og:image:width\" content=\"1000\" \/>\n\t<meta property=\"og:image:height\" content=\"1000\" \/>\n\t<meta property=\"og:image:type\" content=\"image\/png\" \/>\n<meta name=\"twitter:card\" content=\"summary_large_image\" \/>\n<meta name=\"twitter:label1\" content=\"Est. tempo de leitura\" \/>\n\t<meta name=\"twitter:data1\" content=\"1 minuto\" \/>\n<script type=\"application\/ld+json\" class=\"yoast-schema-graph\">{\"@context\":\"https:\\\/\\\/schema.org\",\"@graph\":[{\"@type\":\"WebPage\",\"@id\":\"https:\\\/\\\/redoma.com.br\\\/corporativo\\\/produto\\\/mini-caneca-ceramica-reta-110ml\\\/\",\"url\":\"https:\\\/\\\/redoma.com.br\\\/corporativo\\\/produto\\\/mini-caneca-ceramica-reta-110ml\\\/\",\"name\":\"MINI CANECA CER\u00c2MICA RETA 110ML - Redoma - Brindes Corporativos\",\"isPartOf\":{\"@id\":\"https:\\\/\\\/redoma.com.br\\\/corporativo\\\/#website\"},\"primaryImageOfPage\":{\"@id\":\"https:\\\/\\\/redoma.com.br\\\/corporativo\\\/produto\\\/mini-caneca-ceramica-reta-110ml\\\/#primaryimage\"},\"image\":{\"@id\":\"https:\\\/\\\/redoma.com.br\\\/corporativo\\\/produto\\\/mini-caneca-ceramica-reta-110ml\\\/#primaryimage\"},\"thumbnailUrl\":\"https:\\\/\\\/redoma.com.br\\\/corporativo\\\/wp-content\\\/uploads\\\/2026\\\/04\\\/SMC301_01.png\",\"datePublished\":\"2026-04-27T17:29:34+00:00\",\"dateModified\":\"2026-04-27T17:34:01+00:00\",\"breadcrumb\":{\"@id\":\"https:\\\/\\\/redoma.com.br\\\/corporativo\\\/produto\\\/mini-caneca-ceramica-reta-110ml\\\/#breadcrumb\"},\"inLanguage\":\"pt-BR\",\"potentialAction\":[{\"@type\":\"ReadAction\",\"target\":[\"https:\\\/\\\/redoma.com.br\\\/corporativo\\\/produto\\\/mini-caneca-ceramica-reta-110ml\\\/\"]}]},{\"@type\":\"ImageObject\",\"inLanguage\":\"pt-BR\",\"@id\":\"https:\\\/\\\/redoma.com.br\\\/corporativo\\\/produto\\\/mini-caneca-ceramica-reta-110ml\\\/#primaryimage\",\"url\":\"https:\\\/\\\/redoma.com.br\\\/corporativo\\\/wp-content\\\/uploads\\\/2026\\\/04\\\/SMC301_01.png\",\"contentUrl\":\"https:\\\/\\\/redoma.com.br\\\/corporativo\\\/wp-content\\\/uploads\\\/2026\\\/04\\\/SMC301_01.png\",\"width\":1000,\"height\":1000},{\"@type\":\"BreadcrumbList\",\"@id\":\"https:\\\/\\\/redoma.com.br\\\/corporativo\\\/produto\\\/mini-caneca-ceramica-reta-110ml\\\/#breadcrumb\",\"itemListElement\":[{\"@type\":\"ListItem\",\"position\":1,\"name\":\"In\u00edcio\",\"item\":\"https:\\\/\\\/redoma.com.br\\\/corporativo\\\/\"},{\"@type\":\"ListItem\",\"position\":2,\"name\":\"Produtos\",\"item\":\"https:\\\/\\\/redoma.com.br\\\/corporativo\\\/produtos\\\/\"},{\"@type\":\"ListItem\",\"position\":3,\"name\":\"MINI CANECA CER\u00c2MICA RETA 110ML\"}]},{\"@type\":\"WebSite\",\"@id\":\"https:\\\/\\\/redoma.com.br\\\/corporativo\\\/#website\",\"url\":\"https:\\\/\\\/redoma.com.br\\\/corporativo\\\/\",\"name\":\"Redoma - Brindes Corporativos\",\"description\":\"Produzimos Agenda Personalizada, Calend\u00e1rio Financeiro, Planner Personalizado, Caderno Personalizado, Caderneta personalizada e mais\",\"potentialAction\":[{\"@type\":\"SearchAction\",\"target\":{\"@type\":\"EntryPoint\",\"urlTemplate\":\"https:\\\/\\\/redoma.com.br\\\/corporativo\\\/?s={search_term_string}\"},\"query-input\":{\"@type\":\"PropertyValueSpecification\",\"valueRequired\":true,\"valueName\":\"search_term_string\"}}],\"inLanguage\":\"pt-BR\"}]}<\/script>\n<!-- \/ Yoast SEO plugin. -->","yoast_head_json":{"title":"MINI CANECA CER\u00c2MICA RETA 110ML - Redoma - Brindes Corporativos","robots":{"index":"index","follow":"follow","max-snippet":"max-snippet:-1","max-image-preview":"max-image-preview:large","max-video-preview":"max-video-preview:-1"},"canonical":"https:\/\/redoma.com.br\/corporativo\/produto\/mini-caneca-ceramica-reta-110ml\/","og_locale":"pt_BR","og_type":"article","og_title":"MINI CANECA CER\u00c2MICA RETA 110ML - Redoma - Brindes Corporativos","og_description":"MINI CANECA CER\u00c2MICA RETA 110ML  Personaliza\u00e7\u00e3o: \u2022 Impress\u00e3o at\u00e9 3 cores chapadas.  Escolha o item e substitua pelo produto complementar de um dos boxes.","og_url":"https:\/\/redoma.com.br\/corporativo\/produto\/mini-caneca-ceramica-reta-110ml\/","og_site_name":"Redoma - Brindes Corporativos","article_modified_time":"2026-04-27T17:34:01+00:00","og_image":[{"width":1000,"height":1000,"url":"https:\/\/redoma.com.br\/corporativo\/wp-content\/uploads\/2026\/04\/SMC301_01.png","type":"image\/png"}],"twitter_card":"summary_large_image","twitter_misc":{"Est. tempo de leitura":"1 minuto"},"schema":{"@context":"https:\/\/schema.org","@graph":[{"@type":"WebPage","@id":"https:\/\/redoma.com.br\/corporativo\/produto\/mini-caneca-ceramica-reta-110ml\/","url":"https:\/\/redoma.com.br\/corporativo\/produto\/mini-caneca-ceramica-reta-110ml\/","name":"MINI CANECA CER\u00c2MICA RETA 110ML - Redoma - Brindes Corporativos","isPartOf":{"@id":"https:\/\/redoma.com.br\/corporativo\/#website"},"primaryImageOfPage":{"@id":"https:\/\/redoma.com.br\/corporativo\/produto\/mini-caneca-ceramica-reta-110ml\/#primaryimage"},"image":{"@id":"https:\/\/redoma.com.br\/corporativo\/produto\/mini-caneca-ceramica-reta-110ml\/#primaryimage"},"thumbnailUrl":"https:\/\/redoma.com.br\/corporativo\/wp-content\/uploads\/2026\/04\/SMC301_01.png","datePublished":"2026-04-27T17:29:34+00:00","dateModified":"2026-04-27T17:34:01+00:00","breadcrumb":{"@id":"https:\/\/redoma.com.br\/corporativo\/produto\/mini-caneca-ceramica-reta-110ml\/#breadcrumb"},"inLanguage":"pt-BR","potentialAction":[{"@type":"ReadAction","target":["https:\/\/redoma.com.br\/corporativo\/produto\/mini-caneca-ceramica-reta-110ml\/"]}]},{"@type":"ImageObject","inLanguage":"pt-BR","@id":"https:\/\/redoma.com.br\/corporativo\/produto\/mini-caneca-ceramica-reta-110ml\/#primaryimage","url":"https:\/\/redoma.com.br\/corporativo\/wp-content\/uploads\/2026\/04\/SMC301_01.png","contentUrl":"https:\/\/redoma.com.br\/corporativo\/wp-content\/uploads\/2026\/04\/SMC301_01.png","width":1000,"height":1000},{"@type":"BreadcrumbList","@id":"https:\/\/redoma.com.br\/corporativo\/produto\/mini-caneca-ceramica-reta-110ml\/#breadcrumb","itemListElement":[{"@type":"ListItem","position":1,"name":"In\u00edcio","item":"https:\/\/redoma.com.br\/corporativo\/"},{"@type":"ListItem","position":2,"name":"Produtos","item":"https:\/\/redoma.com.br\/corporativo\/produtos\/"},{"@type":"ListItem","position":3,"name":"MINI CANECA CER\u00c2MICA RETA 110ML"}]},{"@type":"WebSite","@id":"https:\/\/redoma.com.br\/corporativo\/#website","url":"https:\/\/redoma.com.br\/corporativo\/","name":"Redoma - Brindes Corporativos","description":"Produzimos Agenda Personalizada, Calend\u00e1rio Financeiro, Planner Personalizado, Caderno Personalizado, Caderneta personalizada e mais","potentialAction":[{"@type":"SearchAction","target":{"@type":"EntryPoint","urlTemplate":"https:\/\/redoma.com.br\/corporativo\/?s={search_term_string}"},"query-input":{"@type":"PropertyValueSpecification","valueRequired":true,"valueName":"search_term_string"}}],"inLanguage":"pt-BR"}]}},"_links":{"self":[{"href":"https:\/\/redoma.com.br\/corporativo\/wp-json\/wp\/v2\/product\/8663","targetHints":{"allow":["GET"]}}],"collection":[{"href":"https:\/\/redoma.com.br\/corporativo\/wp-json\/wp\/v2\/product"}],"about":[{"href":"https:\/\/redoma.com.br\/corporativo\/wp-json\/wp\/v2\/types\/product"}],"wp:featuredmedia":[{"embeddable":true,"href":"https:\/\/redoma.com.br\/corporativo\/wp-json\/wp\/v2\/media\/8664"}],"wp:attachment":[{"href":"https:\/\/redoma.com.br\/corporativo\/wp-json\/wp\/v2\/media?parent=8663"}],"wp:term":[{"taxonomy":"product_brand","embeddable":true,"href":"https:\/\/redoma.com.br\/corporativo\/wp-json\/wp\/v2\/product_brand?post=8663"},{"taxonomy":"product_cat","embeddable":true,"href":"https:\/\/redoma.com.br\/corporativo\/wp-json\/wp\/v2\/product_cat?post=8663"},{"taxonomy":"product_tag","embeddable":true,"href":"https:\/\/redoma.com.br\/corporativo\/wp-json\/wp\/v2\/product_tag?post=8663"}],"curies":[{"name":"wp","href":"https:\/\/api.w.org\/{rel}","templated":true}]}}