
{"id":7520,"date":"2025-03-25T16:24:57","date_gmt":"2025-03-25T19:24:57","guid":{"rendered":"https:\/\/redoma.com.br\/corporativo\/?post_type=product&#038;p=7520"},"modified":"2025-06-11T17:19:59","modified_gmt":"2025-06-11T20:19:59","slug":"mochila-notebook-basic-3","status":"publish","type":"product","link":"https:\/\/redoma.com.br\/corporativo\/produto\/mochila-notebook-basic-3\/","title":{"rendered":"MOCHILA NOTEBOOK BASIC"},"content":{"rendered":"<div style=\"width: 1200px;\" class=\"wp-video\"><video class=\"wp-video-shortcode\" id=\"video-7520-1\" width=\"1200\" height=\"675\" preload=\"metadata\" controls=\"controls\"><source type=\"video\/mp4\" src=\"https:\/\/redoma.com.br\/corporativo\/wp-content\/uploads\/2025\/03\/kits-box.mp4?_=1\" \/><a href=\"https:\/\/redoma.com.br\/corporativo\/wp-content\/uploads\/2025\/03\/kits-box.mp4\">https:\/\/redoma.com.br\/corporativo\/wp-content\/uploads\/2025\/03\/kits-box.mp4<\/a><\/video><\/div>\n","protected":false},"excerpt":{"rendered":"<p>Personaliza\u00e7\u00e3o: Placa metalizada com grava\u00e7\u00e3o a laser.<\/p>\n<p>&nbsp;<\/p>\n<p>Escolha o item e substitua pelo produto complementar de um dos boxes. A marca\u00e7\u00e3o verde indica que o produto cabe no box destacado.<\/p>\n","protected":false},"featured_media":7521,"template":"","meta":[],"product_brand":[],"product_cat":[402,401,22],"product_tag":[],"class_list":{"0":"post-7520","1":"product","2":"type-product","3":"status-publish","4":"has-post-thumbnail","6":"product_cat-lancamentos","7":"product_cat-produtos-complementares","8":"product_cat-produtos-em-destaque","9":"description-off","11":"first","12":"instock","13":"shipping-taxable","14":"purchasable","15":"product-type-simple"},"yoast_head":"<!-- This site is optimized with the Yoast SEO plugin v27.4 - https:\/\/yoast.com\/product\/yoast-seo-wordpress\/ -->\n<title>MOCHILA NOTEBOOK BASIC - Redoma - Brindes Corporativos<\/title>\n<meta name=\"robots\" content=\"index, follow, max-snippet:-1, max-image-preview:large, max-video-preview:-1\" \/>\n<link rel=\"canonical\" href=\"https:\/\/redoma.com.br\/corporativo\/produto\/mochila-notebook-basic-3\/\" \/>\n<meta property=\"og:locale\" content=\"pt_BR\" \/>\n<meta property=\"og:type\" content=\"article\" \/>\n<meta property=\"og:title\" content=\"MOCHILA NOTEBOOK BASIC - Redoma - Brindes Corporativos\" \/>\n<meta property=\"og:description\" content=\"Personaliza\u00e7\u00e3o: Placa metalizada com grava\u00e7\u00e3o a laser.  &nbsp;  Escolha o item e substitua pelo produto complementar de um dos boxes. A marca\u00e7\u00e3o verde indica que o produto cabe no box destacado.\" \/>\n<meta property=\"og:url\" content=\"https:\/\/redoma.com.br\/corporativo\/produto\/mochila-notebook-basic-3\/\" \/>\n<meta property=\"og:site_name\" content=\"Redoma - Brindes Corporativos\" \/>\n<meta property=\"article:modified_time\" content=\"2025-06-11T20:19:59+00:00\" \/>\n<meta property=\"og:image\" content=\"https:\/\/redoma.com.br\/corporativo\/wp-content\/uploads\/2025\/03\/LU1620-1.png\" \/>\n\t<meta property=\"og:image:width\" content=\"1000\" \/>\n\t<meta property=\"og:image:height\" content=\"1000\" \/>\n\t<meta property=\"og:image:type\" content=\"image\/png\" \/>\n<meta name=\"twitter:card\" content=\"summary_large_image\" \/>\n<meta name=\"twitter:label1\" content=\"Est. tempo de leitura\" \/>\n\t<meta name=\"twitter:data1\" content=\"1 minuto\" \/>\n<script type=\"application\/ld+json\" class=\"yoast-schema-graph\">{\"@context\":\"https:\\\/\\\/schema.org\",\"@graph\":[{\"@type\":\"WebPage\",\"@id\":\"https:\\\/\\\/redoma.com.br\\\/corporativo\\\/produto\\\/mochila-notebook-basic-3\\\/\",\"url\":\"https:\\\/\\\/redoma.com.br\\\/corporativo\\\/produto\\\/mochila-notebook-basic-3\\\/\",\"name\":\"MOCHILA NOTEBOOK BASIC - Redoma - Brindes Corporativos\",\"isPartOf\":{\"@id\":\"https:\\\/\\\/redoma.com.br\\\/corporativo\\\/#website\"},\"primaryImageOfPage\":{\"@id\":\"https:\\\/\\\/redoma.com.br\\\/corporativo\\\/produto\\\/mochila-notebook-basic-3\\\/#primaryimage\"},\"image\":{\"@id\":\"https:\\\/\\\/redoma.com.br\\\/corporativo\\\/produto\\\/mochila-notebook-basic-3\\\/#primaryimage\"},\"thumbnailUrl\":\"https:\\\/\\\/redoma.com.br\\\/corporativo\\\/wp-content\\\/uploads\\\/2025\\\/03\\\/LU1620-1.png\",\"datePublished\":\"2025-03-25T19:24:57+00:00\",\"dateModified\":\"2025-06-11T20:19:59+00:00\",\"breadcrumb\":{\"@id\":\"https:\\\/\\\/redoma.com.br\\\/corporativo\\\/produto\\\/mochila-notebook-basic-3\\\/#breadcrumb\"},\"inLanguage\":\"pt-BR\",\"potentialAction\":[{\"@type\":\"ReadAction\",\"target\":[\"https:\\\/\\\/redoma.com.br\\\/corporativo\\\/produto\\\/mochila-notebook-basic-3\\\/\"]}]},{\"@type\":\"ImageObject\",\"inLanguage\":\"pt-BR\",\"@id\":\"https:\\\/\\\/redoma.com.br\\\/corporativo\\\/produto\\\/mochila-notebook-basic-3\\\/#primaryimage\",\"url\":\"https:\\\/\\\/redoma.com.br\\\/corporativo\\\/wp-content\\\/uploads\\\/2025\\\/03\\\/LU1620-1.png\",\"contentUrl\":\"https:\\\/\\\/redoma.com.br\\\/corporativo\\\/wp-content\\\/uploads\\\/2025\\\/03\\\/LU1620-1.png\",\"width\":1000,\"height\":1000},{\"@type\":\"BreadcrumbList\",\"@id\":\"https:\\\/\\\/redoma.com.br\\\/corporativo\\\/produto\\\/mochila-notebook-basic-3\\\/#breadcrumb\",\"itemListElement\":[{\"@type\":\"ListItem\",\"position\":1,\"name\":\"In\u00edcio\",\"item\":\"https:\\\/\\\/redoma.com.br\\\/corporativo\\\/\"},{\"@type\":\"ListItem\",\"position\":2,\"name\":\"Produtos\",\"item\":\"https:\\\/\\\/redoma.com.br\\\/corporativo\\\/produtos\\\/\"},{\"@type\":\"ListItem\",\"position\":3,\"name\":\"MOCHILA NOTEBOOK BASIC\"}]},{\"@type\":\"WebSite\",\"@id\":\"https:\\\/\\\/redoma.com.br\\\/corporativo\\\/#website\",\"url\":\"https:\\\/\\\/redoma.com.br\\\/corporativo\\\/\",\"name\":\"Redoma - Brindes Corporativos\",\"description\":\"Produzimos Agenda Personalizada, Calend\u00e1rio Financeiro, Planner Personalizado, Caderno Personalizado, Caderneta personalizada e mais\",\"potentialAction\":[{\"@type\":\"SearchAction\",\"target\":{\"@type\":\"EntryPoint\",\"urlTemplate\":\"https:\\\/\\\/redoma.com.br\\\/corporativo\\\/?s={search_term_string}\"},\"query-input\":{\"@type\":\"PropertyValueSpecification\",\"valueRequired\":true,\"valueName\":\"search_term_string\"}}],\"inLanguage\":\"pt-BR\"}]}<\/script>\n<!-- \/ Yoast SEO plugin. -->","yoast_head_json":{"title":"MOCHILA NOTEBOOK BASIC - Redoma - Brindes Corporativos","robots":{"index":"index","follow":"follow","max-snippet":"max-snippet:-1","max-image-preview":"max-image-preview:large","max-video-preview":"max-video-preview:-1"},"canonical":"https:\/\/redoma.com.br\/corporativo\/produto\/mochila-notebook-basic-3\/","og_locale":"pt_BR","og_type":"article","og_title":"MOCHILA NOTEBOOK BASIC - Redoma - Brindes Corporativos","og_description":"Personaliza\u00e7\u00e3o: Placa metalizada com grava\u00e7\u00e3o a laser.  &nbsp;  Escolha o item e substitua pelo produto complementar de um dos boxes. A marca\u00e7\u00e3o verde indica que o produto cabe no box destacado.","og_url":"https:\/\/redoma.com.br\/corporativo\/produto\/mochila-notebook-basic-3\/","og_site_name":"Redoma - Brindes Corporativos","article_modified_time":"2025-06-11T20:19:59+00:00","og_image":[{"width":1000,"height":1000,"url":"https:\/\/redoma.com.br\/corporativo\/wp-content\/uploads\/2025\/03\/LU1620-1.png","type":"image\/png"}],"twitter_card":"summary_large_image","twitter_misc":{"Est. tempo de leitura":"1 minuto"},"schema":{"@context":"https:\/\/schema.org","@graph":[{"@type":"WebPage","@id":"https:\/\/redoma.com.br\/corporativo\/produto\/mochila-notebook-basic-3\/","url":"https:\/\/redoma.com.br\/corporativo\/produto\/mochila-notebook-basic-3\/","name":"MOCHILA NOTEBOOK BASIC - Redoma - Brindes Corporativos","isPartOf":{"@id":"https:\/\/redoma.com.br\/corporativo\/#website"},"primaryImageOfPage":{"@id":"https:\/\/redoma.com.br\/corporativo\/produto\/mochila-notebook-basic-3\/#primaryimage"},"image":{"@id":"https:\/\/redoma.com.br\/corporativo\/produto\/mochila-notebook-basic-3\/#primaryimage"},"thumbnailUrl":"https:\/\/redoma.com.br\/corporativo\/wp-content\/uploads\/2025\/03\/LU1620-1.png","datePublished":"2025-03-25T19:24:57+00:00","dateModified":"2025-06-11T20:19:59+00:00","breadcrumb":{"@id":"https:\/\/redoma.com.br\/corporativo\/produto\/mochila-notebook-basic-3\/#breadcrumb"},"inLanguage":"pt-BR","potentialAction":[{"@type":"ReadAction","target":["https:\/\/redoma.com.br\/corporativo\/produto\/mochila-notebook-basic-3\/"]}]},{"@type":"ImageObject","inLanguage":"pt-BR","@id":"https:\/\/redoma.com.br\/corporativo\/produto\/mochila-notebook-basic-3\/#primaryimage","url":"https:\/\/redoma.com.br\/corporativo\/wp-content\/uploads\/2025\/03\/LU1620-1.png","contentUrl":"https:\/\/redoma.com.br\/corporativo\/wp-content\/uploads\/2025\/03\/LU1620-1.png","width":1000,"height":1000},{"@type":"BreadcrumbList","@id":"https:\/\/redoma.com.br\/corporativo\/produto\/mochila-notebook-basic-3\/#breadcrumb","itemListElement":[{"@type":"ListItem","position":1,"name":"In\u00edcio","item":"https:\/\/redoma.com.br\/corporativo\/"},{"@type":"ListItem","position":2,"name":"Produtos","item":"https:\/\/redoma.com.br\/corporativo\/produtos\/"},{"@type":"ListItem","position":3,"name":"MOCHILA NOTEBOOK BASIC"}]},{"@type":"WebSite","@id":"https:\/\/redoma.com.br\/corporativo\/#website","url":"https:\/\/redoma.com.br\/corporativo\/","name":"Redoma - Brindes Corporativos","description":"Produzimos Agenda Personalizada, Calend\u00e1rio Financeiro, Planner Personalizado, Caderno Personalizado, Caderneta personalizada e mais","potentialAction":[{"@type":"SearchAction","target":{"@type":"EntryPoint","urlTemplate":"https:\/\/redoma.com.br\/corporativo\/?s={search_term_string}"},"query-input":{"@type":"PropertyValueSpecification","valueRequired":true,"valueName":"search_term_string"}}],"inLanguage":"pt-BR"}]}},"_links":{"self":[{"href":"https:\/\/redoma.com.br\/corporativo\/wp-json\/wp\/v2\/product\/7520","targetHints":{"allow":["GET"]}}],"collection":[{"href":"https:\/\/redoma.com.br\/corporativo\/wp-json\/wp\/v2\/product"}],"about":[{"href":"https:\/\/redoma.com.br\/corporativo\/wp-json\/wp\/v2\/types\/product"}],"wp:featuredmedia":[{"embeddable":true,"href":"https:\/\/redoma.com.br\/corporativo\/wp-json\/wp\/v2\/media\/7521"}],"wp:attachment":[{"href":"https:\/\/redoma.com.br\/corporativo\/wp-json\/wp\/v2\/media?parent=7520"}],"wp:term":[{"taxonomy":"product_brand","embeddable":true,"href":"https:\/\/redoma.com.br\/corporativo\/wp-json\/wp\/v2\/product_brand?post=7520"},{"taxonomy":"product_cat","embeddable":true,"href":"https:\/\/redoma.com.br\/corporativo\/wp-json\/wp\/v2\/product_cat?post=7520"},{"taxonomy":"product_tag","embeddable":true,"href":"https:\/\/redoma.com.br\/corporativo\/wp-json\/wp\/v2\/product_tag?post=7520"}],"curies":[{"name":"wp","href":"https:\/\/api.w.org\/{rel}","templated":true}]}}