
{"id":6746,"date":"2024-07-04T14:09:43","date_gmt":"2024-07-04T17:09:43","guid":{"rendered":"https:\/\/redoma.com.br\/corporativo\/?post_type=product&#038;p=6746"},"modified":"2025-06-24T17:49:44","modified_gmt":"2025-06-24T20:49:44","slug":"dados-variaveis","status":"publish","type":"product","link":"https:\/\/redoma.com.br\/corporativo\/produto\/dados-variaveis\/","title":{"rendered":"Dados Vari\u00e1veis"},"content":{"rendered":"<div style=\"width: 1200px;\" class=\"wp-video\"><video class=\"wp-video-shortcode\" id=\"video-6746-1\" width=\"1200\" height=\"675\" preload=\"metadata\" controls=\"controls\"><source type=\"video\/mp4\" src=\"https:\/\/redoma.com.br\/corporativo\/wp-content\/uploads\/2023\/03\/DADOS-VARIAVEIS-E-MOSAIC.mp4?_=1\" \/><a href=\"https:\/\/redoma.com.br\/corporativo\/wp-content\/uploads\/2023\/03\/DADOS-VARIAVEIS-E-MOSAIC.mp4\">https:\/\/redoma.com.br\/corporativo\/wp-content\/uploads\/2023\/03\/DADOS-VARIAVEIS-E-MOSAIC.mp4<\/a><\/video><\/div>\n","protected":false},"excerpt":{"rendered":"<p>Pensando na evolu\u00e7\u00e3o, na exclusividade e principalmente no alto grau de personaliza\u00e7\u00e3o, a Redoma implanta um sistema inovador como op\u00e7\u00e3o para seus produtos: DADOS VARI\u00c1VEIS.<\/p>\n<p>&nbsp;<\/p>\n<p><strong>FRASES, FOTOS OU NOMES INDIVIDUAIS.<\/strong><br \/>\n<strong>LIBERE SUA CRIATIVIDADE!<\/strong><\/p>\n<p>&nbsp;<\/p>\n<p>Nesse processo \u00e9 poss\u00edvel obter produtos com capas diferentes uma da outra, por\u00e9m harm\u00f4nicas entre si.<\/p>\n<p>Incremente a sua a\u00e7\u00e3o com essa t\u00e9cnica inovadora e garanta um presente exclusivo e sem igual.<\/p>\n<p>Sua marca \u00e9 \u00fanica e precisa refletir na sua a\u00e7\u00e3o estrat\u00e9gica.<\/p>\n<p>&nbsp;<\/p>\n<ul>\n<li><span style=\"color: #000000;\">Incremente a sua a\u00e7\u00e3o com um brinde \u00fanico<\/span><\/li>\n<li><span style=\"color: #000000;\">Inove sua a\u00e7\u00e3o com um brinde realmente exclusivo<\/span><\/li>\n<li><span style=\"color: #000000;\">Apenas ele ter\u00e1 essa vers\u00e3o do produto<\/span><\/li>\n<\/ul>\n<p>&nbsp;<\/p>\n<p><strong>Solicite seu or\u00e7amento preenchendo o formul\u00e1rio a baixo:<\/strong><\/p>\n","protected":false},"featured_media":6749,"template":"","meta":[],"product_brand":[],"product_cat":[399,414],"product_tag":[],"class_list":{"0":"post-6746","1":"product","2":"type-product","3":"status-publish","4":"has-post-thumbnail","6":"product_cat-dados-variaveis","7":"product_cat-campanhas","8":"description-off","10":"first","11":"instock","12":"shipping-taxable","13":"purchasable","14":"product-type-simple"},"yoast_head":"<!-- This site is optimized with the Yoast SEO plugin v27.4 - https:\/\/yoast.com\/product\/yoast-seo-wordpress\/ -->\n<title>Dados Vari\u00e1veis - Redoma - Brindes Corporativos<\/title>\n<meta name=\"robots\" content=\"index, follow, max-snippet:-1, max-image-preview:large, max-video-preview:-1\" \/>\n<link rel=\"canonical\" href=\"https:\/\/redoma.com.br\/corporativo\/produto\/dados-variaveis\/\" \/>\n<meta property=\"og:locale\" content=\"pt_BR\" \/>\n<meta property=\"og:type\" content=\"article\" \/>\n<meta property=\"og:title\" content=\"Dados Vari\u00e1veis - Redoma - Brindes Corporativos\" \/>\n<meta property=\"og:description\" content=\"Pensando na evolu\u00e7\u00e3o, na exclusividade e principalmente no alto grau de personaliza\u00e7\u00e3o, a Redoma implanta um sistema inovador como op\u00e7\u00e3o para seus produtos: DADOS VARI\u00c1VEIS.  &nbsp;  FRASES, FOTOS OU NOMES INDIVIDUAIS. LIBERE SUA CRIATIVIDADE!  &nbsp;  Nesse processo \u00e9 poss\u00edvel obter produtos com capas diferentes uma da outra, por\u00e9m harm\u00f4nicas entre si.  Incremente a sua a\u00e7\u00e3o com essa t\u00e9cnica inovadora e garanta um presente exclusivo e sem igual.  Sua marca \u00e9 \u00fanica e precisa refletir na sua a\u00e7\u00e3o estrat\u00e9gica.  &nbsp;   Incremente a sua a\u00e7\u00e3o com um brinde \u00fanico  Inove sua a\u00e7\u00e3o com um brinde realmente exclusivo  Apenas ele ter\u00e1 essa vers\u00e3o do produto  &nbsp;  Solicite seu or\u00e7amento preenchendo o formul\u00e1rio a baixo:\" \/>\n<meta property=\"og:url\" content=\"https:\/\/redoma.com.br\/corporativo\/produto\/dados-variaveis\/\" \/>\n<meta property=\"og:site_name\" content=\"Redoma - Brindes Corporativos\" \/>\n<meta property=\"article:modified_time\" content=\"2025-06-24T20:49:44+00:00\" \/>\n<meta property=\"og:image\" content=\"https:\/\/redoma.com.br\/corporativo\/wp-content\/uploads\/2024\/07\/2.jpg\" \/>\n\t<meta property=\"og:image:width\" content=\"1000\" \/>\n\t<meta property=\"og:image:height\" content=\"1000\" \/>\n\t<meta property=\"og:image:type\" content=\"image\/jpeg\" \/>\n<meta name=\"twitter:card\" content=\"summary_large_image\" \/>\n<script type=\"application\/ld+json\" class=\"yoast-schema-graph\">{\"@context\":\"https:\\\/\\\/schema.org\",\"@graph\":[{\"@type\":\"WebPage\",\"@id\":\"https:\\\/\\\/redoma.com.br\\\/corporativo\\\/produto\\\/dados-variaveis\\\/\",\"url\":\"https:\\\/\\\/redoma.com.br\\\/corporativo\\\/produto\\\/dados-variaveis\\\/\",\"name\":\"Dados Vari\u00e1veis - Redoma - Brindes Corporativos\",\"isPartOf\":{\"@id\":\"https:\\\/\\\/redoma.com.br\\\/corporativo\\\/#website\"},\"primaryImageOfPage\":{\"@id\":\"https:\\\/\\\/redoma.com.br\\\/corporativo\\\/produto\\\/dados-variaveis\\\/#primaryimage\"},\"image\":{\"@id\":\"https:\\\/\\\/redoma.com.br\\\/corporativo\\\/produto\\\/dados-variaveis\\\/#primaryimage\"},\"thumbnailUrl\":\"https:\\\/\\\/redoma.com.br\\\/corporativo\\\/wp-content\\\/uploads\\\/2024\\\/07\\\/2.jpg\",\"datePublished\":\"2024-07-04T17:09:43+00:00\",\"dateModified\":\"2025-06-24T20:49:44+00:00\",\"breadcrumb\":{\"@id\":\"https:\\\/\\\/redoma.com.br\\\/corporativo\\\/produto\\\/dados-variaveis\\\/#breadcrumb\"},\"inLanguage\":\"pt-BR\",\"potentialAction\":[{\"@type\":\"ReadAction\",\"target\":[\"https:\\\/\\\/redoma.com.br\\\/corporativo\\\/produto\\\/dados-variaveis\\\/\"]}]},{\"@type\":\"ImageObject\",\"inLanguage\":\"pt-BR\",\"@id\":\"https:\\\/\\\/redoma.com.br\\\/corporativo\\\/produto\\\/dados-variaveis\\\/#primaryimage\",\"url\":\"https:\\\/\\\/redoma.com.br\\\/corporativo\\\/wp-content\\\/uploads\\\/2024\\\/07\\\/2.jpg\",\"contentUrl\":\"https:\\\/\\\/redoma.com.br\\\/corporativo\\\/wp-content\\\/uploads\\\/2024\\\/07\\\/2.jpg\",\"width\":1000,\"height\":1000},{\"@type\":\"BreadcrumbList\",\"@id\":\"https:\\\/\\\/redoma.com.br\\\/corporativo\\\/produto\\\/dados-variaveis\\\/#breadcrumb\",\"itemListElement\":[{\"@type\":\"ListItem\",\"position\":1,\"name\":\"In\u00edcio\",\"item\":\"https:\\\/\\\/redoma.com.br\\\/corporativo\\\/\"},{\"@type\":\"ListItem\",\"position\":2,\"name\":\"Produtos\",\"item\":\"https:\\\/\\\/redoma.com.br\\\/corporativo\\\/produtos\\\/\"},{\"@type\":\"ListItem\",\"position\":3,\"name\":\"Dados Vari\u00e1veis\"}]},{\"@type\":\"WebSite\",\"@id\":\"https:\\\/\\\/redoma.com.br\\\/corporativo\\\/#website\",\"url\":\"https:\\\/\\\/redoma.com.br\\\/corporativo\\\/\",\"name\":\"Redoma - Brindes Corporativos\",\"description\":\"Produzimos Agenda Personalizada, Calend\u00e1rio Financeiro, Planner Personalizado, Caderno Personalizado, Caderneta personalizada e mais\",\"potentialAction\":[{\"@type\":\"SearchAction\",\"target\":{\"@type\":\"EntryPoint\",\"urlTemplate\":\"https:\\\/\\\/redoma.com.br\\\/corporativo\\\/?s={search_term_string}\"},\"query-input\":{\"@type\":\"PropertyValueSpecification\",\"valueRequired\":true,\"valueName\":\"search_term_string\"}}],\"inLanguage\":\"pt-BR\"}]}<\/script>\n<!-- \/ Yoast SEO plugin. -->","yoast_head_json":{"title":"Dados Vari\u00e1veis - Redoma - Brindes Corporativos","robots":{"index":"index","follow":"follow","max-snippet":"max-snippet:-1","max-image-preview":"max-image-preview:large","max-video-preview":"max-video-preview:-1"},"canonical":"https:\/\/redoma.com.br\/corporativo\/produto\/dados-variaveis\/","og_locale":"pt_BR","og_type":"article","og_title":"Dados Vari\u00e1veis - Redoma - Brindes Corporativos","og_description":"Pensando na evolu\u00e7\u00e3o, na exclusividade e principalmente no alto grau de personaliza\u00e7\u00e3o, a Redoma implanta um sistema inovador como op\u00e7\u00e3o para seus produtos: DADOS VARI\u00c1VEIS.  &nbsp;  FRASES, FOTOS OU NOMES INDIVIDUAIS. LIBERE SUA CRIATIVIDADE!  &nbsp;  Nesse processo \u00e9 poss\u00edvel obter produtos com capas diferentes uma da outra, por\u00e9m harm\u00f4nicas entre si.  Incremente a sua a\u00e7\u00e3o com essa t\u00e9cnica inovadora e garanta um presente exclusivo e sem igual.  Sua marca \u00e9 \u00fanica e precisa refletir na sua a\u00e7\u00e3o estrat\u00e9gica.  &nbsp;   Incremente a sua a\u00e7\u00e3o com um brinde \u00fanico  Inove sua a\u00e7\u00e3o com um brinde realmente exclusivo  Apenas ele ter\u00e1 essa vers\u00e3o do produto  &nbsp;  Solicite seu or\u00e7amento preenchendo o formul\u00e1rio a baixo:","og_url":"https:\/\/redoma.com.br\/corporativo\/produto\/dados-variaveis\/","og_site_name":"Redoma - Brindes Corporativos","article_modified_time":"2025-06-24T20:49:44+00:00","og_image":[{"width":1000,"height":1000,"url":"https:\/\/redoma.com.br\/corporativo\/wp-content\/uploads\/2024\/07\/2.jpg","type":"image\/jpeg"}],"twitter_card":"summary_large_image","schema":{"@context":"https:\/\/schema.org","@graph":[{"@type":"WebPage","@id":"https:\/\/redoma.com.br\/corporativo\/produto\/dados-variaveis\/","url":"https:\/\/redoma.com.br\/corporativo\/produto\/dados-variaveis\/","name":"Dados Vari\u00e1veis - Redoma - Brindes Corporativos","isPartOf":{"@id":"https:\/\/redoma.com.br\/corporativo\/#website"},"primaryImageOfPage":{"@id":"https:\/\/redoma.com.br\/corporativo\/produto\/dados-variaveis\/#primaryimage"},"image":{"@id":"https:\/\/redoma.com.br\/corporativo\/produto\/dados-variaveis\/#primaryimage"},"thumbnailUrl":"https:\/\/redoma.com.br\/corporativo\/wp-content\/uploads\/2024\/07\/2.jpg","datePublished":"2024-07-04T17:09:43+00:00","dateModified":"2025-06-24T20:49:44+00:00","breadcrumb":{"@id":"https:\/\/redoma.com.br\/corporativo\/produto\/dados-variaveis\/#breadcrumb"},"inLanguage":"pt-BR","potentialAction":[{"@type":"ReadAction","target":["https:\/\/redoma.com.br\/corporativo\/produto\/dados-variaveis\/"]}]},{"@type":"ImageObject","inLanguage":"pt-BR","@id":"https:\/\/redoma.com.br\/corporativo\/produto\/dados-variaveis\/#primaryimage","url":"https:\/\/redoma.com.br\/corporativo\/wp-content\/uploads\/2024\/07\/2.jpg","contentUrl":"https:\/\/redoma.com.br\/corporativo\/wp-content\/uploads\/2024\/07\/2.jpg","width":1000,"height":1000},{"@type":"BreadcrumbList","@id":"https:\/\/redoma.com.br\/corporativo\/produto\/dados-variaveis\/#breadcrumb","itemListElement":[{"@type":"ListItem","position":1,"name":"In\u00edcio","item":"https:\/\/redoma.com.br\/corporativo\/"},{"@type":"ListItem","position":2,"name":"Produtos","item":"https:\/\/redoma.com.br\/corporativo\/produtos\/"},{"@type":"ListItem","position":3,"name":"Dados Vari\u00e1veis"}]},{"@type":"WebSite","@id":"https:\/\/redoma.com.br\/corporativo\/#website","url":"https:\/\/redoma.com.br\/corporativo\/","name":"Redoma - Brindes Corporativos","description":"Produzimos Agenda Personalizada, Calend\u00e1rio Financeiro, Planner Personalizado, Caderno Personalizado, Caderneta personalizada e mais","potentialAction":[{"@type":"SearchAction","target":{"@type":"EntryPoint","urlTemplate":"https:\/\/redoma.com.br\/corporativo\/?s={search_term_string}"},"query-input":{"@type":"PropertyValueSpecification","valueRequired":true,"valueName":"search_term_string"}}],"inLanguage":"pt-BR"}]}},"_links":{"self":[{"href":"https:\/\/redoma.com.br\/corporativo\/wp-json\/wp\/v2\/product\/6746","targetHints":{"allow":["GET"]}}],"collection":[{"href":"https:\/\/redoma.com.br\/corporativo\/wp-json\/wp\/v2\/product"}],"about":[{"href":"https:\/\/redoma.com.br\/corporativo\/wp-json\/wp\/v2\/types\/product"}],"wp:featuredmedia":[{"embeddable":true,"href":"https:\/\/redoma.com.br\/corporativo\/wp-json\/wp\/v2\/media\/6749"}],"wp:attachment":[{"href":"https:\/\/redoma.com.br\/corporativo\/wp-json\/wp\/v2\/media?parent=6746"}],"wp:term":[{"taxonomy":"product_brand","embeddable":true,"href":"https:\/\/redoma.com.br\/corporativo\/wp-json\/wp\/v2\/product_brand?post=6746"},{"taxonomy":"product_cat","embeddable":true,"href":"https:\/\/redoma.com.br\/corporativo\/wp-json\/wp\/v2\/product_cat?post=6746"},{"taxonomy":"product_tag","embeddable":true,"href":"https:\/\/redoma.com.br\/corporativo\/wp-json\/wp\/v2\/product_tag?post=6746"}],"curies":[{"name":"wp","href":"https:\/\/api.w.org\/{rel}","templated":true}]}}