
{"id":6642,"date":"2024-05-22T11:35:05","date_gmt":"2024-05-22T14:35:05","guid":{"rendered":"https:\/\/redoma.com.br\/corporativo\/?post_type=product&#038;p=6642"},"modified":"2025-07-03T14:43:36","modified_gmt":"2025-07-03T17:43:36","slug":"lapis-hb02","status":"publish","type":"product","link":"https:\/\/redoma.com.br\/corporativo\/produto\/lapis-hb02\/","title":{"rendered":"L\u00c1PIS Hb02"},"content":{"rendered":"","protected":false},"excerpt":{"rendered":"<p>L\u00e1pis com corpo resinado e anel metalizado com borracha.<br \/>\nCor: branco, vermelho ou preto.<br \/>\nPonta resistente a impacto<\/p>\n<p>Formato: 148 mm x 15 mm<br \/>\nPersonaliza\u00e7\u00e3o<br \/>\nCorpo: 50 mm (L) x 20 mm (A)<\/p>\n<p><strong>Grava\u00e7\u00e3o:<\/strong><br \/>\n<strong>\u2022 Serigrafia<\/strong><br \/>\n<strong>\u2022 Digital<\/strong><\/p>\n","protected":false},"featured_media":8321,"template":"","meta":[],"product_brand":[],"product_cat":[78,393],"product_tag":[],"class_list":{"0":"post-6642","1":"product","2":"type-product","3":"status-publish","4":"has-post-thumbnail","6":"product_cat-acessorios","7":"product_cat-canetas-e-lapiseiras","8":"description-off","10":"first","11":"instock","12":"shipping-taxable","13":"purchasable","14":"product-type-simple"},"yoast_head":"<!-- This site is optimized with the Yoast SEO plugin v27.4 - https:\/\/yoast.com\/product\/yoast-seo-wordpress\/ -->\n<title>L\u00c1PIS Hb02 - Redoma - Brindes Corporativos<\/title>\n<meta name=\"robots\" content=\"index, follow, max-snippet:-1, max-image-preview:large, max-video-preview:-1\" \/>\n<link rel=\"canonical\" href=\"https:\/\/redoma.com.br\/corporativo\/produto\/lapis-hb02\/\" \/>\n<meta property=\"og:locale\" content=\"pt_BR\" \/>\n<meta property=\"og:type\" content=\"article\" \/>\n<meta property=\"og:title\" content=\"L\u00c1PIS Hb02 - Redoma - Brindes Corporativos\" \/>\n<meta property=\"og:description\" content=\"L\u00e1pis com corpo resinado e anel metalizado com borracha. Cor: branco, vermelho ou preto. Ponta resistente a impacto  Formato: 148 mm x 15 mm Personaliza\u00e7\u00e3o Corpo: 50 mm (L) x 20 mm (A)  Grava\u00e7\u00e3o: \u2022 Serigrafia \u2022 Digital\" \/>\n<meta property=\"og:url\" content=\"https:\/\/redoma.com.br\/corporativo\/produto\/lapis-hb02\/\" \/>\n<meta property=\"og:site_name\" content=\"Redoma - Brindes Corporativos\" \/>\n<meta property=\"article:modified_time\" content=\"2025-07-03T17:43:36+00:00\" \/>\n<meta property=\"og:image\" content=\"https:\/\/redoma.com.br\/corporativo\/wp-content\/uploads\/2024\/05\/LAPIS-Hb02_1.png\" \/>\n\t<meta property=\"og:image:width\" content=\"1001\" \/>\n\t<meta property=\"og:image:height\" content=\"1001\" \/>\n\t<meta property=\"og:image:type\" content=\"image\/png\" \/>\n<meta name=\"twitter:card\" content=\"summary_large_image\" \/>\n<meta name=\"twitter:label1\" content=\"Est. tempo de leitura\" \/>\n\t<meta name=\"twitter:data1\" content=\"1 minuto\" \/>\n<script type=\"application\/ld+json\" class=\"yoast-schema-graph\">{\"@context\":\"https:\\\/\\\/schema.org\",\"@graph\":[{\"@type\":\"WebPage\",\"@id\":\"https:\\\/\\\/redoma.com.br\\\/corporativo\\\/produto\\\/lapis-hb02\\\/\",\"url\":\"https:\\\/\\\/redoma.com.br\\\/corporativo\\\/produto\\\/lapis-hb02\\\/\",\"name\":\"L\u00c1PIS Hb02 - Redoma - Brindes Corporativos\",\"isPartOf\":{\"@id\":\"https:\\\/\\\/redoma.com.br\\\/corporativo\\\/#website\"},\"primaryImageOfPage\":{\"@id\":\"https:\\\/\\\/redoma.com.br\\\/corporativo\\\/produto\\\/lapis-hb02\\\/#primaryimage\"},\"image\":{\"@id\":\"https:\\\/\\\/redoma.com.br\\\/corporativo\\\/produto\\\/lapis-hb02\\\/#primaryimage\"},\"thumbnailUrl\":\"https:\\\/\\\/redoma.com.br\\\/corporativo\\\/wp-content\\\/uploads\\\/2024\\\/05\\\/LAPIS-Hb02_1.png\",\"datePublished\":\"2024-05-22T14:35:05+00:00\",\"dateModified\":\"2025-07-03T17:43:36+00:00\",\"breadcrumb\":{\"@id\":\"https:\\\/\\\/redoma.com.br\\\/corporativo\\\/produto\\\/lapis-hb02\\\/#breadcrumb\"},\"inLanguage\":\"pt-BR\",\"potentialAction\":[{\"@type\":\"ReadAction\",\"target\":[\"https:\\\/\\\/redoma.com.br\\\/corporativo\\\/produto\\\/lapis-hb02\\\/\"]}]},{\"@type\":\"ImageObject\",\"inLanguage\":\"pt-BR\",\"@id\":\"https:\\\/\\\/redoma.com.br\\\/corporativo\\\/produto\\\/lapis-hb02\\\/#primaryimage\",\"url\":\"https:\\\/\\\/redoma.com.br\\\/corporativo\\\/wp-content\\\/uploads\\\/2024\\\/05\\\/LAPIS-Hb02_1.png\",\"contentUrl\":\"https:\\\/\\\/redoma.com.br\\\/corporativo\\\/wp-content\\\/uploads\\\/2024\\\/05\\\/LAPIS-Hb02_1.png\",\"width\":1001,\"height\":1001},{\"@type\":\"BreadcrumbList\",\"@id\":\"https:\\\/\\\/redoma.com.br\\\/corporativo\\\/produto\\\/lapis-hb02\\\/#breadcrumb\",\"itemListElement\":[{\"@type\":\"ListItem\",\"position\":1,\"name\":\"In\u00edcio\",\"item\":\"https:\\\/\\\/redoma.com.br\\\/corporativo\\\/\"},{\"@type\":\"ListItem\",\"position\":2,\"name\":\"Produtos\",\"item\":\"https:\\\/\\\/redoma.com.br\\\/corporativo\\\/produtos\\\/\"},{\"@type\":\"ListItem\",\"position\":3,\"name\":\"L\u00c1PIS Hb02\"}]},{\"@type\":\"WebSite\",\"@id\":\"https:\\\/\\\/redoma.com.br\\\/corporativo\\\/#website\",\"url\":\"https:\\\/\\\/redoma.com.br\\\/corporativo\\\/\",\"name\":\"Redoma - Brindes Corporativos\",\"description\":\"Produzimos Agenda Personalizada, Calend\u00e1rio Financeiro, Planner Personalizado, Caderno Personalizado, Caderneta personalizada e mais\",\"potentialAction\":[{\"@type\":\"SearchAction\",\"target\":{\"@type\":\"EntryPoint\",\"urlTemplate\":\"https:\\\/\\\/redoma.com.br\\\/corporativo\\\/?s={search_term_string}\"},\"query-input\":{\"@type\":\"PropertyValueSpecification\",\"valueRequired\":true,\"valueName\":\"search_term_string\"}}],\"inLanguage\":\"pt-BR\"}]}<\/script>\n<!-- \/ Yoast SEO plugin. -->","yoast_head_json":{"title":"L\u00c1PIS Hb02 - Redoma - Brindes Corporativos","robots":{"index":"index","follow":"follow","max-snippet":"max-snippet:-1","max-image-preview":"max-image-preview:large","max-video-preview":"max-video-preview:-1"},"canonical":"https:\/\/redoma.com.br\/corporativo\/produto\/lapis-hb02\/","og_locale":"pt_BR","og_type":"article","og_title":"L\u00c1PIS Hb02 - Redoma - Brindes Corporativos","og_description":"L\u00e1pis com corpo resinado e anel metalizado com borracha. Cor: branco, vermelho ou preto. Ponta resistente a impacto  Formato: 148 mm x 15 mm Personaliza\u00e7\u00e3o Corpo: 50 mm (L) x 20 mm (A)  Grava\u00e7\u00e3o: \u2022 Serigrafia \u2022 Digital","og_url":"https:\/\/redoma.com.br\/corporativo\/produto\/lapis-hb02\/","og_site_name":"Redoma - Brindes Corporativos","article_modified_time":"2025-07-03T17:43:36+00:00","og_image":[{"width":1001,"height":1001,"url":"https:\/\/redoma.com.br\/corporativo\/wp-content\/uploads\/2024\/05\/LAPIS-Hb02_1.png","type":"image\/png"}],"twitter_card":"summary_large_image","twitter_misc":{"Est. tempo de leitura":"1 minuto"},"schema":{"@context":"https:\/\/schema.org","@graph":[{"@type":"WebPage","@id":"https:\/\/redoma.com.br\/corporativo\/produto\/lapis-hb02\/","url":"https:\/\/redoma.com.br\/corporativo\/produto\/lapis-hb02\/","name":"L\u00c1PIS Hb02 - Redoma - Brindes Corporativos","isPartOf":{"@id":"https:\/\/redoma.com.br\/corporativo\/#website"},"primaryImageOfPage":{"@id":"https:\/\/redoma.com.br\/corporativo\/produto\/lapis-hb02\/#primaryimage"},"image":{"@id":"https:\/\/redoma.com.br\/corporativo\/produto\/lapis-hb02\/#primaryimage"},"thumbnailUrl":"https:\/\/redoma.com.br\/corporativo\/wp-content\/uploads\/2024\/05\/LAPIS-Hb02_1.png","datePublished":"2024-05-22T14:35:05+00:00","dateModified":"2025-07-03T17:43:36+00:00","breadcrumb":{"@id":"https:\/\/redoma.com.br\/corporativo\/produto\/lapis-hb02\/#breadcrumb"},"inLanguage":"pt-BR","potentialAction":[{"@type":"ReadAction","target":["https:\/\/redoma.com.br\/corporativo\/produto\/lapis-hb02\/"]}]},{"@type":"ImageObject","inLanguage":"pt-BR","@id":"https:\/\/redoma.com.br\/corporativo\/produto\/lapis-hb02\/#primaryimage","url":"https:\/\/redoma.com.br\/corporativo\/wp-content\/uploads\/2024\/05\/LAPIS-Hb02_1.png","contentUrl":"https:\/\/redoma.com.br\/corporativo\/wp-content\/uploads\/2024\/05\/LAPIS-Hb02_1.png","width":1001,"height":1001},{"@type":"BreadcrumbList","@id":"https:\/\/redoma.com.br\/corporativo\/produto\/lapis-hb02\/#breadcrumb","itemListElement":[{"@type":"ListItem","position":1,"name":"In\u00edcio","item":"https:\/\/redoma.com.br\/corporativo\/"},{"@type":"ListItem","position":2,"name":"Produtos","item":"https:\/\/redoma.com.br\/corporativo\/produtos\/"},{"@type":"ListItem","position":3,"name":"L\u00c1PIS Hb02"}]},{"@type":"WebSite","@id":"https:\/\/redoma.com.br\/corporativo\/#website","url":"https:\/\/redoma.com.br\/corporativo\/","name":"Redoma - Brindes Corporativos","description":"Produzimos Agenda Personalizada, Calend\u00e1rio Financeiro, Planner Personalizado, Caderno Personalizado, Caderneta personalizada e mais","potentialAction":[{"@type":"SearchAction","target":{"@type":"EntryPoint","urlTemplate":"https:\/\/redoma.com.br\/corporativo\/?s={search_term_string}"},"query-input":{"@type":"PropertyValueSpecification","valueRequired":true,"valueName":"search_term_string"}}],"inLanguage":"pt-BR"}]}},"_links":{"self":[{"href":"https:\/\/redoma.com.br\/corporativo\/wp-json\/wp\/v2\/product\/6642","targetHints":{"allow":["GET"]}}],"collection":[{"href":"https:\/\/redoma.com.br\/corporativo\/wp-json\/wp\/v2\/product"}],"about":[{"href":"https:\/\/redoma.com.br\/corporativo\/wp-json\/wp\/v2\/types\/product"}],"wp:featuredmedia":[{"embeddable":true,"href":"https:\/\/redoma.com.br\/corporativo\/wp-json\/wp\/v2\/media\/8321"}],"wp:attachment":[{"href":"https:\/\/redoma.com.br\/corporativo\/wp-json\/wp\/v2\/media?parent=6642"}],"wp:term":[{"taxonomy":"product_brand","embeddable":true,"href":"https:\/\/redoma.com.br\/corporativo\/wp-json\/wp\/v2\/product_brand?post=6642"},{"taxonomy":"product_cat","embeddable":true,"href":"https:\/\/redoma.com.br\/corporativo\/wp-json\/wp\/v2\/product_cat?post=6642"},{"taxonomy":"product_tag","embeddable":true,"href":"https:\/\/redoma.com.br\/corporativo\/wp-json\/wp\/v2\/product_tag?post=6642"}],"curies":[{"name":"wp","href":"https:\/\/api.w.org\/{rel}","templated":true}]}}