
{"id":6021,"date":"2024-03-28T10:38:54","date_gmt":"2024-03-28T13:38:54","guid":{"rendered":"https:\/\/redoma.com.br\/corporativo\/?post_type=product&#038;p=6021"},"modified":"2025-06-11T17:18:08","modified_gmt":"2025-06-11T20:18:08","slug":"kit-estojo-kraft","status":"publish","type":"product","link":"https:\/\/redoma.com.br\/corporativo\/produto\/kit-estojo-kraft\/","title":{"rendered":"Kit Estojo Kraft"},"content":{"rendered":"<div style=\"width: 1200px;\" class=\"wp-video\"><video class=\"wp-video-shortcode\" id=\"video-6021-1\" width=\"1200\" height=\"675\" preload=\"metadata\" controls=\"controls\"><source type=\"video\/mp4\" src=\"https:\/\/redoma.com.br\/corporativo\/wp-content\/uploads\/2022\/05\/Kits.mp4?_=1\" \/><a href=\"https:\/\/redoma.com.br\/corporativo\/wp-content\/uploads\/2022\/05\/Kits.mp4\">https:\/\/redoma.com.br\/corporativo\/wp-content\/uploads\/2022\/05\/Kits.mp4<\/a><\/video><\/div>\n","protected":false},"excerpt":{"rendered":"<p><strong>Classifica\u00e7\u00e3o:<\/strong> Revestimento Standard<\/p>\n<p>&nbsp;<\/p>\n<p>Bem vindo ao Natural e sustent\u00e1vel. O revestimento Kraft combina o r\u00fastico com o refinado para quem procura aliar beleza e bom gosto. Neste revestimento \u00e9 poss\u00edvel gravar o logo colorido ou em hot stamping trazendo um destaque especial.<\/p>\n<p>&nbsp;<\/p>\n<p>Papel Kraft 300 g\/m\u00b2<br \/>\nFormato: 188 x 245 mm<br \/>\nPersonaliza\u00e7\u00e3o tampa: 100\u00d7100 mm hot stamping<\/p>\n<p><strong>*A cota\u00e7\u00e3o m\u00ednima para esse produto com caneta s\u00e3o de 250 unidades e est\u00e1 sujeita a an\u00e1lise comercial.<\/strong><\/p>\n<p>&nbsp;<\/p>\n<p><strong>Solicite seu or\u00e7amento preenchendo o formul\u00e1rio a baixo:<\/strong><\/p>\n","protected":false},"featured_media":7707,"template":"","meta":[],"product_brand":[],"product_cat":[409,79,97,410,92,22],"product_tag":[],"class_list":{"0":"post-6021","1":"product","2":"type-product","3":"status-publish","4":"has-post-thumbnail","6":"product_cat-caixa-estojo","7":"product_cat-colecoes","8":"product_cat-kits","9":"product_cat-kits-kraft","10":"product_cat-kraft","11":"product_cat-produtos-em-destaque","12":"description-off","14":"first","15":"instock","16":"shipping-taxable","17":"purchasable","18":"product-type-simple"},"yoast_head":"<!-- This site is optimized with the Yoast SEO plugin v27.4 - https:\/\/yoast.com\/product\/yoast-seo-wordpress\/ -->\n<title>Kit Estojo Kraft - Redoma - Brindes Corporativos<\/title>\n<meta name=\"robots\" content=\"index, follow, max-snippet:-1, max-image-preview:large, max-video-preview:-1\" \/>\n<link rel=\"canonical\" href=\"https:\/\/redoma.com.br\/corporativo\/produto\/kit-estojo-kraft\/\" \/>\n<meta property=\"og:locale\" content=\"pt_BR\" \/>\n<meta property=\"og:type\" content=\"article\" \/>\n<meta property=\"og:title\" content=\"Kit Estojo Kraft - Redoma - Brindes Corporativos\" \/>\n<meta property=\"og:description\" content=\"Classifica\u00e7\u00e3o: Revestimento Standard  &nbsp;  Bem vindo ao Natural e sustent\u00e1vel. O revestimento Kraft combina o r\u00fastico com o refinado para quem procura aliar beleza e bom gosto. Neste revestimento \u00e9 poss\u00edvel gravar o logo colorido ou em hot stamping trazendo um destaque especial.  &nbsp;  Papel Kraft 300 g\/m\u00b2 Formato: 188 x 245 mm Personaliza\u00e7\u00e3o tampa: 100\u00d7100 mm hot stamping  *A cota\u00e7\u00e3o m\u00ednima para esse produto com caneta s\u00e3o de 250 unidades e est\u00e1 sujeita a an\u00e1lise comercial.  &nbsp;  Solicite seu or\u00e7amento preenchendo o formul\u00e1rio a baixo:\" \/>\n<meta property=\"og:url\" content=\"https:\/\/redoma.com.br\/corporativo\/produto\/kit-estojo-kraft\/\" \/>\n<meta property=\"og:site_name\" content=\"Redoma - Brindes Corporativos\" \/>\n<meta property=\"article:modified_time\" content=\"2025-06-11T20:18:08+00:00\" \/>\n<meta property=\"og:image\" content=\"https:\/\/redoma.com.br\/corporativo\/wp-content\/uploads\/2024\/03\/Caixa-estojo-kraft.png\" \/>\n\t<meta property=\"og:image:width\" content=\"1000\" \/>\n\t<meta property=\"og:image:height\" content=\"1000\" \/>\n\t<meta property=\"og:image:type\" content=\"image\/png\" \/>\n<meta name=\"twitter:card\" content=\"summary_large_image\" \/>\n<meta name=\"twitter:label1\" content=\"Est. tempo de leitura\" \/>\n\t<meta name=\"twitter:data1\" content=\"1 minuto\" \/>\n<script type=\"application\/ld+json\" class=\"yoast-schema-graph\">{\"@context\":\"https:\\\/\\\/schema.org\",\"@graph\":[{\"@type\":\"WebPage\",\"@id\":\"https:\\\/\\\/redoma.com.br\\\/corporativo\\\/produto\\\/kit-estojo-kraft\\\/\",\"url\":\"https:\\\/\\\/redoma.com.br\\\/corporativo\\\/produto\\\/kit-estojo-kraft\\\/\",\"name\":\"Kit Estojo Kraft - Redoma - Brindes Corporativos\",\"isPartOf\":{\"@id\":\"https:\\\/\\\/redoma.com.br\\\/corporativo\\\/#website\"},\"primaryImageOfPage\":{\"@id\":\"https:\\\/\\\/redoma.com.br\\\/corporativo\\\/produto\\\/kit-estojo-kraft\\\/#primaryimage\"},\"image\":{\"@id\":\"https:\\\/\\\/redoma.com.br\\\/corporativo\\\/produto\\\/kit-estojo-kraft\\\/#primaryimage\"},\"thumbnailUrl\":\"https:\\\/\\\/redoma.com.br\\\/corporativo\\\/wp-content\\\/uploads\\\/2024\\\/03\\\/Caixa-estojo-kraft-1.png\",\"datePublished\":\"2024-03-28T13:38:54+00:00\",\"dateModified\":\"2025-06-11T20:18:08+00:00\",\"breadcrumb\":{\"@id\":\"https:\\\/\\\/redoma.com.br\\\/corporativo\\\/produto\\\/kit-estojo-kraft\\\/#breadcrumb\"},\"inLanguage\":\"pt-BR\",\"potentialAction\":[{\"@type\":\"ReadAction\",\"target\":[\"https:\\\/\\\/redoma.com.br\\\/corporativo\\\/produto\\\/kit-estojo-kraft\\\/\"]}]},{\"@type\":\"ImageObject\",\"inLanguage\":\"pt-BR\",\"@id\":\"https:\\\/\\\/redoma.com.br\\\/corporativo\\\/produto\\\/kit-estojo-kraft\\\/#primaryimage\",\"url\":\"https:\\\/\\\/redoma.com.br\\\/corporativo\\\/wp-content\\\/uploads\\\/2024\\\/03\\\/Caixa-estojo-kraft-1.png\",\"contentUrl\":\"https:\\\/\\\/redoma.com.br\\\/corporativo\\\/wp-content\\\/uploads\\\/2024\\\/03\\\/Caixa-estojo-kraft-1.png\",\"width\":1001,\"height\":1001},{\"@type\":\"BreadcrumbList\",\"@id\":\"https:\\\/\\\/redoma.com.br\\\/corporativo\\\/produto\\\/kit-estojo-kraft\\\/#breadcrumb\",\"itemListElement\":[{\"@type\":\"ListItem\",\"position\":1,\"name\":\"In\u00edcio\",\"item\":\"https:\\\/\\\/redoma.com.br\\\/corporativo\\\/\"},{\"@type\":\"ListItem\",\"position\":2,\"name\":\"Produtos\",\"item\":\"https:\\\/\\\/redoma.com.br\\\/corporativo\\\/produtos\\\/\"},{\"@type\":\"ListItem\",\"position\":3,\"name\":\"Kit Estojo Kraft\"}]},{\"@type\":\"WebSite\",\"@id\":\"https:\\\/\\\/redoma.com.br\\\/corporativo\\\/#website\",\"url\":\"https:\\\/\\\/redoma.com.br\\\/corporativo\\\/\",\"name\":\"Redoma - Brindes Corporativos\",\"description\":\"Produzimos Agenda Personalizada, Calend\u00e1rio Financeiro, Planner Personalizado, Caderno Personalizado, Caderneta personalizada e mais\",\"potentialAction\":[{\"@type\":\"SearchAction\",\"target\":{\"@type\":\"EntryPoint\",\"urlTemplate\":\"https:\\\/\\\/redoma.com.br\\\/corporativo\\\/?s={search_term_string}\"},\"query-input\":{\"@type\":\"PropertyValueSpecification\",\"valueRequired\":true,\"valueName\":\"search_term_string\"}}],\"inLanguage\":\"pt-BR\"}]}<\/script>\n<!-- \/ Yoast SEO plugin. -->","yoast_head_json":{"title":"Kit Estojo Kraft - Redoma - Brindes Corporativos","robots":{"index":"index","follow":"follow","max-snippet":"max-snippet:-1","max-image-preview":"max-image-preview:large","max-video-preview":"max-video-preview:-1"},"canonical":"https:\/\/redoma.com.br\/corporativo\/produto\/kit-estojo-kraft\/","og_locale":"pt_BR","og_type":"article","og_title":"Kit Estojo Kraft - Redoma - Brindes Corporativos","og_description":"Classifica\u00e7\u00e3o: Revestimento Standard  &nbsp;  Bem vindo ao Natural e sustent\u00e1vel. O revestimento Kraft combina o r\u00fastico com o refinado para quem procura aliar beleza e bom gosto. Neste revestimento \u00e9 poss\u00edvel gravar o logo colorido ou em hot stamping trazendo um destaque especial.  &nbsp;  Papel Kraft 300 g\/m\u00b2 Formato: 188 x 245 mm Personaliza\u00e7\u00e3o tampa: 100\u00d7100 mm hot stamping  *A cota\u00e7\u00e3o m\u00ednima para esse produto com caneta s\u00e3o de 250 unidades e est\u00e1 sujeita a an\u00e1lise comercial.  &nbsp;  Solicite seu or\u00e7amento preenchendo o formul\u00e1rio a baixo:","og_url":"https:\/\/redoma.com.br\/corporativo\/produto\/kit-estojo-kraft\/","og_site_name":"Redoma - Brindes Corporativos","article_modified_time":"2025-06-11T20:18:08+00:00","og_image":[{"width":1000,"height":1000,"url":"https:\/\/redoma.com.br\/corporativo\/wp-content\/uploads\/2024\/03\/Caixa-estojo-kraft.png","type":"image\/png"}],"twitter_card":"summary_large_image","twitter_misc":{"Est. tempo de leitura":"1 minuto"},"schema":{"@context":"https:\/\/schema.org","@graph":[{"@type":"WebPage","@id":"https:\/\/redoma.com.br\/corporativo\/produto\/kit-estojo-kraft\/","url":"https:\/\/redoma.com.br\/corporativo\/produto\/kit-estojo-kraft\/","name":"Kit Estojo Kraft - Redoma - Brindes Corporativos","isPartOf":{"@id":"https:\/\/redoma.com.br\/corporativo\/#website"},"primaryImageOfPage":{"@id":"https:\/\/redoma.com.br\/corporativo\/produto\/kit-estojo-kraft\/#primaryimage"},"image":{"@id":"https:\/\/redoma.com.br\/corporativo\/produto\/kit-estojo-kraft\/#primaryimage"},"thumbnailUrl":"https:\/\/redoma.com.br\/corporativo\/wp-content\/uploads\/2024\/03\/Caixa-estojo-kraft-1.png","datePublished":"2024-03-28T13:38:54+00:00","dateModified":"2025-06-11T20:18:08+00:00","breadcrumb":{"@id":"https:\/\/redoma.com.br\/corporativo\/produto\/kit-estojo-kraft\/#breadcrumb"},"inLanguage":"pt-BR","potentialAction":[{"@type":"ReadAction","target":["https:\/\/redoma.com.br\/corporativo\/produto\/kit-estojo-kraft\/"]}]},{"@type":"ImageObject","inLanguage":"pt-BR","@id":"https:\/\/redoma.com.br\/corporativo\/produto\/kit-estojo-kraft\/#primaryimage","url":"https:\/\/redoma.com.br\/corporativo\/wp-content\/uploads\/2024\/03\/Caixa-estojo-kraft-1.png","contentUrl":"https:\/\/redoma.com.br\/corporativo\/wp-content\/uploads\/2024\/03\/Caixa-estojo-kraft-1.png","width":1001,"height":1001},{"@type":"BreadcrumbList","@id":"https:\/\/redoma.com.br\/corporativo\/produto\/kit-estojo-kraft\/#breadcrumb","itemListElement":[{"@type":"ListItem","position":1,"name":"In\u00edcio","item":"https:\/\/redoma.com.br\/corporativo\/"},{"@type":"ListItem","position":2,"name":"Produtos","item":"https:\/\/redoma.com.br\/corporativo\/produtos\/"},{"@type":"ListItem","position":3,"name":"Kit Estojo Kraft"}]},{"@type":"WebSite","@id":"https:\/\/redoma.com.br\/corporativo\/#website","url":"https:\/\/redoma.com.br\/corporativo\/","name":"Redoma - Brindes Corporativos","description":"Produzimos Agenda Personalizada, Calend\u00e1rio Financeiro, Planner Personalizado, Caderno Personalizado, Caderneta personalizada e mais","potentialAction":[{"@type":"SearchAction","target":{"@type":"EntryPoint","urlTemplate":"https:\/\/redoma.com.br\/corporativo\/?s={search_term_string}"},"query-input":{"@type":"PropertyValueSpecification","valueRequired":true,"valueName":"search_term_string"}}],"inLanguage":"pt-BR"}]}},"_links":{"self":[{"href":"https:\/\/redoma.com.br\/corporativo\/wp-json\/wp\/v2\/product\/6021","targetHints":{"allow":["GET"]}}],"collection":[{"href":"https:\/\/redoma.com.br\/corporativo\/wp-json\/wp\/v2\/product"}],"about":[{"href":"https:\/\/redoma.com.br\/corporativo\/wp-json\/wp\/v2\/types\/product"}],"wp:featuredmedia":[{"embeddable":true,"href":"https:\/\/redoma.com.br\/corporativo\/wp-json\/wp\/v2\/media\/7707"}],"wp:attachment":[{"href":"https:\/\/redoma.com.br\/corporativo\/wp-json\/wp\/v2\/media?parent=6021"}],"wp:term":[{"taxonomy":"product_brand","embeddable":true,"href":"https:\/\/redoma.com.br\/corporativo\/wp-json\/wp\/v2\/product_brand?post=6021"},{"taxonomy":"product_cat","embeddable":true,"href":"https:\/\/redoma.com.br\/corporativo\/wp-json\/wp\/v2\/product_cat?post=6021"},{"taxonomy":"product_tag","embeddable":true,"href":"https:\/\/redoma.com.br\/corporativo\/wp-json\/wp\/v2\/product_tag?post=6021"}],"curies":[{"name":"wp","href":"https:\/\/api.w.org\/{rel}","templated":true}]}}