
{"id":521,"date":"2021-04-27T12:26:49","date_gmt":"2021-04-27T15:26:49","guid":{"rendered":"http:\/\/novo.redoma.com.br\/?post_type=product&#038;p=521"},"modified":"2025-06-11T17:05:55","modified_gmt":"2025-06-11T20:05:55","slug":"suporte-preto","status":"publish","type":"product","link":"https:\/\/redoma.com.br\/corporativo\/produto\/suporte-preto\/","title":{"rendered":"Suporte Preto"},"content":{"rendered":"","protected":false},"excerpt":{"rendered":"<p><strong>Suporte para calend\u00e1rio financeiro.<\/strong><\/p>\n<p>&nbsp;<\/p>\n<p>*Personaliza\u00e7\u00e3o com 2 ou 4 cores, acima de 100 unidades.<\/p>\n<p>&nbsp;<\/p>\n<p><strong>Solicite seu or\u00e7amento preenchendo o formul\u00e1rio a baixo:<\/strong><\/p>\n","protected":false},"featured_media":6143,"template":"","meta":[],"product_brand":[],"product_cat":[78,264,77],"product_tag":[],"class_list":{"0":"post-521","1":"product","2":"type-product","3":"status-publish","4":"has-post-thumbnail","6":"product_cat-acessorios","7":"product_cat-calendario-financeiro","8":"product_cat-calendarios","9":"description-off","11":"first","12":"instock","13":"shipping-taxable","14":"purchasable","15":"product-type-variable"},"yoast_head":"<!-- This site is optimized with the Yoast SEO plugin v27.4 - https:\/\/yoast.com\/product\/yoast-seo-wordpress\/ -->\n<title>Suporte Preto - Redoma - Brindes Corporativos<\/title>\n<meta name=\"robots\" content=\"index, follow, max-snippet:-1, max-image-preview:large, max-video-preview:-1\" \/>\n<link rel=\"canonical\" href=\"https:\/\/redoma.com.br\/corporativo\/produto\/suporte-fume\/\" \/>\n<meta property=\"og:locale\" content=\"pt_BR\" \/>\n<meta property=\"og:type\" content=\"article\" \/>\n<meta property=\"og:title\" content=\"Suporte Preto - Redoma - Brindes Corporativos\" \/>\n<meta property=\"og:description\" content=\"Suporte para calend\u00e1rio financeiro.  &nbsp;  *Personaliza\u00e7\u00e3o com 2 ou 4 cores, acima de 100 unidades.  &nbsp;  Solicite seu or\u00e7amento preenchendo o formul\u00e1rio a baixo:\" \/>\n<meta property=\"og:url\" content=\"https:\/\/redoma.com.br\/corporativo\/produto\/suporte-fume\/\" \/>\n<meta property=\"og:site_name\" content=\"Redoma - Brindes Corporativos\" \/>\n<meta property=\"article:modified_time\" content=\"2025-06-11T20:05:55+00:00\" \/>\n<meta property=\"og:image\" content=\"https:\/\/redoma.com.br\/corporativo\/wp-content\/uploads\/2021\/04\/80.png\" \/>\n\t<meta property=\"og:image:width\" content=\"1000\" \/>\n\t<meta property=\"og:image:height\" content=\"1000\" \/>\n\t<meta property=\"og:image:type\" content=\"image\/png\" \/>\n<meta name=\"twitter:card\" content=\"summary_large_image\" \/>\n<script type=\"application\/ld+json\" class=\"yoast-schema-graph\">{\"@context\":\"https:\\\/\\\/schema.org\",\"@graph\":[{\"@type\":\"WebPage\",\"@id\":\"https:\\\/\\\/redoma.com.br\\\/corporativo\\\/produto\\\/suporte-fume\\\/\",\"url\":\"https:\\\/\\\/redoma.com.br\\\/corporativo\\\/produto\\\/suporte-fume\\\/\",\"name\":\"Suporte Preto - Redoma - Brindes Corporativos\",\"isPartOf\":{\"@id\":\"https:\\\/\\\/redoma.com.br\\\/corporativo\\\/#website\"},\"primaryImageOfPage\":{\"@id\":\"https:\\\/\\\/redoma.com.br\\\/corporativo\\\/produto\\\/suporte-fume\\\/#primaryimage\"},\"image\":{\"@id\":\"https:\\\/\\\/redoma.com.br\\\/corporativo\\\/produto\\\/suporte-fume\\\/#primaryimage\"},\"thumbnailUrl\":\"https:\\\/\\\/redoma.com.br\\\/corporativo\\\/wp-content\\\/uploads\\\/2021\\\/04\\\/80.png\",\"datePublished\":\"2021-04-27T15:26:49+00:00\",\"dateModified\":\"2025-06-11T20:05:55+00:00\",\"breadcrumb\":{\"@id\":\"https:\\\/\\\/redoma.com.br\\\/corporativo\\\/produto\\\/suporte-fume\\\/#breadcrumb\"},\"inLanguage\":\"pt-BR\",\"potentialAction\":[{\"@type\":\"ReadAction\",\"target\":[\"https:\\\/\\\/redoma.com.br\\\/corporativo\\\/produto\\\/suporte-fume\\\/\"]}]},{\"@type\":\"ImageObject\",\"inLanguage\":\"pt-BR\",\"@id\":\"https:\\\/\\\/redoma.com.br\\\/corporativo\\\/produto\\\/suporte-fume\\\/#primaryimage\",\"url\":\"https:\\\/\\\/redoma.com.br\\\/corporativo\\\/wp-content\\\/uploads\\\/2021\\\/04\\\/80.png\",\"contentUrl\":\"https:\\\/\\\/redoma.com.br\\\/corporativo\\\/wp-content\\\/uploads\\\/2021\\\/04\\\/80.png\",\"width\":1000,\"height\":1000},{\"@type\":\"BreadcrumbList\",\"@id\":\"https:\\\/\\\/redoma.com.br\\\/corporativo\\\/produto\\\/suporte-fume\\\/#breadcrumb\",\"itemListElement\":[{\"@type\":\"ListItem\",\"position\":1,\"name\":\"In\u00edcio\",\"item\":\"https:\\\/\\\/redoma.com.br\\\/corporativo\\\/\"},{\"@type\":\"ListItem\",\"position\":2,\"name\":\"Produtos\",\"item\":\"https:\\\/\\\/redoma.com.br\\\/corporativo\\\/produtos\\\/\"},{\"@type\":\"ListItem\",\"position\":3,\"name\":\"Suporte Preto\"}]},{\"@type\":\"WebSite\",\"@id\":\"https:\\\/\\\/redoma.com.br\\\/corporativo\\\/#website\",\"url\":\"https:\\\/\\\/redoma.com.br\\\/corporativo\\\/\",\"name\":\"Redoma - Brindes Corporativos\",\"description\":\"Produzimos Agenda Personalizada, Calend\u00e1rio Financeiro, Planner Personalizado, Caderno Personalizado, Caderneta personalizada e mais\",\"potentialAction\":[{\"@type\":\"SearchAction\",\"target\":{\"@type\":\"EntryPoint\",\"urlTemplate\":\"https:\\\/\\\/redoma.com.br\\\/corporativo\\\/?s={search_term_string}\"},\"query-input\":{\"@type\":\"PropertyValueSpecification\",\"valueRequired\":true,\"valueName\":\"search_term_string\"}}],\"inLanguage\":\"pt-BR\"}]}<\/script>\n<!-- \/ Yoast SEO plugin. -->","yoast_head_json":{"title":"Suporte Preto - Redoma - Brindes Corporativos","robots":{"index":"index","follow":"follow","max-snippet":"max-snippet:-1","max-image-preview":"max-image-preview:large","max-video-preview":"max-video-preview:-1"},"canonical":"https:\/\/redoma.com.br\/corporativo\/produto\/suporte-fume\/","og_locale":"pt_BR","og_type":"article","og_title":"Suporte Preto - Redoma - Brindes Corporativos","og_description":"Suporte para calend\u00e1rio financeiro.  &nbsp;  *Personaliza\u00e7\u00e3o com 2 ou 4 cores, acima de 100 unidades.  &nbsp;  Solicite seu or\u00e7amento preenchendo o formul\u00e1rio a baixo:","og_url":"https:\/\/redoma.com.br\/corporativo\/produto\/suporte-fume\/","og_site_name":"Redoma - Brindes Corporativos","article_modified_time":"2025-06-11T20:05:55+00:00","og_image":[{"width":1000,"height":1000,"url":"https:\/\/redoma.com.br\/corporativo\/wp-content\/uploads\/2021\/04\/80.png","type":"image\/png"}],"twitter_card":"summary_large_image","schema":{"@context":"https:\/\/schema.org","@graph":[{"@type":"WebPage","@id":"https:\/\/redoma.com.br\/corporativo\/produto\/suporte-fume\/","url":"https:\/\/redoma.com.br\/corporativo\/produto\/suporte-fume\/","name":"Suporte Preto - Redoma - Brindes Corporativos","isPartOf":{"@id":"https:\/\/redoma.com.br\/corporativo\/#website"},"primaryImageOfPage":{"@id":"https:\/\/redoma.com.br\/corporativo\/produto\/suporte-fume\/#primaryimage"},"image":{"@id":"https:\/\/redoma.com.br\/corporativo\/produto\/suporte-fume\/#primaryimage"},"thumbnailUrl":"https:\/\/redoma.com.br\/corporativo\/wp-content\/uploads\/2021\/04\/80.png","datePublished":"2021-04-27T15:26:49+00:00","dateModified":"2025-06-11T20:05:55+00:00","breadcrumb":{"@id":"https:\/\/redoma.com.br\/corporativo\/produto\/suporte-fume\/#breadcrumb"},"inLanguage":"pt-BR","potentialAction":[{"@type":"ReadAction","target":["https:\/\/redoma.com.br\/corporativo\/produto\/suporte-fume\/"]}]},{"@type":"ImageObject","inLanguage":"pt-BR","@id":"https:\/\/redoma.com.br\/corporativo\/produto\/suporte-fume\/#primaryimage","url":"https:\/\/redoma.com.br\/corporativo\/wp-content\/uploads\/2021\/04\/80.png","contentUrl":"https:\/\/redoma.com.br\/corporativo\/wp-content\/uploads\/2021\/04\/80.png","width":1000,"height":1000},{"@type":"BreadcrumbList","@id":"https:\/\/redoma.com.br\/corporativo\/produto\/suporte-fume\/#breadcrumb","itemListElement":[{"@type":"ListItem","position":1,"name":"In\u00edcio","item":"https:\/\/redoma.com.br\/corporativo\/"},{"@type":"ListItem","position":2,"name":"Produtos","item":"https:\/\/redoma.com.br\/corporativo\/produtos\/"},{"@type":"ListItem","position":3,"name":"Suporte Preto"}]},{"@type":"WebSite","@id":"https:\/\/redoma.com.br\/corporativo\/#website","url":"https:\/\/redoma.com.br\/corporativo\/","name":"Redoma - Brindes Corporativos","description":"Produzimos Agenda Personalizada, Calend\u00e1rio Financeiro, Planner Personalizado, Caderno Personalizado, Caderneta personalizada e mais","potentialAction":[{"@type":"SearchAction","target":{"@type":"EntryPoint","urlTemplate":"https:\/\/redoma.com.br\/corporativo\/?s={search_term_string}"},"query-input":{"@type":"PropertyValueSpecification","valueRequired":true,"valueName":"search_term_string"}}],"inLanguage":"pt-BR"}]}},"_links":{"self":[{"href":"https:\/\/redoma.com.br\/corporativo\/wp-json\/wp\/v2\/product\/521","targetHints":{"allow":["GET"]}}],"collection":[{"href":"https:\/\/redoma.com.br\/corporativo\/wp-json\/wp\/v2\/product"}],"about":[{"href":"https:\/\/redoma.com.br\/corporativo\/wp-json\/wp\/v2\/types\/product"}],"wp:featuredmedia":[{"embeddable":true,"href":"https:\/\/redoma.com.br\/corporativo\/wp-json\/wp\/v2\/media\/6143"}],"wp:attachment":[{"href":"https:\/\/redoma.com.br\/corporativo\/wp-json\/wp\/v2\/media?parent=521"}],"wp:term":[{"taxonomy":"product_brand","embeddable":true,"href":"https:\/\/redoma.com.br\/corporativo\/wp-json\/wp\/v2\/product_brand?post=521"},{"taxonomy":"product_cat","embeddable":true,"href":"https:\/\/redoma.com.br\/corporativo\/wp-json\/wp\/v2\/product_cat?post=521"},{"taxonomy":"product_tag","embeddable":true,"href":"https:\/\/redoma.com.br\/corporativo\/wp-json\/wp\/v2\/product_tag?post=521"}],"curies":[{"name":"wp","href":"https:\/\/api.w.org\/{rel}","templated":true}]}}