
{"id":1999,"date":"2021-05-05T22:50:51","date_gmt":"2021-05-06T01:50:51","guid":{"rendered":"https:\/\/novo.redoma.com.br\/?page_id=1999"},"modified":"2021-05-05T22:50:51","modified_gmt":"2021-05-06T01:50:51","slug":"planners-como-brindes-corporativos","status":"publish","type":"page","link":"https:\/\/redoma.com.br\/corporativo\/informacoes\/planners\/planners-como-brindes-corporativos\/","title":{"rendered":"PLANNERS COMO BRINDES CORPORATIVOS"},"content":{"rendered":"<div class=\"wpb-content-wrapper\"><p>[vc_row][vc_column][vc_column_text]<\/p>\n<h2 dir=\"ltr\">Planners personalizados s\u00e3o escolhidos como brindes corporativos<\/h2>\n<p dir=\"ltr\">O planner personalizado ou customizado est\u00e1 entre os principais brindes atualmente escolhidos pelas empresas para os seus colaboradores, inclusive nos eventos corporativos. A pr\u00e1tica j\u00e1 substitui a agenda personalizada, no caso de alguns segmentos, pela vantagem de sua vida \u00fatil maior. Por n\u00e3o serem datados, os cadernos e planners personalizados t\u00eam sido os favoritos como brindes corporativos.<\/p>\n<p dir=\"ltr\">Algumas empresas conciliam os mimos, sabendo que trazem benef\u00edcios pr\u00e1ticos para seus colaboradores e optam pelos dois: agenda personalizada e planner personalizado. Utilizam as agendas personalizadas na Redoma no fim do ano para entrega no in\u00edcio do primeiro semestre e distribuem planners personalizados no in\u00edcio do segundo semestre aos seus colaboradores, para refor\u00e7ar seus valores e ajudar no planejamento peri\u00f3dico.<\/p>\n<p dir=\"ltr\">A escolha dos planners personalizados est\u00e3o crescendo entre as empresas brasileiras. Essa pr\u00e1tica pela escolha do caderno ou planner personalizado e n\u00e3o datado, no lugar da agenda personalizada, j\u00e1 se propagou muito nos Estados Unidos e, nos \u00faltimos anos, ganham mercado no Brasil.<\/p>\n<p dir=\"ltr\">A oferta \u00e9 ampla, existem v\u00e1rias op\u00e7\u00f5es em layouts, estampas, formatos e agora muitas empresas est\u00e3o personalizando os planners e presenteando seus colaboradores.<\/p>\n<p dir=\"ltr\">No mercado de agendas e cadernos personalizados h\u00e1 mais de 40 anos, a Redoma tamb\u00e9m ganhou mercado na categoria de planners personalizados e de varejo. Ela readequou seus produtos e oferece novidades porque sabe que o h\u00e1bito do consumidor mudou e as tarefas se acumulam, gerando novas formas de organiza\u00e7\u00e3o e planejamento.<\/p>\n<p dir=\"ltr\">Apesar da tecnologia estar em amplo crescimento, pesquisas indicam que organizar a rotina de tarefas di\u00e1rias e peri\u00f3dicas no papel ajuda na memoriza\u00e7\u00e3o, concentra\u00e7\u00e3o e gera a pr\u00e1tica de concluir mais atividades, principalmente em \u00e2mbito profissional. Isso porque a lista mental passa a ficar \u00e0 vista e de forma organizada, como na mesa de trabalho, gerando um senso de comprometimento com a atividade a ser executada.<\/p>\n<p dir=\"ltr\">Para as empresas, \u00e9 uma ferramenta que auxilia no foco e desenvolvimento de trabalhos individuais e conjuntos dentro do prazo, al\u00e9m de diminuir os ru\u00eddos na comunica\u00e7\u00e3o, ap\u00f3s o bombardeio de informa\u00e7\u00f5es por meio de tantos canais virtuais.<\/p>\n<h2>CONHE\u00c7A OS MODELOS DE PLANNER PERSONALIZADO REDOMA<\/h2>\n<p dir=\"ltr\">Para ajudar voc\u00ea e os colaboradores da sua empresa, a Redoma disponibilizou planners que podem ser personalizados. A escolha pode ser de um no formato mensal, semanal ou di\u00e1rio. Nele \u00e9 poss\u00edvel acrescentar dicas e listar as atividades mais importantes e urgentes para as empresas, al\u00e9m de espa\u00e7os livres para anota\u00e7\u00f5es das reuni\u00f5es. Voc\u00ea personaliza conforme seus objetivos de comunica\u00e7\u00e3o.<\/p>\n<p dir=\"ltr\">A Redoma possui v\u00e1rios tipos de planner personalizado. Em cima dos diferentes modelos desenvolvidos, voc\u00ea e sua empresa podem personalizar um bem aut\u00eantico e funcional para seus colaboradores e clientes.<\/p>\n<p dir=\"ltr\">Escolha um entre os nove modelos de PLANNER PERSONALIZADO\u00a0desenvolvidos pela Redoma para ser a base do seu planner personalizado e monte o seu. S\u00e3o eles:<\/p>\n<h2 dir=\"ltr\">Planner Horizontal &#8211; C\u00f3digo:445<\/h2>\n<p dir=\"ltr\">Cont\u00e9m 24 p\u00e1ginas \/ 12 folhas. Dispon\u00edvel no tamanho 27 x 19,5 cm. Impress\u00e3o em 4 cores, testeira e planejamento mensal no papel off set branco. Funciona como 2 produtos em 1: \u2022 planner \u2022 calend\u00e1rio de parede<\/p>\n<p dir=\"ltr\">Quantidade m\u00ednima: 300 unidades.<\/p>\n<p dir=\"ltr\"><a href=\"https:\/\/redoma.com.br\/corporativo\/informacoes\/planner\/produtos\/planners-personalizados\/planners-personalizados-planner-horizontal\">https:\/\/redoma.com.br\/corporativo\/produtos\/planners-personalizados\/planners-personalizados-planner-horizontal<\/a><\/p>\n<h2 dir=\"ltr\">Planner Flex &#8211; C\u00f3digo:444<\/h2>\n<p dir=\"ltr\">Dispon\u00edvel no tamanho 29,7 x 21 cm. Cont\u00e9m 104 p\u00e1ginas \/ 52 folhas. Impress\u00e3o em 1 ou 4 cores, base e planejamento semanal no papel off set branco. Funciona como 3 produtos em 1: \u2022 planner \u2022 calend\u00e1rio de mesa \u2022 risque e rabisque<\/p>\n<p dir=\"ltr\">Quantidade m\u00ednima: 300 unidades.<\/p>\n<p dir=\"ltr\"><a href=\"https:\/\/redoma.com.br\/corporativo\/informacoes\/planner\/produtos\/planners-personalizados\/planners-personalizados-planner-flex\">https:\/\/redoma.com.br\/corporativo\/produtos\/planners-personalizados\/planners-personalizados-planner-flex<\/a><\/p>\n<h2>Desk Planner &#8211; C\u00f3digo:443<\/h2>\n<p dir=\"ltr\">Cont\u00e9m 104 p\u00e1ginas \/ 52 folhas. Dispon\u00edvel no tamanho 29,7 x 10,5 cm. Impress\u00e3o em 1 , 2 ou 4 cores no papel off set branco. Possui: \u2022 wire-o \u2022 capa flex\u00edvel kraft ou cart\u00e3o tr\u00edplex<\/p>\n<p dir=\"ltr\">Quantidade m\u00ednima: 300 unidades<\/p>\n<p dir=\"ltr\"><a href=\"https:\/\/redoma.com.br\/corporativo\/informacoes\/planner\/produtos\/planners-personalizados\/planners-personalizados-desk-planner\">https:\/\/redoma.com.br\/corporativo\/produtos\/planners-personalizados\/planners-personalizados-desk-planner<\/a><\/p>\n<h2>Risque Planner &#8211; C\u00f3digo: 441<\/h2>\n<p dir=\"ltr\">Cont\u00e9m 104 p\u00e1ginas \/ 52 folhas. Dispon\u00edvel no tamanho 24 x 17 cm. Impress\u00e3o em 1 ou 2 cores no papel off set branco. Possui: \u2022 wire-o \u2022 el\u00e1stico para fixa\u00e7\u00e3o das folhas \u2022 dispon\u00edvel nas capas texturizadas, lisas e aquarela<\/p>\n<p dir=\"ltr\">Quantidade m\u00ednima: 300 unidades.<\/p>\n<p dir=\"ltr\"><a href=\"https:\/\/redoma.com.br\/corporativo\/informacoes\/planner\/produtos\/planners-personalizados\/planners-personalizados-risque-planner\">https:\/\/redoma.com.br\/corporativo\/produtos\/planners-personalizados\/planners-personalizados-risque-planner<\/a><\/p>\n<h2 dir=\"ltr\">Planner Lista &#8211; C\u00f3digo: 448<\/h2>\n<p dir=\"ltr\">Cont\u00e9m 62 p\u00e1ginas \/ 31 folhas. Dispon\u00edvel no tamanho 7,5 x 22,5 cm. Impress\u00e3o em cinza no papel off set branco. Possui: \u2022 2 blocos, layout semana e lista \u2022 el\u00e1stico para fechamento \u2022 dispon\u00edvel nas capas texturizadas, lisas e aquarela<\/p>\n<p dir=\"ltr\">Quantidade m\u00ednima: 100 unidades.<\/p>\n<p><a href=\"https:\/\/redoma.com.br\/corporativo\/informacoes\/planner\/produtos\/planners-personalizados\/planners-personalizados-planner-lista\">https:\/\/redoma.com.br\/corporativo\/produtos\/planners-personalizados\/planners-personalizados-planner-lista<\/a><\/p>\n<h2>Planner Day &#8211; C\u00f3digo: 449<\/h2>\n<p dir=\"ltr\">Cont\u00e9m 192 p\u00e1ginas. Dispon\u00edvel no tamanho 15 x 21 cm. Impress\u00e3o em cinza no papel off set branco. Possui: \u2022\u00a0 wire-o \u2022 dispon\u00edvel nas capas texturizadas, lisas e aquarela<\/p>\n<p dir=\"ltr\">Quantidade m\u00ednima: 100 unidades.<\/p>\n<p dir=\"ltr\"><a href=\"https:\/\/redoma.com.br\/corporativo\/informacoes\/planner\/produtos\/planners-personalizados\/planners-personalizados-planner-day\">https:\/\/redoma.com.br\/corporativo\/produtos\/planners-personalizados\/planners-personalizados-planner-day<\/a><\/p>\n<h2>Planning Di\u00e1rio &#8211; C\u00f3digo: 841<\/h2>\n<p dir=\"ltr\">Cont\u00e9m 384 p\u00e1ginas \/ 192 folhas. Dispon\u00edvel no tamanho 17 x 24 cm. Impress\u00e3o em cinza no papel off set branco. Possui: \u2022 marcador de p\u00e1ginas \u2022 wire-o Capa conforme sua prefer\u00eancia<\/p>\n<p dir=\"ltr\">Quantidade m\u00ednima: 50 unidades.<\/p>\n<p dir=\"ltr\"><a href=\"https:\/\/redoma.com.br\/corporativo\/informacoes\/planner\/produtos\/planners-personalizados\/planners-personalizados-planning-diario\">https:\/\/redoma.com.br\/corporativo\/produtos\/planners-personalizados\/planners-personalizados-planning-diario<\/a><\/p>\n<h2>Planning Semanal &#8211; C\u00f3digo: 552<\/h2>\n<p dir=\"ltr\">Cont\u00e9m 256 p\u00e1ginas \/ 128 folhas<\/p>\n<p dir=\"ltr\">Dispon\u00edvel no tamanho 17 x 24 cm. Impress\u00e3o em cinza no papel off set branco. Possui: \u2022 marcador de p\u00e1ginas \u2022 wire-o\u00a0 \u2022 Conte\u00fado do miolo: \u2022 agenda semanal \u2022 planejamento \u2022 anota\u00e7\u00f5es \u2022Capa conforme sua prefer\u00eancia<\/p>\n<p dir=\"ltr\">Quantidade m\u00ednima: 50 unidades.<\/p>\n<p dir=\"ltr\"><a href=\"https:\/\/redoma.com.br\/corporativo\/informacoes\/planner\/produtos\/planners-personalizados\/planners-personalizados-planning-semanal\">https:\/\/redoma.com.br\/corporativo\/produtos\/planners-personalizados\/planners-personalizados-planning-semanal<\/a><\/p>\n<h2>Planning Pautado &#8211; C\u00f3gido: 941<\/h2>\n<p dir=\"ltr\">Cont\u00e9m 256 p\u00e1ginas \/ 128 folhas. Dispon\u00edvel no tamanho 17 x 24 cm. Impress\u00e3o em cinza no papel off set branco. Possui: \u2022 wire-o\u00a0 \u2022Conte\u00fado do miolo: \u2022 dados pessoais \u2022 planejamento permanente \u2022 anota\u00e7\u00f5es complementares \u2022 telefones \u00fateis \u2022 p\u00e1ginas quadriculadas\u00a0 \u2022Capa conforme sua prefer\u00eancia<\/p>\n<p dir=\"ltr\">Quantidade m\u00ednima: 50 unidades.<\/p>\n<p dir=\"ltr\"><a href=\"https:\/\/redoma.com.br\/corporativo\/informacoes\/planner\/produtos\/planners-personalizados\/planners-personalizados-planning-pautado\">https:\/\/redoma.com.br\/corporativo\/produtos\/planners-personalizados\/planners-personalizados-planning-pautado<\/a>,<\/p>\n<p dir=\"ltr\">Os modelos dos planners personalizados apresentados acima s\u00e3o perfeitos para uso di\u00e1rio. Elas variam de formato, acabamento, n\u00famero de p\u00e1ginas, entre outros fatores. Destacam-se pela beleza e pela funcionalidade.<\/p>\n<h2 dir=\"ltr\">DIFERENCIAIS DA REDOMA<\/h2>\n<p dir=\"ltr\">Entre os diferenciais da Redoma est\u00e1 a possibilidade de atender a capacidade de investimento de cada empresa, dentro de sua proposta da estrat\u00e9gia de comunica\u00e7\u00e3o.<\/p>\n<p dir=\"ltr\">O cat\u00e1logo virtual da Redoma, que pode ser acessado no site ou solicitado \u00e0 equipe de atendimento, apresenta todos os detalhes t\u00e9cnicos de cada caderno, planner ou agenda personalizada. O trabalho de arte, personaliza\u00e7\u00e3o, diagrama\u00e7\u00e3o, montagem da capa, entre outros conte\u00fados est\u00e9ticos s\u00e3o feitos pelo departamento de design da empresa contratante.<\/p>\n<p dir=\"ltr\">Os materiais s\u00e3o dur\u00e1veis, porque s\u00e3o produzidos com produtos de excelente qualidade e feitos com excelente tecnologia, se destacando pelo acabamento superior.<\/p>\n<p dir=\"ltr\">A escolha pela Redoma por parte das empresas na hora de comprar e encomendar o caderno ou planner personalizado tamb\u00e9m se justifica, al\u00e9m da qualidade e diversidade de tipos, pela entrega mais r\u00e1pida do que o mercado, girando em torno de 15 dias. Este diferencial oferece mais seguran\u00e7a e credibilidade aos gestores, porque garante a entrega, no menor custo-benef\u00edcio, mas dentro do prazo necess\u00e1rio, sem comprometer as a\u00e7\u00f5es, algo que pode acontecer no setor gr\u00e1fico.<\/p>\n<h2 dir=\"ltr\">PARA SABER MAIS SOBRE OS PLANNERS PERSONALIZADOS REDOMA ligue para 11 4448-7300 ou mande e-mail para: atendimento@redoma.com.br<\/h2>\n<p>[\/vc_column_text][\/vc_column][\/vc_row][vc_row][vc_column][vc_media_grid grid_id=&#8221;vc_gid:1620265832530-0b5076c5-70f0-10&#8243; include=&#8221;2000&#8243;][\/vc_column][\/vc_row]<\/p>\n<\/div>","protected":false},"excerpt":{"rendered":"<p>[vc_row][vc_column][vc_column_text] Planners personalizados s\u00e3o escolhidos como brindes corporativos O planner personalizado ou customizado est\u00e1 entre os principais brindes atualmente escolhidos pelas empresas para os seus colaboradores, inclusive nos eventos corporativos. A pr\u00e1tica j\u00e1 substitui a agenda personalizada, no caso de alguns segmentos, pela vantagem de sua vida \u00fatil maior. Por n\u00e3o serem datados, os cadernos&hellip;<\/p>\n","protected":false},"author":1,"featured_media":2000,"parent":1886,"menu_order":0,"comment_status":"closed","ping_status":"closed","template":"","meta":{"footnotes":""},"class_list":["post-1999","page","type-page","status-publish","has-post-thumbnail","hentry","description-off"],"yoast_head":"<!-- This site is optimized with the Yoast SEO plugin v26.8 - https:\/\/yoast.com\/product\/yoast-seo-wordpress\/ -->\n<title>PLANNERS COMO BRINDES CORPORATIVOS - Redoma - Brindes Corporativos<\/title>\n<meta name=\"robots\" content=\"index, follow, max-snippet:-1, max-image-preview:large, max-video-preview:-1\" \/>\n<link rel=\"canonical\" href=\"https:\/\/redoma.com.br\/corporativo\/informacoes\/planners\/planners-como-brindes-corporativos\/\" \/>\n<meta property=\"og:locale\" content=\"pt_BR\" \/>\n<meta property=\"og:type\" content=\"article\" \/>\n<meta property=\"og:title\" content=\"PLANNERS COMO BRINDES CORPORATIVOS - Redoma - Brindes Corporativos\" \/>\n<meta property=\"og:description\" content=\"[vc_row][vc_column][vc_column_text] Planners personalizados s\u00e3o escolhidos como brindes corporativos O planner personalizado ou customizado est\u00e1 entre os principais brindes atualmente escolhidos pelas empresas para os seus colaboradores, inclusive nos eventos corporativos. A pr\u00e1tica j\u00e1 substitui a agenda personalizada, no caso de alguns segmentos, pela vantagem de sua vida \u00fatil maior. Por n\u00e3o serem datados, os cadernos&hellip;\" \/>\n<meta property=\"og:url\" content=\"https:\/\/redoma.com.br\/corporativo\/informacoes\/planners\/planners-como-brindes-corporativos\/\" \/>\n<meta property=\"og:site_name\" content=\"Redoma - Brindes Corporativos\" \/>\n<meta property=\"og:image\" content=\"https:\/\/redoma.com.br\/corporativo\/wp-content\/uploads\/2021\/05\/box2_480x480.jpg\" \/>\n\t<meta property=\"og:image:width\" content=\"480\" \/>\n\t<meta property=\"og:image:height\" content=\"480\" \/>\n\t<meta property=\"og:image:type\" content=\"image\/jpeg\" \/>\n<meta name=\"twitter:card\" content=\"summary_large_image\" \/>\n<meta name=\"twitter:label1\" content=\"Est. tempo de leitura\" \/>\n\t<meta name=\"twitter:data1\" content=\"6 minutos\" \/>\n<script type=\"application\/ld+json\" class=\"yoast-schema-graph\">{\"@context\":\"https:\/\/schema.org\",\"@graph\":[{\"@type\":\"WebPage\",\"@id\":\"https:\/\/redoma.com.br\/corporativo\/informacoes\/planners\/planners-como-brindes-corporativos\/\",\"url\":\"https:\/\/redoma.com.br\/corporativo\/informacoes\/planners\/planners-como-brindes-corporativos\/\",\"name\":\"PLANNERS COMO BRINDES CORPORATIVOS - Redoma - Brindes Corporativos\",\"isPartOf\":{\"@id\":\"https:\/\/redoma.com.br\/corporativo\/#website\"},\"primaryImageOfPage\":{\"@id\":\"https:\/\/redoma.com.br\/corporativo\/informacoes\/planners\/planners-como-brindes-corporativos\/#primaryimage\"},\"image\":{\"@id\":\"https:\/\/redoma.com.br\/corporativo\/informacoes\/planners\/planners-como-brindes-corporativos\/#primaryimage\"},\"thumbnailUrl\":\"https:\/\/redoma.com.br\/corporativo\/wp-content\/uploads\/2021\/05\/box2_480x480.jpg\",\"datePublished\":\"2021-05-06T01:50:51+00:00\",\"breadcrumb\":{\"@id\":\"https:\/\/redoma.com.br\/corporativo\/informacoes\/planners\/planners-como-brindes-corporativos\/#breadcrumb\"},\"inLanguage\":\"pt-BR\",\"potentialAction\":[{\"@type\":\"ReadAction\",\"target\":[\"https:\/\/redoma.com.br\/corporativo\/informacoes\/planners\/planners-como-brindes-corporativos\/\"]}]},{\"@type\":\"ImageObject\",\"inLanguage\":\"pt-BR\",\"@id\":\"https:\/\/redoma.com.br\/corporativo\/informacoes\/planners\/planners-como-brindes-corporativos\/#primaryimage\",\"url\":\"https:\/\/redoma.com.br\/corporativo\/wp-content\/uploads\/2021\/05\/box2_480x480.jpg\",\"contentUrl\":\"https:\/\/redoma.com.br\/corporativo\/wp-content\/uploads\/2021\/05\/box2_480x480.jpg\",\"width\":480,\"height\":480},{\"@type\":\"BreadcrumbList\",\"@id\":\"https:\/\/redoma.com.br\/corporativo\/informacoes\/planners\/planners-como-brindes-corporativos\/#breadcrumb\",\"itemListElement\":[{\"@type\":\"ListItem\",\"position\":1,\"name\":\"In\u00edcio\",\"item\":\"https:\/\/redoma.com.br\/corporativo\/\"},{\"@type\":\"ListItem\",\"position\":2,\"name\":\"Informa\u00e7\u00f5es\",\"item\":\"https:\/\/redoma.com.br\/corporativo\/informacoes\/\"},{\"@type\":\"ListItem\",\"position\":3,\"name\":\"Planners\",\"item\":\"https:\/\/redoma.com.br\/corporativo\/informacoes\/planners\/\"},{\"@type\":\"ListItem\",\"position\":4,\"name\":\"PLANNERS COMO BRINDES CORPORATIVOS\"}]},{\"@type\":\"WebSite\",\"@id\":\"https:\/\/redoma.com.br\/corporativo\/#website\",\"url\":\"https:\/\/redoma.com.br\/corporativo\/\",\"name\":\"Redoma - Brindes Corporativos\",\"description\":\"Produzimos Agenda Personalizada, Calend\u00e1rio Financeiro, Planner Personalizado, Caderno Personalizado, Caderneta personalizada e mais\",\"potentialAction\":[{\"@type\":\"SearchAction\",\"target\":{\"@type\":\"EntryPoint\",\"urlTemplate\":\"https:\/\/redoma.com.br\/corporativo\/?s={search_term_string}\"},\"query-input\":{\"@type\":\"PropertyValueSpecification\",\"valueRequired\":true,\"valueName\":\"search_term_string\"}}],\"inLanguage\":\"pt-BR\"}]}<\/script>\n<!-- \/ Yoast SEO plugin. -->","yoast_head_json":{"title":"PLANNERS COMO BRINDES CORPORATIVOS - Redoma - Brindes Corporativos","robots":{"index":"index","follow":"follow","max-snippet":"max-snippet:-1","max-image-preview":"max-image-preview:large","max-video-preview":"max-video-preview:-1"},"canonical":"https:\/\/redoma.com.br\/corporativo\/informacoes\/planners\/planners-como-brindes-corporativos\/","og_locale":"pt_BR","og_type":"article","og_title":"PLANNERS COMO BRINDES CORPORATIVOS - Redoma - Brindes Corporativos","og_description":"[vc_row][vc_column][vc_column_text] Planners personalizados s\u00e3o escolhidos como brindes corporativos O planner personalizado ou customizado est\u00e1 entre os principais brindes atualmente escolhidos pelas empresas para os seus colaboradores, inclusive nos eventos corporativos. A pr\u00e1tica j\u00e1 substitui a agenda personalizada, no caso de alguns segmentos, pela vantagem de sua vida \u00fatil maior. Por n\u00e3o serem datados, os cadernos&hellip;","og_url":"https:\/\/redoma.com.br\/corporativo\/informacoes\/planners\/planners-como-brindes-corporativos\/","og_site_name":"Redoma - Brindes Corporativos","og_image":[{"width":480,"height":480,"url":"https:\/\/redoma.com.br\/corporativo\/wp-content\/uploads\/2021\/05\/box2_480x480.jpg","type":"image\/jpeg"}],"twitter_card":"summary_large_image","twitter_misc":{"Est. tempo de leitura":"6 minutos"},"schema":{"@context":"https:\/\/schema.org","@graph":[{"@type":"WebPage","@id":"https:\/\/redoma.com.br\/corporativo\/informacoes\/planners\/planners-como-brindes-corporativos\/","url":"https:\/\/redoma.com.br\/corporativo\/informacoes\/planners\/planners-como-brindes-corporativos\/","name":"PLANNERS COMO BRINDES CORPORATIVOS - Redoma - Brindes Corporativos","isPartOf":{"@id":"https:\/\/redoma.com.br\/corporativo\/#website"},"primaryImageOfPage":{"@id":"https:\/\/redoma.com.br\/corporativo\/informacoes\/planners\/planners-como-brindes-corporativos\/#primaryimage"},"image":{"@id":"https:\/\/redoma.com.br\/corporativo\/informacoes\/planners\/planners-como-brindes-corporativos\/#primaryimage"},"thumbnailUrl":"https:\/\/redoma.com.br\/corporativo\/wp-content\/uploads\/2021\/05\/box2_480x480.jpg","datePublished":"2021-05-06T01:50:51+00:00","breadcrumb":{"@id":"https:\/\/redoma.com.br\/corporativo\/informacoes\/planners\/planners-como-brindes-corporativos\/#breadcrumb"},"inLanguage":"pt-BR","potentialAction":[{"@type":"ReadAction","target":["https:\/\/redoma.com.br\/corporativo\/informacoes\/planners\/planners-como-brindes-corporativos\/"]}]},{"@type":"ImageObject","inLanguage":"pt-BR","@id":"https:\/\/redoma.com.br\/corporativo\/informacoes\/planners\/planners-como-brindes-corporativos\/#primaryimage","url":"https:\/\/redoma.com.br\/corporativo\/wp-content\/uploads\/2021\/05\/box2_480x480.jpg","contentUrl":"https:\/\/redoma.com.br\/corporativo\/wp-content\/uploads\/2021\/05\/box2_480x480.jpg","width":480,"height":480},{"@type":"BreadcrumbList","@id":"https:\/\/redoma.com.br\/corporativo\/informacoes\/planners\/planners-como-brindes-corporativos\/#breadcrumb","itemListElement":[{"@type":"ListItem","position":1,"name":"In\u00edcio","item":"https:\/\/redoma.com.br\/corporativo\/"},{"@type":"ListItem","position":2,"name":"Informa\u00e7\u00f5es","item":"https:\/\/redoma.com.br\/corporativo\/informacoes\/"},{"@type":"ListItem","position":3,"name":"Planners","item":"https:\/\/redoma.com.br\/corporativo\/informacoes\/planners\/"},{"@type":"ListItem","position":4,"name":"PLANNERS COMO BRINDES CORPORATIVOS"}]},{"@type":"WebSite","@id":"https:\/\/redoma.com.br\/corporativo\/#website","url":"https:\/\/redoma.com.br\/corporativo\/","name":"Redoma - Brindes Corporativos","description":"Produzimos Agenda Personalizada, Calend\u00e1rio Financeiro, Planner Personalizado, Caderno Personalizado, Caderneta personalizada e mais","potentialAction":[{"@type":"SearchAction","target":{"@type":"EntryPoint","urlTemplate":"https:\/\/redoma.com.br\/corporativo\/?s={search_term_string}"},"query-input":{"@type":"PropertyValueSpecification","valueRequired":true,"valueName":"search_term_string"}}],"inLanguage":"pt-BR"}]}},"_links":{"self":[{"href":"https:\/\/redoma.com.br\/corporativo\/wp-json\/wp\/v2\/pages\/1999","targetHints":{"allow":["GET"]}}],"collection":[{"href":"https:\/\/redoma.com.br\/corporativo\/wp-json\/wp\/v2\/pages"}],"about":[{"href":"https:\/\/redoma.com.br\/corporativo\/wp-json\/wp\/v2\/types\/page"}],"author":[{"embeddable":true,"href":"https:\/\/redoma.com.br\/corporativo\/wp-json\/wp\/v2\/users\/1"}],"replies":[{"embeddable":true,"href":"https:\/\/redoma.com.br\/corporativo\/wp-json\/wp\/v2\/comments?post=1999"}],"version-history":[{"count":1,"href":"https:\/\/redoma.com.br\/corporativo\/wp-json\/wp\/v2\/pages\/1999\/revisions"}],"predecessor-version":[{"id":2001,"href":"https:\/\/redoma.com.br\/corporativo\/wp-json\/wp\/v2\/pages\/1999\/revisions\/2001"}],"up":[{"embeddable":true,"href":"https:\/\/redoma.com.br\/corporativo\/wp-json\/wp\/v2\/pages\/1886"}],"wp:featuredmedia":[{"embeddable":true,"href":"https:\/\/redoma.com.br\/corporativo\/wp-json\/wp\/v2\/media\/2000"}],"wp:attachment":[{"href":"https:\/\/redoma.com.br\/corporativo\/wp-json\/wp\/v2\/media?parent=1999"}],"curies":[{"name":"wp","href":"https:\/\/api.w.org\/{rel}","templated":true}]}}