
{"id":1985,"date":"2021-05-05T22:44:21","date_gmt":"2021-05-06T01:44:21","guid":{"rendered":"https:\/\/novo.redoma.com.br\/?page_id=1985"},"modified":"2021-05-05T22:44:21","modified_gmt":"2021-05-06T01:44:21","slug":"grafica-de-brindes","status":"publish","type":"page","link":"https:\/\/redoma.com.br\/corporativo\/informacoes\/calendarios\/grafica-de-brindes\/","title":{"rendered":"GR\u00c1FICA DE BRINDES"},"content":{"rendered":"<div class=\"wpb-content-wrapper\"><p>[vc_row][vc_column][vc_column_text]<\/p>\n<h2>CONTRATE UMA GR\u00c1FICA DE BRINDES<\/h2>\n<p>A Redoma \u00e9 uma\u00a0gr\u00e1fica de brindes\u00a0com as melhores op\u00e7\u00f5es do mercado para quem quer surpreender com estilo, qualidade e causar uma boa impress\u00e3o. A Redoma \u00e9 uma\u00a0gr\u00e1fica de brindes\u00a0completa, com uma lista de produtos muito procurados para brindes corporativos ou mesmo para lojas que querem comercializar brindes no varejo.<\/p>\n<p>A linha de produtos da\u00a0gr\u00e1fica de brindes\u00a0Redoma cont\u00e9m:<\/p>\n<ul class=\"list\">\n<li>Agendas di\u00e1rias de v\u00e1rios modelos;<\/li>\n<li>Muitas op\u00e7\u00f5es de agendas semanais;<\/li>\n<li>Uma linha completa de suportes;<\/li>\n<li>V\u00e1rios tipos de calend\u00e1rios com um excelente acabamento;<\/li>\n<li>Notepads que tornam o dia a dia mais f\u00e1cil para quem precisa fazer anota\u00e7\u00f5es;<\/li>\n<li>Notebooks pequenos, m\u00e9dios e grandes, dispon\u00edveis inclusive no papel reciclado;<\/li>\n<li>Notebooks com layout especial, feitos com conte\u00fado exclusivo para uma empresa ou uma proposta de neg\u00f3cio;<\/li>\n<li>Sketches books com e sem pauta, para uso semanal, pequenos e m\u00e9dios, sob medida para cada cliente;<\/li>\n<li>Entre outros tipos de brindes.<\/li>\n<\/ul>\n<h2>POR QUE ESCOLHER A REDOMA COMO GR\u00c1FICA DE BRINDES?<\/h2>\n<p>A Redoma \u00e9 uma\u00a0gr\u00e1fica de brindes\u00a0de alto padr\u00e3o. Al\u00e9m da composi\u00e7\u00e3o dos produtos ser feita com excelente qualidade e tecnologia, o cliente pode observar os diferenciais nas capas feitas para todas as linhas. Os detalhes s\u00e3o incr\u00edveis, as cores s\u00e3o vivas e o acabamento \u00e9 perfeito. Para alcan\u00e7ar o melhor resultado do mercado, a\u00a0gr\u00e1fica de brindes\u00a0utiliza:<\/p>\n<ul class=\"list\">\n<li>Verniz Texturizado;<\/li>\n<li>Verniz High Gloss;<\/li>\n<li>Hot Stamping;<\/li>\n<li>Verniz High Print.<\/li>\n<\/ul>\n<p>Os clientes que precisam de brindes de alto padr\u00e3o podem observar no cat\u00e1logo de produtos como a tecnologia empregada pela Redoma faz diferen\u00e7a no produto final. Entre as op\u00e7\u00f5es de lamina\u00e7\u00e3o, o cliente pode escolher:<\/p>\n<ul class=\"list\">\n<li>Mate \u2013 Fosco;<\/li>\n<li>Gloss \u2013 Brilhante;<\/li>\n<li>Soft Touch \u2013 Toque aveludado;<\/li>\n<li>Capas antirrisco.<\/li>\n<\/ul>\n<p>J\u00e1 no que se refere \u00e0 reserva de verniz, o brinde pode ser texturizado, High Gloss Brilhante e High Print Brilhante com Relevo.<\/p>\n<p>As novas cole\u00e7\u00f5es da Redoma apresentam capas diferenciadas, como a Capa Aquarela com dados vari\u00e1veis, com frases e nomes individuais para deixar o brinde realmente exclusivo. As capas e acabamentos utilizam a t\u00e9cnica de grava\u00e7\u00e3o em alto relevo, com muitas cores bonitas e que geram um excelente contraste ao brinde.<\/p>\n<p>Para conhecer todos os produtos, fa\u00e7a contato agora mesmo com a\u00a0gr\u00e1fica de brindes!<\/p>\n<h2>PARA SABER MAIS SOBRE GR\u00c1FICA DE BRINDES<\/h2>\n<p>Ligue para\u00a011 4448-7300\u00a0ou mande e-mail para:\u00a0atendimento@redoma.com.br[\/vc_column_text][\/vc_column][\/vc_row][vc_row][vc_column][vc_media_grid grid_id=&#8221;vc_gid:1620265406022-82f9783a-c9ef-0&#8243; include=&#8221;1892,1831,1986&#8243;][\/vc_column][\/vc_row]<\/p>\n<\/div>","protected":false},"excerpt":{"rendered":"<p>[vc_row][vc_column][vc_column_text] CONTRATE UMA GR\u00c1FICA DE BRINDES A Redoma \u00e9 uma\u00a0gr\u00e1fica de brindes\u00a0com as melhores op\u00e7\u00f5es do mercado para quem quer surpreender com estilo, qualidade e causar uma boa impress\u00e3o. A Redoma \u00e9 uma\u00a0gr\u00e1fica de brindes\u00a0completa, com uma lista de produtos muito procurados para brindes corporativos ou mesmo para lojas que querem comercializar brindes no varejo.&hellip;<\/p>\n","protected":false},"author":1,"featured_media":1892,"parent":1883,"menu_order":0,"comment_status":"closed","ping_status":"closed","template":"","meta":{"footnotes":""},"class_list":["post-1985","page","type-page","status-publish","has-post-thumbnail","hentry","description-off"],"yoast_head":"<!-- This site is optimized with the Yoast SEO plugin v26.8 - https:\/\/yoast.com\/product\/yoast-seo-wordpress\/ -->\n<title>GR\u00c1FICA DE BRINDES - Redoma - Brindes Corporativos<\/title>\n<meta name=\"robots\" content=\"index, follow, max-snippet:-1, max-image-preview:large, max-video-preview:-1\" \/>\n<link rel=\"canonical\" href=\"https:\/\/redoma.com.br\/corporativo\/informacoes\/calendarios\/grafica-de-brindes\/\" \/>\n<meta property=\"og:locale\" content=\"pt_BR\" \/>\n<meta property=\"og:type\" content=\"article\" \/>\n<meta property=\"og:title\" content=\"GR\u00c1FICA DE BRINDES - Redoma - Brindes Corporativos\" \/>\n<meta property=\"og:description\" content=\"[vc_row][vc_column][vc_column_text] CONTRATE UMA GR\u00c1FICA DE BRINDES A Redoma \u00e9 uma\u00a0gr\u00e1fica de brindes\u00a0com as melhores op\u00e7\u00f5es do mercado para quem quer surpreender com estilo, qualidade e causar uma boa impress\u00e3o. A Redoma \u00e9 uma\u00a0gr\u00e1fica de brindes\u00a0completa, com uma lista de produtos muito procurados para brindes corporativos ou mesmo para lojas que querem comercializar brindes no varejo.&hellip;\" \/>\n<meta property=\"og:url\" content=\"https:\/\/redoma.com.br\/corporativo\/informacoes\/calendarios\/grafica-de-brindes\/\" \/>\n<meta property=\"og:site_name\" content=\"Redoma - Brindes Corporativos\" \/>\n<meta property=\"og:image\" content=\"https:\/\/redoma.com.br\/corporativo\/wp-content\/uploads\/2021\/05\/brindes_cadernos_e_agendas_02.jpg\" \/>\n\t<meta property=\"og:image:width\" content=\"480\" \/>\n\t<meta property=\"og:image:height\" content=\"480\" \/>\n\t<meta property=\"og:image:type\" content=\"image\/jpeg\" \/>\n<meta name=\"twitter:card\" content=\"summary_large_image\" \/>\n<meta name=\"twitter:label1\" content=\"Est. tempo de leitura\" \/>\n\t<meta name=\"twitter:data1\" content=\"2 minutos\" \/>\n<script type=\"application\/ld+json\" class=\"yoast-schema-graph\">{\"@context\":\"https:\/\/schema.org\",\"@graph\":[{\"@type\":\"WebPage\",\"@id\":\"https:\/\/redoma.com.br\/corporativo\/informacoes\/calendarios\/grafica-de-brindes\/\",\"url\":\"https:\/\/redoma.com.br\/corporativo\/informacoes\/calendarios\/grafica-de-brindes\/\",\"name\":\"GR\u00c1FICA DE BRINDES - Redoma - Brindes Corporativos\",\"isPartOf\":{\"@id\":\"https:\/\/redoma.com.br\/corporativo\/#website\"},\"primaryImageOfPage\":{\"@id\":\"https:\/\/redoma.com.br\/corporativo\/informacoes\/calendarios\/grafica-de-brindes\/#primaryimage\"},\"image\":{\"@id\":\"https:\/\/redoma.com.br\/corporativo\/informacoes\/calendarios\/grafica-de-brindes\/#primaryimage\"},\"thumbnailUrl\":\"https:\/\/redoma.com.br\/corporativo\/wp-content\/uploads\/2021\/05\/brindes_cadernos_e_agendas_02.jpg\",\"datePublished\":\"2021-05-06T01:44:21+00:00\",\"breadcrumb\":{\"@id\":\"https:\/\/redoma.com.br\/corporativo\/informacoes\/calendarios\/grafica-de-brindes\/#breadcrumb\"},\"inLanguage\":\"pt-BR\",\"potentialAction\":[{\"@type\":\"ReadAction\",\"target\":[\"https:\/\/redoma.com.br\/corporativo\/informacoes\/calendarios\/grafica-de-brindes\/\"]}]},{\"@type\":\"ImageObject\",\"inLanguage\":\"pt-BR\",\"@id\":\"https:\/\/redoma.com.br\/corporativo\/informacoes\/calendarios\/grafica-de-brindes\/#primaryimage\",\"url\":\"https:\/\/redoma.com.br\/corporativo\/wp-content\/uploads\/2021\/05\/brindes_cadernos_e_agendas_02.jpg\",\"contentUrl\":\"https:\/\/redoma.com.br\/corporativo\/wp-content\/uploads\/2021\/05\/brindes_cadernos_e_agendas_02.jpg\",\"width\":480,\"height\":480},{\"@type\":\"BreadcrumbList\",\"@id\":\"https:\/\/redoma.com.br\/corporativo\/informacoes\/calendarios\/grafica-de-brindes\/#breadcrumb\",\"itemListElement\":[{\"@type\":\"ListItem\",\"position\":1,\"name\":\"In\u00edcio\",\"item\":\"https:\/\/redoma.com.br\/corporativo\/\"},{\"@type\":\"ListItem\",\"position\":2,\"name\":\"Informa\u00e7\u00f5es\",\"item\":\"https:\/\/redoma.com.br\/corporativo\/informacoes\/\"},{\"@type\":\"ListItem\",\"position\":3,\"name\":\"Calend\u00e1rios\",\"item\":\"https:\/\/redoma.com.br\/corporativo\/informacoes\/calendarios\/\"},{\"@type\":\"ListItem\",\"position\":4,\"name\":\"GR\u00c1FICA DE BRINDES\"}]},{\"@type\":\"WebSite\",\"@id\":\"https:\/\/redoma.com.br\/corporativo\/#website\",\"url\":\"https:\/\/redoma.com.br\/corporativo\/\",\"name\":\"Redoma - Brindes Corporativos\",\"description\":\"Produzimos Agenda Personalizada, Calend\u00e1rio Financeiro, Planner Personalizado, Caderno Personalizado, Caderneta personalizada e mais\",\"potentialAction\":[{\"@type\":\"SearchAction\",\"target\":{\"@type\":\"EntryPoint\",\"urlTemplate\":\"https:\/\/redoma.com.br\/corporativo\/?s={search_term_string}\"},\"query-input\":{\"@type\":\"PropertyValueSpecification\",\"valueRequired\":true,\"valueName\":\"search_term_string\"}}],\"inLanguage\":\"pt-BR\"}]}<\/script>\n<!-- \/ Yoast SEO plugin. -->","yoast_head_json":{"title":"GR\u00c1FICA DE BRINDES - Redoma - Brindes Corporativos","robots":{"index":"index","follow":"follow","max-snippet":"max-snippet:-1","max-image-preview":"max-image-preview:large","max-video-preview":"max-video-preview:-1"},"canonical":"https:\/\/redoma.com.br\/corporativo\/informacoes\/calendarios\/grafica-de-brindes\/","og_locale":"pt_BR","og_type":"article","og_title":"GR\u00c1FICA DE BRINDES - Redoma - Brindes Corporativos","og_description":"[vc_row][vc_column][vc_column_text] CONTRATE UMA GR\u00c1FICA DE BRINDES A Redoma \u00e9 uma\u00a0gr\u00e1fica de brindes\u00a0com as melhores op\u00e7\u00f5es do mercado para quem quer surpreender com estilo, qualidade e causar uma boa impress\u00e3o. A Redoma \u00e9 uma\u00a0gr\u00e1fica de brindes\u00a0completa, com uma lista de produtos muito procurados para brindes corporativos ou mesmo para lojas que querem comercializar brindes no varejo.&hellip;","og_url":"https:\/\/redoma.com.br\/corporativo\/informacoes\/calendarios\/grafica-de-brindes\/","og_site_name":"Redoma - Brindes Corporativos","og_image":[{"width":480,"height":480,"url":"https:\/\/redoma.com.br\/corporativo\/wp-content\/uploads\/2021\/05\/brindes_cadernos_e_agendas_02.jpg","type":"image\/jpeg"}],"twitter_card":"summary_large_image","twitter_misc":{"Est. tempo de leitura":"2 minutos"},"schema":{"@context":"https:\/\/schema.org","@graph":[{"@type":"WebPage","@id":"https:\/\/redoma.com.br\/corporativo\/informacoes\/calendarios\/grafica-de-brindes\/","url":"https:\/\/redoma.com.br\/corporativo\/informacoes\/calendarios\/grafica-de-brindes\/","name":"GR\u00c1FICA DE BRINDES - Redoma - Brindes Corporativos","isPartOf":{"@id":"https:\/\/redoma.com.br\/corporativo\/#website"},"primaryImageOfPage":{"@id":"https:\/\/redoma.com.br\/corporativo\/informacoes\/calendarios\/grafica-de-brindes\/#primaryimage"},"image":{"@id":"https:\/\/redoma.com.br\/corporativo\/informacoes\/calendarios\/grafica-de-brindes\/#primaryimage"},"thumbnailUrl":"https:\/\/redoma.com.br\/corporativo\/wp-content\/uploads\/2021\/05\/brindes_cadernos_e_agendas_02.jpg","datePublished":"2021-05-06T01:44:21+00:00","breadcrumb":{"@id":"https:\/\/redoma.com.br\/corporativo\/informacoes\/calendarios\/grafica-de-brindes\/#breadcrumb"},"inLanguage":"pt-BR","potentialAction":[{"@type":"ReadAction","target":["https:\/\/redoma.com.br\/corporativo\/informacoes\/calendarios\/grafica-de-brindes\/"]}]},{"@type":"ImageObject","inLanguage":"pt-BR","@id":"https:\/\/redoma.com.br\/corporativo\/informacoes\/calendarios\/grafica-de-brindes\/#primaryimage","url":"https:\/\/redoma.com.br\/corporativo\/wp-content\/uploads\/2021\/05\/brindes_cadernos_e_agendas_02.jpg","contentUrl":"https:\/\/redoma.com.br\/corporativo\/wp-content\/uploads\/2021\/05\/brindes_cadernos_e_agendas_02.jpg","width":480,"height":480},{"@type":"BreadcrumbList","@id":"https:\/\/redoma.com.br\/corporativo\/informacoes\/calendarios\/grafica-de-brindes\/#breadcrumb","itemListElement":[{"@type":"ListItem","position":1,"name":"In\u00edcio","item":"https:\/\/redoma.com.br\/corporativo\/"},{"@type":"ListItem","position":2,"name":"Informa\u00e7\u00f5es","item":"https:\/\/redoma.com.br\/corporativo\/informacoes\/"},{"@type":"ListItem","position":3,"name":"Calend\u00e1rios","item":"https:\/\/redoma.com.br\/corporativo\/informacoes\/calendarios\/"},{"@type":"ListItem","position":4,"name":"GR\u00c1FICA DE BRINDES"}]},{"@type":"WebSite","@id":"https:\/\/redoma.com.br\/corporativo\/#website","url":"https:\/\/redoma.com.br\/corporativo\/","name":"Redoma - Brindes Corporativos","description":"Produzimos Agenda Personalizada, Calend\u00e1rio Financeiro, Planner Personalizado, Caderno Personalizado, Caderneta personalizada e mais","potentialAction":[{"@type":"SearchAction","target":{"@type":"EntryPoint","urlTemplate":"https:\/\/redoma.com.br\/corporativo\/?s={search_term_string}"},"query-input":{"@type":"PropertyValueSpecification","valueRequired":true,"valueName":"search_term_string"}}],"inLanguage":"pt-BR"}]}},"_links":{"self":[{"href":"https:\/\/redoma.com.br\/corporativo\/wp-json\/wp\/v2\/pages\/1985","targetHints":{"allow":["GET"]}}],"collection":[{"href":"https:\/\/redoma.com.br\/corporativo\/wp-json\/wp\/v2\/pages"}],"about":[{"href":"https:\/\/redoma.com.br\/corporativo\/wp-json\/wp\/v2\/types\/page"}],"author":[{"embeddable":true,"href":"https:\/\/redoma.com.br\/corporativo\/wp-json\/wp\/v2\/users\/1"}],"replies":[{"embeddable":true,"href":"https:\/\/redoma.com.br\/corporativo\/wp-json\/wp\/v2\/comments?post=1985"}],"version-history":[{"count":1,"href":"https:\/\/redoma.com.br\/corporativo\/wp-json\/wp\/v2\/pages\/1985\/revisions"}],"predecessor-version":[{"id":1987,"href":"https:\/\/redoma.com.br\/corporativo\/wp-json\/wp\/v2\/pages\/1985\/revisions\/1987"}],"up":[{"embeddable":true,"href":"https:\/\/redoma.com.br\/corporativo\/wp-json\/wp\/v2\/pages\/1883"}],"wp:featuredmedia":[{"embeddable":true,"href":"https:\/\/redoma.com.br\/corporativo\/wp-json\/wp\/v2\/media\/1892"}],"wp:attachment":[{"href":"https:\/\/redoma.com.br\/corporativo\/wp-json\/wp\/v2\/media?parent=1985"}],"curies":[{"name":"wp","href":"https:\/\/api.w.org\/{rel}","templated":true}]}}