
{"id":1982,"date":"2021-05-05T22:42:42","date_gmt":"2021-05-06T01:42:42","guid":{"rendered":"https:\/\/novo.redoma.com.br\/?page_id=1982"},"modified":"2021-05-05T22:42:42","modified_gmt":"2021-05-06T01:42:42","slug":"grafica-calendario-personalizado","status":"publish","type":"page","link":"https:\/\/redoma.com.br\/corporativo\/informacoes\/calendarios\/grafica-calendario-personalizado\/","title":{"rendered":"GR\u00c1FICA CALEND\u00c1RIO PERSONALIZADO"},"content":{"rendered":"<div class=\"wpb-content-wrapper\"><p>[vc_row][vc_column][vc_column_text]<\/p>\n<h2>FALE COM A GR\u00c1FICA CALEND\u00c1RIO PERSONALIZADO<\/h2>\n<p>A\u00a0gr\u00e1fica calend\u00e1rio personalizado\u00a0assume a responsabilidade pelo processo de cria\u00e7\u00e3o de calend\u00e1rios conforme o desejo de cada cliente. Os calend\u00e1rios personalizados costumam ser usados como forma de brindes corporativos ou como material de escrit\u00f3rio. Dessa forma, a escolha correta de uma\u00a0gr\u00e1fica calend\u00e1rio personalizado\u00a0\u00e9 importante para obter produtos de qualidade e durabilidade prolongada.<\/p>\n<h2>PARA QUE SERVEM OS CALEND\u00c1RIOS PERSONALIZADOS?<\/h2>\n<p>Os clientes de uma\u00a0gr\u00e1fica calend\u00e1rio personalizado\u00a0buscam uma forma de promover organiza\u00e7\u00e3o em seu dia a dia ou fazer campanhas de marketing por meio de brindes corporativos. Na Redoma, os clientes encontram calend\u00e1rios personalizados de alto padr\u00e3o de qualidade, nos modelos Platinum, Classic, Platinum Triplex, calend\u00e1rio financeiro e calend\u00e1rio de mesa.<\/p>\n<h2>COMO PERSONALIZAR CALEND\u00c1RIOS PARA PRESENTES CORPORATIVOS?<\/h2>\n<p>A parte mais importante para a confec\u00e7\u00e3o de calend\u00e1rios \u00e9 a escolha de uma qualificada\u00a0gr\u00e1fica calend\u00e1rio personalizado, de prefer\u00eancia que tenha experi\u00eancia no segmento de presentes corporativos. Ap\u00f3s entrar em contato com a\u00a0gr\u00e1fica calend\u00e1rio personalizado, o cliente deve come\u00e7ar a pensar na cria\u00e7\u00e3o de seu calend\u00e1rio, definindo o posicionamento da logomarca, as cores e imagens que possam refor\u00e7ar os princ\u00edpios empresariais da organiza\u00e7\u00e3o.<\/p>\n<h2>ONDE ENCONTRAR UMA BOA GR\u00c1FICA CALEND\u00c1RIO PERSONALIZADO?<\/h2>\n<p>Para encontrar uma boa\u00a0gr\u00e1fica calend\u00e1rio personalizado\u00a0\u00e9 importante considerar a experi\u00eancia dessa gr\u00e1fica no segmento de confec\u00e7\u00e3o de artigos de papelaria e presentes corporativos, consultando cat\u00e1logos que apresentem uma variedade significativa de modelos, cores e materiais. Al\u00e9m disso, \u00e9 importante conhecer a hist\u00f3ria e o compromisso da gr\u00e1fica que ser\u00e1 contratada.<\/p>\n<p>A gr\u00e1fica Redoma \u00e9 a empresa correta para a confec\u00e7\u00e3o de calend\u00e1rios! Ela apresenta in\u00fameras variedades de modelos e materiais para compor calend\u00e1rios personalizados. Al\u00e9m disso, ela conta com um produto exclusivo, o calend\u00e1rio financeiro, que permite realizar c\u00e1lculos r\u00e1pidos e pr\u00e1ticos de dias \u00fateis e corridos.<\/p>\n<p>A Redoma se encontra no mercado h\u00e1 mais de 40 anos e possui excel\u00eancia no segmento de presentes corporativos. A gr\u00e1fica se responsabiliza em entregar os produtos no prazo combinado previamente com o cliente e garante as melhores condi\u00e7\u00f5es de pagamento do mercado nacional. Entre em contato com a gr\u00e1fica Redoma e escolha a melhor\u00a0gr\u00e1fica calend\u00e1rio personalizado\u00a0do Estado de S\u00e3o Paulo!<\/p>\n<h2>PARA SABER MAIS SOBRE GR\u00c1FICA CALEND\u00c1RIO PERSONALIZADO<\/h2>\n<p>Ligue para\u00a011 4448-7300\u00a0ou mande e-mail para:\u00a0atendimento@redoma.com.br[\/vc_column_text][\/vc_column][\/vc_row][vc_row][vc_column][vc_media_grid grid_id=&#8221;vc_gid:1620265336976-d320ee18-05f5-7&#8243; include=&#8221;1972,1973,1971&#8243;][\/vc_column][\/vc_row]<\/p>\n<\/div>","protected":false},"excerpt":{"rendered":"<p>[vc_row][vc_column][vc_column_text] FALE COM A GR\u00c1FICA CALEND\u00c1RIO PERSONALIZADO A\u00a0gr\u00e1fica calend\u00e1rio personalizado\u00a0assume a responsabilidade pelo processo de cria\u00e7\u00e3o de calend\u00e1rios conforme o desejo de cada cliente. Os calend\u00e1rios personalizados costumam ser usados como forma de brindes corporativos ou como material de escrit\u00f3rio. Dessa forma, a escolha correta de uma\u00a0gr\u00e1fica calend\u00e1rio personalizado\u00a0\u00e9 importante para obter produtos de qualidade&hellip;<\/p>\n","protected":false},"author":1,"featured_media":1972,"parent":1883,"menu_order":0,"comment_status":"closed","ping_status":"closed","template":"","meta":{"footnotes":""},"class_list":["post-1982","page","type-page","status-publish","has-post-thumbnail","hentry","description-off"],"yoast_head":"<!-- This site is optimized with the Yoast SEO plugin v26.8 - https:\/\/yoast.com\/product\/yoast-seo-wordpress\/ -->\n<title>GR\u00c1FICA CALEND\u00c1RIO PERSONALIZADO - Redoma - Brindes Corporativos<\/title>\n<meta name=\"robots\" content=\"index, follow, max-snippet:-1, max-image-preview:large, max-video-preview:-1\" \/>\n<link rel=\"canonical\" href=\"https:\/\/redoma.com.br\/corporativo\/informacoes\/calendarios\/grafica-calendario-personalizado\/\" \/>\n<meta property=\"og:locale\" content=\"pt_BR\" \/>\n<meta property=\"og:type\" content=\"article\" \/>\n<meta property=\"og:title\" content=\"GR\u00c1FICA CALEND\u00c1RIO PERSONALIZADO - Redoma - Brindes Corporativos\" \/>\n<meta property=\"og:description\" content=\"[vc_row][vc_column][vc_column_text] FALE COM A GR\u00c1FICA CALEND\u00c1RIO PERSONALIZADO A\u00a0gr\u00e1fica calend\u00e1rio personalizado\u00a0assume a responsabilidade pelo processo de cria\u00e7\u00e3o de calend\u00e1rios conforme o desejo de cada cliente. Os calend\u00e1rios personalizados costumam ser usados como forma de brindes corporativos ou como material de escrit\u00f3rio. Dessa forma, a escolha correta de uma\u00a0gr\u00e1fica calend\u00e1rio personalizado\u00a0\u00e9 importante para obter produtos de qualidade&hellip;\" \/>\n<meta property=\"og:url\" content=\"https:\/\/redoma.com.br\/corporativo\/informacoes\/calendarios\/grafica-calendario-personalizado\/\" \/>\n<meta property=\"og:site_name\" content=\"Redoma - Brindes Corporativos\" \/>\n<meta property=\"og:image\" content=\"https:\/\/redoma.com.br\/corporativo\/wp-content\/uploads\/2021\/05\/calendario_personalizado_empresas_02.jpg\" \/>\n\t<meta property=\"og:image:width\" content=\"480\" \/>\n\t<meta property=\"og:image:height\" content=\"480\" \/>\n\t<meta property=\"og:image:type\" content=\"image\/jpeg\" \/>\n<meta name=\"twitter:card\" content=\"summary_large_image\" \/>\n<meta name=\"twitter:label1\" content=\"Est. tempo de leitura\" \/>\n\t<meta name=\"twitter:data1\" content=\"2 minutos\" \/>\n<script type=\"application\/ld+json\" class=\"yoast-schema-graph\">{\"@context\":\"https:\/\/schema.org\",\"@graph\":[{\"@type\":\"WebPage\",\"@id\":\"https:\/\/redoma.com.br\/corporativo\/informacoes\/calendarios\/grafica-calendario-personalizado\/\",\"url\":\"https:\/\/redoma.com.br\/corporativo\/informacoes\/calendarios\/grafica-calendario-personalizado\/\",\"name\":\"GR\u00c1FICA CALEND\u00c1RIO PERSONALIZADO - Redoma - Brindes Corporativos\",\"isPartOf\":{\"@id\":\"https:\/\/redoma.com.br\/corporativo\/#website\"},\"primaryImageOfPage\":{\"@id\":\"https:\/\/redoma.com.br\/corporativo\/informacoes\/calendarios\/grafica-calendario-personalizado\/#primaryimage\"},\"image\":{\"@id\":\"https:\/\/redoma.com.br\/corporativo\/informacoes\/calendarios\/grafica-calendario-personalizado\/#primaryimage\"},\"thumbnailUrl\":\"https:\/\/redoma.com.br\/corporativo\/wp-content\/uploads\/2021\/05\/calendario_personalizado_empresas_02.jpg\",\"datePublished\":\"2021-05-06T01:42:42+00:00\",\"breadcrumb\":{\"@id\":\"https:\/\/redoma.com.br\/corporativo\/informacoes\/calendarios\/grafica-calendario-personalizado\/#breadcrumb\"},\"inLanguage\":\"pt-BR\",\"potentialAction\":[{\"@type\":\"ReadAction\",\"target\":[\"https:\/\/redoma.com.br\/corporativo\/informacoes\/calendarios\/grafica-calendario-personalizado\/\"]}]},{\"@type\":\"ImageObject\",\"inLanguage\":\"pt-BR\",\"@id\":\"https:\/\/redoma.com.br\/corporativo\/informacoes\/calendarios\/grafica-calendario-personalizado\/#primaryimage\",\"url\":\"https:\/\/redoma.com.br\/corporativo\/wp-content\/uploads\/2021\/05\/calendario_personalizado_empresas_02.jpg\",\"contentUrl\":\"https:\/\/redoma.com.br\/corporativo\/wp-content\/uploads\/2021\/05\/calendario_personalizado_empresas_02.jpg\",\"width\":480,\"height\":480},{\"@type\":\"BreadcrumbList\",\"@id\":\"https:\/\/redoma.com.br\/corporativo\/informacoes\/calendarios\/grafica-calendario-personalizado\/#breadcrumb\",\"itemListElement\":[{\"@type\":\"ListItem\",\"position\":1,\"name\":\"In\u00edcio\",\"item\":\"https:\/\/redoma.com.br\/corporativo\/\"},{\"@type\":\"ListItem\",\"position\":2,\"name\":\"Informa\u00e7\u00f5es\",\"item\":\"https:\/\/redoma.com.br\/corporativo\/informacoes\/\"},{\"@type\":\"ListItem\",\"position\":3,\"name\":\"Calend\u00e1rios\",\"item\":\"https:\/\/redoma.com.br\/corporativo\/informacoes\/calendarios\/\"},{\"@type\":\"ListItem\",\"position\":4,\"name\":\"GR\u00c1FICA CALEND\u00c1RIO PERSONALIZADO\"}]},{\"@type\":\"WebSite\",\"@id\":\"https:\/\/redoma.com.br\/corporativo\/#website\",\"url\":\"https:\/\/redoma.com.br\/corporativo\/\",\"name\":\"Redoma - Brindes Corporativos\",\"description\":\"Produzimos Agenda Personalizada, Calend\u00e1rio Financeiro, Planner Personalizado, Caderno Personalizado, Caderneta personalizada e mais\",\"potentialAction\":[{\"@type\":\"SearchAction\",\"target\":{\"@type\":\"EntryPoint\",\"urlTemplate\":\"https:\/\/redoma.com.br\/corporativo\/?s={search_term_string}\"},\"query-input\":{\"@type\":\"PropertyValueSpecification\",\"valueRequired\":true,\"valueName\":\"search_term_string\"}}],\"inLanguage\":\"pt-BR\"}]}<\/script>\n<!-- \/ Yoast SEO plugin. -->","yoast_head_json":{"title":"GR\u00c1FICA CALEND\u00c1RIO PERSONALIZADO - Redoma - Brindes Corporativos","robots":{"index":"index","follow":"follow","max-snippet":"max-snippet:-1","max-image-preview":"max-image-preview:large","max-video-preview":"max-video-preview:-1"},"canonical":"https:\/\/redoma.com.br\/corporativo\/informacoes\/calendarios\/grafica-calendario-personalizado\/","og_locale":"pt_BR","og_type":"article","og_title":"GR\u00c1FICA CALEND\u00c1RIO PERSONALIZADO - Redoma - Brindes Corporativos","og_description":"[vc_row][vc_column][vc_column_text] FALE COM A GR\u00c1FICA CALEND\u00c1RIO PERSONALIZADO A\u00a0gr\u00e1fica calend\u00e1rio personalizado\u00a0assume a responsabilidade pelo processo de cria\u00e7\u00e3o de calend\u00e1rios conforme o desejo de cada cliente. Os calend\u00e1rios personalizados costumam ser usados como forma de brindes corporativos ou como material de escrit\u00f3rio. Dessa forma, a escolha correta de uma\u00a0gr\u00e1fica calend\u00e1rio personalizado\u00a0\u00e9 importante para obter produtos de qualidade&hellip;","og_url":"https:\/\/redoma.com.br\/corporativo\/informacoes\/calendarios\/grafica-calendario-personalizado\/","og_site_name":"Redoma - Brindes Corporativos","og_image":[{"width":480,"height":480,"url":"https:\/\/redoma.com.br\/corporativo\/wp-content\/uploads\/2021\/05\/calendario_personalizado_empresas_02.jpg","type":"image\/jpeg"}],"twitter_card":"summary_large_image","twitter_misc":{"Est. tempo de leitura":"2 minutos"},"schema":{"@context":"https:\/\/schema.org","@graph":[{"@type":"WebPage","@id":"https:\/\/redoma.com.br\/corporativo\/informacoes\/calendarios\/grafica-calendario-personalizado\/","url":"https:\/\/redoma.com.br\/corporativo\/informacoes\/calendarios\/grafica-calendario-personalizado\/","name":"GR\u00c1FICA CALEND\u00c1RIO PERSONALIZADO - Redoma - Brindes Corporativos","isPartOf":{"@id":"https:\/\/redoma.com.br\/corporativo\/#website"},"primaryImageOfPage":{"@id":"https:\/\/redoma.com.br\/corporativo\/informacoes\/calendarios\/grafica-calendario-personalizado\/#primaryimage"},"image":{"@id":"https:\/\/redoma.com.br\/corporativo\/informacoes\/calendarios\/grafica-calendario-personalizado\/#primaryimage"},"thumbnailUrl":"https:\/\/redoma.com.br\/corporativo\/wp-content\/uploads\/2021\/05\/calendario_personalizado_empresas_02.jpg","datePublished":"2021-05-06T01:42:42+00:00","breadcrumb":{"@id":"https:\/\/redoma.com.br\/corporativo\/informacoes\/calendarios\/grafica-calendario-personalizado\/#breadcrumb"},"inLanguage":"pt-BR","potentialAction":[{"@type":"ReadAction","target":["https:\/\/redoma.com.br\/corporativo\/informacoes\/calendarios\/grafica-calendario-personalizado\/"]}]},{"@type":"ImageObject","inLanguage":"pt-BR","@id":"https:\/\/redoma.com.br\/corporativo\/informacoes\/calendarios\/grafica-calendario-personalizado\/#primaryimage","url":"https:\/\/redoma.com.br\/corporativo\/wp-content\/uploads\/2021\/05\/calendario_personalizado_empresas_02.jpg","contentUrl":"https:\/\/redoma.com.br\/corporativo\/wp-content\/uploads\/2021\/05\/calendario_personalizado_empresas_02.jpg","width":480,"height":480},{"@type":"BreadcrumbList","@id":"https:\/\/redoma.com.br\/corporativo\/informacoes\/calendarios\/grafica-calendario-personalizado\/#breadcrumb","itemListElement":[{"@type":"ListItem","position":1,"name":"In\u00edcio","item":"https:\/\/redoma.com.br\/corporativo\/"},{"@type":"ListItem","position":2,"name":"Informa\u00e7\u00f5es","item":"https:\/\/redoma.com.br\/corporativo\/informacoes\/"},{"@type":"ListItem","position":3,"name":"Calend\u00e1rios","item":"https:\/\/redoma.com.br\/corporativo\/informacoes\/calendarios\/"},{"@type":"ListItem","position":4,"name":"GR\u00c1FICA CALEND\u00c1RIO PERSONALIZADO"}]},{"@type":"WebSite","@id":"https:\/\/redoma.com.br\/corporativo\/#website","url":"https:\/\/redoma.com.br\/corporativo\/","name":"Redoma - Brindes Corporativos","description":"Produzimos Agenda Personalizada, Calend\u00e1rio Financeiro, Planner Personalizado, Caderno Personalizado, Caderneta personalizada e mais","potentialAction":[{"@type":"SearchAction","target":{"@type":"EntryPoint","urlTemplate":"https:\/\/redoma.com.br\/corporativo\/?s={search_term_string}"},"query-input":{"@type":"PropertyValueSpecification","valueRequired":true,"valueName":"search_term_string"}}],"inLanguage":"pt-BR"}]}},"_links":{"self":[{"href":"https:\/\/redoma.com.br\/corporativo\/wp-json\/wp\/v2\/pages\/1982","targetHints":{"allow":["GET"]}}],"collection":[{"href":"https:\/\/redoma.com.br\/corporativo\/wp-json\/wp\/v2\/pages"}],"about":[{"href":"https:\/\/redoma.com.br\/corporativo\/wp-json\/wp\/v2\/types\/page"}],"author":[{"embeddable":true,"href":"https:\/\/redoma.com.br\/corporativo\/wp-json\/wp\/v2\/users\/1"}],"replies":[{"embeddable":true,"href":"https:\/\/redoma.com.br\/corporativo\/wp-json\/wp\/v2\/comments?post=1982"}],"version-history":[{"count":2,"href":"https:\/\/redoma.com.br\/corporativo\/wp-json\/wp\/v2\/pages\/1982\/revisions"}],"predecessor-version":[{"id":1984,"href":"https:\/\/redoma.com.br\/corporativo\/wp-json\/wp\/v2\/pages\/1982\/revisions\/1984"}],"up":[{"embeddable":true,"href":"https:\/\/redoma.com.br\/corporativo\/wp-json\/wp\/v2\/pages\/1883"}],"wp:featuredmedia":[{"embeddable":true,"href":"https:\/\/redoma.com.br\/corporativo\/wp-json\/wp\/v2\/media\/1972"}],"wp:attachment":[{"href":"https:\/\/redoma.com.br\/corporativo\/wp-json\/wp\/v2\/media?parent=1982"}],"curies":[{"name":"wp","href":"https:\/\/api.w.org\/{rel}","templated":true}]}}