
{"id":1980,"date":"2021-05-05T22:41:41","date_gmt":"2021-05-06T01:41:41","guid":{"rendered":"https:\/\/novo.redoma.com.br\/?page_id=1980"},"modified":"2021-05-05T22:41:41","modified_gmt":"2021-05-06T01:41:41","slug":"fornecedores-de-calendarios","status":"publish","type":"page","link":"https:\/\/redoma.com.br\/corporativo\/informacoes\/calendarios\/fornecedores-de-calendarios\/","title":{"rendered":"FORNECEDORES DE CALEND\u00c1RIOS"},"content":{"rendered":"<div class=\"wpb-content-wrapper\"><p>[vc_row][vc_column][vc_column_text]<\/p>\n<h2>POR QUE A REDOMA SE DESTACA ENTRE OS FORNECEDORES DE CALEND\u00c1RIOS?<\/h2>\n<p>As empresas que buscam por\u00a0fornecedores de calend\u00e1rios\u00a0para uso corporativo ou para venda no varejo podem contar com a linha de produtos da Redoma, uma empresa que oferece solu\u00e7\u00f5es gr\u00e1ficas h\u00e1 mais de 40 anos no mercado brasileiro.<\/p>\n<p>Os clientes empresariais que buscam\u00a0fornecedores de calend\u00e1rios\u00a0est\u00e3o interessados em organizar calend\u00e1rios personalizados, com a logomarca da pr\u00f3pria companhia, a fim de refor\u00e7ar a estrat\u00e9gia de comunica\u00e7\u00e3o visual. Neste caso, os\u00a0fornecedores de calend\u00e1rios\u00a0como a Redoma organizam os produtos com todos os detalhes que o cliente precisa para deixar sua marca em evid\u00eancia. Os calend\u00e1rios s\u00e3o usados como brindes corporativos ou como material de escrit\u00f3rio na pr\u00f3pria empresa.<\/p>\n<h2>OP\u00c7\u00d5ES DE PRODUTOS DOS FORNECEDORES DE CALEND\u00c1RIOS<\/h2>\n<p>Na Redoma, uma empresa que se tornou um dos principais\u00a0fornecedores de calend\u00e1rios\u00a0para uso corporativo do Brasil, os clientes v\u00e3o encontrar suportes para calend\u00e1rios e calend\u00e1rios de mesa entre as op\u00e7\u00f5es mais procuradas.<\/p>\n<p>O calend\u00e1rio financeiro est\u00e1 entre uma das solu\u00e7\u00f5es mais interessantes que a Redoma oferece no mercado de\u00a0fornecedores de calend\u00e1riospara clientes corporativos. Este tipo de produto facilita o c\u00e1lculo, baseado sempre em dias \u00fateis e dias corridos do m\u00eas.<\/p>\n<p>As empresas tamb\u00e9m optam muito pelos calend\u00e1rios tri\u00e2ngulos, j\u00e1 que eles podem ficar muito bem posicionados nas mesas das pessoas, enquanto elas trabalham. A produ\u00e7\u00e3o destes calend\u00e1rios \u00e9 feita de acordo com todas as orienta\u00e7\u00f5es do cliente aos\u00a0fornecedores de calend\u00e1rios, com a defini\u00e7\u00e3o da cor, material, acabamento, tipo de calend\u00e1rio, exposi\u00e7\u00e3o da logomarca, arte, design, entre outros fatores.<\/p>\n<h2>FORNECEDORES DE CALEND\u00c1RIOS PARA O VAREJO<\/h2>\n<p>A Redoma tamb\u00e9m \u00e9 um dos principais\u00a0fornecedores de calend\u00e1rios\u00a0para lojas que querem fazer a revenda no varejo. Al\u00e9m dos modelos de calend\u00e1rio de linha da gr\u00e1fica, os clientes podem solicitar a produ\u00e7\u00e3o dos calend\u00e1rios estilizados, feitos sob medida para o p\u00fablico-alvo, aumentando, assim, as vendas de forma consider\u00e1vel.<\/p>\n<p>Nestes casos, os fornecedores de alta qualidade, como a Redoma, trabalham com ampla variedade, oferecendo:<\/p>\n<ul class=\"list\">\n<li>V\u00e1rios tipos de suporte de calend\u00e1rios;<\/li>\n<li>Calend\u00e1rios de mesa de v\u00e1rios tamanhos;<\/li>\n<li>Calend\u00e1rios tri\u00e2ngulo dos modelos Platinum, Classic e Platinum Triplex.<\/li>\n<\/ul>\n<p>No geral, algumas redes de papelaria gostam de oferecer op\u00e7\u00f5es de calend\u00e1rios estilizados. Para saber mais, basta fazer contato com a equipe de atendimento da empresa!<\/p>\n<h2>PARA SABER MAIS SOBRE FORNECEDORES DE CALEND\u00c1RIOS<\/h2>\n<p>Ligue para\u00a011 4448-7300\u00a0ou mande e-mail para:\u00a0atendimento@redoma.com.br[\/vc_column_text][\/vc_column][\/vc_row][vc_row][vc_column][vc_media_grid grid_id=&#8221;vc_gid:1620265274354-d43fc54f-c1fe-3&#8243; include=&#8221;1971,1972,1973&#8243;][\/vc_column][\/vc_row]<\/p>\n<\/div>","protected":false},"excerpt":{"rendered":"<p>[vc_row][vc_column][vc_column_text] POR QUE A REDOMA SE DESTACA ENTRE OS FORNECEDORES DE CALEND\u00c1RIOS? As empresas que buscam por\u00a0fornecedores de calend\u00e1rios\u00a0para uso corporativo ou para venda no varejo podem contar com a linha de produtos da Redoma, uma empresa que oferece solu\u00e7\u00f5es gr\u00e1ficas h\u00e1 mais de 40 anos no mercado brasileiro. Os clientes empresariais que buscam\u00a0fornecedores de&hellip;<\/p>\n","protected":false},"author":1,"featured_media":1971,"parent":1883,"menu_order":0,"comment_status":"closed","ping_status":"closed","template":"","meta":{"footnotes":""},"class_list":["post-1980","page","type-page","status-publish","has-post-thumbnail","hentry","description-off"],"yoast_head":"<!-- This site is optimized with the Yoast SEO plugin v26.8 - https:\/\/yoast.com\/product\/yoast-seo-wordpress\/ -->\n<title>FORNECEDORES DE CALEND\u00c1RIOS - Redoma - Brindes Corporativos<\/title>\n<meta name=\"robots\" content=\"index, follow, max-snippet:-1, max-image-preview:large, max-video-preview:-1\" \/>\n<link rel=\"canonical\" href=\"https:\/\/redoma.com.br\/corporativo\/informacoes\/calendarios\/fornecedores-de-calendarios\/\" \/>\n<meta property=\"og:locale\" content=\"pt_BR\" \/>\n<meta property=\"og:type\" content=\"article\" \/>\n<meta property=\"og:title\" content=\"FORNECEDORES DE CALEND\u00c1RIOS - Redoma - Brindes Corporativos\" \/>\n<meta property=\"og:description\" content=\"[vc_row][vc_column][vc_column_text] POR QUE A REDOMA SE DESTACA ENTRE OS FORNECEDORES DE CALEND\u00c1RIOS? As empresas que buscam por\u00a0fornecedores de calend\u00e1rios\u00a0para uso corporativo ou para venda no varejo podem contar com a linha de produtos da Redoma, uma empresa que oferece solu\u00e7\u00f5es gr\u00e1ficas h\u00e1 mais de 40 anos no mercado brasileiro. Os clientes empresariais que buscam\u00a0fornecedores de&hellip;\" \/>\n<meta property=\"og:url\" content=\"https:\/\/redoma.com.br\/corporativo\/informacoes\/calendarios\/fornecedores-de-calendarios\/\" \/>\n<meta property=\"og:site_name\" content=\"Redoma - Brindes Corporativos\" \/>\n<meta property=\"og:image\" content=\"https:\/\/redoma.com.br\/corporativo\/wp-content\/uploads\/2021\/05\/calendario_personalizado_empresas_03.jpg\" \/>\n\t<meta property=\"og:image:width\" content=\"480\" \/>\n\t<meta property=\"og:image:height\" content=\"480\" \/>\n\t<meta property=\"og:image:type\" content=\"image\/jpeg\" \/>\n<meta name=\"twitter:card\" content=\"summary_large_image\" \/>\n<meta name=\"twitter:label1\" content=\"Est. tempo de leitura\" \/>\n\t<meta name=\"twitter:data1\" content=\"2 minutos\" \/>\n<script type=\"application\/ld+json\" class=\"yoast-schema-graph\">{\"@context\":\"https:\/\/schema.org\",\"@graph\":[{\"@type\":\"WebPage\",\"@id\":\"https:\/\/redoma.com.br\/corporativo\/informacoes\/calendarios\/fornecedores-de-calendarios\/\",\"url\":\"https:\/\/redoma.com.br\/corporativo\/informacoes\/calendarios\/fornecedores-de-calendarios\/\",\"name\":\"FORNECEDORES DE CALEND\u00c1RIOS - Redoma - Brindes Corporativos\",\"isPartOf\":{\"@id\":\"https:\/\/redoma.com.br\/corporativo\/#website\"},\"primaryImageOfPage\":{\"@id\":\"https:\/\/redoma.com.br\/corporativo\/informacoes\/calendarios\/fornecedores-de-calendarios\/#primaryimage\"},\"image\":{\"@id\":\"https:\/\/redoma.com.br\/corporativo\/informacoes\/calendarios\/fornecedores-de-calendarios\/#primaryimage\"},\"thumbnailUrl\":\"https:\/\/redoma.com.br\/corporativo\/wp-content\/uploads\/2021\/05\/calendario_personalizado_empresas_03.jpg\",\"datePublished\":\"2021-05-06T01:41:41+00:00\",\"breadcrumb\":{\"@id\":\"https:\/\/redoma.com.br\/corporativo\/informacoes\/calendarios\/fornecedores-de-calendarios\/#breadcrumb\"},\"inLanguage\":\"pt-BR\",\"potentialAction\":[{\"@type\":\"ReadAction\",\"target\":[\"https:\/\/redoma.com.br\/corporativo\/informacoes\/calendarios\/fornecedores-de-calendarios\/\"]}]},{\"@type\":\"ImageObject\",\"inLanguage\":\"pt-BR\",\"@id\":\"https:\/\/redoma.com.br\/corporativo\/informacoes\/calendarios\/fornecedores-de-calendarios\/#primaryimage\",\"url\":\"https:\/\/redoma.com.br\/corporativo\/wp-content\/uploads\/2021\/05\/calendario_personalizado_empresas_03.jpg\",\"contentUrl\":\"https:\/\/redoma.com.br\/corporativo\/wp-content\/uploads\/2021\/05\/calendario_personalizado_empresas_03.jpg\",\"width\":480,\"height\":480},{\"@type\":\"BreadcrumbList\",\"@id\":\"https:\/\/redoma.com.br\/corporativo\/informacoes\/calendarios\/fornecedores-de-calendarios\/#breadcrumb\",\"itemListElement\":[{\"@type\":\"ListItem\",\"position\":1,\"name\":\"In\u00edcio\",\"item\":\"https:\/\/redoma.com.br\/corporativo\/\"},{\"@type\":\"ListItem\",\"position\":2,\"name\":\"Informa\u00e7\u00f5es\",\"item\":\"https:\/\/redoma.com.br\/corporativo\/informacoes\/\"},{\"@type\":\"ListItem\",\"position\":3,\"name\":\"Calend\u00e1rios\",\"item\":\"https:\/\/redoma.com.br\/corporativo\/informacoes\/calendarios\/\"},{\"@type\":\"ListItem\",\"position\":4,\"name\":\"FORNECEDORES DE CALEND\u00c1RIOS\"}]},{\"@type\":\"WebSite\",\"@id\":\"https:\/\/redoma.com.br\/corporativo\/#website\",\"url\":\"https:\/\/redoma.com.br\/corporativo\/\",\"name\":\"Redoma - Brindes Corporativos\",\"description\":\"Produzimos Agenda Personalizada, Calend\u00e1rio Financeiro, Planner Personalizado, Caderno Personalizado, Caderneta personalizada e mais\",\"potentialAction\":[{\"@type\":\"SearchAction\",\"target\":{\"@type\":\"EntryPoint\",\"urlTemplate\":\"https:\/\/redoma.com.br\/corporativo\/?s={search_term_string}\"},\"query-input\":{\"@type\":\"PropertyValueSpecification\",\"valueRequired\":true,\"valueName\":\"search_term_string\"}}],\"inLanguage\":\"pt-BR\"}]}<\/script>\n<!-- \/ Yoast SEO plugin. -->","yoast_head_json":{"title":"FORNECEDORES DE CALEND\u00c1RIOS - Redoma - Brindes Corporativos","robots":{"index":"index","follow":"follow","max-snippet":"max-snippet:-1","max-image-preview":"max-image-preview:large","max-video-preview":"max-video-preview:-1"},"canonical":"https:\/\/redoma.com.br\/corporativo\/informacoes\/calendarios\/fornecedores-de-calendarios\/","og_locale":"pt_BR","og_type":"article","og_title":"FORNECEDORES DE CALEND\u00c1RIOS - Redoma - Brindes Corporativos","og_description":"[vc_row][vc_column][vc_column_text] POR QUE A REDOMA SE DESTACA ENTRE OS FORNECEDORES DE CALEND\u00c1RIOS? As empresas que buscam por\u00a0fornecedores de calend\u00e1rios\u00a0para uso corporativo ou para venda no varejo podem contar com a linha de produtos da Redoma, uma empresa que oferece solu\u00e7\u00f5es gr\u00e1ficas h\u00e1 mais de 40 anos no mercado brasileiro. Os clientes empresariais que buscam\u00a0fornecedores de&hellip;","og_url":"https:\/\/redoma.com.br\/corporativo\/informacoes\/calendarios\/fornecedores-de-calendarios\/","og_site_name":"Redoma - Brindes Corporativos","og_image":[{"width":480,"height":480,"url":"https:\/\/redoma.com.br\/corporativo\/wp-content\/uploads\/2021\/05\/calendario_personalizado_empresas_03.jpg","type":"image\/jpeg"}],"twitter_card":"summary_large_image","twitter_misc":{"Est. tempo de leitura":"2 minutos"},"schema":{"@context":"https:\/\/schema.org","@graph":[{"@type":"WebPage","@id":"https:\/\/redoma.com.br\/corporativo\/informacoes\/calendarios\/fornecedores-de-calendarios\/","url":"https:\/\/redoma.com.br\/corporativo\/informacoes\/calendarios\/fornecedores-de-calendarios\/","name":"FORNECEDORES DE CALEND\u00c1RIOS - Redoma - Brindes Corporativos","isPartOf":{"@id":"https:\/\/redoma.com.br\/corporativo\/#website"},"primaryImageOfPage":{"@id":"https:\/\/redoma.com.br\/corporativo\/informacoes\/calendarios\/fornecedores-de-calendarios\/#primaryimage"},"image":{"@id":"https:\/\/redoma.com.br\/corporativo\/informacoes\/calendarios\/fornecedores-de-calendarios\/#primaryimage"},"thumbnailUrl":"https:\/\/redoma.com.br\/corporativo\/wp-content\/uploads\/2021\/05\/calendario_personalizado_empresas_03.jpg","datePublished":"2021-05-06T01:41:41+00:00","breadcrumb":{"@id":"https:\/\/redoma.com.br\/corporativo\/informacoes\/calendarios\/fornecedores-de-calendarios\/#breadcrumb"},"inLanguage":"pt-BR","potentialAction":[{"@type":"ReadAction","target":["https:\/\/redoma.com.br\/corporativo\/informacoes\/calendarios\/fornecedores-de-calendarios\/"]}]},{"@type":"ImageObject","inLanguage":"pt-BR","@id":"https:\/\/redoma.com.br\/corporativo\/informacoes\/calendarios\/fornecedores-de-calendarios\/#primaryimage","url":"https:\/\/redoma.com.br\/corporativo\/wp-content\/uploads\/2021\/05\/calendario_personalizado_empresas_03.jpg","contentUrl":"https:\/\/redoma.com.br\/corporativo\/wp-content\/uploads\/2021\/05\/calendario_personalizado_empresas_03.jpg","width":480,"height":480},{"@type":"BreadcrumbList","@id":"https:\/\/redoma.com.br\/corporativo\/informacoes\/calendarios\/fornecedores-de-calendarios\/#breadcrumb","itemListElement":[{"@type":"ListItem","position":1,"name":"In\u00edcio","item":"https:\/\/redoma.com.br\/corporativo\/"},{"@type":"ListItem","position":2,"name":"Informa\u00e7\u00f5es","item":"https:\/\/redoma.com.br\/corporativo\/informacoes\/"},{"@type":"ListItem","position":3,"name":"Calend\u00e1rios","item":"https:\/\/redoma.com.br\/corporativo\/informacoes\/calendarios\/"},{"@type":"ListItem","position":4,"name":"FORNECEDORES DE CALEND\u00c1RIOS"}]},{"@type":"WebSite","@id":"https:\/\/redoma.com.br\/corporativo\/#website","url":"https:\/\/redoma.com.br\/corporativo\/","name":"Redoma - Brindes Corporativos","description":"Produzimos Agenda Personalizada, Calend\u00e1rio Financeiro, Planner Personalizado, Caderno Personalizado, Caderneta personalizada e mais","potentialAction":[{"@type":"SearchAction","target":{"@type":"EntryPoint","urlTemplate":"https:\/\/redoma.com.br\/corporativo\/?s={search_term_string}"},"query-input":{"@type":"PropertyValueSpecification","valueRequired":true,"valueName":"search_term_string"}}],"inLanguage":"pt-BR"}]}},"_links":{"self":[{"href":"https:\/\/redoma.com.br\/corporativo\/wp-json\/wp\/v2\/pages\/1980","targetHints":{"allow":["GET"]}}],"collection":[{"href":"https:\/\/redoma.com.br\/corporativo\/wp-json\/wp\/v2\/pages"}],"about":[{"href":"https:\/\/redoma.com.br\/corporativo\/wp-json\/wp\/v2\/types\/page"}],"author":[{"embeddable":true,"href":"https:\/\/redoma.com.br\/corporativo\/wp-json\/wp\/v2\/users\/1"}],"replies":[{"embeddable":true,"href":"https:\/\/redoma.com.br\/corporativo\/wp-json\/wp\/v2\/comments?post=1980"}],"version-history":[{"count":1,"href":"https:\/\/redoma.com.br\/corporativo\/wp-json\/wp\/v2\/pages\/1980\/revisions"}],"predecessor-version":[{"id":1981,"href":"https:\/\/redoma.com.br\/corporativo\/wp-json\/wp\/v2\/pages\/1980\/revisions\/1981"}],"up":[{"embeddable":true,"href":"https:\/\/redoma.com.br\/corporativo\/wp-json\/wp\/v2\/pages\/1883"}],"wp:featuredmedia":[{"embeddable":true,"href":"https:\/\/redoma.com.br\/corporativo\/wp-json\/wp\/v2\/media\/1971"}],"wp:attachment":[{"href":"https:\/\/redoma.com.br\/corporativo\/wp-json\/wp\/v2\/media?parent=1980"}],"curies":[{"name":"wp","href":"https:\/\/api.w.org\/{rel}","templated":true}]}}