
{"id":1977,"date":"2021-05-05T22:40:15","date_gmt":"2021-05-06T01:40:15","guid":{"rendered":"https:\/\/novo.redoma.com.br\/?page_id=1977"},"modified":"2024-06-11T18:29:12","modified_gmt":"2024-06-11T21:29:12","slug":"fabrica-de-calendarios","status":"publish","type":"page","link":"https:\/\/redoma.com.br\/corporativo\/informacoes\/calendarios\/fabrica-de-calendarios\/","title":{"rendered":"F\u00c1BRICA DE CALEND\u00c1RIOS"},"content":{"rendered":"<div class=\"wpb-content-wrapper\"><p>[vc_row][vc_column][vc_column_text]<\/p>\n<h2>FA\u00c7A UM OR\u00c7AMENTO NA F\u00c1BRICA DE CALEND\u00c1RIOS REDOMA<\/h2>\n<p>A Redoma \u00e9 uma\u00a0f\u00e1brica de calend\u00e1rios\u00a0com mais de 40 anos de experi\u00eancia e tradi\u00e7\u00e3o, trabalhando com muita dedica\u00e7\u00e3o para capacitar a equipe, utilizar os equipamentos mais modernos e oferecer os melhores produtos para os clientes. Al\u00e9m de ser uma\u00a0f\u00e1brica de calend\u00e1riospersonalizados e para varejistas, a gr\u00e1fica tamb\u00e9m \u00e9 especializada em blocos de anota\u00e7\u00f5es, cadernos e agendas.<\/p>\n<h2>PRODUTOS DA F\u00c1BRICA DE CALEND\u00c1RIOS PARA O VAREJO<\/h2>\n<p>As papelarias e empresas que desejam ter calend\u00e1rios das cole\u00e7\u00f5es da Redoma podem contar com produtos feitos por designers experientes, que impressionam pela variedade, beleza e acabamento muito refinado.<\/p>\n<p>A Redoma \u00e9 uma\u00a0f\u00e1brica de calend\u00e1rios\u00a0que organiza cole\u00e7\u00f5es que usam um conceito est\u00e9tico exclusivo para dar acabamentos aos produtos gr\u00e1ficos. O resultado \u00e9 muito bom e atende varejistas que querem vender produtos de qualidade e que encantam pela sofistica\u00e7\u00e3o.<\/p>\n<h2>PRODUTOS DA F\u00c1BRICA DE CALEND\u00c1RIOS CORPORATIVOS<\/h2>\n<p>Muitos clientes utilizam os calend\u00e1rios na estrat\u00e9gia de comunica\u00e7\u00e3o corporativa de suas empresas. Os calend\u00e1rios s\u00e3o impressos com imagens de produtos, com a logomarca, mensagens publicit\u00e1rias e outras abordagens utilizadas pela equipe de marketing dos clientes. Neste sentido, a\u00a0f\u00e1brica de calend\u00e1rios\u00a0oferece op\u00e7\u00f5es muito interessantes para empresas que querem um produto bonito e economicamente vi\u00e1vel.<\/p>\n<p>A Redoma tem duas sugest\u00f5es para clientes que precisam de\u00a0f\u00e1brica de calend\u00e1rios\u00a0para campanhas de divulga\u00e7\u00e3o. S\u00e3o elas:<\/p>\n<ul class=\"list\">\n<li>Calend\u00e1rios Tri\u00e2ngulo: a\u00a0f\u00e1brica de calend\u00e1rios\u00a0tem 3 modelos de calend\u00e1rios tri\u00e2ngulo que ficam posicionados em cima da mesa e possuem um lindo acabamento. A personaliza\u00e7\u00e3o\u00a0\u00e9 feita em CMYK e o papel couch\u00e9 d\u00e1 um toque especial.<\/li>\n<li>A\u00a0f\u00e1brica de calend\u00e1rios\u00a0divide os produtos nas linhas Classic (o modelo mais simples e cl\u00e1ssico), Platinum (muito popular e ideal para divulga\u00e7\u00e3o) e Triplex (tamb\u00e9m recomendado para divulga\u00e7\u00e3o).<\/li>\n<li>A gr\u00e1fica\u00a0tamb\u00e9m produz calend\u00e1rios para uso interno nas empresas, como o calend\u00e1rio financeiro e o calend\u00e1rio de mesa. O calend\u00e1rio financeiro separa as datas em dias \u00fateis e corridos, tornando a rotina de trabalho mais organizada e mais f\u00e1cil, permitindo o c\u00e1lculo muito mais r\u00e1pido.<\/li>\n<li>J\u00e1 o calend\u00e1rio de mesa \u00e9 feito para anota\u00e7\u00f5es e documenta\u00e7\u00f5es de atividades di\u00e1rias da empresa. Para saber mais, basta fazer contato com a equipe de atendimento da Redoma!<\/li>\n<\/ul>\n<h2>PARA SABER MAIS SOBRE F\u00c1BRICA DE CALEND\u00c1RIOS<\/h2>\n<p>Ligue para\u00a011 4448-7300\u00a0ou mande e-mail para:\u00a0atendimento@redoma.com.br[\/vc_column_text][\/vc_column][\/vc_row][vc_row][vc_column][vc_media_grid grid_id=&#8221;vc_gid:1718140482511-d91e1613-027e-5&#8243; include=&#8221;6697,6698,6699&#8243;][\/vc_column][\/vc_row]<\/p>\n<\/div>","protected":false},"excerpt":{"rendered":"<p>[vc_row][vc_column][vc_column_text] FA\u00c7A UM OR\u00c7AMENTO NA F\u00c1BRICA DE CALEND\u00c1RIOS REDOMA A Redoma \u00e9 uma\u00a0f\u00e1brica de calend\u00e1rios\u00a0com mais de 40 anos de experi\u00eancia e tradi\u00e7\u00e3o, trabalhando com muita dedica\u00e7\u00e3o para capacitar a equipe, utilizar os equipamentos mais modernos e oferecer os melhores produtos para os clientes. Al\u00e9m de ser uma\u00a0f\u00e1brica de calend\u00e1riospersonalizados e para varejistas, a gr\u00e1fica&hellip;<\/p>\n","protected":false},"author":1,"featured_media":6696,"parent":1883,"menu_order":0,"comment_status":"closed","ping_status":"closed","template":"","meta":{"footnotes":""},"class_list":["post-1977","page","type-page","status-publish","has-post-thumbnail","hentry","description-off"],"yoast_head":"<!-- This site is optimized with the Yoast SEO plugin v26.8 - https:\/\/yoast.com\/product\/yoast-seo-wordpress\/ -->\n<title>F\u00c1BRICA DE CALEND\u00c1RIOS - Redoma - Brindes Corporativos<\/title>\n<meta name=\"robots\" content=\"index, follow, max-snippet:-1, max-image-preview:large, max-video-preview:-1\" \/>\n<link rel=\"canonical\" href=\"https:\/\/redoma.com.br\/corporativo\/informacoes\/calendarios\/fabrica-de-calendarios\/\" \/>\n<meta property=\"og:locale\" content=\"pt_BR\" \/>\n<meta property=\"og:type\" content=\"article\" \/>\n<meta property=\"og:title\" content=\"F\u00c1BRICA DE CALEND\u00c1RIOS - Redoma - Brindes Corporativos\" \/>\n<meta property=\"og:description\" content=\"[vc_row][vc_column][vc_column_text] FA\u00c7A UM OR\u00c7AMENTO NA F\u00c1BRICA DE CALEND\u00c1RIOS REDOMA A Redoma \u00e9 uma\u00a0f\u00e1brica de calend\u00e1rios\u00a0com mais de 40 anos de experi\u00eancia e tradi\u00e7\u00e3o, trabalhando com muita dedica\u00e7\u00e3o para capacitar a equipe, utilizar os equipamentos mais modernos e oferecer os melhores produtos para os clientes. Al\u00e9m de ser uma\u00a0f\u00e1brica de calend\u00e1riospersonalizados e para varejistas, a gr\u00e1fica&hellip;\" \/>\n<meta property=\"og:url\" content=\"https:\/\/redoma.com.br\/corporativo\/informacoes\/calendarios\/fabrica-de-calendarios\/\" \/>\n<meta property=\"og:site_name\" content=\"Redoma - Brindes Corporativos\" \/>\n<meta property=\"article:modified_time\" content=\"2024-06-11T21:29:12+00:00\" \/>\n<meta property=\"og:image\" content=\"https:\/\/redoma.com.br\/corporativo\/wp-content\/uploads\/2024\/06\/0000_01-calendarios-1.png\" \/>\n\t<meta property=\"og:image:width\" content=\"480\" \/>\n\t<meta property=\"og:image:height\" content=\"480\" \/>\n\t<meta property=\"og:image:type\" content=\"image\/png\" \/>\n<meta name=\"twitter:card\" content=\"summary_large_image\" \/>\n<meta name=\"twitter:label1\" content=\"Est. tempo de leitura\" \/>\n\t<meta name=\"twitter:data1\" content=\"2 minutos\" \/>\n<script type=\"application\/ld+json\" class=\"yoast-schema-graph\">{\"@context\":\"https:\/\/schema.org\",\"@graph\":[{\"@type\":\"WebPage\",\"@id\":\"https:\/\/redoma.com.br\/corporativo\/informacoes\/calendarios\/fabrica-de-calendarios\/\",\"url\":\"https:\/\/redoma.com.br\/corporativo\/informacoes\/calendarios\/fabrica-de-calendarios\/\",\"name\":\"F\u00c1BRICA DE CALEND\u00c1RIOS - Redoma - Brindes Corporativos\",\"isPartOf\":{\"@id\":\"https:\/\/redoma.com.br\/corporativo\/#website\"},\"primaryImageOfPage\":{\"@id\":\"https:\/\/redoma.com.br\/corporativo\/informacoes\/calendarios\/fabrica-de-calendarios\/#primaryimage\"},\"image\":{\"@id\":\"https:\/\/redoma.com.br\/corporativo\/informacoes\/calendarios\/fabrica-de-calendarios\/#primaryimage\"},\"thumbnailUrl\":\"https:\/\/redoma.com.br\/corporativo\/wp-content\/uploads\/2024\/06\/0000_01-calendarios-1.png\",\"datePublished\":\"2021-05-06T01:40:15+00:00\",\"dateModified\":\"2024-06-11T21:29:12+00:00\",\"breadcrumb\":{\"@id\":\"https:\/\/redoma.com.br\/corporativo\/informacoes\/calendarios\/fabrica-de-calendarios\/#breadcrumb\"},\"inLanguage\":\"pt-BR\",\"potentialAction\":[{\"@type\":\"ReadAction\",\"target\":[\"https:\/\/redoma.com.br\/corporativo\/informacoes\/calendarios\/fabrica-de-calendarios\/\"]}]},{\"@type\":\"ImageObject\",\"inLanguage\":\"pt-BR\",\"@id\":\"https:\/\/redoma.com.br\/corporativo\/informacoes\/calendarios\/fabrica-de-calendarios\/#primaryimage\",\"url\":\"https:\/\/redoma.com.br\/corporativo\/wp-content\/uploads\/2024\/06\/0000_01-calendarios-1.png\",\"contentUrl\":\"https:\/\/redoma.com.br\/corporativo\/wp-content\/uploads\/2024\/06\/0000_01-calendarios-1.png\",\"width\":480,\"height\":480},{\"@type\":\"BreadcrumbList\",\"@id\":\"https:\/\/redoma.com.br\/corporativo\/informacoes\/calendarios\/fabrica-de-calendarios\/#breadcrumb\",\"itemListElement\":[{\"@type\":\"ListItem\",\"position\":1,\"name\":\"In\u00edcio\",\"item\":\"https:\/\/redoma.com.br\/corporativo\/\"},{\"@type\":\"ListItem\",\"position\":2,\"name\":\"Informa\u00e7\u00f5es\",\"item\":\"https:\/\/redoma.com.br\/corporativo\/informacoes\/\"},{\"@type\":\"ListItem\",\"position\":3,\"name\":\"Calend\u00e1rios\",\"item\":\"https:\/\/redoma.com.br\/corporativo\/informacoes\/calendarios\/\"},{\"@type\":\"ListItem\",\"position\":4,\"name\":\"F\u00c1BRICA DE CALEND\u00c1RIOS\"}]},{\"@type\":\"WebSite\",\"@id\":\"https:\/\/redoma.com.br\/corporativo\/#website\",\"url\":\"https:\/\/redoma.com.br\/corporativo\/\",\"name\":\"Redoma - Brindes Corporativos\",\"description\":\"Produzimos Agenda Personalizada, Calend\u00e1rio Financeiro, Planner Personalizado, Caderno Personalizado, Caderneta personalizada e mais\",\"potentialAction\":[{\"@type\":\"SearchAction\",\"target\":{\"@type\":\"EntryPoint\",\"urlTemplate\":\"https:\/\/redoma.com.br\/corporativo\/?s={search_term_string}\"},\"query-input\":{\"@type\":\"PropertyValueSpecification\",\"valueRequired\":true,\"valueName\":\"search_term_string\"}}],\"inLanguage\":\"pt-BR\"}]}<\/script>\n<!-- \/ Yoast SEO plugin. -->","yoast_head_json":{"title":"F\u00c1BRICA DE CALEND\u00c1RIOS - Redoma - Brindes Corporativos","robots":{"index":"index","follow":"follow","max-snippet":"max-snippet:-1","max-image-preview":"max-image-preview:large","max-video-preview":"max-video-preview:-1"},"canonical":"https:\/\/redoma.com.br\/corporativo\/informacoes\/calendarios\/fabrica-de-calendarios\/","og_locale":"pt_BR","og_type":"article","og_title":"F\u00c1BRICA DE CALEND\u00c1RIOS - Redoma - Brindes Corporativos","og_description":"[vc_row][vc_column][vc_column_text] FA\u00c7A UM OR\u00c7AMENTO NA F\u00c1BRICA DE CALEND\u00c1RIOS REDOMA A Redoma \u00e9 uma\u00a0f\u00e1brica de calend\u00e1rios\u00a0com mais de 40 anos de experi\u00eancia e tradi\u00e7\u00e3o, trabalhando com muita dedica\u00e7\u00e3o para capacitar a equipe, utilizar os equipamentos mais modernos e oferecer os melhores produtos para os clientes. Al\u00e9m de ser uma\u00a0f\u00e1brica de calend\u00e1riospersonalizados e para varejistas, a gr\u00e1fica&hellip;","og_url":"https:\/\/redoma.com.br\/corporativo\/informacoes\/calendarios\/fabrica-de-calendarios\/","og_site_name":"Redoma - Brindes Corporativos","article_modified_time":"2024-06-11T21:29:12+00:00","og_image":[{"width":480,"height":480,"url":"https:\/\/redoma.com.br\/corporativo\/wp-content\/uploads\/2024\/06\/0000_01-calendarios-1.png","type":"image\/png"}],"twitter_card":"summary_large_image","twitter_misc":{"Est. tempo de leitura":"2 minutos"},"schema":{"@context":"https:\/\/schema.org","@graph":[{"@type":"WebPage","@id":"https:\/\/redoma.com.br\/corporativo\/informacoes\/calendarios\/fabrica-de-calendarios\/","url":"https:\/\/redoma.com.br\/corporativo\/informacoes\/calendarios\/fabrica-de-calendarios\/","name":"F\u00c1BRICA DE CALEND\u00c1RIOS - Redoma - Brindes Corporativos","isPartOf":{"@id":"https:\/\/redoma.com.br\/corporativo\/#website"},"primaryImageOfPage":{"@id":"https:\/\/redoma.com.br\/corporativo\/informacoes\/calendarios\/fabrica-de-calendarios\/#primaryimage"},"image":{"@id":"https:\/\/redoma.com.br\/corporativo\/informacoes\/calendarios\/fabrica-de-calendarios\/#primaryimage"},"thumbnailUrl":"https:\/\/redoma.com.br\/corporativo\/wp-content\/uploads\/2024\/06\/0000_01-calendarios-1.png","datePublished":"2021-05-06T01:40:15+00:00","dateModified":"2024-06-11T21:29:12+00:00","breadcrumb":{"@id":"https:\/\/redoma.com.br\/corporativo\/informacoes\/calendarios\/fabrica-de-calendarios\/#breadcrumb"},"inLanguage":"pt-BR","potentialAction":[{"@type":"ReadAction","target":["https:\/\/redoma.com.br\/corporativo\/informacoes\/calendarios\/fabrica-de-calendarios\/"]}]},{"@type":"ImageObject","inLanguage":"pt-BR","@id":"https:\/\/redoma.com.br\/corporativo\/informacoes\/calendarios\/fabrica-de-calendarios\/#primaryimage","url":"https:\/\/redoma.com.br\/corporativo\/wp-content\/uploads\/2024\/06\/0000_01-calendarios-1.png","contentUrl":"https:\/\/redoma.com.br\/corporativo\/wp-content\/uploads\/2024\/06\/0000_01-calendarios-1.png","width":480,"height":480},{"@type":"BreadcrumbList","@id":"https:\/\/redoma.com.br\/corporativo\/informacoes\/calendarios\/fabrica-de-calendarios\/#breadcrumb","itemListElement":[{"@type":"ListItem","position":1,"name":"In\u00edcio","item":"https:\/\/redoma.com.br\/corporativo\/"},{"@type":"ListItem","position":2,"name":"Informa\u00e7\u00f5es","item":"https:\/\/redoma.com.br\/corporativo\/informacoes\/"},{"@type":"ListItem","position":3,"name":"Calend\u00e1rios","item":"https:\/\/redoma.com.br\/corporativo\/informacoes\/calendarios\/"},{"@type":"ListItem","position":4,"name":"F\u00c1BRICA DE CALEND\u00c1RIOS"}]},{"@type":"WebSite","@id":"https:\/\/redoma.com.br\/corporativo\/#website","url":"https:\/\/redoma.com.br\/corporativo\/","name":"Redoma - Brindes Corporativos","description":"Produzimos Agenda Personalizada, Calend\u00e1rio Financeiro, Planner Personalizado, Caderno Personalizado, Caderneta personalizada e mais","potentialAction":[{"@type":"SearchAction","target":{"@type":"EntryPoint","urlTemplate":"https:\/\/redoma.com.br\/corporativo\/?s={search_term_string}"},"query-input":{"@type":"PropertyValueSpecification","valueRequired":true,"valueName":"search_term_string"}}],"inLanguage":"pt-BR"}]}},"_links":{"self":[{"href":"https:\/\/redoma.com.br\/corporativo\/wp-json\/wp\/v2\/pages\/1977","targetHints":{"allow":["GET"]}}],"collection":[{"href":"https:\/\/redoma.com.br\/corporativo\/wp-json\/wp\/v2\/pages"}],"about":[{"href":"https:\/\/redoma.com.br\/corporativo\/wp-json\/wp\/v2\/types\/page"}],"author":[{"embeddable":true,"href":"https:\/\/redoma.com.br\/corporativo\/wp-json\/wp\/v2\/users\/1"}],"replies":[{"embeddable":true,"href":"https:\/\/redoma.com.br\/corporativo\/wp-json\/wp\/v2\/comments?post=1977"}],"version-history":[{"count":3,"href":"https:\/\/redoma.com.br\/corporativo\/wp-json\/wp\/v2\/pages\/1977\/revisions"}],"predecessor-version":[{"id":6703,"href":"https:\/\/redoma.com.br\/corporativo\/wp-json\/wp\/v2\/pages\/1977\/revisions\/6703"}],"up":[{"embeddable":true,"href":"https:\/\/redoma.com.br\/corporativo\/wp-json\/wp\/v2\/pages\/1883"}],"wp:featuredmedia":[{"embeddable":true,"href":"https:\/\/redoma.com.br\/corporativo\/wp-json\/wp\/v2\/media\/6696"}],"wp:attachment":[{"href":"https:\/\/redoma.com.br\/corporativo\/wp-json\/wp\/v2\/media?parent=1977"}],"curies":[{"name":"wp","href":"https:\/\/api.w.org\/{rel}","templated":true}]}}