
{"id":1970,"date":"2021-05-05T22:37:48","date_gmt":"2021-05-06T01:37:48","guid":{"rendered":"https:\/\/novo.redoma.com.br\/?page_id=1970"},"modified":"2021-05-05T22:37:48","modified_gmt":"2021-05-06T01:37:48","slug":"calendario-personalizado-para-empresas","status":"publish","type":"page","link":"https:\/\/redoma.com.br\/corporativo\/informacoes\/calendarios\/calendario-personalizado-para-empresas\/","title":{"rendered":"CALEND\u00c1RIO PERSONALIZADO PARA EMPRESAS"},"content":{"rendered":"<div class=\"wpb-content-wrapper\"><p>[vc_row][vc_column][vc_column_text]<\/p>\n<h2>FA\u00c7A UMA ENCOMENDA DE CALEND\u00c1RIO PERSONALIZADO PARA EMPRESAS<\/h2>\n<p>A Redoma oferece uma linha completa de\u00a0calend\u00e1rio personalizado para empresas\u00a0que precisam de uma gr\u00e1fica parceira, experiente e confi\u00e1vel, que desenvolve produtos com qualidade e excel\u00eancia.<\/p>\n<p>Na Redoma, o\u00a0calend\u00e1rio personalizado\u00a0para empresas\u00a0\u00e9 feito de acordo com a orienta\u00e7\u00e3o de cada cliente. Para isso, um funcion\u00e1rio da gr\u00e1fica fica respons\u00e1vel pelo atendimento, envolvendo-se com o projeto de comunica\u00e7\u00e3o corporativa da empresa e apresentando op\u00e7\u00f5es de calend\u00e1rios e outros materiais gr\u00e1ficos vi\u00e1veis, interessantes, bonitos e ecologicamente corretos.<\/p>\n<h2>LINHAS DE CALEND\u00c1RIO PERSONALIZADO PARA EMPRESAS<\/h2>\n<p>A linha de\u00a0calend\u00e1rio personalizado para empresas\u00a0da Redoma \u00e9 ampla e vers\u00e1til, com op\u00e7\u00f5es para todos os or\u00e7amentos. Confira!<\/p>\n<ul class=\"list\">\n<li>Calend\u00e1rio de Mesa \u2013\u00a0\u00c9 um modelo de\u00a0calend\u00e1rio personalizado para empresas\u00a0para anota\u00e7\u00f5es e documenta\u00e7\u00e3o, com o total de 648 p\u00e1ginas, cor de impress\u00e3o cinza, papel do miolo off set branco, formato de 11,7&#215;17,5 cm e com pauta para anota\u00e7\u00f5es. O material \u00e9 feito para durar e pode ser manuseado com tranquilidade pelos funcion\u00e1rios, sem apresentar problemas.<\/li>\n<li>Calend\u00e1rio Financeiro \u2013\u00a0\u00c9 um modelo de\u00a0calend\u00e1rio personalizado para empresas\u00a0que precisam de um calend\u00e1rio para deixar a rotina de trabalho mais pr\u00e1tica. N\u00e3o \u00e9 um material de divulga\u00e7\u00e3o, e sim para uso interno. \u00c9 ideal para deixar os c\u00e1lculos mais r\u00e1pidos e eficientes, pois faz a separa\u00e7\u00e3o dos dias \u00fateis e corridos. O formato deste calend\u00e1rio \u00e9 11,7&#215;17,5 cm. Ao todo, tem 540 p\u00e1ginas de papel miolo off set branco. As cores usadas para impress\u00e3o no modelo padr\u00e3o s\u00e3o vermelho e branco.<\/li>\n<li>Calend\u00e1rio Tri\u00e2ngulo Platinum \u2013\u00a0\u00c9 um modelo de\u00a0calend\u00e1rio personalizado para empresas\u00a0que precisam de um material de divulga\u00e7\u00e3o eficiente. Como eles ficam posicionados nas mesas, est\u00e3o sempre em evid\u00eancia. Este calend\u00e1rio tem base de tamanho 15x16x8,5cm, l\u00e2minas no formato 15x16cm e impress\u00e3o feita em CMYK. O calend\u00e1rio \u00e9 fabricado em papel couch\u00e9 fosco, entre outros detalhes t\u00e9cnicos. O modelo chama aten\u00e7\u00e3o pela beleza e acabamento, principalmente na imagem que cont\u00e9m o logotipo da empresa.<\/li>\n<\/ul>\n<h2>OUTROS MODELOS DE CALEND\u00c1RIO PERSONALIZADO PARA EMPRESAS<\/h2>\n<p>A divulga\u00e7\u00e3o de uma empresa tamb\u00e9m pode ser feita por outras varia\u00e7\u00f5es do calend\u00e1rio tri\u00e2ngulo, como os modelos Classic e Platinum Triplex. Para conhecer tecnicamente todos os modelos, contar com a criatividade da equipe da Redoma para personalizar os calend\u00e1rios e receber atendimento especializado, basta entrar em contato com a gr\u00e1fica agora mesmo!<\/p>\n<h2>PARA SABER MAIS SOBRE CALEND\u00c1RIO PERSONALIZADO PARA EMPRESAS<\/h2>\n<p>Ligue para\u00a011 4448-7300\u00a0ou mande e-mail para:\u00a0atendimento@redoma.com.br[\/vc_column_text][\/vc_column][\/vc_row][vc_row][vc_column][vc_media_grid grid_id=&#8221;vc_gid:1620265029503-e5d3a409-4f54-4&#8243; include=&#8221;1971,1972,1973&#8243;][\/vc_column][\/vc_row]<\/p>\n<\/div>","protected":false},"excerpt":{"rendered":"<p>[vc_row][vc_column][vc_column_text] FA\u00c7A UMA ENCOMENDA DE CALEND\u00c1RIO PERSONALIZADO PARA EMPRESAS A Redoma oferece uma linha completa de\u00a0calend\u00e1rio personalizado para empresas\u00a0que precisam de uma gr\u00e1fica parceira, experiente e confi\u00e1vel, que desenvolve produtos com qualidade e excel\u00eancia. Na Redoma, o\u00a0calend\u00e1rio personalizado\u00a0para empresas\u00a0\u00e9 feito de acordo com a orienta\u00e7\u00e3o de cada cliente. Para isso, um funcion\u00e1rio da gr\u00e1fica fica&hellip;<\/p>\n","protected":false},"author":1,"featured_media":1973,"parent":1883,"menu_order":0,"comment_status":"closed","ping_status":"closed","template":"","meta":{"footnotes":""},"class_list":["post-1970","page","type-page","status-publish","has-post-thumbnail","hentry","description-off"],"yoast_head":"<!-- This site is optimized with the Yoast SEO plugin v26.8 - https:\/\/yoast.com\/product\/yoast-seo-wordpress\/ -->\n<title>CALEND\u00c1RIO PERSONALIZADO PARA EMPRESAS - Redoma - Brindes Corporativos<\/title>\n<meta name=\"robots\" content=\"index, follow, max-snippet:-1, max-image-preview:large, max-video-preview:-1\" \/>\n<link rel=\"canonical\" href=\"https:\/\/redoma.com.br\/corporativo\/informacoes\/calendarios\/calendario-personalizado-para-empresas\/\" \/>\n<meta property=\"og:locale\" content=\"pt_BR\" \/>\n<meta property=\"og:type\" content=\"article\" \/>\n<meta property=\"og:title\" content=\"CALEND\u00c1RIO PERSONALIZADO PARA EMPRESAS - Redoma - Brindes Corporativos\" \/>\n<meta property=\"og:description\" content=\"[vc_row][vc_column][vc_column_text] FA\u00c7A UMA ENCOMENDA DE CALEND\u00c1RIO PERSONALIZADO PARA EMPRESAS A Redoma oferece uma linha completa de\u00a0calend\u00e1rio personalizado para empresas\u00a0que precisam de uma gr\u00e1fica parceira, experiente e confi\u00e1vel, que desenvolve produtos com qualidade e excel\u00eancia. Na Redoma, o\u00a0calend\u00e1rio personalizado\u00a0para empresas\u00a0\u00e9 feito de acordo com a orienta\u00e7\u00e3o de cada cliente. Para isso, um funcion\u00e1rio da gr\u00e1fica fica&hellip;\" \/>\n<meta property=\"og:url\" content=\"https:\/\/redoma.com.br\/corporativo\/informacoes\/calendarios\/calendario-personalizado-para-empresas\/\" \/>\n<meta property=\"og:site_name\" content=\"Redoma - Brindes Corporativos\" \/>\n<meta property=\"og:image\" content=\"https:\/\/redoma.com.br\/corporativo\/wp-content\/uploads\/2021\/05\/calendario_personalizado_empresas_01.jpg\" \/>\n\t<meta property=\"og:image:width\" content=\"480\" \/>\n\t<meta property=\"og:image:height\" content=\"480\" \/>\n\t<meta property=\"og:image:type\" content=\"image\/jpeg\" \/>\n<meta name=\"twitter:card\" content=\"summary_large_image\" \/>\n<meta name=\"twitter:label1\" content=\"Est. tempo de leitura\" \/>\n\t<meta name=\"twitter:data1\" content=\"2 minutos\" \/>\n<script type=\"application\/ld+json\" class=\"yoast-schema-graph\">{\"@context\":\"https:\/\/schema.org\",\"@graph\":[{\"@type\":\"WebPage\",\"@id\":\"https:\/\/redoma.com.br\/corporativo\/informacoes\/calendarios\/calendario-personalizado-para-empresas\/\",\"url\":\"https:\/\/redoma.com.br\/corporativo\/informacoes\/calendarios\/calendario-personalizado-para-empresas\/\",\"name\":\"CALEND\u00c1RIO PERSONALIZADO PARA EMPRESAS - Redoma - Brindes Corporativos\",\"isPartOf\":{\"@id\":\"https:\/\/redoma.com.br\/corporativo\/#website\"},\"primaryImageOfPage\":{\"@id\":\"https:\/\/redoma.com.br\/corporativo\/informacoes\/calendarios\/calendario-personalizado-para-empresas\/#primaryimage\"},\"image\":{\"@id\":\"https:\/\/redoma.com.br\/corporativo\/informacoes\/calendarios\/calendario-personalizado-para-empresas\/#primaryimage\"},\"thumbnailUrl\":\"https:\/\/redoma.com.br\/corporativo\/wp-content\/uploads\/2021\/05\/calendario_personalizado_empresas_01.jpg\",\"datePublished\":\"2021-05-06T01:37:48+00:00\",\"breadcrumb\":{\"@id\":\"https:\/\/redoma.com.br\/corporativo\/informacoes\/calendarios\/calendario-personalizado-para-empresas\/#breadcrumb\"},\"inLanguage\":\"pt-BR\",\"potentialAction\":[{\"@type\":\"ReadAction\",\"target\":[\"https:\/\/redoma.com.br\/corporativo\/informacoes\/calendarios\/calendario-personalizado-para-empresas\/\"]}]},{\"@type\":\"ImageObject\",\"inLanguage\":\"pt-BR\",\"@id\":\"https:\/\/redoma.com.br\/corporativo\/informacoes\/calendarios\/calendario-personalizado-para-empresas\/#primaryimage\",\"url\":\"https:\/\/redoma.com.br\/corporativo\/wp-content\/uploads\/2021\/05\/calendario_personalizado_empresas_01.jpg\",\"contentUrl\":\"https:\/\/redoma.com.br\/corporativo\/wp-content\/uploads\/2021\/05\/calendario_personalizado_empresas_01.jpg\",\"width\":480,\"height\":480},{\"@type\":\"BreadcrumbList\",\"@id\":\"https:\/\/redoma.com.br\/corporativo\/informacoes\/calendarios\/calendario-personalizado-para-empresas\/#breadcrumb\",\"itemListElement\":[{\"@type\":\"ListItem\",\"position\":1,\"name\":\"In\u00edcio\",\"item\":\"https:\/\/redoma.com.br\/corporativo\/\"},{\"@type\":\"ListItem\",\"position\":2,\"name\":\"Informa\u00e7\u00f5es\",\"item\":\"https:\/\/redoma.com.br\/corporativo\/informacoes\/\"},{\"@type\":\"ListItem\",\"position\":3,\"name\":\"Calend\u00e1rios\",\"item\":\"https:\/\/redoma.com.br\/corporativo\/informacoes\/calendarios\/\"},{\"@type\":\"ListItem\",\"position\":4,\"name\":\"CALEND\u00c1RIO PERSONALIZADO PARA EMPRESAS\"}]},{\"@type\":\"WebSite\",\"@id\":\"https:\/\/redoma.com.br\/corporativo\/#website\",\"url\":\"https:\/\/redoma.com.br\/corporativo\/\",\"name\":\"Redoma - Brindes Corporativos\",\"description\":\"Produzimos Agenda Personalizada, Calend\u00e1rio Financeiro, Planner Personalizado, Caderno Personalizado, Caderneta personalizada e mais\",\"potentialAction\":[{\"@type\":\"SearchAction\",\"target\":{\"@type\":\"EntryPoint\",\"urlTemplate\":\"https:\/\/redoma.com.br\/corporativo\/?s={search_term_string}\"},\"query-input\":{\"@type\":\"PropertyValueSpecification\",\"valueRequired\":true,\"valueName\":\"search_term_string\"}}],\"inLanguage\":\"pt-BR\"}]}<\/script>\n<!-- \/ Yoast SEO plugin. -->","yoast_head_json":{"title":"CALEND\u00c1RIO PERSONALIZADO PARA EMPRESAS - Redoma - Brindes Corporativos","robots":{"index":"index","follow":"follow","max-snippet":"max-snippet:-1","max-image-preview":"max-image-preview:large","max-video-preview":"max-video-preview:-1"},"canonical":"https:\/\/redoma.com.br\/corporativo\/informacoes\/calendarios\/calendario-personalizado-para-empresas\/","og_locale":"pt_BR","og_type":"article","og_title":"CALEND\u00c1RIO PERSONALIZADO PARA EMPRESAS - Redoma - Brindes Corporativos","og_description":"[vc_row][vc_column][vc_column_text] FA\u00c7A UMA ENCOMENDA DE CALEND\u00c1RIO PERSONALIZADO PARA EMPRESAS A Redoma oferece uma linha completa de\u00a0calend\u00e1rio personalizado para empresas\u00a0que precisam de uma gr\u00e1fica parceira, experiente e confi\u00e1vel, que desenvolve produtos com qualidade e excel\u00eancia. Na Redoma, o\u00a0calend\u00e1rio personalizado\u00a0para empresas\u00a0\u00e9 feito de acordo com a orienta\u00e7\u00e3o de cada cliente. Para isso, um funcion\u00e1rio da gr\u00e1fica fica&hellip;","og_url":"https:\/\/redoma.com.br\/corporativo\/informacoes\/calendarios\/calendario-personalizado-para-empresas\/","og_site_name":"Redoma - Brindes Corporativos","og_image":[{"width":480,"height":480,"url":"https:\/\/redoma.com.br\/corporativo\/wp-content\/uploads\/2021\/05\/calendario_personalizado_empresas_01.jpg","type":"image\/jpeg"}],"twitter_card":"summary_large_image","twitter_misc":{"Est. tempo de leitura":"2 minutos"},"schema":{"@context":"https:\/\/schema.org","@graph":[{"@type":"WebPage","@id":"https:\/\/redoma.com.br\/corporativo\/informacoes\/calendarios\/calendario-personalizado-para-empresas\/","url":"https:\/\/redoma.com.br\/corporativo\/informacoes\/calendarios\/calendario-personalizado-para-empresas\/","name":"CALEND\u00c1RIO PERSONALIZADO PARA EMPRESAS - Redoma - Brindes Corporativos","isPartOf":{"@id":"https:\/\/redoma.com.br\/corporativo\/#website"},"primaryImageOfPage":{"@id":"https:\/\/redoma.com.br\/corporativo\/informacoes\/calendarios\/calendario-personalizado-para-empresas\/#primaryimage"},"image":{"@id":"https:\/\/redoma.com.br\/corporativo\/informacoes\/calendarios\/calendario-personalizado-para-empresas\/#primaryimage"},"thumbnailUrl":"https:\/\/redoma.com.br\/corporativo\/wp-content\/uploads\/2021\/05\/calendario_personalizado_empresas_01.jpg","datePublished":"2021-05-06T01:37:48+00:00","breadcrumb":{"@id":"https:\/\/redoma.com.br\/corporativo\/informacoes\/calendarios\/calendario-personalizado-para-empresas\/#breadcrumb"},"inLanguage":"pt-BR","potentialAction":[{"@type":"ReadAction","target":["https:\/\/redoma.com.br\/corporativo\/informacoes\/calendarios\/calendario-personalizado-para-empresas\/"]}]},{"@type":"ImageObject","inLanguage":"pt-BR","@id":"https:\/\/redoma.com.br\/corporativo\/informacoes\/calendarios\/calendario-personalizado-para-empresas\/#primaryimage","url":"https:\/\/redoma.com.br\/corporativo\/wp-content\/uploads\/2021\/05\/calendario_personalizado_empresas_01.jpg","contentUrl":"https:\/\/redoma.com.br\/corporativo\/wp-content\/uploads\/2021\/05\/calendario_personalizado_empresas_01.jpg","width":480,"height":480},{"@type":"BreadcrumbList","@id":"https:\/\/redoma.com.br\/corporativo\/informacoes\/calendarios\/calendario-personalizado-para-empresas\/#breadcrumb","itemListElement":[{"@type":"ListItem","position":1,"name":"In\u00edcio","item":"https:\/\/redoma.com.br\/corporativo\/"},{"@type":"ListItem","position":2,"name":"Informa\u00e7\u00f5es","item":"https:\/\/redoma.com.br\/corporativo\/informacoes\/"},{"@type":"ListItem","position":3,"name":"Calend\u00e1rios","item":"https:\/\/redoma.com.br\/corporativo\/informacoes\/calendarios\/"},{"@type":"ListItem","position":4,"name":"CALEND\u00c1RIO PERSONALIZADO PARA EMPRESAS"}]},{"@type":"WebSite","@id":"https:\/\/redoma.com.br\/corporativo\/#website","url":"https:\/\/redoma.com.br\/corporativo\/","name":"Redoma - Brindes Corporativos","description":"Produzimos Agenda Personalizada, Calend\u00e1rio Financeiro, Planner Personalizado, Caderno Personalizado, Caderneta personalizada e mais","potentialAction":[{"@type":"SearchAction","target":{"@type":"EntryPoint","urlTemplate":"https:\/\/redoma.com.br\/corporativo\/?s={search_term_string}"},"query-input":{"@type":"PropertyValueSpecification","valueRequired":true,"valueName":"search_term_string"}}],"inLanguage":"pt-BR"}]}},"_links":{"self":[{"href":"https:\/\/redoma.com.br\/corporativo\/wp-json\/wp\/v2\/pages\/1970","targetHints":{"allow":["GET"]}}],"collection":[{"href":"https:\/\/redoma.com.br\/corporativo\/wp-json\/wp\/v2\/pages"}],"about":[{"href":"https:\/\/redoma.com.br\/corporativo\/wp-json\/wp\/v2\/types\/page"}],"author":[{"embeddable":true,"href":"https:\/\/redoma.com.br\/corporativo\/wp-json\/wp\/v2\/users\/1"}],"replies":[{"embeddable":true,"href":"https:\/\/redoma.com.br\/corporativo\/wp-json\/wp\/v2\/comments?post=1970"}],"version-history":[{"count":1,"href":"https:\/\/redoma.com.br\/corporativo\/wp-json\/wp\/v2\/pages\/1970\/revisions"}],"predecessor-version":[{"id":1974,"href":"https:\/\/redoma.com.br\/corporativo\/wp-json\/wp\/v2\/pages\/1970\/revisions\/1974"}],"up":[{"embeddable":true,"href":"https:\/\/redoma.com.br\/corporativo\/wp-json\/wp\/v2\/pages\/1883"}],"wp:featuredmedia":[{"embeddable":true,"href":"https:\/\/redoma.com.br\/corporativo\/wp-json\/wp\/v2\/media\/1973"}],"wp:attachment":[{"href":"https:\/\/redoma.com.br\/corporativo\/wp-json\/wp\/v2\/media?parent=1970"}],"curies":[{"name":"wp","href":"https:\/\/api.w.org\/{rel}","templated":true}]}}