
{"id":1964,"date":"2021-05-05T22:36:24","date_gmt":"2021-05-06T01:36:24","guid":{"rendered":"https:\/\/novo.redoma.com.br\/?page_id=1964"},"modified":"2024-06-11T18:27:39","modified_gmt":"2024-06-11T21:27:39","slug":"calendario-de-mesa-personalizado","status":"publish","type":"page","link":"https:\/\/redoma.com.br\/corporativo\/informacoes\/calendarios\/calendario-de-mesa-personalizado\/","title":{"rendered":"CALEND\u00c1RIO DE MESA PERSONALIZADO"},"content":{"rendered":"<div class=\"wpb-content-wrapper\"><p>[vc_row][vc_column][vc_column_text]<\/p>\n<h2>TENHA UM CALEND\u00c1RIO DE MESA PERSONALIZADO<\/h2>\n<p>O\u00a0calend\u00e1rio de mesa personalizado\u00a0\u00e9 uma excelente op\u00e7\u00e3o de brinde corporativo de final de ano, al\u00e9m de atender perfeitamente \u00e0 necessidade de padroniza\u00e7\u00e3o de material de escrit\u00f3rio, para ser usado por equipes internas no dia a dia empresarial. O\u00a0calend\u00e1rio de mesa personalizado\u00a0ajuda a organizar os compromissos\u00a0de trabalho e a rotina pessoal. \u00c9 um item funcional e com estilo vers\u00e1til, podendo ser usado em todos os tipos de ambientes.<\/p>\n<h2>COMO CRIAR UM CALEND\u00c1RIO DE MESA PERSONALIZADO?<\/h2>\n<p>Quando o objetivo \u00e9 usar o calend\u00e1rio para fortalecimento de uma marca, por meio de uma propaganda criativa e sutil, o ideal \u00e9 adotar as cores e o logotipo da empresa no material. Dessa forma, o calend\u00e1rio de mesa pode ser usado como um brinde.<\/p>\n<p>Tamb\u00e9m \u00e9 poss\u00edvel adotar o\u00a0calend\u00e1rio de mesa personalizado\u00a0dentro das corpora\u00e7\u00f5es, a fim de expor a identidade da empresa em todos os ambientes corporativos.<\/p>\n<p>Para escolher o\u00a0calend\u00e1rio de mesa personalizado, \u00e9 preciso contar com o suporte de uma gr\u00e1fica especializada, como a Redoma. A empresa oferece o calend\u00e1rio em diversos formatos e cores. Al\u00e9m disso, o material conta com \u00e1rea para anota\u00e7\u00f5es. O modelo mais comum de calend\u00e1rio para mesa \u00e9 o Triangular, um estilo cl\u00e1ssico e presente em diversas organiza\u00e7\u00f5es.<\/p>\n<p>Ap\u00f3s a escolha do modelo que ser\u00e1 usado para a confec\u00e7\u00e3o do\u00a0calend\u00e1rio de mesa personalizado, \u00e9 feita a defini\u00e7\u00e3o da arte e da imagem que ir\u00e3o compor o material. O projeto \u00e9 totalmente definido de acordo com o gosto do cliente.<\/p>\n<h2>FA\u00c7A O PROJETO DO CALEND\u00c1RIO DE MESA PERSONALIZADO COM A GR\u00c1FICA REDOMA<\/h2>\n<p>S\u00f3 quem possui mais de 40 anos de mercado e \u00e9 especialista em brindes corporativos pode executar projetos de calend\u00e1rios personalizados com perfei\u00e7\u00e3o e alto padr\u00e3o de qualidade. A Redoma \u00e9 uma gr\u00e1fica com tradi\u00e7\u00e3o no mercado e que trabalha com criatividade, inova\u00e7\u00e3o e intelig\u00eancia. A empresa ocupa uma \u00e1rea de 11.000 m\u00b2, em Cajamar, S\u00e3o Paulo.<\/p>\n<h2>COMPROMISSO E CRIATIVIDADE NA CRIA\u00c7\u00c3O DE CALEND\u00c1RIO DE MESA PERSONALIZADO<\/h2>\n<p>Conhe\u00e7a o cat\u00e1logo de produtos da gr\u00e1fica Redoma e veja os modelos de\u00a0calend\u00e1rio de mesa personalizado. Entre em contato com a equipe de atendimento ao cliente para solicitar um or\u00e7amento sob medida para o seu projeto!<\/p>\n<h2>PARA SABER MAIS SOBRE CALEND\u00c1RIO DE MESA PERSONALIZADO<\/h2>\n<p>Ligue para\u00a011 4448-7300\u00a0ou mande e-mail para:\u00a0atendimento@redoma.com.br[\/vc_column_text][\/vc_column][\/vc_row][vc_row][vc_column][vc_media_grid grid_id=&#8221;vc_gid:1718141232503-f9d980e7-d2b4-7&#8243; include=&#8221;6696,6699,6697&#8243;][\/vc_column][\/vc_row]<\/p>\n<\/div>","protected":false},"excerpt":{"rendered":"<p>[vc_row][vc_column][vc_column_text] TENHA UM CALEND\u00c1RIO DE MESA PERSONALIZADO O\u00a0calend\u00e1rio de mesa personalizado\u00a0\u00e9 uma excelente op\u00e7\u00e3o de brinde corporativo de final de ano, al\u00e9m de atender perfeitamente \u00e0 necessidade de padroniza\u00e7\u00e3o de material de escrit\u00f3rio, para ser usado por equipes internas no dia a dia empresarial. O\u00a0calend\u00e1rio de mesa personalizado\u00a0ajuda a organizar os compromissos\u00a0de trabalho e a&hellip;<\/p>\n","protected":false},"author":1,"featured_media":6698,"parent":1883,"menu_order":0,"comment_status":"closed","ping_status":"closed","template":"","meta":{"footnotes":""},"class_list":["post-1964","page","type-page","status-publish","has-post-thumbnail","hentry","description-off"],"yoast_head":"<!-- This site is optimized with the Yoast SEO plugin v26.8 - https:\/\/yoast.com\/product\/yoast-seo-wordpress\/ -->\n<title>CALEND\u00c1RIO DE MESA PERSONALIZADO - Redoma - Brindes Corporativos<\/title>\n<meta name=\"robots\" content=\"index, follow, max-snippet:-1, max-image-preview:large, max-video-preview:-1\" \/>\n<link rel=\"canonical\" href=\"https:\/\/redoma.com.br\/corporativo\/informacoes\/calendarios\/calendario-de-mesa-personalizado\/\" \/>\n<meta property=\"og:locale\" content=\"pt_BR\" \/>\n<meta property=\"og:type\" content=\"article\" \/>\n<meta property=\"og:title\" content=\"CALEND\u00c1RIO DE MESA PERSONALIZADO - Redoma - Brindes Corporativos\" \/>\n<meta property=\"og:description\" content=\"[vc_row][vc_column][vc_column_text] TENHA UM CALEND\u00c1RIO DE MESA PERSONALIZADO O\u00a0calend\u00e1rio de mesa personalizado\u00a0\u00e9 uma excelente op\u00e7\u00e3o de brinde corporativo de final de ano, al\u00e9m de atender perfeitamente \u00e0 necessidade de padroniza\u00e7\u00e3o de material de escrit\u00f3rio, para ser usado por equipes internas no dia a dia empresarial. O\u00a0calend\u00e1rio de mesa personalizado\u00a0ajuda a organizar os compromissos\u00a0de trabalho e a&hellip;\" \/>\n<meta property=\"og:url\" content=\"https:\/\/redoma.com.br\/corporativo\/informacoes\/calendarios\/calendario-de-mesa-personalizado\/\" \/>\n<meta property=\"og:site_name\" content=\"Redoma - Brindes Corporativos\" \/>\n<meta property=\"article:modified_time\" content=\"2024-06-11T21:27:39+00:00\" \/>\n<meta property=\"og:image\" content=\"https:\/\/redoma.com.br\/corporativo\/wp-content\/uploads\/2024\/06\/0002_03-calendarios.png\" \/>\n\t<meta property=\"og:image:width\" content=\"480\" \/>\n\t<meta property=\"og:image:height\" content=\"480\" \/>\n\t<meta property=\"og:image:type\" content=\"image\/png\" \/>\n<meta name=\"twitter:card\" content=\"summary_large_image\" \/>\n<meta name=\"twitter:label1\" content=\"Est. tempo de leitura\" \/>\n\t<meta name=\"twitter:data1\" content=\"2 minutos\" \/>\n<script type=\"application\/ld+json\" class=\"yoast-schema-graph\">{\"@context\":\"https:\/\/schema.org\",\"@graph\":[{\"@type\":\"WebPage\",\"@id\":\"https:\/\/redoma.com.br\/corporativo\/informacoes\/calendarios\/calendario-de-mesa-personalizado\/\",\"url\":\"https:\/\/redoma.com.br\/corporativo\/informacoes\/calendarios\/calendario-de-mesa-personalizado\/\",\"name\":\"CALEND\u00c1RIO DE MESA PERSONALIZADO - Redoma - Brindes Corporativos\",\"isPartOf\":{\"@id\":\"https:\/\/redoma.com.br\/corporativo\/#website\"},\"primaryImageOfPage\":{\"@id\":\"https:\/\/redoma.com.br\/corporativo\/informacoes\/calendarios\/calendario-de-mesa-personalizado\/#primaryimage\"},\"image\":{\"@id\":\"https:\/\/redoma.com.br\/corporativo\/informacoes\/calendarios\/calendario-de-mesa-personalizado\/#primaryimage\"},\"thumbnailUrl\":\"https:\/\/redoma.com.br\/corporativo\/wp-content\/uploads\/2024\/06\/0002_03-calendarios.png\",\"datePublished\":\"2021-05-06T01:36:24+00:00\",\"dateModified\":\"2024-06-11T21:27:39+00:00\",\"breadcrumb\":{\"@id\":\"https:\/\/redoma.com.br\/corporativo\/informacoes\/calendarios\/calendario-de-mesa-personalizado\/#breadcrumb\"},\"inLanguage\":\"pt-BR\",\"potentialAction\":[{\"@type\":\"ReadAction\",\"target\":[\"https:\/\/redoma.com.br\/corporativo\/informacoes\/calendarios\/calendario-de-mesa-personalizado\/\"]}]},{\"@type\":\"ImageObject\",\"inLanguage\":\"pt-BR\",\"@id\":\"https:\/\/redoma.com.br\/corporativo\/informacoes\/calendarios\/calendario-de-mesa-personalizado\/#primaryimage\",\"url\":\"https:\/\/redoma.com.br\/corporativo\/wp-content\/uploads\/2024\/06\/0002_03-calendarios.png\",\"contentUrl\":\"https:\/\/redoma.com.br\/corporativo\/wp-content\/uploads\/2024\/06\/0002_03-calendarios.png\",\"width\":480,\"height\":480},{\"@type\":\"BreadcrumbList\",\"@id\":\"https:\/\/redoma.com.br\/corporativo\/informacoes\/calendarios\/calendario-de-mesa-personalizado\/#breadcrumb\",\"itemListElement\":[{\"@type\":\"ListItem\",\"position\":1,\"name\":\"In\u00edcio\",\"item\":\"https:\/\/redoma.com.br\/corporativo\/\"},{\"@type\":\"ListItem\",\"position\":2,\"name\":\"Informa\u00e7\u00f5es\",\"item\":\"https:\/\/redoma.com.br\/corporativo\/informacoes\/\"},{\"@type\":\"ListItem\",\"position\":3,\"name\":\"Calend\u00e1rios\",\"item\":\"https:\/\/redoma.com.br\/corporativo\/informacoes\/calendarios\/\"},{\"@type\":\"ListItem\",\"position\":4,\"name\":\"CALEND\u00c1RIO DE MESA PERSONALIZADO\"}]},{\"@type\":\"WebSite\",\"@id\":\"https:\/\/redoma.com.br\/corporativo\/#website\",\"url\":\"https:\/\/redoma.com.br\/corporativo\/\",\"name\":\"Redoma - Brindes Corporativos\",\"description\":\"Produzimos Agenda Personalizada, Calend\u00e1rio Financeiro, Planner Personalizado, Caderno Personalizado, Caderneta personalizada e mais\",\"potentialAction\":[{\"@type\":\"SearchAction\",\"target\":{\"@type\":\"EntryPoint\",\"urlTemplate\":\"https:\/\/redoma.com.br\/corporativo\/?s={search_term_string}\"},\"query-input\":{\"@type\":\"PropertyValueSpecification\",\"valueRequired\":true,\"valueName\":\"search_term_string\"}}],\"inLanguage\":\"pt-BR\"}]}<\/script>\n<!-- \/ Yoast SEO plugin. -->","yoast_head_json":{"title":"CALEND\u00c1RIO DE MESA PERSONALIZADO - Redoma - Brindes Corporativos","robots":{"index":"index","follow":"follow","max-snippet":"max-snippet:-1","max-image-preview":"max-image-preview:large","max-video-preview":"max-video-preview:-1"},"canonical":"https:\/\/redoma.com.br\/corporativo\/informacoes\/calendarios\/calendario-de-mesa-personalizado\/","og_locale":"pt_BR","og_type":"article","og_title":"CALEND\u00c1RIO DE MESA PERSONALIZADO - Redoma - Brindes Corporativos","og_description":"[vc_row][vc_column][vc_column_text] TENHA UM CALEND\u00c1RIO DE MESA PERSONALIZADO O\u00a0calend\u00e1rio de mesa personalizado\u00a0\u00e9 uma excelente op\u00e7\u00e3o de brinde corporativo de final de ano, al\u00e9m de atender perfeitamente \u00e0 necessidade de padroniza\u00e7\u00e3o de material de escrit\u00f3rio, para ser usado por equipes internas no dia a dia empresarial. O\u00a0calend\u00e1rio de mesa personalizado\u00a0ajuda a organizar os compromissos\u00a0de trabalho e a&hellip;","og_url":"https:\/\/redoma.com.br\/corporativo\/informacoes\/calendarios\/calendario-de-mesa-personalizado\/","og_site_name":"Redoma - Brindes Corporativos","article_modified_time":"2024-06-11T21:27:39+00:00","og_image":[{"width":480,"height":480,"url":"https:\/\/redoma.com.br\/corporativo\/wp-content\/uploads\/2024\/06\/0002_03-calendarios.png","type":"image\/png"}],"twitter_card":"summary_large_image","twitter_misc":{"Est. tempo de leitura":"2 minutos"},"schema":{"@context":"https:\/\/schema.org","@graph":[{"@type":"WebPage","@id":"https:\/\/redoma.com.br\/corporativo\/informacoes\/calendarios\/calendario-de-mesa-personalizado\/","url":"https:\/\/redoma.com.br\/corporativo\/informacoes\/calendarios\/calendario-de-mesa-personalizado\/","name":"CALEND\u00c1RIO DE MESA PERSONALIZADO - Redoma - Brindes Corporativos","isPartOf":{"@id":"https:\/\/redoma.com.br\/corporativo\/#website"},"primaryImageOfPage":{"@id":"https:\/\/redoma.com.br\/corporativo\/informacoes\/calendarios\/calendario-de-mesa-personalizado\/#primaryimage"},"image":{"@id":"https:\/\/redoma.com.br\/corporativo\/informacoes\/calendarios\/calendario-de-mesa-personalizado\/#primaryimage"},"thumbnailUrl":"https:\/\/redoma.com.br\/corporativo\/wp-content\/uploads\/2024\/06\/0002_03-calendarios.png","datePublished":"2021-05-06T01:36:24+00:00","dateModified":"2024-06-11T21:27:39+00:00","breadcrumb":{"@id":"https:\/\/redoma.com.br\/corporativo\/informacoes\/calendarios\/calendario-de-mesa-personalizado\/#breadcrumb"},"inLanguage":"pt-BR","potentialAction":[{"@type":"ReadAction","target":["https:\/\/redoma.com.br\/corporativo\/informacoes\/calendarios\/calendario-de-mesa-personalizado\/"]}]},{"@type":"ImageObject","inLanguage":"pt-BR","@id":"https:\/\/redoma.com.br\/corporativo\/informacoes\/calendarios\/calendario-de-mesa-personalizado\/#primaryimage","url":"https:\/\/redoma.com.br\/corporativo\/wp-content\/uploads\/2024\/06\/0002_03-calendarios.png","contentUrl":"https:\/\/redoma.com.br\/corporativo\/wp-content\/uploads\/2024\/06\/0002_03-calendarios.png","width":480,"height":480},{"@type":"BreadcrumbList","@id":"https:\/\/redoma.com.br\/corporativo\/informacoes\/calendarios\/calendario-de-mesa-personalizado\/#breadcrumb","itemListElement":[{"@type":"ListItem","position":1,"name":"In\u00edcio","item":"https:\/\/redoma.com.br\/corporativo\/"},{"@type":"ListItem","position":2,"name":"Informa\u00e7\u00f5es","item":"https:\/\/redoma.com.br\/corporativo\/informacoes\/"},{"@type":"ListItem","position":3,"name":"Calend\u00e1rios","item":"https:\/\/redoma.com.br\/corporativo\/informacoes\/calendarios\/"},{"@type":"ListItem","position":4,"name":"CALEND\u00c1RIO DE MESA PERSONALIZADO"}]},{"@type":"WebSite","@id":"https:\/\/redoma.com.br\/corporativo\/#website","url":"https:\/\/redoma.com.br\/corporativo\/","name":"Redoma - Brindes Corporativos","description":"Produzimos Agenda Personalizada, Calend\u00e1rio Financeiro, Planner Personalizado, Caderno Personalizado, Caderneta personalizada e mais","potentialAction":[{"@type":"SearchAction","target":{"@type":"EntryPoint","urlTemplate":"https:\/\/redoma.com.br\/corporativo\/?s={search_term_string}"},"query-input":{"@type":"PropertyValueSpecification","valueRequired":true,"valueName":"search_term_string"}}],"inLanguage":"pt-BR"}]}},"_links":{"self":[{"href":"https:\/\/redoma.com.br\/corporativo\/wp-json\/wp\/v2\/pages\/1964","targetHints":{"allow":["GET"]}}],"collection":[{"href":"https:\/\/redoma.com.br\/corporativo\/wp-json\/wp\/v2\/pages"}],"about":[{"href":"https:\/\/redoma.com.br\/corporativo\/wp-json\/wp\/v2\/types\/page"}],"author":[{"embeddable":true,"href":"https:\/\/redoma.com.br\/corporativo\/wp-json\/wp\/v2\/users\/1"}],"replies":[{"embeddable":true,"href":"https:\/\/redoma.com.br\/corporativo\/wp-json\/wp\/v2\/comments?post=1964"}],"version-history":[{"count":3,"href":"https:\/\/redoma.com.br\/corporativo\/wp-json\/wp\/v2\/pages\/1964\/revisions"}],"predecessor-version":[{"id":6701,"href":"https:\/\/redoma.com.br\/corporativo\/wp-json\/wp\/v2\/pages\/1964\/revisions\/6701"}],"up":[{"embeddable":true,"href":"https:\/\/redoma.com.br\/corporativo\/wp-json\/wp\/v2\/pages\/1883"}],"wp:featuredmedia":[{"embeddable":true,"href":"https:\/\/redoma.com.br\/corporativo\/wp-json\/wp\/v2\/media\/6698"}],"wp:attachment":[{"href":"https:\/\/redoma.com.br\/corporativo\/wp-json\/wp\/v2\/media?parent=1964"}],"curies":[{"name":"wp","href":"https:\/\/api.w.org\/{rel}","templated":true}]}}