
{"id":1954,"date":"2021-05-05T22:31:59","date_gmt":"2021-05-06T01:31:59","guid":{"rendered":"https:\/\/novo.redoma.com.br\/?page_id=1954"},"modified":"2021-05-05T22:31:59","modified_gmt":"2021-05-06T01:31:59","slug":"risque-e-rabisque-personalizado","status":"publish","type":"page","link":"https:\/\/redoma.com.br\/corporativo\/informacoes\/blocos\/risque-e-rabisque-personalizado\/","title":{"rendered":"RISQUE E RABISQUE PERSONALIZADO"},"content":{"rendered":"<div class=\"wpb-content-wrapper\"><p>[vc_row][vc_column][vc_column_text]<\/p>\n<h2>SOLICITE RISQUE E RABISQUE PERSONALIZADO \u00c0 GR\u00c1FICA REDOMA<\/h2>\n<p>O\u00a0risque e rabisque personalizado\u00a0\u00e9 uma forma interativa e l\u00fadica de organiza\u00e7\u00e3o pessoal ou brinde corporativo. Normalmente, \u00e9 usado em escrit\u00f3rios como agenda ou espa\u00e7o para pequenas anota\u00e7\u00f5es. O risque e rabisque\u00a0\u00e9 tamb\u00e9m conhecido por sua funcionalidade em planejamentos de comunica\u00e7\u00e3o visual para empresas e, por isso, contempla o uso da logomarca de cada corpora\u00e7\u00e3o\u00a0no design do material.<\/p>\n<p>O\u00a0risque e rabisque personalizado\u00a0pode ser usado como brinde corporativo e como um m\u00e9todo diferenciado de promo\u00e7\u00e3o e fixa\u00e7\u00e3o de uma marca. O produto garante um excelente custo-benef\u00edcio.<\/p>\n<h2>COMO CRIAR UM RISQUE E RABISQUE PERSONALIZADO PARA A SUA MARCA<\/h2>\n<p>A partir da escolha inteligente de uma gr\u00e1fica competente e criativa, \u00e9 poss\u00edvel confeccionar um\u00a0risque e rabisque personalizado, com todos os elementos essenciais para valorizar a atua\u00e7\u00e3o e o posicionamento de uma empresa. O processo criativo do risque e rabisque\u00a0consiste em:<\/p>\n<ul class=\"list\">\n<li>Cores:\u00a0a escolha de cores para o design do\u00a0risque e rabisque personalizado\u00a0deve estar de acordo com a identidade visual da empresa.<\/li>\n<li>Logomarca:\u00a0a exposi\u00e7\u00e3o da logomarca no\u00a0risque e rabisque personalizado\u00a0\u00e9 imprescind\u00edvel para que a fixa\u00e7\u00e3o e promo\u00e7\u00e3o da marca alcance o sucesso desejado.<\/li>\n<\/ul>\n<h2>ESCOLHA UMA GR\u00c1FICA COM TRADI\u00c7\u00c3O E CREDIBILIDADE!<\/h2>\n<p>Ao realizar uma busca pelas melhores gr\u00e1ficas para a confec\u00e7\u00e3o de\u00a0risque e rabisque personalizado, \u00e9 importante optar por uma empresa que ofere\u00e7a as melhores condi\u00e7\u00f5es de pagamento, variedade no design, compromisso com o cliente e tamb\u00e9m com o meio ambiente. Vale a pena consultar os cat\u00e1logos a fim de conhecer os modelos e formatos de produtos gr\u00e1ficos oferecidos.<\/p>\n<h2>POR QUE A REDOMA?<\/h2>\n<p>A Redoma \u00e9 a gr\u00e1fica mais qualificada para a presta\u00e7\u00e3o de servi\u00e7os voltados aos brindes corporativos e, por isso, \u00e9 a melhor escolha para a confec\u00e7\u00e3o de\u00a0risque e rabisque personalizado. A Redoma conta com uma equipe especializada e com materiais de qualidade comprovada, que atendem ao compromisso firmado pela gr\u00e1fica com a preserva\u00e7\u00e3o do meio ambiente.<\/p>\n<p>A Redoma est\u00e1 presente no mercado, com produtos 100% nacionais, h\u00e1 mais de 40 anos, possuindo experi\u00eancia e qualifica\u00e7\u00e3o necess\u00e1rias para que todo projeto de risque e rabisque\u00a0obtenha sucesso na promo\u00e7\u00e3o das marcas de seus clientes.<\/p>\n<p>Consulte os cat\u00e1logos da gr\u00e1fica Redoma para conhecer mais sobre os produtos, em especial o\u00a0risque e rabisque personalizado. Entre em contato e realize o or\u00e7amento de seu projeto.<\/p>\n<h2>PARA SABER MAIS SOBRE RISQUE E RABISQUE PERSONALIZADO<\/h2>\n<p>Ligue para\u00a011 4448-7300\u00a0ou mande e-mail para:\u00a0atendimento@redoma.com.br[\/vc_column_text][\/vc_column][\/vc_row][vc_row][vc_column][vc_media_grid grid_id=&#8221;vc_gid:1620264702134-ddae4d84-fcf8-9&#8243; include=&#8221;1948,1950,1949&#8243;][\/vc_column][\/vc_row]<\/p>\n<\/div>","protected":false},"excerpt":{"rendered":"<p>[vc_row][vc_column][vc_column_text] SOLICITE RISQUE E RABISQUE PERSONALIZADO \u00c0 GR\u00c1FICA REDOMA O\u00a0risque e rabisque personalizado\u00a0\u00e9 uma forma interativa e l\u00fadica de organiza\u00e7\u00e3o pessoal ou brinde corporativo. Normalmente, \u00e9 usado em escrit\u00f3rios como agenda ou espa\u00e7o para pequenas anota\u00e7\u00f5es. O risque e rabisque\u00a0\u00e9 tamb\u00e9m conhecido por sua funcionalidade em planejamentos de comunica\u00e7\u00e3o visual para empresas e, por isso,&hellip;<\/p>\n","protected":false},"author":1,"featured_media":1948,"parent":1880,"menu_order":0,"comment_status":"closed","ping_status":"closed","template":"","meta":{"footnotes":""},"class_list":["post-1954","page","type-page","status-publish","has-post-thumbnail","hentry","description-off"],"yoast_head":"<!-- This site is optimized with the Yoast SEO plugin v26.8 - https:\/\/yoast.com\/product\/yoast-seo-wordpress\/ -->\n<title>RISQUE E RABISQUE PERSONALIZADO - Redoma - Brindes Corporativos<\/title>\n<meta name=\"robots\" content=\"index, follow, max-snippet:-1, max-image-preview:large, max-video-preview:-1\" \/>\n<link rel=\"canonical\" href=\"https:\/\/redoma.com.br\/corporativo\/informacoes\/blocos\/risque-e-rabisque-personalizado\/\" \/>\n<meta property=\"og:locale\" content=\"pt_BR\" \/>\n<meta property=\"og:type\" content=\"article\" \/>\n<meta property=\"og:title\" content=\"RISQUE E RABISQUE PERSONALIZADO - Redoma - Brindes Corporativos\" \/>\n<meta property=\"og:description\" content=\"[vc_row][vc_column][vc_column_text] SOLICITE RISQUE E RABISQUE PERSONALIZADO \u00c0 GR\u00c1FICA REDOMA O\u00a0risque e rabisque personalizado\u00a0\u00e9 uma forma interativa e l\u00fadica de organiza\u00e7\u00e3o pessoal ou brinde corporativo. Normalmente, \u00e9 usado em escrit\u00f3rios como agenda ou espa\u00e7o para pequenas anota\u00e7\u00f5es. O risque e rabisque\u00a0\u00e9 tamb\u00e9m conhecido por sua funcionalidade em planejamentos de comunica\u00e7\u00e3o visual para empresas e, por isso,&hellip;\" \/>\n<meta property=\"og:url\" content=\"https:\/\/redoma.com.br\/corporativo\/informacoes\/blocos\/risque-e-rabisque-personalizado\/\" \/>\n<meta property=\"og:site_name\" content=\"Redoma - Brindes Corporativos\" \/>\n<meta property=\"og:image\" content=\"https:\/\/redoma.com.br\/corporativo\/wp-content\/uploads\/2021\/05\/fabrica_risque_e_rabisque_03.jpg\" \/>\n\t<meta property=\"og:image:width\" content=\"480\" \/>\n\t<meta property=\"og:image:height\" content=\"480\" \/>\n\t<meta property=\"og:image:type\" content=\"image\/jpeg\" \/>\n<meta name=\"twitter:card\" content=\"summary_large_image\" \/>\n<meta name=\"twitter:label1\" content=\"Est. tempo de leitura\" \/>\n\t<meta name=\"twitter:data1\" content=\"2 minutos\" \/>\n<script type=\"application\/ld+json\" class=\"yoast-schema-graph\">{\"@context\":\"https:\/\/schema.org\",\"@graph\":[{\"@type\":\"WebPage\",\"@id\":\"https:\/\/redoma.com.br\/corporativo\/informacoes\/blocos\/risque-e-rabisque-personalizado\/\",\"url\":\"https:\/\/redoma.com.br\/corporativo\/informacoes\/blocos\/risque-e-rabisque-personalizado\/\",\"name\":\"RISQUE E RABISQUE PERSONALIZADO - Redoma - Brindes Corporativos\",\"isPartOf\":{\"@id\":\"https:\/\/redoma.com.br\/corporativo\/#website\"},\"primaryImageOfPage\":{\"@id\":\"https:\/\/redoma.com.br\/corporativo\/informacoes\/blocos\/risque-e-rabisque-personalizado\/#primaryimage\"},\"image\":{\"@id\":\"https:\/\/redoma.com.br\/corporativo\/informacoes\/blocos\/risque-e-rabisque-personalizado\/#primaryimage\"},\"thumbnailUrl\":\"https:\/\/redoma.com.br\/corporativo\/wp-content\/uploads\/2021\/05\/fabrica_risque_e_rabisque_03.jpg\",\"datePublished\":\"2021-05-06T01:31:59+00:00\",\"breadcrumb\":{\"@id\":\"https:\/\/redoma.com.br\/corporativo\/informacoes\/blocos\/risque-e-rabisque-personalizado\/#breadcrumb\"},\"inLanguage\":\"pt-BR\",\"potentialAction\":[{\"@type\":\"ReadAction\",\"target\":[\"https:\/\/redoma.com.br\/corporativo\/informacoes\/blocos\/risque-e-rabisque-personalizado\/\"]}]},{\"@type\":\"ImageObject\",\"inLanguage\":\"pt-BR\",\"@id\":\"https:\/\/redoma.com.br\/corporativo\/informacoes\/blocos\/risque-e-rabisque-personalizado\/#primaryimage\",\"url\":\"https:\/\/redoma.com.br\/corporativo\/wp-content\/uploads\/2021\/05\/fabrica_risque_e_rabisque_03.jpg\",\"contentUrl\":\"https:\/\/redoma.com.br\/corporativo\/wp-content\/uploads\/2021\/05\/fabrica_risque_e_rabisque_03.jpg\",\"width\":480,\"height\":480},{\"@type\":\"BreadcrumbList\",\"@id\":\"https:\/\/redoma.com.br\/corporativo\/informacoes\/blocos\/risque-e-rabisque-personalizado\/#breadcrumb\",\"itemListElement\":[{\"@type\":\"ListItem\",\"position\":1,\"name\":\"In\u00edcio\",\"item\":\"https:\/\/redoma.com.br\/corporativo\/\"},{\"@type\":\"ListItem\",\"position\":2,\"name\":\"Informa\u00e7\u00f5es\",\"item\":\"https:\/\/redoma.com.br\/corporativo\/informacoes\/\"},{\"@type\":\"ListItem\",\"position\":3,\"name\":\"Blocos\",\"item\":\"https:\/\/redoma.com.br\/corporativo\/informacoes\/blocos\/\"},{\"@type\":\"ListItem\",\"position\":4,\"name\":\"RISQUE E RABISQUE PERSONALIZADO\"}]},{\"@type\":\"WebSite\",\"@id\":\"https:\/\/redoma.com.br\/corporativo\/#website\",\"url\":\"https:\/\/redoma.com.br\/corporativo\/\",\"name\":\"Redoma - Brindes Corporativos\",\"description\":\"Produzimos Agenda Personalizada, Calend\u00e1rio Financeiro, Planner Personalizado, Caderno Personalizado, Caderneta personalizada e mais\",\"potentialAction\":[{\"@type\":\"SearchAction\",\"target\":{\"@type\":\"EntryPoint\",\"urlTemplate\":\"https:\/\/redoma.com.br\/corporativo\/?s={search_term_string}\"},\"query-input\":{\"@type\":\"PropertyValueSpecification\",\"valueRequired\":true,\"valueName\":\"search_term_string\"}}],\"inLanguage\":\"pt-BR\"}]}<\/script>\n<!-- \/ Yoast SEO plugin. -->","yoast_head_json":{"title":"RISQUE E RABISQUE PERSONALIZADO - Redoma - Brindes Corporativos","robots":{"index":"index","follow":"follow","max-snippet":"max-snippet:-1","max-image-preview":"max-image-preview:large","max-video-preview":"max-video-preview:-1"},"canonical":"https:\/\/redoma.com.br\/corporativo\/informacoes\/blocos\/risque-e-rabisque-personalizado\/","og_locale":"pt_BR","og_type":"article","og_title":"RISQUE E RABISQUE PERSONALIZADO - Redoma - Brindes Corporativos","og_description":"[vc_row][vc_column][vc_column_text] SOLICITE RISQUE E RABISQUE PERSONALIZADO \u00c0 GR\u00c1FICA REDOMA O\u00a0risque e rabisque personalizado\u00a0\u00e9 uma forma interativa e l\u00fadica de organiza\u00e7\u00e3o pessoal ou brinde corporativo. Normalmente, \u00e9 usado em escrit\u00f3rios como agenda ou espa\u00e7o para pequenas anota\u00e7\u00f5es. O risque e rabisque\u00a0\u00e9 tamb\u00e9m conhecido por sua funcionalidade em planejamentos de comunica\u00e7\u00e3o visual para empresas e, por isso,&hellip;","og_url":"https:\/\/redoma.com.br\/corporativo\/informacoes\/blocos\/risque-e-rabisque-personalizado\/","og_site_name":"Redoma - Brindes Corporativos","og_image":[{"width":480,"height":480,"url":"https:\/\/redoma.com.br\/corporativo\/wp-content\/uploads\/2021\/05\/fabrica_risque_e_rabisque_03.jpg","type":"image\/jpeg"}],"twitter_card":"summary_large_image","twitter_misc":{"Est. tempo de leitura":"2 minutos"},"schema":{"@context":"https:\/\/schema.org","@graph":[{"@type":"WebPage","@id":"https:\/\/redoma.com.br\/corporativo\/informacoes\/blocos\/risque-e-rabisque-personalizado\/","url":"https:\/\/redoma.com.br\/corporativo\/informacoes\/blocos\/risque-e-rabisque-personalizado\/","name":"RISQUE E RABISQUE PERSONALIZADO - Redoma - Brindes Corporativos","isPartOf":{"@id":"https:\/\/redoma.com.br\/corporativo\/#website"},"primaryImageOfPage":{"@id":"https:\/\/redoma.com.br\/corporativo\/informacoes\/blocos\/risque-e-rabisque-personalizado\/#primaryimage"},"image":{"@id":"https:\/\/redoma.com.br\/corporativo\/informacoes\/blocos\/risque-e-rabisque-personalizado\/#primaryimage"},"thumbnailUrl":"https:\/\/redoma.com.br\/corporativo\/wp-content\/uploads\/2021\/05\/fabrica_risque_e_rabisque_03.jpg","datePublished":"2021-05-06T01:31:59+00:00","breadcrumb":{"@id":"https:\/\/redoma.com.br\/corporativo\/informacoes\/blocos\/risque-e-rabisque-personalizado\/#breadcrumb"},"inLanguage":"pt-BR","potentialAction":[{"@type":"ReadAction","target":["https:\/\/redoma.com.br\/corporativo\/informacoes\/blocos\/risque-e-rabisque-personalizado\/"]}]},{"@type":"ImageObject","inLanguage":"pt-BR","@id":"https:\/\/redoma.com.br\/corporativo\/informacoes\/blocos\/risque-e-rabisque-personalizado\/#primaryimage","url":"https:\/\/redoma.com.br\/corporativo\/wp-content\/uploads\/2021\/05\/fabrica_risque_e_rabisque_03.jpg","contentUrl":"https:\/\/redoma.com.br\/corporativo\/wp-content\/uploads\/2021\/05\/fabrica_risque_e_rabisque_03.jpg","width":480,"height":480},{"@type":"BreadcrumbList","@id":"https:\/\/redoma.com.br\/corporativo\/informacoes\/blocos\/risque-e-rabisque-personalizado\/#breadcrumb","itemListElement":[{"@type":"ListItem","position":1,"name":"In\u00edcio","item":"https:\/\/redoma.com.br\/corporativo\/"},{"@type":"ListItem","position":2,"name":"Informa\u00e7\u00f5es","item":"https:\/\/redoma.com.br\/corporativo\/informacoes\/"},{"@type":"ListItem","position":3,"name":"Blocos","item":"https:\/\/redoma.com.br\/corporativo\/informacoes\/blocos\/"},{"@type":"ListItem","position":4,"name":"RISQUE E RABISQUE PERSONALIZADO"}]},{"@type":"WebSite","@id":"https:\/\/redoma.com.br\/corporativo\/#website","url":"https:\/\/redoma.com.br\/corporativo\/","name":"Redoma - Brindes Corporativos","description":"Produzimos Agenda Personalizada, Calend\u00e1rio Financeiro, Planner Personalizado, Caderno Personalizado, Caderneta personalizada e mais","potentialAction":[{"@type":"SearchAction","target":{"@type":"EntryPoint","urlTemplate":"https:\/\/redoma.com.br\/corporativo\/?s={search_term_string}"},"query-input":{"@type":"PropertyValueSpecification","valueRequired":true,"valueName":"search_term_string"}}],"inLanguage":"pt-BR"}]}},"_links":{"self":[{"href":"https:\/\/redoma.com.br\/corporativo\/wp-json\/wp\/v2\/pages\/1954","targetHints":{"allow":["GET"]}}],"collection":[{"href":"https:\/\/redoma.com.br\/corporativo\/wp-json\/wp\/v2\/pages"}],"about":[{"href":"https:\/\/redoma.com.br\/corporativo\/wp-json\/wp\/v2\/types\/page"}],"author":[{"embeddable":true,"href":"https:\/\/redoma.com.br\/corporativo\/wp-json\/wp\/v2\/users\/1"}],"replies":[{"embeddable":true,"href":"https:\/\/redoma.com.br\/corporativo\/wp-json\/wp\/v2\/comments?post=1954"}],"version-history":[{"count":1,"href":"https:\/\/redoma.com.br\/corporativo\/wp-json\/wp\/v2\/pages\/1954\/revisions"}],"predecessor-version":[{"id":1955,"href":"https:\/\/redoma.com.br\/corporativo\/wp-json\/wp\/v2\/pages\/1954\/revisions\/1955"}],"up":[{"embeddable":true,"href":"https:\/\/redoma.com.br\/corporativo\/wp-json\/wp\/v2\/pages\/1880"}],"wp:featuredmedia":[{"embeddable":true,"href":"https:\/\/redoma.com.br\/corporativo\/wp-json\/wp\/v2\/media\/1948"}],"wp:attachment":[{"href":"https:\/\/redoma.com.br\/corporativo\/wp-json\/wp\/v2\/media?parent=1954"}],"curies":[{"name":"wp","href":"https:\/\/api.w.org\/{rel}","templated":true}]}}