
{"id":1952,"date":"2021-05-05T22:30:55","date_gmt":"2021-05-06T01:30:55","guid":{"rendered":"https:\/\/novo.redoma.com.br\/?page_id=1952"},"modified":"2021-05-05T22:30:55","modified_gmt":"2021-05-06T01:30:55","slug":"risque-e-rabisque-brinde","status":"publish","type":"page","link":"https:\/\/redoma.com.br\/corporativo\/informacoes\/blocos\/risque-e-rabisque-brinde\/","title":{"rendered":"RISQUE E RABISQUE BRINDE"},"content":{"rendered":"<div class=\"wpb-content-wrapper\"><p>[vc_row][vc_column][vc_column_text]<\/p>\n<h2>POR QUE APOSTAR NO RISQUE E RABISQUE BRINDE?<\/h2>\n<p>O\u00a0risque e rabisque brinde\u00a0\u00e9 uma maneira criativa de inovar na promo\u00e7\u00e3o de sua marca atrav\u00e9s de um presente corporativo que promova a fixa\u00e7\u00e3o dos ideais e daquilo que sua empresa acredita. Para a confec\u00e7\u00e3o do\u00a0risque e rabisque brinde\u00a0\u00e9 muito importante fazer uma pesquisa para encontrar uma gr\u00e1fica que seja capaz de garantir as melhores condi\u00e7\u00f5es de pre\u00e7o, variedade de estilos, cores, acabamentos e materiais, pois, dessa forma, a empresa interessada ir\u00e1 obter sucesso com seu objetivo de marketing utilizando o risque e rabisque.<\/p>\n<h2>QUAIS AS VANTAGENS DO RISQUE E RABISQUE BRINDE?<\/h2>\n<p>Ao escolher um\u00a0risque e rabisque brinde, o cliente pode definir uma s\u00e9rie de elementos customizados, como:<\/p>\n<ul class=\"list\">\n<li>Personaliza\u00e7\u00e3o:\u00a0com\u00a0risque e rabisque brinde, \u00e9 poss\u00edvel personalizar o material de acordo com os detalhes de cada marca, como logomarca, cores e imagens.<\/li>\n<li>Utilidade:\u00a0ao contr\u00e1rio de outras formas de marketing, o\u00a0risque e rabisque brinde\u00a0tem funcionalidade e \u00e9 ideal para empresas que realizam planejamentos ou projetos sazonais.<\/li>\n<li>Aproxima\u00e7\u00e3o com o p\u00fablico de interesse:\u00a0com o\u00a0risque e rabisque brinde, as marcas podem, al\u00e9m de se relacionar de forma mais pr\u00f3xima com seus clientes finais, conquistar importantes empresas parceiras.<\/li>\n<li>Associa\u00e7\u00e3o positiva de uma marca:\u00a0ao optar por materiais qualificados e ecol\u00f3gicos para a composi\u00e7\u00e3o de um risque e rabisque, a empresa assume um papel sustent\u00e1vel e favorece sua imagem corporativa.<\/li>\n<\/ul>\n<h2>QUAL GR\u00c1FICA ESCOLHER PARA PRODUZIR RISQUE E RABISQUE BRINDE?<\/h2>\n<p>Para atender a todas as vantagens que o\u00a0risque e rabisque brinde\u00a0proporciona \u00e9 importante fazer a escolha da gr\u00e1fica certa para se responsabilizar pela confec\u00e7\u00e3o dos brindes. A Gr\u00e1fica Redoma \u00e9 a melhor escolha para risque e rabisque no Brasil. Ela tem uma atua\u00e7\u00e3o nacional de mais de 40 anos, com total experi\u00eancia no segmento de presentes corporativos e de papelaria.<\/p>\n<p>A Redoma conta com uma equipe treinada, equipamentos inovadores e excelente planta fabril para a confec\u00e7\u00e3o de seus produtos. A empresa respeita o prazo assumido com os clientes e \u00e9 uma gr\u00e1fica amiga do meio ambiente, j\u00e1 que assume a responsabilidade de usar apenas materiais provenientes de fontes renov\u00e1veis.<\/p>\n<p>Escolha a gr\u00e1fica mais qualificada do mercado para a confec\u00e7\u00e3o de seu risque e rabisque! Conhe\u00e7a os cat\u00e1logos da Redoma e entre em contato para fazer um or\u00e7amento sem compromisso!<\/p>\n<h2>PARA SABER MAIS SOBRE RISQUE E RABISQUE BRINDE<\/h2>\n<p>Ligue para\u00a011 4448-7300\u00a0ou mande e-mail para:\u00a0atendimento@redoma.com.br[\/vc_column_text][\/vc_column][\/vc_row][vc_row][vc_column][vc_media_grid grid_id=&#8221;vc_gid:1620264629062-8aeff852-9914-4&#8243; include=&#8221;1949,1950,1948&#8243;][\/vc_column][\/vc_row]<\/p>\n<\/div>","protected":false},"excerpt":{"rendered":"<p>[vc_row][vc_column][vc_column_text] POR QUE APOSTAR NO RISQUE E RABISQUE BRINDE? O\u00a0risque e rabisque brinde\u00a0\u00e9 uma maneira criativa de inovar na promo\u00e7\u00e3o de sua marca atrav\u00e9s de um presente corporativo que promova a fixa\u00e7\u00e3o dos ideais e daquilo que sua empresa acredita. Para a confec\u00e7\u00e3o do\u00a0risque e rabisque brinde\u00a0\u00e9 muito importante fazer uma pesquisa para encontrar uma&hellip;<\/p>\n","protected":false},"author":1,"featured_media":1949,"parent":1880,"menu_order":0,"comment_status":"closed","ping_status":"closed","template":"","meta":{"footnotes":""},"class_list":["post-1952","page","type-page","status-publish","has-post-thumbnail","hentry","description-off"],"yoast_head":"<!-- This site is optimized with the Yoast SEO plugin v26.8 - https:\/\/yoast.com\/product\/yoast-seo-wordpress\/ -->\n<title>RISQUE E RABISQUE BRINDE - Redoma - Brindes Corporativos<\/title>\n<meta name=\"robots\" content=\"index, follow, max-snippet:-1, max-image-preview:large, max-video-preview:-1\" \/>\n<link rel=\"canonical\" href=\"https:\/\/redoma.com.br\/corporativo\/informacoes\/blocos\/risque-e-rabisque-brinde\/\" \/>\n<meta property=\"og:locale\" content=\"pt_BR\" \/>\n<meta property=\"og:type\" content=\"article\" \/>\n<meta property=\"og:title\" content=\"RISQUE E RABISQUE BRINDE - Redoma - Brindes Corporativos\" \/>\n<meta property=\"og:description\" content=\"[vc_row][vc_column][vc_column_text] POR QUE APOSTAR NO RISQUE E RABISQUE BRINDE? O\u00a0risque e rabisque brinde\u00a0\u00e9 uma maneira criativa de inovar na promo\u00e7\u00e3o de sua marca atrav\u00e9s de um presente corporativo que promova a fixa\u00e7\u00e3o dos ideais e daquilo que sua empresa acredita. Para a confec\u00e7\u00e3o do\u00a0risque e rabisque brinde\u00a0\u00e9 muito importante fazer uma pesquisa para encontrar uma&hellip;\" \/>\n<meta property=\"og:url\" content=\"https:\/\/redoma.com.br\/corporativo\/informacoes\/blocos\/risque-e-rabisque-brinde\/\" \/>\n<meta property=\"og:site_name\" content=\"Redoma - Brindes Corporativos\" \/>\n<meta property=\"og:image\" content=\"https:\/\/redoma.com.br\/corporativo\/wp-content\/uploads\/2021\/05\/fabrica_risque_e_rabisque_02.jpg\" \/>\n\t<meta property=\"og:image:width\" content=\"480\" \/>\n\t<meta property=\"og:image:height\" content=\"480\" \/>\n\t<meta property=\"og:image:type\" content=\"image\/jpeg\" \/>\n<meta name=\"twitter:card\" content=\"summary_large_image\" \/>\n<meta name=\"twitter:label1\" content=\"Est. tempo de leitura\" \/>\n\t<meta name=\"twitter:data1\" content=\"2 minutos\" \/>\n<script type=\"application\/ld+json\" class=\"yoast-schema-graph\">{\"@context\":\"https:\/\/schema.org\",\"@graph\":[{\"@type\":\"WebPage\",\"@id\":\"https:\/\/redoma.com.br\/corporativo\/informacoes\/blocos\/risque-e-rabisque-brinde\/\",\"url\":\"https:\/\/redoma.com.br\/corporativo\/informacoes\/blocos\/risque-e-rabisque-brinde\/\",\"name\":\"RISQUE E RABISQUE BRINDE - Redoma - Brindes Corporativos\",\"isPartOf\":{\"@id\":\"https:\/\/redoma.com.br\/corporativo\/#website\"},\"primaryImageOfPage\":{\"@id\":\"https:\/\/redoma.com.br\/corporativo\/informacoes\/blocos\/risque-e-rabisque-brinde\/#primaryimage\"},\"image\":{\"@id\":\"https:\/\/redoma.com.br\/corporativo\/informacoes\/blocos\/risque-e-rabisque-brinde\/#primaryimage\"},\"thumbnailUrl\":\"https:\/\/redoma.com.br\/corporativo\/wp-content\/uploads\/2021\/05\/fabrica_risque_e_rabisque_02.jpg\",\"datePublished\":\"2021-05-06T01:30:55+00:00\",\"breadcrumb\":{\"@id\":\"https:\/\/redoma.com.br\/corporativo\/informacoes\/blocos\/risque-e-rabisque-brinde\/#breadcrumb\"},\"inLanguage\":\"pt-BR\",\"potentialAction\":[{\"@type\":\"ReadAction\",\"target\":[\"https:\/\/redoma.com.br\/corporativo\/informacoes\/blocos\/risque-e-rabisque-brinde\/\"]}]},{\"@type\":\"ImageObject\",\"inLanguage\":\"pt-BR\",\"@id\":\"https:\/\/redoma.com.br\/corporativo\/informacoes\/blocos\/risque-e-rabisque-brinde\/#primaryimage\",\"url\":\"https:\/\/redoma.com.br\/corporativo\/wp-content\/uploads\/2021\/05\/fabrica_risque_e_rabisque_02.jpg\",\"contentUrl\":\"https:\/\/redoma.com.br\/corporativo\/wp-content\/uploads\/2021\/05\/fabrica_risque_e_rabisque_02.jpg\",\"width\":480,\"height\":480},{\"@type\":\"BreadcrumbList\",\"@id\":\"https:\/\/redoma.com.br\/corporativo\/informacoes\/blocos\/risque-e-rabisque-brinde\/#breadcrumb\",\"itemListElement\":[{\"@type\":\"ListItem\",\"position\":1,\"name\":\"In\u00edcio\",\"item\":\"https:\/\/redoma.com.br\/corporativo\/\"},{\"@type\":\"ListItem\",\"position\":2,\"name\":\"Informa\u00e7\u00f5es\",\"item\":\"https:\/\/redoma.com.br\/corporativo\/informacoes\/\"},{\"@type\":\"ListItem\",\"position\":3,\"name\":\"Blocos\",\"item\":\"https:\/\/redoma.com.br\/corporativo\/informacoes\/blocos\/\"},{\"@type\":\"ListItem\",\"position\":4,\"name\":\"RISQUE E RABISQUE BRINDE\"}]},{\"@type\":\"WebSite\",\"@id\":\"https:\/\/redoma.com.br\/corporativo\/#website\",\"url\":\"https:\/\/redoma.com.br\/corporativo\/\",\"name\":\"Redoma - Brindes Corporativos\",\"description\":\"Produzimos Agenda Personalizada, Calend\u00e1rio Financeiro, Planner Personalizado, Caderno Personalizado, Caderneta personalizada e mais\",\"potentialAction\":[{\"@type\":\"SearchAction\",\"target\":{\"@type\":\"EntryPoint\",\"urlTemplate\":\"https:\/\/redoma.com.br\/corporativo\/?s={search_term_string}\"},\"query-input\":{\"@type\":\"PropertyValueSpecification\",\"valueRequired\":true,\"valueName\":\"search_term_string\"}}],\"inLanguage\":\"pt-BR\"}]}<\/script>\n<!-- \/ Yoast SEO plugin. -->","yoast_head_json":{"title":"RISQUE E RABISQUE BRINDE - Redoma - Brindes Corporativos","robots":{"index":"index","follow":"follow","max-snippet":"max-snippet:-1","max-image-preview":"max-image-preview:large","max-video-preview":"max-video-preview:-1"},"canonical":"https:\/\/redoma.com.br\/corporativo\/informacoes\/blocos\/risque-e-rabisque-brinde\/","og_locale":"pt_BR","og_type":"article","og_title":"RISQUE E RABISQUE BRINDE - Redoma - Brindes Corporativos","og_description":"[vc_row][vc_column][vc_column_text] POR QUE APOSTAR NO RISQUE E RABISQUE BRINDE? O\u00a0risque e rabisque brinde\u00a0\u00e9 uma maneira criativa de inovar na promo\u00e7\u00e3o de sua marca atrav\u00e9s de um presente corporativo que promova a fixa\u00e7\u00e3o dos ideais e daquilo que sua empresa acredita. Para a confec\u00e7\u00e3o do\u00a0risque e rabisque brinde\u00a0\u00e9 muito importante fazer uma pesquisa para encontrar uma&hellip;","og_url":"https:\/\/redoma.com.br\/corporativo\/informacoes\/blocos\/risque-e-rabisque-brinde\/","og_site_name":"Redoma - Brindes Corporativos","og_image":[{"width":480,"height":480,"url":"https:\/\/redoma.com.br\/corporativo\/wp-content\/uploads\/2021\/05\/fabrica_risque_e_rabisque_02.jpg","type":"image\/jpeg"}],"twitter_card":"summary_large_image","twitter_misc":{"Est. tempo de leitura":"2 minutos"},"schema":{"@context":"https:\/\/schema.org","@graph":[{"@type":"WebPage","@id":"https:\/\/redoma.com.br\/corporativo\/informacoes\/blocos\/risque-e-rabisque-brinde\/","url":"https:\/\/redoma.com.br\/corporativo\/informacoes\/blocos\/risque-e-rabisque-brinde\/","name":"RISQUE E RABISQUE BRINDE - Redoma - Brindes Corporativos","isPartOf":{"@id":"https:\/\/redoma.com.br\/corporativo\/#website"},"primaryImageOfPage":{"@id":"https:\/\/redoma.com.br\/corporativo\/informacoes\/blocos\/risque-e-rabisque-brinde\/#primaryimage"},"image":{"@id":"https:\/\/redoma.com.br\/corporativo\/informacoes\/blocos\/risque-e-rabisque-brinde\/#primaryimage"},"thumbnailUrl":"https:\/\/redoma.com.br\/corporativo\/wp-content\/uploads\/2021\/05\/fabrica_risque_e_rabisque_02.jpg","datePublished":"2021-05-06T01:30:55+00:00","breadcrumb":{"@id":"https:\/\/redoma.com.br\/corporativo\/informacoes\/blocos\/risque-e-rabisque-brinde\/#breadcrumb"},"inLanguage":"pt-BR","potentialAction":[{"@type":"ReadAction","target":["https:\/\/redoma.com.br\/corporativo\/informacoes\/blocos\/risque-e-rabisque-brinde\/"]}]},{"@type":"ImageObject","inLanguage":"pt-BR","@id":"https:\/\/redoma.com.br\/corporativo\/informacoes\/blocos\/risque-e-rabisque-brinde\/#primaryimage","url":"https:\/\/redoma.com.br\/corporativo\/wp-content\/uploads\/2021\/05\/fabrica_risque_e_rabisque_02.jpg","contentUrl":"https:\/\/redoma.com.br\/corporativo\/wp-content\/uploads\/2021\/05\/fabrica_risque_e_rabisque_02.jpg","width":480,"height":480},{"@type":"BreadcrumbList","@id":"https:\/\/redoma.com.br\/corporativo\/informacoes\/blocos\/risque-e-rabisque-brinde\/#breadcrumb","itemListElement":[{"@type":"ListItem","position":1,"name":"In\u00edcio","item":"https:\/\/redoma.com.br\/corporativo\/"},{"@type":"ListItem","position":2,"name":"Informa\u00e7\u00f5es","item":"https:\/\/redoma.com.br\/corporativo\/informacoes\/"},{"@type":"ListItem","position":3,"name":"Blocos","item":"https:\/\/redoma.com.br\/corporativo\/informacoes\/blocos\/"},{"@type":"ListItem","position":4,"name":"RISQUE E RABISQUE BRINDE"}]},{"@type":"WebSite","@id":"https:\/\/redoma.com.br\/corporativo\/#website","url":"https:\/\/redoma.com.br\/corporativo\/","name":"Redoma - Brindes Corporativos","description":"Produzimos Agenda Personalizada, Calend\u00e1rio Financeiro, Planner Personalizado, Caderno Personalizado, Caderneta personalizada e mais","potentialAction":[{"@type":"SearchAction","target":{"@type":"EntryPoint","urlTemplate":"https:\/\/redoma.com.br\/corporativo\/?s={search_term_string}"},"query-input":{"@type":"PropertyValueSpecification","valueRequired":true,"valueName":"search_term_string"}}],"inLanguage":"pt-BR"}]}},"_links":{"self":[{"href":"https:\/\/redoma.com.br\/corporativo\/wp-json\/wp\/v2\/pages\/1952","targetHints":{"allow":["GET"]}}],"collection":[{"href":"https:\/\/redoma.com.br\/corporativo\/wp-json\/wp\/v2\/pages"}],"about":[{"href":"https:\/\/redoma.com.br\/corporativo\/wp-json\/wp\/v2\/types\/page"}],"author":[{"embeddable":true,"href":"https:\/\/redoma.com.br\/corporativo\/wp-json\/wp\/v2\/users\/1"}],"replies":[{"embeddable":true,"href":"https:\/\/redoma.com.br\/corporativo\/wp-json\/wp\/v2\/comments?post=1952"}],"version-history":[{"count":1,"href":"https:\/\/redoma.com.br\/corporativo\/wp-json\/wp\/v2\/pages\/1952\/revisions"}],"predecessor-version":[{"id":1953,"href":"https:\/\/redoma.com.br\/corporativo\/wp-json\/wp\/v2\/pages\/1952\/revisions\/1953"}],"up":[{"embeddable":true,"href":"https:\/\/redoma.com.br\/corporativo\/wp-json\/wp\/v2\/pages\/1880"}],"wp:featuredmedia":[{"embeddable":true,"href":"https:\/\/redoma.com.br\/corporativo\/wp-json\/wp\/v2\/media\/1949"}],"wp:attachment":[{"href":"https:\/\/redoma.com.br\/corporativo\/wp-json\/wp\/v2\/media?parent=1952"}],"curies":[{"name":"wp","href":"https:\/\/api.w.org\/{rel}","templated":true}]}}