
{"id":1947,"date":"2021-05-05T22:29:51","date_gmt":"2021-05-06T01:29:51","guid":{"rendered":"https:\/\/novo.redoma.com.br\/?page_id=1947"},"modified":"2021-05-05T22:29:51","modified_gmt":"2021-05-06T01:29:51","slug":"fabrica-de-risque-e-rabisque","status":"publish","type":"page","link":"https:\/\/redoma.com.br\/corporativo\/informacoes\/blocos\/fabrica-de-risque-e-rabisque\/","title":{"rendered":"F\u00c1BRICA DE RISQUE E RABISQUE"},"content":{"rendered":"<div class=\"wpb-content-wrapper\"><p>[vc_row][vc_column][vc_column_text]<\/p>\n<h2>CONHE\u00c7A A REDOMA: F\u00c1BRICA DE RISQUE E RABISQUE<\/h2>\n<p>A Redoma \u00e9 uma\u00a0f\u00e1brica de risque e rabisque\u00a0que atende empresas que querem produtos personalizados (com a logomarca e para divulga\u00e7\u00e3o) e tamb\u00e9m para papelarias e lojas de presentes, que querem fazer a venda no varejo.<\/p>\n<p>A Redoma \u00e9 uma\u00a0f\u00e1brica de risque e rabisque\u00a0que oferece o modelo mais procurado para os clientes. No cat\u00e1logo, ele est\u00e1 disposto como Risque, nas cores vermelha e laranja, mas o cliente pode fazer encomendas de produtos em uma ampla variedade de cores, al\u00e9m de op\u00e7\u00f5es personalizadas.<\/p>\n<h2>DETALHES SOBRE OS PRODUTOS DA F\u00c1BRICA DE RISQUE E RABISQUE REDOMA<\/h2>\n<p>O tipo de caderneta de anota\u00e7\u00e3o da\u00a0f\u00e1brica de risque e rabisque, chamado de Risque, conta com um n\u00famero de 192 folhas, \u00e9 considerado um produto extremamente funcional, pr\u00e1tico e muito bonito para ser personalizado.<\/p>\n<p>A\u00a0f\u00e1brica de risque e rabisque\u00a0trabalha com o formato de 17&#215;24 cm para a linha Risque. As folhas ficam devidamente fixadas com o uso de um el\u00e1stico colorido na cor que o cliente precisar, incluindo op\u00e7\u00f5es personalizadas.<\/p>\n<p>Na Redoma, uma\u00a0f\u00e1brica de risque e rabisque\u00a0conhecida pelos equipamentos inovadores e pela qualidade em todos os detalhes, a grava\u00e7\u00e3o \u00e9 feita com o m\u00e9todo Hot Stamping.<\/p>\n<p>A t\u00e9cnica de Hot Stamping da\u00a0f\u00e1brica de risque e rabisque\u00a0pode ser feita de duas maneiras:<\/p>\n<ul class=\"list\">\n<li>Contraste;<\/li>\n<li>Alto relevo.<\/li>\n<\/ul>\n<p>As duas formas s\u00e3o muito bonitas e deixam o resultado realmente diferenciado.<\/p>\n<h2>OUTROS MODELOS DA F\u00c1BRICA DE RISQUE E RABISQUE<\/h2>\n<p>Existem outros produtos que s\u00e3o feitos para divulga\u00e7\u00e3o empresarial e tamb\u00e9m para anota\u00e7\u00f5es, que podem ser considerados risque e rabisque. Estes produtos s\u00e3o os listados a seguir:<\/p>\n<ul class=\"list\">\n<li>Cubo de Lembretes \u2013\u00a0Mais de 800 folhas para risque e rabisque, sendo que o cubo pode ser usado como calend\u00e1rio;<\/li>\n<li>Notes \u2013\u00a0Bloquinho de anota\u00e7\u00f5es com 240 folhas, para que as pessoas coloquem os lembretes de maneira bem organizada;<\/li>\n<li>Talk \u2013\u00a0Um dos blocos de anota\u00e7\u00f5es ou risque e rabisque mais tradicionais e populares, tanto para papelarias e lojas varejistas quanto para empresas que querem divulgar sua marca. O produto tem 144 p\u00e1ginas;<\/li>\n<li>Rep\u00f3rter \u2013\u00a0Risque e rabisque com um diferencial importante em alguns casos, pois tem serrilha para que as p\u00e1ginas sejam removidas sem rasgar. Possui 192 folhas;<\/li>\n<li>Smart P e Smart M \u2013\u00a0Tipo de risque e rabisque mais simples do mercado. \u00c9 um \u00f3timo brinde para empresas que querem fazer ampla divulga\u00e7\u00e3o.<\/li>\n<\/ul>\n<p>Para solicitar um or\u00e7amento personalizado, entre em contato com a Redoma!<\/p>\n<h2>PARA SABER MAIS SOBRE F\u00c1BRICA DE RISQUE E RABISQUE<\/h2>\n<p>Ligue para\u00a011 4448-7300\u00a0ou mande e-mail para:\u00a0atendimento@redoma.com.br[\/vc_column_text][\/vc_column][\/vc_row][vc_row][vc_column][vc_media_grid grid_id=&#8221;vc_gid:1620264554761-1bf5fe02-b5f8-2&#8243; include=&#8221;1950,1948,1949&#8243;][\/vc_column][\/vc_row]<\/p>\n<\/div>","protected":false},"excerpt":{"rendered":"<p>[vc_row][vc_column][vc_column_text] CONHE\u00c7A A REDOMA: F\u00c1BRICA DE RISQUE E RABISQUE A Redoma \u00e9 uma\u00a0f\u00e1brica de risque e rabisque\u00a0que atende empresas que querem produtos personalizados (com a logomarca e para divulga\u00e7\u00e3o) e tamb\u00e9m para papelarias e lojas de presentes, que querem fazer a venda no varejo. A Redoma \u00e9 uma\u00a0f\u00e1brica de risque e rabisque\u00a0que oferece o modelo&hellip;<\/p>\n","protected":false},"author":1,"featured_media":1950,"parent":1880,"menu_order":0,"comment_status":"closed","ping_status":"closed","template":"","meta":{"footnotes":""},"class_list":["post-1947","page","type-page","status-publish","has-post-thumbnail","hentry","description-off"],"yoast_head":"<!-- This site is optimized with the Yoast SEO plugin v26.8 - https:\/\/yoast.com\/product\/yoast-seo-wordpress\/ -->\n<title>F\u00c1BRICA DE RISQUE E RABISQUE - Redoma - Brindes Corporativos<\/title>\n<meta name=\"robots\" content=\"index, follow, max-snippet:-1, max-image-preview:large, max-video-preview:-1\" \/>\n<link rel=\"canonical\" href=\"https:\/\/redoma.com.br\/corporativo\/informacoes\/blocos\/fabrica-de-risque-e-rabisque\/\" \/>\n<meta property=\"og:locale\" content=\"pt_BR\" \/>\n<meta property=\"og:type\" content=\"article\" \/>\n<meta property=\"og:title\" content=\"F\u00c1BRICA DE RISQUE E RABISQUE - Redoma - Brindes Corporativos\" \/>\n<meta property=\"og:description\" content=\"[vc_row][vc_column][vc_column_text] CONHE\u00c7A A REDOMA: F\u00c1BRICA DE RISQUE E RABISQUE A Redoma \u00e9 uma\u00a0f\u00e1brica de risque e rabisque\u00a0que atende empresas que querem produtos personalizados (com a logomarca e para divulga\u00e7\u00e3o) e tamb\u00e9m para papelarias e lojas de presentes, que querem fazer a venda no varejo. A Redoma \u00e9 uma\u00a0f\u00e1brica de risque e rabisque\u00a0que oferece o modelo&hellip;\" \/>\n<meta property=\"og:url\" content=\"https:\/\/redoma.com.br\/corporativo\/informacoes\/blocos\/fabrica-de-risque-e-rabisque\/\" \/>\n<meta property=\"og:site_name\" content=\"Redoma - Brindes Corporativos\" \/>\n<meta property=\"og:image\" content=\"https:\/\/redoma.com.br\/corporativo\/wp-content\/uploads\/2021\/05\/fabrica_risque_e_rabisque_01.jpg\" \/>\n\t<meta property=\"og:image:width\" content=\"480\" \/>\n\t<meta property=\"og:image:height\" content=\"480\" \/>\n\t<meta property=\"og:image:type\" content=\"image\/jpeg\" \/>\n<meta name=\"twitter:card\" content=\"summary_large_image\" \/>\n<meta name=\"twitter:label1\" content=\"Est. tempo de leitura\" \/>\n\t<meta name=\"twitter:data1\" content=\"2 minutos\" \/>\n<script type=\"application\/ld+json\" class=\"yoast-schema-graph\">{\"@context\":\"https:\/\/schema.org\",\"@graph\":[{\"@type\":\"WebPage\",\"@id\":\"https:\/\/redoma.com.br\/corporativo\/informacoes\/blocos\/fabrica-de-risque-e-rabisque\/\",\"url\":\"https:\/\/redoma.com.br\/corporativo\/informacoes\/blocos\/fabrica-de-risque-e-rabisque\/\",\"name\":\"F\u00c1BRICA DE RISQUE E RABISQUE - Redoma - Brindes Corporativos\",\"isPartOf\":{\"@id\":\"https:\/\/redoma.com.br\/corporativo\/#website\"},\"primaryImageOfPage\":{\"@id\":\"https:\/\/redoma.com.br\/corporativo\/informacoes\/blocos\/fabrica-de-risque-e-rabisque\/#primaryimage\"},\"image\":{\"@id\":\"https:\/\/redoma.com.br\/corporativo\/informacoes\/blocos\/fabrica-de-risque-e-rabisque\/#primaryimage\"},\"thumbnailUrl\":\"https:\/\/redoma.com.br\/corporativo\/wp-content\/uploads\/2021\/05\/fabrica_risque_e_rabisque_01.jpg\",\"datePublished\":\"2021-05-06T01:29:51+00:00\",\"breadcrumb\":{\"@id\":\"https:\/\/redoma.com.br\/corporativo\/informacoes\/blocos\/fabrica-de-risque-e-rabisque\/#breadcrumb\"},\"inLanguage\":\"pt-BR\",\"potentialAction\":[{\"@type\":\"ReadAction\",\"target\":[\"https:\/\/redoma.com.br\/corporativo\/informacoes\/blocos\/fabrica-de-risque-e-rabisque\/\"]}]},{\"@type\":\"ImageObject\",\"inLanguage\":\"pt-BR\",\"@id\":\"https:\/\/redoma.com.br\/corporativo\/informacoes\/blocos\/fabrica-de-risque-e-rabisque\/#primaryimage\",\"url\":\"https:\/\/redoma.com.br\/corporativo\/wp-content\/uploads\/2021\/05\/fabrica_risque_e_rabisque_01.jpg\",\"contentUrl\":\"https:\/\/redoma.com.br\/corporativo\/wp-content\/uploads\/2021\/05\/fabrica_risque_e_rabisque_01.jpg\",\"width\":480,\"height\":480},{\"@type\":\"BreadcrumbList\",\"@id\":\"https:\/\/redoma.com.br\/corporativo\/informacoes\/blocos\/fabrica-de-risque-e-rabisque\/#breadcrumb\",\"itemListElement\":[{\"@type\":\"ListItem\",\"position\":1,\"name\":\"In\u00edcio\",\"item\":\"https:\/\/redoma.com.br\/corporativo\/\"},{\"@type\":\"ListItem\",\"position\":2,\"name\":\"Informa\u00e7\u00f5es\",\"item\":\"https:\/\/redoma.com.br\/corporativo\/informacoes\/\"},{\"@type\":\"ListItem\",\"position\":3,\"name\":\"Blocos\",\"item\":\"https:\/\/redoma.com.br\/corporativo\/informacoes\/blocos\/\"},{\"@type\":\"ListItem\",\"position\":4,\"name\":\"F\u00c1BRICA DE RISQUE E RABISQUE\"}]},{\"@type\":\"WebSite\",\"@id\":\"https:\/\/redoma.com.br\/corporativo\/#website\",\"url\":\"https:\/\/redoma.com.br\/corporativo\/\",\"name\":\"Redoma - Brindes Corporativos\",\"description\":\"Produzimos Agenda Personalizada, Calend\u00e1rio Financeiro, Planner Personalizado, Caderno Personalizado, Caderneta personalizada e mais\",\"potentialAction\":[{\"@type\":\"SearchAction\",\"target\":{\"@type\":\"EntryPoint\",\"urlTemplate\":\"https:\/\/redoma.com.br\/corporativo\/?s={search_term_string}\"},\"query-input\":{\"@type\":\"PropertyValueSpecification\",\"valueRequired\":true,\"valueName\":\"search_term_string\"}}],\"inLanguage\":\"pt-BR\"}]}<\/script>\n<!-- \/ Yoast SEO plugin. -->","yoast_head_json":{"title":"F\u00c1BRICA DE RISQUE E RABISQUE - Redoma - Brindes Corporativos","robots":{"index":"index","follow":"follow","max-snippet":"max-snippet:-1","max-image-preview":"max-image-preview:large","max-video-preview":"max-video-preview:-1"},"canonical":"https:\/\/redoma.com.br\/corporativo\/informacoes\/blocos\/fabrica-de-risque-e-rabisque\/","og_locale":"pt_BR","og_type":"article","og_title":"F\u00c1BRICA DE RISQUE E RABISQUE - Redoma - Brindes Corporativos","og_description":"[vc_row][vc_column][vc_column_text] CONHE\u00c7A A REDOMA: F\u00c1BRICA DE RISQUE E RABISQUE A Redoma \u00e9 uma\u00a0f\u00e1brica de risque e rabisque\u00a0que atende empresas que querem produtos personalizados (com a logomarca e para divulga\u00e7\u00e3o) e tamb\u00e9m para papelarias e lojas de presentes, que querem fazer a venda no varejo. A Redoma \u00e9 uma\u00a0f\u00e1brica de risque e rabisque\u00a0que oferece o modelo&hellip;","og_url":"https:\/\/redoma.com.br\/corporativo\/informacoes\/blocos\/fabrica-de-risque-e-rabisque\/","og_site_name":"Redoma - Brindes Corporativos","og_image":[{"width":480,"height":480,"url":"https:\/\/redoma.com.br\/corporativo\/wp-content\/uploads\/2021\/05\/fabrica_risque_e_rabisque_01.jpg","type":"image\/jpeg"}],"twitter_card":"summary_large_image","twitter_misc":{"Est. tempo de leitura":"2 minutos"},"schema":{"@context":"https:\/\/schema.org","@graph":[{"@type":"WebPage","@id":"https:\/\/redoma.com.br\/corporativo\/informacoes\/blocos\/fabrica-de-risque-e-rabisque\/","url":"https:\/\/redoma.com.br\/corporativo\/informacoes\/blocos\/fabrica-de-risque-e-rabisque\/","name":"F\u00c1BRICA DE RISQUE E RABISQUE - Redoma - Brindes Corporativos","isPartOf":{"@id":"https:\/\/redoma.com.br\/corporativo\/#website"},"primaryImageOfPage":{"@id":"https:\/\/redoma.com.br\/corporativo\/informacoes\/blocos\/fabrica-de-risque-e-rabisque\/#primaryimage"},"image":{"@id":"https:\/\/redoma.com.br\/corporativo\/informacoes\/blocos\/fabrica-de-risque-e-rabisque\/#primaryimage"},"thumbnailUrl":"https:\/\/redoma.com.br\/corporativo\/wp-content\/uploads\/2021\/05\/fabrica_risque_e_rabisque_01.jpg","datePublished":"2021-05-06T01:29:51+00:00","breadcrumb":{"@id":"https:\/\/redoma.com.br\/corporativo\/informacoes\/blocos\/fabrica-de-risque-e-rabisque\/#breadcrumb"},"inLanguage":"pt-BR","potentialAction":[{"@type":"ReadAction","target":["https:\/\/redoma.com.br\/corporativo\/informacoes\/blocos\/fabrica-de-risque-e-rabisque\/"]}]},{"@type":"ImageObject","inLanguage":"pt-BR","@id":"https:\/\/redoma.com.br\/corporativo\/informacoes\/blocos\/fabrica-de-risque-e-rabisque\/#primaryimage","url":"https:\/\/redoma.com.br\/corporativo\/wp-content\/uploads\/2021\/05\/fabrica_risque_e_rabisque_01.jpg","contentUrl":"https:\/\/redoma.com.br\/corporativo\/wp-content\/uploads\/2021\/05\/fabrica_risque_e_rabisque_01.jpg","width":480,"height":480},{"@type":"BreadcrumbList","@id":"https:\/\/redoma.com.br\/corporativo\/informacoes\/blocos\/fabrica-de-risque-e-rabisque\/#breadcrumb","itemListElement":[{"@type":"ListItem","position":1,"name":"In\u00edcio","item":"https:\/\/redoma.com.br\/corporativo\/"},{"@type":"ListItem","position":2,"name":"Informa\u00e7\u00f5es","item":"https:\/\/redoma.com.br\/corporativo\/informacoes\/"},{"@type":"ListItem","position":3,"name":"Blocos","item":"https:\/\/redoma.com.br\/corporativo\/informacoes\/blocos\/"},{"@type":"ListItem","position":4,"name":"F\u00c1BRICA DE RISQUE E RABISQUE"}]},{"@type":"WebSite","@id":"https:\/\/redoma.com.br\/corporativo\/#website","url":"https:\/\/redoma.com.br\/corporativo\/","name":"Redoma - Brindes Corporativos","description":"Produzimos Agenda Personalizada, Calend\u00e1rio Financeiro, Planner Personalizado, Caderno Personalizado, Caderneta personalizada e mais","potentialAction":[{"@type":"SearchAction","target":{"@type":"EntryPoint","urlTemplate":"https:\/\/redoma.com.br\/corporativo\/?s={search_term_string}"},"query-input":{"@type":"PropertyValueSpecification","valueRequired":true,"valueName":"search_term_string"}}],"inLanguage":"pt-BR"}]}},"_links":{"self":[{"href":"https:\/\/redoma.com.br\/corporativo\/wp-json\/wp\/v2\/pages\/1947","targetHints":{"allow":["GET"]}}],"collection":[{"href":"https:\/\/redoma.com.br\/corporativo\/wp-json\/wp\/v2\/pages"}],"about":[{"href":"https:\/\/redoma.com.br\/corporativo\/wp-json\/wp\/v2\/types\/page"}],"author":[{"embeddable":true,"href":"https:\/\/redoma.com.br\/corporativo\/wp-json\/wp\/v2\/users\/1"}],"replies":[{"embeddable":true,"href":"https:\/\/redoma.com.br\/corporativo\/wp-json\/wp\/v2\/comments?post=1947"}],"version-history":[{"count":1,"href":"https:\/\/redoma.com.br\/corporativo\/wp-json\/wp\/v2\/pages\/1947\/revisions"}],"predecessor-version":[{"id":1951,"href":"https:\/\/redoma.com.br\/corporativo\/wp-json\/wp\/v2\/pages\/1947\/revisions\/1951"}],"up":[{"embeddable":true,"href":"https:\/\/redoma.com.br\/corporativo\/wp-json\/wp\/v2\/pages\/1880"}],"wp:featuredmedia":[{"embeddable":true,"href":"https:\/\/redoma.com.br\/corporativo\/wp-json\/wp\/v2\/media\/1950"}],"wp:attachment":[{"href":"https:\/\/redoma.com.br\/corporativo\/wp-json\/wp\/v2\/media?parent=1947"}],"curies":[{"name":"wp","href":"https:\/\/api.w.org\/{rel}","templated":true}]}}