
{"id":1941,"date":"2021-05-05T22:27:01","date_gmt":"2021-05-06T01:27:01","guid":{"rendered":"https:\/\/novo.redoma.com.br\/?page_id=1941"},"modified":"2021-05-05T22:27:01","modified_gmt":"2021-05-06T01:27:01","slug":"fornecedor-de-bloco-de-anotacoes","status":"publish","type":"page","link":"https:\/\/redoma.com.br\/corporativo\/informacoes\/blocos\/fornecedor-de-bloco-de-anotacoes\/","title":{"rendered":"FORNECEDOR DE BLOCO DE ANOTA\u00c7\u00d5ES"},"content":{"rendered":"<div class=\"wpb-content-wrapper\"><p>[vc_row][vc_column][vc_column_text]<\/p>\n<h2>CONTRATE UM FORNECEDOR DE BLOCO DE ANOTA\u00c7\u00d5ES<\/h2>\n<p>A Redoma \u00e9 uma gr\u00e1fica com mais de 40 anos de hist\u00f3ria, tradi\u00e7\u00e3o e comprometimento com o mercado brasileiro. Atuando como\u00a0fornecedor de\u00a0<a title=\"BLOCO DE ANOTA\u00c7\u00d5ES PERSONALIZADO\" href=\"https:\/\/redoma.com.br\/corporativo\/informacoes\/blocos\/bloco-anotacoes-personalizado\">bloco de anota\u00e7\u00f5es<\/a>, a Redoma apresenta uma lista muito interessante de notebooks e de notepads.<\/p>\n<p>O\u00a0fornecedor de bloco de anota\u00e7\u00f5es\u00a0deve oferecer aos clientes op\u00e7\u00f5es economicamente vi\u00e1veis e que, ao mesmo tempo, sejam muito bonitas, com acabamento feito com m\u00e1xima tecnologia, ideal para causar uma boa impress\u00e3o.<\/p>\n<p>A Redoma \u00e9 um\u00a0fornecedor de bloco de anota\u00e7\u00f5es\u00a0para empresas que precisam de material corporativo, confec\u00e7\u00e3o de brindes e tamb\u00e9m para lojas que querem notepads para comercializa\u00e7\u00e3o no varejo.<\/p>\n<h2>PRODUTOS DO FORNECEDOR DE BLOCO DE ANOTA\u00c7\u00d5ES<\/h2>\n<p>A Redoma \u00e9 um\u00a0fornecedor de bloco de anota\u00e7\u00f5es\u00a0que trabalha com uma ampla variedade de notepads. Entre eles, est\u00e3o os modelos:<\/p>\n<ul class=\"list\">\n<li>Bloco de anota\u00e7\u00f5es Smart M;<\/li>\n<li>Bloco de anota\u00e7\u00f5es Smart P;<\/li>\n<li>Bloco de anota\u00e7\u00f5es Rep\u00f3rter;<\/li>\n<li>Bloco de anota\u00e7\u00f5es Talk;<\/li>\n<li>Notes;<\/li>\n<li>Cuba de Lembretes;<\/li>\n<li>Risque da Redoma.<\/li>\n<\/ul>\n<p>Com a ajuda da equipe t\u00e9cnica do\u00a0fornecedor de bloco de anota\u00e7\u00f5es\u00a0e com o cat\u00e1logo de produtos, o cliente pode fazer a escolha do notepad que ele precisa. Os modelos mudam de tamanho, estrutura, acabamento e composi\u00e7\u00e3o.<\/p>\n<p>Em todos os casos, o cliente pode solicitar uma imagem personalizada, como o logotipo da empresa, marca d\u2019\u00e1gua, entre outras formas de comunica\u00e7\u00e3o.<\/p>\n<p>Os produtos Smart M, Smart P, Talk e Rep\u00f3rter s\u00e3o notepads feitos pelo\u00a0fornecedor de bloco de anota\u00e7\u00f5es\u00a0em tamanhos maiores, de 14,5&#215;21 cm, 10&#215;15 cm e 8x13cm. S\u00e3o produtos adequados para anota\u00e7\u00f5es mais extensas, por exemplo.<\/p>\n<p>Os Notes, por sua vez, s\u00e3o menores em tamanho, mas maiores em volume, perfeitos para poucas informa\u00e7\u00f5es, mas que devem ser devidamente organizadas. O tamanho deste bloco \u00e9 de 11&#215;9 cm, com 240 folhas!<\/p>\n<p>O cubo de lembretes \u00e9 perfeito para quem precisa de volume, pois cada pe\u00e7a tem exatamente 800 folhas. A vantagem do cubo \u00e9 que ele pode ter um calend\u00e1rio, otimizando o mesmo produto e gerando economia ao cliente.<\/p>\n<p>J\u00e1 o Risque \u00e9 maior, mais estruturado, com espiral e um lindo acabamento. Para conhecer todos os tipos de blocos de notas fabricados e fornecidos pela Redoma, fa\u00e7a contato agora mesmo!<\/p>\n<h2>PARA SABER MAIS SOBRE FORNECEDOR DE BLOCO DE ANOTA\u00c7\u00d5ES<\/h2>\n<p>Ligue para\u00a011 4448-7300\u00a0ou mande e-mail para:\u00a0atendimento@redoma.com.br[\/vc_column_text][\/vc_column][\/vc_row][vc_row][vc_column][vc_media_grid grid_id=&#8221;vc_gid:1620264370087-9801564c-8026-1&#8243; include=&#8221;1881,1938,1942&#8243;][\/vc_column][\/vc_row]<\/p>\n<\/div>","protected":false},"excerpt":{"rendered":"<p>[vc_row][vc_column][vc_column_text] CONTRATE UM FORNECEDOR DE BLOCO DE ANOTA\u00c7\u00d5ES A Redoma \u00e9 uma gr\u00e1fica com mais de 40 anos de hist\u00f3ria, tradi\u00e7\u00e3o e comprometimento com o mercado brasileiro. Atuando como\u00a0fornecedor de\u00a0bloco de anota\u00e7\u00f5es, a Redoma apresenta uma lista muito interessante de notebooks e de notepads. O\u00a0fornecedor de bloco de anota\u00e7\u00f5es\u00a0deve oferecer aos clientes op\u00e7\u00f5es economicamente vi\u00e1veis&hellip;<\/p>\n","protected":false},"author":1,"featured_media":1881,"parent":1880,"menu_order":0,"comment_status":"closed","ping_status":"closed","template":"","meta":{"footnotes":""},"class_list":["post-1941","page","type-page","status-publish","has-post-thumbnail","hentry","description-off"],"yoast_head":"<!-- This site is optimized with the Yoast SEO plugin v26.8 - https:\/\/yoast.com\/product\/yoast-seo-wordpress\/ -->\n<title>FORNECEDOR DE BLOCO DE ANOTA\u00c7\u00d5ES - Redoma - Brindes Corporativos<\/title>\n<meta name=\"robots\" content=\"index, follow, max-snippet:-1, max-image-preview:large, max-video-preview:-1\" \/>\n<link rel=\"canonical\" href=\"https:\/\/redoma.com.br\/corporativo\/informacoes\/blocos\/fornecedor-de-bloco-de-anotacoes\/\" \/>\n<meta property=\"og:locale\" content=\"pt_BR\" \/>\n<meta property=\"og:type\" content=\"article\" \/>\n<meta property=\"og:title\" content=\"FORNECEDOR DE BLOCO DE ANOTA\u00c7\u00d5ES - Redoma - Brindes Corporativos\" \/>\n<meta property=\"og:description\" content=\"[vc_row][vc_column][vc_column_text] CONTRATE UM FORNECEDOR DE BLOCO DE ANOTA\u00c7\u00d5ES A Redoma \u00e9 uma gr\u00e1fica com mais de 40 anos de hist\u00f3ria, tradi\u00e7\u00e3o e comprometimento com o mercado brasileiro. Atuando como\u00a0fornecedor de\u00a0bloco de anota\u00e7\u00f5es, a Redoma apresenta uma lista muito interessante de notebooks e de notepads. O\u00a0fornecedor de bloco de anota\u00e7\u00f5es\u00a0deve oferecer aos clientes op\u00e7\u00f5es economicamente vi\u00e1veis&hellip;\" \/>\n<meta property=\"og:url\" content=\"https:\/\/redoma.com.br\/corporativo\/informacoes\/blocos\/fornecedor-de-bloco-de-anotacoes\/\" \/>\n<meta property=\"og:site_name\" content=\"Redoma - Brindes Corporativos\" \/>\n<meta property=\"og:image\" content=\"https:\/\/redoma.com.br\/corporativo\/wp-content\/uploads\/2021\/05\/blocos1_1_ok.jpg\" \/>\n\t<meta property=\"og:image:width\" content=\"480\" \/>\n\t<meta property=\"og:image:height\" content=\"480\" \/>\n\t<meta property=\"og:image:type\" content=\"image\/jpeg\" \/>\n<meta name=\"twitter:card\" content=\"summary_large_image\" \/>\n<meta name=\"twitter:label1\" content=\"Est. tempo de leitura\" \/>\n\t<meta name=\"twitter:data1\" content=\"2 minutos\" \/>\n<script type=\"application\/ld+json\" class=\"yoast-schema-graph\">{\"@context\":\"https:\/\/schema.org\",\"@graph\":[{\"@type\":\"WebPage\",\"@id\":\"https:\/\/redoma.com.br\/corporativo\/informacoes\/blocos\/fornecedor-de-bloco-de-anotacoes\/\",\"url\":\"https:\/\/redoma.com.br\/corporativo\/informacoes\/blocos\/fornecedor-de-bloco-de-anotacoes\/\",\"name\":\"FORNECEDOR DE BLOCO DE ANOTA\u00c7\u00d5ES - Redoma - Brindes Corporativos\",\"isPartOf\":{\"@id\":\"https:\/\/redoma.com.br\/corporativo\/#website\"},\"primaryImageOfPage\":{\"@id\":\"https:\/\/redoma.com.br\/corporativo\/informacoes\/blocos\/fornecedor-de-bloco-de-anotacoes\/#primaryimage\"},\"image\":{\"@id\":\"https:\/\/redoma.com.br\/corporativo\/informacoes\/blocos\/fornecedor-de-bloco-de-anotacoes\/#primaryimage\"},\"thumbnailUrl\":\"https:\/\/redoma.com.br\/corporativo\/wp-content\/uploads\/2021\/05\/blocos1_1_ok.jpg\",\"datePublished\":\"2021-05-06T01:27:01+00:00\",\"breadcrumb\":{\"@id\":\"https:\/\/redoma.com.br\/corporativo\/informacoes\/blocos\/fornecedor-de-bloco-de-anotacoes\/#breadcrumb\"},\"inLanguage\":\"pt-BR\",\"potentialAction\":[{\"@type\":\"ReadAction\",\"target\":[\"https:\/\/redoma.com.br\/corporativo\/informacoes\/blocos\/fornecedor-de-bloco-de-anotacoes\/\"]}]},{\"@type\":\"ImageObject\",\"inLanguage\":\"pt-BR\",\"@id\":\"https:\/\/redoma.com.br\/corporativo\/informacoes\/blocos\/fornecedor-de-bloco-de-anotacoes\/#primaryimage\",\"url\":\"https:\/\/redoma.com.br\/corporativo\/wp-content\/uploads\/2021\/05\/blocos1_1_ok.jpg\",\"contentUrl\":\"https:\/\/redoma.com.br\/corporativo\/wp-content\/uploads\/2021\/05\/blocos1_1_ok.jpg\",\"width\":480,\"height\":480},{\"@type\":\"BreadcrumbList\",\"@id\":\"https:\/\/redoma.com.br\/corporativo\/informacoes\/blocos\/fornecedor-de-bloco-de-anotacoes\/#breadcrumb\",\"itemListElement\":[{\"@type\":\"ListItem\",\"position\":1,\"name\":\"In\u00edcio\",\"item\":\"https:\/\/redoma.com.br\/corporativo\/\"},{\"@type\":\"ListItem\",\"position\":2,\"name\":\"Informa\u00e7\u00f5es\",\"item\":\"https:\/\/redoma.com.br\/corporativo\/informacoes\/\"},{\"@type\":\"ListItem\",\"position\":3,\"name\":\"Blocos\",\"item\":\"https:\/\/redoma.com.br\/corporativo\/informacoes\/blocos\/\"},{\"@type\":\"ListItem\",\"position\":4,\"name\":\"FORNECEDOR DE BLOCO DE ANOTA\u00c7\u00d5ES\"}]},{\"@type\":\"WebSite\",\"@id\":\"https:\/\/redoma.com.br\/corporativo\/#website\",\"url\":\"https:\/\/redoma.com.br\/corporativo\/\",\"name\":\"Redoma - Brindes Corporativos\",\"description\":\"Produzimos Agenda Personalizada, Calend\u00e1rio Financeiro, Planner Personalizado, Caderno Personalizado, Caderneta personalizada e mais\",\"potentialAction\":[{\"@type\":\"SearchAction\",\"target\":{\"@type\":\"EntryPoint\",\"urlTemplate\":\"https:\/\/redoma.com.br\/corporativo\/?s={search_term_string}\"},\"query-input\":{\"@type\":\"PropertyValueSpecification\",\"valueRequired\":true,\"valueName\":\"search_term_string\"}}],\"inLanguage\":\"pt-BR\"}]}<\/script>\n<!-- \/ Yoast SEO plugin. -->","yoast_head_json":{"title":"FORNECEDOR DE BLOCO DE ANOTA\u00c7\u00d5ES - Redoma - Brindes Corporativos","robots":{"index":"index","follow":"follow","max-snippet":"max-snippet:-1","max-image-preview":"max-image-preview:large","max-video-preview":"max-video-preview:-1"},"canonical":"https:\/\/redoma.com.br\/corporativo\/informacoes\/blocos\/fornecedor-de-bloco-de-anotacoes\/","og_locale":"pt_BR","og_type":"article","og_title":"FORNECEDOR DE BLOCO DE ANOTA\u00c7\u00d5ES - Redoma - Brindes Corporativos","og_description":"[vc_row][vc_column][vc_column_text] CONTRATE UM FORNECEDOR DE BLOCO DE ANOTA\u00c7\u00d5ES A Redoma \u00e9 uma gr\u00e1fica com mais de 40 anos de hist\u00f3ria, tradi\u00e7\u00e3o e comprometimento com o mercado brasileiro. Atuando como\u00a0fornecedor de\u00a0bloco de anota\u00e7\u00f5es, a Redoma apresenta uma lista muito interessante de notebooks e de notepads. O\u00a0fornecedor de bloco de anota\u00e7\u00f5es\u00a0deve oferecer aos clientes op\u00e7\u00f5es economicamente vi\u00e1veis&hellip;","og_url":"https:\/\/redoma.com.br\/corporativo\/informacoes\/blocos\/fornecedor-de-bloco-de-anotacoes\/","og_site_name":"Redoma - Brindes Corporativos","og_image":[{"width":480,"height":480,"url":"https:\/\/redoma.com.br\/corporativo\/wp-content\/uploads\/2021\/05\/blocos1_1_ok.jpg","type":"image\/jpeg"}],"twitter_card":"summary_large_image","twitter_misc":{"Est. tempo de leitura":"2 minutos"},"schema":{"@context":"https:\/\/schema.org","@graph":[{"@type":"WebPage","@id":"https:\/\/redoma.com.br\/corporativo\/informacoes\/blocos\/fornecedor-de-bloco-de-anotacoes\/","url":"https:\/\/redoma.com.br\/corporativo\/informacoes\/blocos\/fornecedor-de-bloco-de-anotacoes\/","name":"FORNECEDOR DE BLOCO DE ANOTA\u00c7\u00d5ES - Redoma - Brindes Corporativos","isPartOf":{"@id":"https:\/\/redoma.com.br\/corporativo\/#website"},"primaryImageOfPage":{"@id":"https:\/\/redoma.com.br\/corporativo\/informacoes\/blocos\/fornecedor-de-bloco-de-anotacoes\/#primaryimage"},"image":{"@id":"https:\/\/redoma.com.br\/corporativo\/informacoes\/blocos\/fornecedor-de-bloco-de-anotacoes\/#primaryimage"},"thumbnailUrl":"https:\/\/redoma.com.br\/corporativo\/wp-content\/uploads\/2021\/05\/blocos1_1_ok.jpg","datePublished":"2021-05-06T01:27:01+00:00","breadcrumb":{"@id":"https:\/\/redoma.com.br\/corporativo\/informacoes\/blocos\/fornecedor-de-bloco-de-anotacoes\/#breadcrumb"},"inLanguage":"pt-BR","potentialAction":[{"@type":"ReadAction","target":["https:\/\/redoma.com.br\/corporativo\/informacoes\/blocos\/fornecedor-de-bloco-de-anotacoes\/"]}]},{"@type":"ImageObject","inLanguage":"pt-BR","@id":"https:\/\/redoma.com.br\/corporativo\/informacoes\/blocos\/fornecedor-de-bloco-de-anotacoes\/#primaryimage","url":"https:\/\/redoma.com.br\/corporativo\/wp-content\/uploads\/2021\/05\/blocos1_1_ok.jpg","contentUrl":"https:\/\/redoma.com.br\/corporativo\/wp-content\/uploads\/2021\/05\/blocos1_1_ok.jpg","width":480,"height":480},{"@type":"BreadcrumbList","@id":"https:\/\/redoma.com.br\/corporativo\/informacoes\/blocos\/fornecedor-de-bloco-de-anotacoes\/#breadcrumb","itemListElement":[{"@type":"ListItem","position":1,"name":"In\u00edcio","item":"https:\/\/redoma.com.br\/corporativo\/"},{"@type":"ListItem","position":2,"name":"Informa\u00e7\u00f5es","item":"https:\/\/redoma.com.br\/corporativo\/informacoes\/"},{"@type":"ListItem","position":3,"name":"Blocos","item":"https:\/\/redoma.com.br\/corporativo\/informacoes\/blocos\/"},{"@type":"ListItem","position":4,"name":"FORNECEDOR DE BLOCO DE ANOTA\u00c7\u00d5ES"}]},{"@type":"WebSite","@id":"https:\/\/redoma.com.br\/corporativo\/#website","url":"https:\/\/redoma.com.br\/corporativo\/","name":"Redoma - Brindes Corporativos","description":"Produzimos Agenda Personalizada, Calend\u00e1rio Financeiro, Planner Personalizado, Caderno Personalizado, Caderneta personalizada e mais","potentialAction":[{"@type":"SearchAction","target":{"@type":"EntryPoint","urlTemplate":"https:\/\/redoma.com.br\/corporativo\/?s={search_term_string}"},"query-input":{"@type":"PropertyValueSpecification","valueRequired":true,"valueName":"search_term_string"}}],"inLanguage":"pt-BR"}]}},"_links":{"self":[{"href":"https:\/\/redoma.com.br\/corporativo\/wp-json\/wp\/v2\/pages\/1941","targetHints":{"allow":["GET"]}}],"collection":[{"href":"https:\/\/redoma.com.br\/corporativo\/wp-json\/wp\/v2\/pages"}],"about":[{"href":"https:\/\/redoma.com.br\/corporativo\/wp-json\/wp\/v2\/types\/page"}],"author":[{"embeddable":true,"href":"https:\/\/redoma.com.br\/corporativo\/wp-json\/wp\/v2\/users\/1"}],"replies":[{"embeddable":true,"href":"https:\/\/redoma.com.br\/corporativo\/wp-json\/wp\/v2\/comments?post=1941"}],"version-history":[{"count":1,"href":"https:\/\/redoma.com.br\/corporativo\/wp-json\/wp\/v2\/pages\/1941\/revisions"}],"predecessor-version":[{"id":1943,"href":"https:\/\/redoma.com.br\/corporativo\/wp-json\/wp\/v2\/pages\/1941\/revisions\/1943"}],"up":[{"embeddable":true,"href":"https:\/\/redoma.com.br\/corporativo\/wp-json\/wp\/v2\/pages\/1880"}],"wp:featuredmedia":[{"embeddable":true,"href":"https:\/\/redoma.com.br\/corporativo\/wp-json\/wp\/v2\/media\/1881"}],"wp:attachment":[{"href":"https:\/\/redoma.com.br\/corporativo\/wp-json\/wp\/v2\/media?parent=1941"}],"curies":[{"name":"wp","href":"https:\/\/api.w.org\/{rel}","templated":true}]}}