
{"id":1930,"date":"2021-05-05T22:21:36","date_gmt":"2021-05-06T01:21:36","guid":{"rendered":"https:\/\/novo.redoma.com.br\/?page_id=1930"},"modified":"2021-05-05T22:21:36","modified_gmt":"2021-05-06T01:21:36","slug":"fabrica-de-caderneta","status":"publish","type":"page","link":"https:\/\/redoma.com.br\/corporativo\/informacoes\/cadernetas\/fabrica-de-caderneta\/","title":{"rendered":"F\u00c1BRICA DE CADERNETA"},"content":{"rendered":"<div class=\"wpb-content-wrapper\"><p>[vc_row][vc_column][vc_column_text]<\/p>\n<h2>CONHE\u00c7A O TRABALHO DE UMA F\u00c1BRICA DE CADERNETA<\/h2>\n<p>A Redoma \u00e9 uma\u00a0f\u00e1brica de caderneta\u00a0e outros produtos de gr\u00e1fica, como agendas, blocos de anota\u00e7\u00f5es, calend\u00e1rios e cadernos. Os itens podem ser personalizados para os clientes e vendidos nas cole\u00e7\u00f5es da gr\u00e1fica para varejistas.<\/p>\n<h2>LINHA DE PRODUTOS DA F\u00c1BRICA DE CADERNETA REDOMA<\/h2>\n<p>A Redoma \u00e9 uma\u00a0f\u00e1brica de caderneta\u00a0com op\u00e7\u00f5es de todos os tipos, para atender clientes com interesses bem diferentes. A\u00a0f\u00e1brica de caderneta\u00a0tem os modelos de blocos de anota\u00e7\u00f5es mais simples e acess\u00edveis, ideais para empresas que est\u00e3o interessadas em um produto para divulga\u00e7\u00e3o ou venda, mas que tenha o melhor custo-benef\u00edcio do mercado.<\/p>\n<p>A Caderneta Smart M tem 160 p\u00e1ginas e tamanho de 14,5&#215;21 cm, enquanto a Smart P tem 160 p\u00e1ginas e tamanho de 15&#215;15 cm. Nos dois produtos, o papel miolo \u00e9 off set branco.<\/p>\n<p>A\u00a0f\u00e1brica de caderneta\u00a0tem tamb\u00e9m o notepad Talk, que pode receber o acabamento que o cliente quiser, com grava\u00e7\u00e3o da logomarca, variedade de cores, entre outros acess\u00f3rios. Este modelo de caderneta tem 144 p\u00e1ginas, fita marcadora dupla face na cor que o cliente quiser, el\u00e1stico para fechar a caderneta e papel miolo off set.<\/p>\n<p>A\u00a0f\u00e1brica de caderneta\u00a0tem ainda o notepad Rep\u00f3rter, que tem o diferencial destac\u00e1vel, com serrilhas para que o papel seja retirado sem ser rasgado e com mais facilidade, tornando-se um produto realmente muito pr\u00e1tico. O formato desta caderneta \u00e9 de 10&#215;15 cm, com 192 p\u00e1ginas, feitas de papel de miolo off set branco, com el\u00e1stico para garantir o fechamento.<\/p>\n<h2>PRODUTOS DIFERENCIADOS DA F\u00c1BRICA DE CADERNETA<\/h2>\n<p>A Redoma oferece aos seus clientes dois tipos de cadernetas diferenciadas. S\u00e3o eles:<\/p>\n<ul class=\"list\">\n<li>Notes;<\/li>\n<li>Cubo de lembretes.<\/li>\n<\/ul>\n<p>Os notes acumulam um alto volume de folhas, com 240 pap\u00e9is para receberem diversas anota\u00e7\u00f5es de forma muito organizada. J\u00e1 o cubo de lembretes \u00e9 muito interessante para empresas que est\u00e3o interessadas em cadernetas para divulga\u00e7\u00e3o corporativa. Os cubos cont\u00eam lembretes cujo formato \u00e9 de 9&#215;9 cm, e o n\u00famero de folhas \u00e9 bem alto, com 800 lembretes para as pessoas usarem. Os cubos s\u00e3o lindos e contam com calend\u00e1rio, para que o produto fique sempre em cima da mesa, aumentando ainda mais a sua exposi\u00e7\u00e3o. Para saber mais, basta fazer contato com a empresa!<\/p>\n<h2>PARA SABER MAIS SOBRE F\u00c1BRICA DE CADERNETA<\/h2>\n<p>Ligue para\u00a011 4448-7300\u00a0ou mande e-mail para:\u00a0atendimento@redoma.com.br[\/vc_column_text][\/vc_column][\/vc_row][vc_row][vc_column][vc_media_grid grid_id=&#8221;vc_gid:1620264038550-47ca8046-6536-9&#8243; include=&#8221;1831,1816,1931&#8243;][\/vc_column][\/vc_row]<\/p>\n<\/div>","protected":false},"excerpt":{"rendered":"<p>[vc_row][vc_column][vc_column_text] CONHE\u00c7A O TRABALHO DE UMA F\u00c1BRICA DE CADERNETA A Redoma \u00e9 uma\u00a0f\u00e1brica de caderneta\u00a0e outros produtos de gr\u00e1fica, como agendas, blocos de anota\u00e7\u00f5es, calend\u00e1rios e cadernos. Os itens podem ser personalizados para os clientes e vendidos nas cole\u00e7\u00f5es da gr\u00e1fica para varejistas. LINHA DE PRODUTOS DA F\u00c1BRICA DE CADERNETA REDOMA A Redoma \u00e9 uma\u00a0f\u00e1brica&hellip;<\/p>\n","protected":false},"author":1,"featured_media":1931,"parent":1877,"menu_order":0,"comment_status":"closed","ping_status":"closed","template":"","meta":{"footnotes":""},"class_list":["post-1930","page","type-page","status-publish","has-post-thumbnail","hentry","description-off"],"yoast_head":"<!-- This site is optimized with the Yoast SEO plugin v26.8 - https:\/\/yoast.com\/product\/yoast-seo-wordpress\/ -->\n<title>F\u00c1BRICA DE CADERNETA - Redoma - Brindes Corporativos<\/title>\n<meta name=\"robots\" content=\"index, follow, max-snippet:-1, max-image-preview:large, max-video-preview:-1\" \/>\n<link rel=\"canonical\" href=\"https:\/\/redoma.com.br\/corporativo\/informacoes\/cadernetas\/fabrica-de-caderneta\/\" \/>\n<meta property=\"og:locale\" content=\"pt_BR\" \/>\n<meta property=\"og:type\" content=\"article\" \/>\n<meta property=\"og:title\" content=\"F\u00c1BRICA DE CADERNETA - Redoma - Brindes Corporativos\" \/>\n<meta property=\"og:description\" content=\"[vc_row][vc_column][vc_column_text] CONHE\u00c7A O TRABALHO DE UMA F\u00c1BRICA DE CADERNETA A Redoma \u00e9 uma\u00a0f\u00e1brica de caderneta\u00a0e outros produtos de gr\u00e1fica, como agendas, blocos de anota\u00e7\u00f5es, calend\u00e1rios e cadernos. Os itens podem ser personalizados para os clientes e vendidos nas cole\u00e7\u00f5es da gr\u00e1fica para varejistas. LINHA DE PRODUTOS DA F\u00c1BRICA DE CADERNETA REDOMA A Redoma \u00e9 uma\u00a0f\u00e1brica&hellip;\" \/>\n<meta property=\"og:url\" content=\"https:\/\/redoma.com.br\/corporativo\/informacoes\/cadernetas\/fabrica-de-caderneta\/\" \/>\n<meta property=\"og:site_name\" content=\"Redoma - Brindes Corporativos\" \/>\n<meta property=\"og:image\" content=\"https:\/\/redoma.com.br\/corporativo\/wp-content\/uploads\/2021\/05\/fabrica_caderneta_03.jpg\" \/>\n\t<meta property=\"og:image:width\" content=\"480\" \/>\n\t<meta property=\"og:image:height\" content=\"480\" \/>\n\t<meta property=\"og:image:type\" content=\"image\/jpeg\" \/>\n<meta name=\"twitter:card\" content=\"summary_large_image\" \/>\n<meta name=\"twitter:label1\" content=\"Est. tempo de leitura\" \/>\n\t<meta name=\"twitter:data1\" content=\"2 minutos\" \/>\n<script type=\"application\/ld+json\" class=\"yoast-schema-graph\">{\"@context\":\"https:\/\/schema.org\",\"@graph\":[{\"@type\":\"WebPage\",\"@id\":\"https:\/\/redoma.com.br\/corporativo\/informacoes\/cadernetas\/fabrica-de-caderneta\/\",\"url\":\"https:\/\/redoma.com.br\/corporativo\/informacoes\/cadernetas\/fabrica-de-caderneta\/\",\"name\":\"F\u00c1BRICA DE CADERNETA - Redoma - Brindes Corporativos\",\"isPartOf\":{\"@id\":\"https:\/\/redoma.com.br\/corporativo\/#website\"},\"primaryImageOfPage\":{\"@id\":\"https:\/\/redoma.com.br\/corporativo\/informacoes\/cadernetas\/fabrica-de-caderneta\/#primaryimage\"},\"image\":{\"@id\":\"https:\/\/redoma.com.br\/corporativo\/informacoes\/cadernetas\/fabrica-de-caderneta\/#primaryimage\"},\"thumbnailUrl\":\"https:\/\/redoma.com.br\/corporativo\/wp-content\/uploads\/2021\/05\/fabrica_caderneta_03.jpg\",\"datePublished\":\"2021-05-06T01:21:36+00:00\",\"breadcrumb\":{\"@id\":\"https:\/\/redoma.com.br\/corporativo\/informacoes\/cadernetas\/fabrica-de-caderneta\/#breadcrumb\"},\"inLanguage\":\"pt-BR\",\"potentialAction\":[{\"@type\":\"ReadAction\",\"target\":[\"https:\/\/redoma.com.br\/corporativo\/informacoes\/cadernetas\/fabrica-de-caderneta\/\"]}]},{\"@type\":\"ImageObject\",\"inLanguage\":\"pt-BR\",\"@id\":\"https:\/\/redoma.com.br\/corporativo\/informacoes\/cadernetas\/fabrica-de-caderneta\/#primaryimage\",\"url\":\"https:\/\/redoma.com.br\/corporativo\/wp-content\/uploads\/2021\/05\/fabrica_caderneta_03.jpg\",\"contentUrl\":\"https:\/\/redoma.com.br\/corporativo\/wp-content\/uploads\/2021\/05\/fabrica_caderneta_03.jpg\",\"width\":480,\"height\":480},{\"@type\":\"BreadcrumbList\",\"@id\":\"https:\/\/redoma.com.br\/corporativo\/informacoes\/cadernetas\/fabrica-de-caderneta\/#breadcrumb\",\"itemListElement\":[{\"@type\":\"ListItem\",\"position\":1,\"name\":\"In\u00edcio\",\"item\":\"https:\/\/redoma.com.br\/corporativo\/\"},{\"@type\":\"ListItem\",\"position\":2,\"name\":\"Informa\u00e7\u00f5es\",\"item\":\"https:\/\/redoma.com.br\/corporativo\/informacoes\/\"},{\"@type\":\"ListItem\",\"position\":3,\"name\":\"Cadernetas\",\"item\":\"https:\/\/redoma.com.br\/corporativo\/informacoes\/cadernetas\/\"},{\"@type\":\"ListItem\",\"position\":4,\"name\":\"F\u00c1BRICA DE CADERNETA\"}]},{\"@type\":\"WebSite\",\"@id\":\"https:\/\/redoma.com.br\/corporativo\/#website\",\"url\":\"https:\/\/redoma.com.br\/corporativo\/\",\"name\":\"Redoma - Brindes Corporativos\",\"description\":\"Produzimos Agenda Personalizada, Calend\u00e1rio Financeiro, Planner Personalizado, Caderno Personalizado, Caderneta personalizada e mais\",\"potentialAction\":[{\"@type\":\"SearchAction\",\"target\":{\"@type\":\"EntryPoint\",\"urlTemplate\":\"https:\/\/redoma.com.br\/corporativo\/?s={search_term_string}\"},\"query-input\":{\"@type\":\"PropertyValueSpecification\",\"valueRequired\":true,\"valueName\":\"search_term_string\"}}],\"inLanguage\":\"pt-BR\"}]}<\/script>\n<!-- \/ Yoast SEO plugin. -->","yoast_head_json":{"title":"F\u00c1BRICA DE CADERNETA - Redoma - Brindes Corporativos","robots":{"index":"index","follow":"follow","max-snippet":"max-snippet:-1","max-image-preview":"max-image-preview:large","max-video-preview":"max-video-preview:-1"},"canonical":"https:\/\/redoma.com.br\/corporativo\/informacoes\/cadernetas\/fabrica-de-caderneta\/","og_locale":"pt_BR","og_type":"article","og_title":"F\u00c1BRICA DE CADERNETA - Redoma - Brindes Corporativos","og_description":"[vc_row][vc_column][vc_column_text] CONHE\u00c7A O TRABALHO DE UMA F\u00c1BRICA DE CADERNETA A Redoma \u00e9 uma\u00a0f\u00e1brica de caderneta\u00a0e outros produtos de gr\u00e1fica, como agendas, blocos de anota\u00e7\u00f5es, calend\u00e1rios e cadernos. Os itens podem ser personalizados para os clientes e vendidos nas cole\u00e7\u00f5es da gr\u00e1fica para varejistas. LINHA DE PRODUTOS DA F\u00c1BRICA DE CADERNETA REDOMA A Redoma \u00e9 uma\u00a0f\u00e1brica&hellip;","og_url":"https:\/\/redoma.com.br\/corporativo\/informacoes\/cadernetas\/fabrica-de-caderneta\/","og_site_name":"Redoma - Brindes Corporativos","og_image":[{"width":480,"height":480,"url":"https:\/\/redoma.com.br\/corporativo\/wp-content\/uploads\/2021\/05\/fabrica_caderneta_03.jpg","type":"image\/jpeg"}],"twitter_card":"summary_large_image","twitter_misc":{"Est. tempo de leitura":"2 minutos"},"schema":{"@context":"https:\/\/schema.org","@graph":[{"@type":"WebPage","@id":"https:\/\/redoma.com.br\/corporativo\/informacoes\/cadernetas\/fabrica-de-caderneta\/","url":"https:\/\/redoma.com.br\/corporativo\/informacoes\/cadernetas\/fabrica-de-caderneta\/","name":"F\u00c1BRICA DE CADERNETA - Redoma - Brindes Corporativos","isPartOf":{"@id":"https:\/\/redoma.com.br\/corporativo\/#website"},"primaryImageOfPage":{"@id":"https:\/\/redoma.com.br\/corporativo\/informacoes\/cadernetas\/fabrica-de-caderneta\/#primaryimage"},"image":{"@id":"https:\/\/redoma.com.br\/corporativo\/informacoes\/cadernetas\/fabrica-de-caderneta\/#primaryimage"},"thumbnailUrl":"https:\/\/redoma.com.br\/corporativo\/wp-content\/uploads\/2021\/05\/fabrica_caderneta_03.jpg","datePublished":"2021-05-06T01:21:36+00:00","breadcrumb":{"@id":"https:\/\/redoma.com.br\/corporativo\/informacoes\/cadernetas\/fabrica-de-caderneta\/#breadcrumb"},"inLanguage":"pt-BR","potentialAction":[{"@type":"ReadAction","target":["https:\/\/redoma.com.br\/corporativo\/informacoes\/cadernetas\/fabrica-de-caderneta\/"]}]},{"@type":"ImageObject","inLanguage":"pt-BR","@id":"https:\/\/redoma.com.br\/corporativo\/informacoes\/cadernetas\/fabrica-de-caderneta\/#primaryimage","url":"https:\/\/redoma.com.br\/corporativo\/wp-content\/uploads\/2021\/05\/fabrica_caderneta_03.jpg","contentUrl":"https:\/\/redoma.com.br\/corporativo\/wp-content\/uploads\/2021\/05\/fabrica_caderneta_03.jpg","width":480,"height":480},{"@type":"BreadcrumbList","@id":"https:\/\/redoma.com.br\/corporativo\/informacoes\/cadernetas\/fabrica-de-caderneta\/#breadcrumb","itemListElement":[{"@type":"ListItem","position":1,"name":"In\u00edcio","item":"https:\/\/redoma.com.br\/corporativo\/"},{"@type":"ListItem","position":2,"name":"Informa\u00e7\u00f5es","item":"https:\/\/redoma.com.br\/corporativo\/informacoes\/"},{"@type":"ListItem","position":3,"name":"Cadernetas","item":"https:\/\/redoma.com.br\/corporativo\/informacoes\/cadernetas\/"},{"@type":"ListItem","position":4,"name":"F\u00c1BRICA DE CADERNETA"}]},{"@type":"WebSite","@id":"https:\/\/redoma.com.br\/corporativo\/#website","url":"https:\/\/redoma.com.br\/corporativo\/","name":"Redoma - Brindes Corporativos","description":"Produzimos Agenda Personalizada, Calend\u00e1rio Financeiro, Planner Personalizado, Caderno Personalizado, Caderneta personalizada e mais","potentialAction":[{"@type":"SearchAction","target":{"@type":"EntryPoint","urlTemplate":"https:\/\/redoma.com.br\/corporativo\/?s={search_term_string}"},"query-input":{"@type":"PropertyValueSpecification","valueRequired":true,"valueName":"search_term_string"}}],"inLanguage":"pt-BR"}]}},"_links":{"self":[{"href":"https:\/\/redoma.com.br\/corporativo\/wp-json\/wp\/v2\/pages\/1930","targetHints":{"allow":["GET"]}}],"collection":[{"href":"https:\/\/redoma.com.br\/corporativo\/wp-json\/wp\/v2\/pages"}],"about":[{"href":"https:\/\/redoma.com.br\/corporativo\/wp-json\/wp\/v2\/types\/page"}],"author":[{"embeddable":true,"href":"https:\/\/redoma.com.br\/corporativo\/wp-json\/wp\/v2\/users\/1"}],"replies":[{"embeddable":true,"href":"https:\/\/redoma.com.br\/corporativo\/wp-json\/wp\/v2\/comments?post=1930"}],"version-history":[{"count":1,"href":"https:\/\/redoma.com.br\/corporativo\/wp-json\/wp\/v2\/pages\/1930\/revisions"}],"predecessor-version":[{"id":1932,"href":"https:\/\/redoma.com.br\/corporativo\/wp-json\/wp\/v2\/pages\/1930\/revisions\/1932"}],"up":[{"embeddable":true,"href":"https:\/\/redoma.com.br\/corporativo\/wp-json\/wp\/v2\/pages\/1877"}],"wp:featuredmedia":[{"embeddable":true,"href":"https:\/\/redoma.com.br\/corporativo\/wp-json\/wp\/v2\/media\/1931"}],"wp:attachment":[{"href":"https:\/\/redoma.com.br\/corporativo\/wp-json\/wp\/v2\/media?parent=1930"}],"curies":[{"name":"wp","href":"https:\/\/api.w.org\/{rel}","templated":true}]}}