
{"id":1928,"date":"2021-05-05T22:20:03","date_gmt":"2021-05-06T01:20:03","guid":{"rendered":"https:\/\/novo.redoma.com.br\/?page_id=1928"},"modified":"2021-05-05T22:20:03","modified_gmt":"2021-05-06T01:20:03","slug":"caderneta-personalizada","status":"publish","type":"page","link":"https:\/\/redoma.com.br\/corporativo\/informacoes\/cadernetas\/caderneta-personalizada\/","title":{"rendered":"CADERNETA PERSONALIZADA"},"content":{"rendered":"<div class=\"wpb-content-wrapper\"><p>[vc_row][vc_column][vc_column_text]<\/p>\n<h2>COMPRE CADERNETA PERSONALIZADA<\/h2>\n<p>Uma\u00a0caderneta personalizada\u00a0\u00e9 um acess\u00f3rio amplamente utilizado para a organiza\u00e7\u00e3o do dia a dia de diversos tipos de pessoas, com rotinas e gostos variados. Presente no topo das escrivaninhas, mesas, naquela mesinha do telefone em casa e em muitos outros locais, essa solu\u00e7\u00e3o gr\u00e1fica \u00e9 utilizada para a anota\u00e7\u00e3o de lembretes, recados e tudo o que n\u00e3o pode ser esquecido ou deixado para depois.<\/p>\n<h2>CONHE\u00c7A AS VANTAGENS DA CADERNETA PERSONALIZADA DA REDOMA<\/h2>\n<p>Entre os grandes diferenciais da\u00a0caderneta personalizada\u00a0da Redoma est\u00e1 uma caracter\u00edstica facilmente percebida em seu nome: \u00e9 personaliz\u00e1vel. A textura e estampa da capa ou o padr\u00e3o de impress\u00e3o dos pap\u00e9is encadernados podem assumir 15.000 combina\u00e7\u00f5es diferentes, para todos os gostos dos consumidores.<\/p>\n<p>A qualidade da produ\u00e7\u00e3o tamb\u00e9m \u00e9 um dos requisitos de honra da Redoma, que d\u00e1 aten\u00e7\u00e3o total a cada pedido de produtos e procura sempre fazer uso de tecnologia inovadora na linha de produ\u00e7\u00e3o. As solu\u00e7\u00f5es gr\u00e1ficas da Redoma, como a\u00a0caderneta personalizada, s\u00e3o feitas com o melhor desenvolvimento tecnol\u00f3gico do ramo.<\/p>\n<h2>O PAPEL DA TECNOLOGIA NA PRESERVA\u00c7\u00c3O DO MEIO AMBIENTE<\/h2>\n<p>Todos os produtos da Redoma, inclusive a\u00a0caderneta personalizada, s\u00e3o feitos a partir de inova\u00e7\u00f5es tecnol\u00f3gicas para que sejam evitados desperd\u00edcios no uso de energia el\u00e9trica e de \u00e1gua. O desenvolvimento sustent\u00e1vel pode ser observado no manejo das sobras de papel, que v\u00e3o diretamente para centros de reciclagem. Al\u00e9m disso, a empresa faz o uso de tinta at\u00f3xica (\u00e0 base de soja) para a impress\u00e3o dos padr\u00f5es nas folhas.<\/p>\n<h3>O desenvolvimento sustent\u00e1vel<\/h3>\n<p>Para que seja garantido o desenvolvimento sustent\u00e1vel, a Redoma est\u00e1 sempre atenta \u00e0s melhorias que podem ser levadas para a produ\u00e7\u00e3o. A m\u00e3o de obra especializada est\u00e1 sempre pronta para novas qualifica\u00e7\u00f5es e maneiras de utilizar recursos naturais com consci\u00eancia.<\/p>\n<h3>O certificado FSC (Forest Stewardship Council)<\/h3>\n<p>O certificado FSC \u00e9 dado para empresas que fazem o manejo de fauna e flora dos locais de extra\u00e7\u00e3o de mat\u00e9ria-prima com consci\u00eancia. Como o papel utilizado na produ\u00e7\u00e3o da\u00a0caderneta personalizada\u00a0\u00e9 proveniente da madeira, esse certificado \u00e9 de grande import\u00e2ncia.<\/p>\n<h2>ENTRE EM CONTATO COM A REDOMA E SAIBA MAIS!<\/h2>\n<p>Conhe\u00e7a a Redoma, localizada em Cajamar, em S\u00e3o Paulo. Saiba mais sobre a aquisi\u00e7\u00e3o de produtos e a log\u00edstica para a sua regi\u00e3o! Entre em contato pelos meios dispon\u00edveis no site e solucione d\u00favidas sobre os produtos ou pedidos de\u00a0caderneta personalizada!<\/p>\n<h2>PARA SABER MAIS SOBRE CADERNETA PERSONALIZADA<\/h2>\n<p>Ligue para\u00a011 4448-7300\u00a0ou mande e-mail para:\u00a0atendimento@redoma.com.br[\/vc_column_text][\/vc_column][\/vc_row][vc_row][vc_column][vc_media_grid grid_id=&#8221;vc_gid:1620263969288-8523cdf4-5675-1&#8243; include=&#8221;1878,1816,1791&#8243;][\/vc_column][\/vc_row]<\/p>\n<\/div>","protected":false},"excerpt":{"rendered":"<p>[vc_row][vc_column][vc_column_text] COMPRE CADERNETA PERSONALIZADA Uma\u00a0caderneta personalizada\u00a0\u00e9 um acess\u00f3rio amplamente utilizado para a organiza\u00e7\u00e3o do dia a dia de diversos tipos de pessoas, com rotinas e gostos variados. Presente no topo das escrivaninhas, mesas, naquela mesinha do telefone em casa e em muitos outros locais, essa solu\u00e7\u00e3o gr\u00e1fica \u00e9 utilizada para a anota\u00e7\u00e3o de lembretes, recados&hellip;<\/p>\n","protected":false},"author":1,"featured_media":1878,"parent":1877,"menu_order":0,"comment_status":"closed","ping_status":"closed","template":"","meta":{"footnotes":""},"class_list":["post-1928","page","type-page","status-publish","has-post-thumbnail","hentry","description-off"],"yoast_head":"<!-- This site is optimized with the Yoast SEO plugin v26.8 - https:\/\/yoast.com\/product\/yoast-seo-wordpress\/ -->\n<title>CADERNETA PERSONALIZADA - Redoma - Brindes Corporativos<\/title>\n<meta name=\"robots\" content=\"index, follow, max-snippet:-1, max-image-preview:large, max-video-preview:-1\" \/>\n<link rel=\"canonical\" href=\"https:\/\/redoma.com.br\/corporativo\/informacoes\/cadernetas\/caderneta-personalizada\/\" \/>\n<meta property=\"og:locale\" content=\"pt_BR\" \/>\n<meta property=\"og:type\" content=\"article\" \/>\n<meta property=\"og:title\" content=\"CADERNETA PERSONALIZADA - Redoma - Brindes Corporativos\" \/>\n<meta property=\"og:description\" content=\"[vc_row][vc_column][vc_column_text] COMPRE CADERNETA PERSONALIZADA Uma\u00a0caderneta personalizada\u00a0\u00e9 um acess\u00f3rio amplamente utilizado para a organiza\u00e7\u00e3o do dia a dia de diversos tipos de pessoas, com rotinas e gostos variados. Presente no topo das escrivaninhas, mesas, naquela mesinha do telefone em casa e em muitos outros locais, essa solu\u00e7\u00e3o gr\u00e1fica \u00e9 utilizada para a anota\u00e7\u00e3o de lembretes, recados&hellip;\" \/>\n<meta property=\"og:url\" content=\"https:\/\/redoma.com.br\/corporativo\/informacoes\/cadernetas\/caderneta-personalizada\/\" \/>\n<meta property=\"og:site_name\" content=\"Redoma - Brindes Corporativos\" \/>\n<meta property=\"og:image\" content=\"https:\/\/redoma.com.br\/corporativo\/wp-content\/uploads\/2021\/05\/caderneta_01.jpg\" \/>\n\t<meta property=\"og:image:width\" content=\"480\" \/>\n\t<meta property=\"og:image:height\" content=\"480\" \/>\n\t<meta property=\"og:image:type\" content=\"image\/jpeg\" \/>\n<meta name=\"twitter:card\" content=\"summary_large_image\" \/>\n<meta name=\"twitter:label1\" content=\"Est. tempo de leitura\" \/>\n\t<meta name=\"twitter:data1\" content=\"2 minutos\" \/>\n<script type=\"application\/ld+json\" class=\"yoast-schema-graph\">{\"@context\":\"https:\/\/schema.org\",\"@graph\":[{\"@type\":\"WebPage\",\"@id\":\"https:\/\/redoma.com.br\/corporativo\/informacoes\/cadernetas\/caderneta-personalizada\/\",\"url\":\"https:\/\/redoma.com.br\/corporativo\/informacoes\/cadernetas\/caderneta-personalizada\/\",\"name\":\"CADERNETA PERSONALIZADA - Redoma - Brindes Corporativos\",\"isPartOf\":{\"@id\":\"https:\/\/redoma.com.br\/corporativo\/#website\"},\"primaryImageOfPage\":{\"@id\":\"https:\/\/redoma.com.br\/corporativo\/informacoes\/cadernetas\/caderneta-personalizada\/#primaryimage\"},\"image\":{\"@id\":\"https:\/\/redoma.com.br\/corporativo\/informacoes\/cadernetas\/caderneta-personalizada\/#primaryimage\"},\"thumbnailUrl\":\"https:\/\/redoma.com.br\/corporativo\/wp-content\/uploads\/2021\/05\/caderneta_01.jpg\",\"datePublished\":\"2021-05-06T01:20:03+00:00\",\"breadcrumb\":{\"@id\":\"https:\/\/redoma.com.br\/corporativo\/informacoes\/cadernetas\/caderneta-personalizada\/#breadcrumb\"},\"inLanguage\":\"pt-BR\",\"potentialAction\":[{\"@type\":\"ReadAction\",\"target\":[\"https:\/\/redoma.com.br\/corporativo\/informacoes\/cadernetas\/caderneta-personalizada\/\"]}]},{\"@type\":\"ImageObject\",\"inLanguage\":\"pt-BR\",\"@id\":\"https:\/\/redoma.com.br\/corporativo\/informacoes\/cadernetas\/caderneta-personalizada\/#primaryimage\",\"url\":\"https:\/\/redoma.com.br\/corporativo\/wp-content\/uploads\/2021\/05\/caderneta_01.jpg\",\"contentUrl\":\"https:\/\/redoma.com.br\/corporativo\/wp-content\/uploads\/2021\/05\/caderneta_01.jpg\",\"width\":480,\"height\":480},{\"@type\":\"BreadcrumbList\",\"@id\":\"https:\/\/redoma.com.br\/corporativo\/informacoes\/cadernetas\/caderneta-personalizada\/#breadcrumb\",\"itemListElement\":[{\"@type\":\"ListItem\",\"position\":1,\"name\":\"In\u00edcio\",\"item\":\"https:\/\/redoma.com.br\/corporativo\/\"},{\"@type\":\"ListItem\",\"position\":2,\"name\":\"Informa\u00e7\u00f5es\",\"item\":\"https:\/\/redoma.com.br\/corporativo\/informacoes\/\"},{\"@type\":\"ListItem\",\"position\":3,\"name\":\"Cadernetas\",\"item\":\"https:\/\/redoma.com.br\/corporativo\/informacoes\/cadernetas\/\"},{\"@type\":\"ListItem\",\"position\":4,\"name\":\"CADERNETA PERSONALIZADA\"}]},{\"@type\":\"WebSite\",\"@id\":\"https:\/\/redoma.com.br\/corporativo\/#website\",\"url\":\"https:\/\/redoma.com.br\/corporativo\/\",\"name\":\"Redoma - Brindes Corporativos\",\"description\":\"Produzimos Agenda Personalizada, Calend\u00e1rio Financeiro, Planner Personalizado, Caderno Personalizado, Caderneta personalizada e mais\",\"potentialAction\":[{\"@type\":\"SearchAction\",\"target\":{\"@type\":\"EntryPoint\",\"urlTemplate\":\"https:\/\/redoma.com.br\/corporativo\/?s={search_term_string}\"},\"query-input\":{\"@type\":\"PropertyValueSpecification\",\"valueRequired\":true,\"valueName\":\"search_term_string\"}}],\"inLanguage\":\"pt-BR\"}]}<\/script>\n<!-- \/ Yoast SEO plugin. -->","yoast_head_json":{"title":"CADERNETA PERSONALIZADA - Redoma - Brindes Corporativos","robots":{"index":"index","follow":"follow","max-snippet":"max-snippet:-1","max-image-preview":"max-image-preview:large","max-video-preview":"max-video-preview:-1"},"canonical":"https:\/\/redoma.com.br\/corporativo\/informacoes\/cadernetas\/caderneta-personalizada\/","og_locale":"pt_BR","og_type":"article","og_title":"CADERNETA PERSONALIZADA - Redoma - Brindes Corporativos","og_description":"[vc_row][vc_column][vc_column_text] COMPRE CADERNETA PERSONALIZADA Uma\u00a0caderneta personalizada\u00a0\u00e9 um acess\u00f3rio amplamente utilizado para a organiza\u00e7\u00e3o do dia a dia de diversos tipos de pessoas, com rotinas e gostos variados. Presente no topo das escrivaninhas, mesas, naquela mesinha do telefone em casa e em muitos outros locais, essa solu\u00e7\u00e3o gr\u00e1fica \u00e9 utilizada para a anota\u00e7\u00e3o de lembretes, recados&hellip;","og_url":"https:\/\/redoma.com.br\/corporativo\/informacoes\/cadernetas\/caderneta-personalizada\/","og_site_name":"Redoma - Brindes Corporativos","og_image":[{"width":480,"height":480,"url":"https:\/\/redoma.com.br\/corporativo\/wp-content\/uploads\/2021\/05\/caderneta_01.jpg","type":"image\/jpeg"}],"twitter_card":"summary_large_image","twitter_misc":{"Est. tempo de leitura":"2 minutos"},"schema":{"@context":"https:\/\/schema.org","@graph":[{"@type":"WebPage","@id":"https:\/\/redoma.com.br\/corporativo\/informacoes\/cadernetas\/caderneta-personalizada\/","url":"https:\/\/redoma.com.br\/corporativo\/informacoes\/cadernetas\/caderneta-personalizada\/","name":"CADERNETA PERSONALIZADA - Redoma - Brindes Corporativos","isPartOf":{"@id":"https:\/\/redoma.com.br\/corporativo\/#website"},"primaryImageOfPage":{"@id":"https:\/\/redoma.com.br\/corporativo\/informacoes\/cadernetas\/caderneta-personalizada\/#primaryimage"},"image":{"@id":"https:\/\/redoma.com.br\/corporativo\/informacoes\/cadernetas\/caderneta-personalizada\/#primaryimage"},"thumbnailUrl":"https:\/\/redoma.com.br\/corporativo\/wp-content\/uploads\/2021\/05\/caderneta_01.jpg","datePublished":"2021-05-06T01:20:03+00:00","breadcrumb":{"@id":"https:\/\/redoma.com.br\/corporativo\/informacoes\/cadernetas\/caderneta-personalizada\/#breadcrumb"},"inLanguage":"pt-BR","potentialAction":[{"@type":"ReadAction","target":["https:\/\/redoma.com.br\/corporativo\/informacoes\/cadernetas\/caderneta-personalizada\/"]}]},{"@type":"ImageObject","inLanguage":"pt-BR","@id":"https:\/\/redoma.com.br\/corporativo\/informacoes\/cadernetas\/caderneta-personalizada\/#primaryimage","url":"https:\/\/redoma.com.br\/corporativo\/wp-content\/uploads\/2021\/05\/caderneta_01.jpg","contentUrl":"https:\/\/redoma.com.br\/corporativo\/wp-content\/uploads\/2021\/05\/caderneta_01.jpg","width":480,"height":480},{"@type":"BreadcrumbList","@id":"https:\/\/redoma.com.br\/corporativo\/informacoes\/cadernetas\/caderneta-personalizada\/#breadcrumb","itemListElement":[{"@type":"ListItem","position":1,"name":"In\u00edcio","item":"https:\/\/redoma.com.br\/corporativo\/"},{"@type":"ListItem","position":2,"name":"Informa\u00e7\u00f5es","item":"https:\/\/redoma.com.br\/corporativo\/informacoes\/"},{"@type":"ListItem","position":3,"name":"Cadernetas","item":"https:\/\/redoma.com.br\/corporativo\/informacoes\/cadernetas\/"},{"@type":"ListItem","position":4,"name":"CADERNETA PERSONALIZADA"}]},{"@type":"WebSite","@id":"https:\/\/redoma.com.br\/corporativo\/#website","url":"https:\/\/redoma.com.br\/corporativo\/","name":"Redoma - Brindes Corporativos","description":"Produzimos Agenda Personalizada, Calend\u00e1rio Financeiro, Planner Personalizado, Caderno Personalizado, Caderneta personalizada e mais","potentialAction":[{"@type":"SearchAction","target":{"@type":"EntryPoint","urlTemplate":"https:\/\/redoma.com.br\/corporativo\/?s={search_term_string}"},"query-input":{"@type":"PropertyValueSpecification","valueRequired":true,"valueName":"search_term_string"}}],"inLanguage":"pt-BR"}]}},"_links":{"self":[{"href":"https:\/\/redoma.com.br\/corporativo\/wp-json\/wp\/v2\/pages\/1928","targetHints":{"allow":["GET"]}}],"collection":[{"href":"https:\/\/redoma.com.br\/corporativo\/wp-json\/wp\/v2\/pages"}],"about":[{"href":"https:\/\/redoma.com.br\/corporativo\/wp-json\/wp\/v2\/types\/page"}],"author":[{"embeddable":true,"href":"https:\/\/redoma.com.br\/corporativo\/wp-json\/wp\/v2\/users\/1"}],"replies":[{"embeddable":true,"href":"https:\/\/redoma.com.br\/corporativo\/wp-json\/wp\/v2\/comments?post=1928"}],"version-history":[{"count":1,"href":"https:\/\/redoma.com.br\/corporativo\/wp-json\/wp\/v2\/pages\/1928\/revisions"}],"predecessor-version":[{"id":1929,"href":"https:\/\/redoma.com.br\/corporativo\/wp-json\/wp\/v2\/pages\/1928\/revisions\/1929"}],"up":[{"embeddable":true,"href":"https:\/\/redoma.com.br\/corporativo\/wp-json\/wp\/v2\/pages\/1877"}],"wp:featuredmedia":[{"embeddable":true,"href":"https:\/\/redoma.com.br\/corporativo\/wp-json\/wp\/v2\/media\/1878"}],"wp:attachment":[{"href":"https:\/\/redoma.com.br\/corporativo\/wp-json\/wp\/v2\/media?parent=1928"}],"curies":[{"name":"wp","href":"https:\/\/api.w.org\/{rel}","templated":true}]}}