
{"id":1926,"date":"2021-05-05T22:18:50","date_gmt":"2021-05-06T01:18:50","guid":{"rendered":"https:\/\/novo.redoma.com.br\/?page_id=1926"},"modified":"2021-05-05T22:18:50","modified_gmt":"2021-05-06T01:18:50","slug":"caderneta-de-anotacoes-personalizada","status":"publish","type":"page","link":"https:\/\/redoma.com.br\/corporativo\/informacoes\/cadernetas\/caderneta-de-anotacoes-personalizada\/","title":{"rendered":"CADERNETA DE ANOTA\u00c7\u00d5ES PERSONALIZADA"},"content":{"rendered":"<div class=\"wpb-content-wrapper\"><p>[vc_row][vc_column][vc_column_text]<\/p>\n<h2>CARACTER\u00cdSTICAS DA CADERNETA DE ANOTA\u00c7\u00d5ES PERSONALIZADA<\/h2>\n<p>A\u00a0caderneta de anota\u00e7\u00f5es personalizada\u00a0pode ser um excelente brinde corporativo, ideal para a\u00e7\u00f5es promocionais em pontos de vendas ou para presentes sazonais para clientes, parceiros e fornecedores. Este item contribui para a promo\u00e7\u00e3o de uma marca, al\u00e9m de colaborar com a organiza\u00e7\u00e3o pessoal de quem o recebe, servindo para anota\u00e7\u00f5es di\u00e1rias, atividades profissionais e como agenda.<\/p>\n<h2>COMO TORNAR A CADERNETA DE ANOTA\u00c7\u00d5ES PERSONALIZADA UM BRINDE CORPORATIVO?<\/h2>\n<p>Primeiramente, \u00e9 importante buscar uma gr\u00e1fica que desenvolva projetos voltados para o fortalecimento da identidade visual de marcas e empresas em geral, oferecendo uma ampla variedade de produtos de alt\u00edssima qualidade, que garantam o sucesso da divulga\u00e7\u00e3o e possibilitem usar a criatividade e a tecnologia de ponta para a cria\u00e7\u00e3o de\u00a0caderneta de anota\u00e7\u00f5es personalizada. A partir da escolha de uma gr\u00e1fica qualificada, ser\u00e1 poss\u00edvel definir elementos gr\u00e1ficos de design, arte, imagem e folhas personalizadas. Com isso, a\u00a0caderneta de anota\u00e7\u00f5es personalizada\u00a0se torna um brinde corporativo exclusivo.<\/p>\n<h2>QUAIS S\u00c3O OS TIPOS DE CADERNETA DE ANOTA\u00c7\u00d5ES PERSONALIZADA?<\/h2>\n<p>O modelo de\u00a0caderneta de anota\u00e7\u00f5es personalizada\u00a0varia de acordo com o desejo do cliente, podendo ser:<\/p>\n<ul class=\"list\">\n<li>Pequenos ou m\u00e9dios blocos de notas;<\/li>\n<li>Cubos de lembretes;<\/li>\n<li>Risque e rabisque.<\/li>\n<\/ul>\n<h2>FALE COM A GR\u00c1FICA REDOMA!<\/h2>\n<p>Para uma escolha segura e a cria\u00e7\u00e3o de uma\u00a0caderneta de anota\u00e7\u00f5es personalizada, fale com a Gr\u00e1fica Redoma! Essa \u00e9 uma das gr\u00e1ficas mais conceituadas do Brasil, e oferece um amplo portf\u00f3lio de produtos.<\/p>\n<p>A Redoma \u00e9 a gr\u00e1fica certa para produzir cadernetas de anota\u00e7\u00f5es, pois, al\u00e9m de estar atuando no mercado h\u00e1 mais de 40 anos, ela possui uma equipe qualificada, equipamentos modernos e compromisso com a criatividade. A Redoma tamb\u00e9m se compromete com a qualidade e a preserva\u00e7\u00e3o do meio ambiente, usando materiais que contribuem para a manuten\u00e7\u00e3o dos recursos naturais do planeta.<\/p>\n<p>Consulte os cat\u00e1logos completos da Redoma e veja outros produtos! Al\u00e9m da confec\u00e7\u00e3o de\u00a0caderneta de anota\u00e7\u00f5es personalizada, a gr\u00e1fica possui diversos artigos de papelaria e brindes corporativos.<\/p>\n<p>Entre em contato com a Redoma por meio deste site e fa\u00e7a o or\u00e7amento de sua\u00a0caderneta de anota\u00e7\u00f5es personalizada! A gr\u00e1fica garante or\u00e7amentos acess\u00edveis e formas de pagamento flex\u00edveis.<\/p>\n<h2>PARA SABER MAIS SOBRE CADERNETA DE ANOTA\u00c7\u00d5ES PERSONALIZADA<\/h2>\n<p>Ligue para\u00a011 4448-7300\u00a0ou mande e-mail para:\u00a0atendimento@redoma.com.br[\/vc_column_text][\/vc_column][\/vc_row][vc_row][vc_column][vc_media_grid grid_id=&#8221;vc_gid:1620263886904-0b9d88c9-6bb9-10&#8243; include=&#8221;1791,1831,1820&#8243;][\/vc_column][\/vc_row]<\/p>\n<\/div>","protected":false},"excerpt":{"rendered":"<p>[vc_row][vc_column][vc_column_text] CARACTER\u00cdSTICAS DA CADERNETA DE ANOTA\u00c7\u00d5ES PERSONALIZADA A\u00a0caderneta de anota\u00e7\u00f5es personalizada\u00a0pode ser um excelente brinde corporativo, ideal para a\u00e7\u00f5es promocionais em pontos de vendas ou para presentes sazonais para clientes, parceiros e fornecedores. Este item contribui para a promo\u00e7\u00e3o de uma marca, al\u00e9m de colaborar com a organiza\u00e7\u00e3o pessoal de quem o recebe, servindo para&hellip;<\/p>\n","protected":false},"author":1,"featured_media":1791,"parent":1877,"menu_order":0,"comment_status":"closed","ping_status":"closed","template":"","meta":{"footnotes":""},"class_list":["post-1926","page","type-page","status-publish","has-post-thumbnail","hentry","description-off"],"yoast_head":"<!-- This site is optimized with the Yoast SEO plugin v26.8 - https:\/\/yoast.com\/product\/yoast-seo-wordpress\/ -->\n<title>CADERNETA DE ANOTA\u00c7\u00d5ES PERSONALIZADA - Redoma - Brindes Corporativos<\/title>\n<meta name=\"robots\" content=\"index, follow, max-snippet:-1, max-image-preview:large, max-video-preview:-1\" \/>\n<link rel=\"canonical\" href=\"https:\/\/redoma.com.br\/corporativo\/informacoes\/cadernetas\/caderneta-de-anotacoes-personalizada\/\" \/>\n<meta property=\"og:locale\" content=\"pt_BR\" \/>\n<meta property=\"og:type\" content=\"article\" \/>\n<meta property=\"og:title\" content=\"CADERNETA DE ANOTA\u00c7\u00d5ES PERSONALIZADA - Redoma - Brindes Corporativos\" \/>\n<meta property=\"og:description\" content=\"[vc_row][vc_column][vc_column_text] CARACTER\u00cdSTICAS DA CADERNETA DE ANOTA\u00c7\u00d5ES PERSONALIZADA A\u00a0caderneta de anota\u00e7\u00f5es personalizada\u00a0pode ser um excelente brinde corporativo, ideal para a\u00e7\u00f5es promocionais em pontos de vendas ou para presentes sazonais para clientes, parceiros e fornecedores. Este item contribui para a promo\u00e7\u00e3o de uma marca, al\u00e9m de colaborar com a organiza\u00e7\u00e3o pessoal de quem o recebe, servindo para&hellip;\" \/>\n<meta property=\"og:url\" content=\"https:\/\/redoma.com.br\/corporativo\/informacoes\/cadernetas\/caderneta-de-anotacoes-personalizada\/\" \/>\n<meta property=\"og:site_name\" content=\"Redoma - Brindes Corporativos\" \/>\n<meta property=\"og:image\" content=\"https:\/\/redoma.com.br\/corporativo\/wp-content\/uploads\/2021\/05\/agenda_corporativa_personalizada_02.jpg\" \/>\n\t<meta property=\"og:image:width\" content=\"480\" \/>\n\t<meta property=\"og:image:height\" content=\"480\" \/>\n\t<meta property=\"og:image:type\" content=\"image\/jpeg\" \/>\n<meta name=\"twitter:card\" content=\"summary_large_image\" \/>\n<meta name=\"twitter:label1\" content=\"Est. tempo de leitura\" \/>\n\t<meta name=\"twitter:data1\" content=\"2 minutos\" \/>\n<script type=\"application\/ld+json\" class=\"yoast-schema-graph\">{\"@context\":\"https:\/\/schema.org\",\"@graph\":[{\"@type\":\"WebPage\",\"@id\":\"https:\/\/redoma.com.br\/corporativo\/informacoes\/cadernetas\/caderneta-de-anotacoes-personalizada\/\",\"url\":\"https:\/\/redoma.com.br\/corporativo\/informacoes\/cadernetas\/caderneta-de-anotacoes-personalizada\/\",\"name\":\"CADERNETA DE ANOTA\u00c7\u00d5ES PERSONALIZADA - Redoma - Brindes Corporativos\",\"isPartOf\":{\"@id\":\"https:\/\/redoma.com.br\/corporativo\/#website\"},\"primaryImageOfPage\":{\"@id\":\"https:\/\/redoma.com.br\/corporativo\/informacoes\/cadernetas\/caderneta-de-anotacoes-personalizada\/#primaryimage\"},\"image\":{\"@id\":\"https:\/\/redoma.com.br\/corporativo\/informacoes\/cadernetas\/caderneta-de-anotacoes-personalizada\/#primaryimage\"},\"thumbnailUrl\":\"https:\/\/redoma.com.br\/corporativo\/wp-content\/uploads\/2021\/05\/agenda_corporativa_personalizada_02.jpg\",\"datePublished\":\"2021-05-06T01:18:50+00:00\",\"breadcrumb\":{\"@id\":\"https:\/\/redoma.com.br\/corporativo\/informacoes\/cadernetas\/caderneta-de-anotacoes-personalizada\/#breadcrumb\"},\"inLanguage\":\"pt-BR\",\"potentialAction\":[{\"@type\":\"ReadAction\",\"target\":[\"https:\/\/redoma.com.br\/corporativo\/informacoes\/cadernetas\/caderneta-de-anotacoes-personalizada\/\"]}]},{\"@type\":\"ImageObject\",\"inLanguage\":\"pt-BR\",\"@id\":\"https:\/\/redoma.com.br\/corporativo\/informacoes\/cadernetas\/caderneta-de-anotacoes-personalizada\/#primaryimage\",\"url\":\"https:\/\/redoma.com.br\/corporativo\/wp-content\/uploads\/2021\/05\/agenda_corporativa_personalizada_02.jpg\",\"contentUrl\":\"https:\/\/redoma.com.br\/corporativo\/wp-content\/uploads\/2021\/05\/agenda_corporativa_personalizada_02.jpg\",\"width\":480,\"height\":480},{\"@type\":\"BreadcrumbList\",\"@id\":\"https:\/\/redoma.com.br\/corporativo\/informacoes\/cadernetas\/caderneta-de-anotacoes-personalizada\/#breadcrumb\",\"itemListElement\":[{\"@type\":\"ListItem\",\"position\":1,\"name\":\"In\u00edcio\",\"item\":\"https:\/\/redoma.com.br\/corporativo\/\"},{\"@type\":\"ListItem\",\"position\":2,\"name\":\"Informa\u00e7\u00f5es\",\"item\":\"https:\/\/redoma.com.br\/corporativo\/informacoes\/\"},{\"@type\":\"ListItem\",\"position\":3,\"name\":\"Cadernetas\",\"item\":\"https:\/\/redoma.com.br\/corporativo\/informacoes\/cadernetas\/\"},{\"@type\":\"ListItem\",\"position\":4,\"name\":\"CADERNETA DE ANOTA\u00c7\u00d5ES PERSONALIZADA\"}]},{\"@type\":\"WebSite\",\"@id\":\"https:\/\/redoma.com.br\/corporativo\/#website\",\"url\":\"https:\/\/redoma.com.br\/corporativo\/\",\"name\":\"Redoma - Brindes Corporativos\",\"description\":\"Produzimos Agenda Personalizada, Calend\u00e1rio Financeiro, Planner Personalizado, Caderno Personalizado, Caderneta personalizada e mais\",\"potentialAction\":[{\"@type\":\"SearchAction\",\"target\":{\"@type\":\"EntryPoint\",\"urlTemplate\":\"https:\/\/redoma.com.br\/corporativo\/?s={search_term_string}\"},\"query-input\":{\"@type\":\"PropertyValueSpecification\",\"valueRequired\":true,\"valueName\":\"search_term_string\"}}],\"inLanguage\":\"pt-BR\"}]}<\/script>\n<!-- \/ Yoast SEO plugin. -->","yoast_head_json":{"title":"CADERNETA DE ANOTA\u00c7\u00d5ES PERSONALIZADA - Redoma - Brindes Corporativos","robots":{"index":"index","follow":"follow","max-snippet":"max-snippet:-1","max-image-preview":"max-image-preview:large","max-video-preview":"max-video-preview:-1"},"canonical":"https:\/\/redoma.com.br\/corporativo\/informacoes\/cadernetas\/caderneta-de-anotacoes-personalizada\/","og_locale":"pt_BR","og_type":"article","og_title":"CADERNETA DE ANOTA\u00c7\u00d5ES PERSONALIZADA - Redoma - Brindes Corporativos","og_description":"[vc_row][vc_column][vc_column_text] CARACTER\u00cdSTICAS DA CADERNETA DE ANOTA\u00c7\u00d5ES PERSONALIZADA A\u00a0caderneta de anota\u00e7\u00f5es personalizada\u00a0pode ser um excelente brinde corporativo, ideal para a\u00e7\u00f5es promocionais em pontos de vendas ou para presentes sazonais para clientes, parceiros e fornecedores. Este item contribui para a promo\u00e7\u00e3o de uma marca, al\u00e9m de colaborar com a organiza\u00e7\u00e3o pessoal de quem o recebe, servindo para&hellip;","og_url":"https:\/\/redoma.com.br\/corporativo\/informacoes\/cadernetas\/caderneta-de-anotacoes-personalizada\/","og_site_name":"Redoma - Brindes Corporativos","og_image":[{"width":480,"height":480,"url":"https:\/\/redoma.com.br\/corporativo\/wp-content\/uploads\/2021\/05\/agenda_corporativa_personalizada_02.jpg","type":"image\/jpeg"}],"twitter_card":"summary_large_image","twitter_misc":{"Est. tempo de leitura":"2 minutos"},"schema":{"@context":"https:\/\/schema.org","@graph":[{"@type":"WebPage","@id":"https:\/\/redoma.com.br\/corporativo\/informacoes\/cadernetas\/caderneta-de-anotacoes-personalizada\/","url":"https:\/\/redoma.com.br\/corporativo\/informacoes\/cadernetas\/caderneta-de-anotacoes-personalizada\/","name":"CADERNETA DE ANOTA\u00c7\u00d5ES PERSONALIZADA - Redoma - Brindes Corporativos","isPartOf":{"@id":"https:\/\/redoma.com.br\/corporativo\/#website"},"primaryImageOfPage":{"@id":"https:\/\/redoma.com.br\/corporativo\/informacoes\/cadernetas\/caderneta-de-anotacoes-personalizada\/#primaryimage"},"image":{"@id":"https:\/\/redoma.com.br\/corporativo\/informacoes\/cadernetas\/caderneta-de-anotacoes-personalizada\/#primaryimage"},"thumbnailUrl":"https:\/\/redoma.com.br\/corporativo\/wp-content\/uploads\/2021\/05\/agenda_corporativa_personalizada_02.jpg","datePublished":"2021-05-06T01:18:50+00:00","breadcrumb":{"@id":"https:\/\/redoma.com.br\/corporativo\/informacoes\/cadernetas\/caderneta-de-anotacoes-personalizada\/#breadcrumb"},"inLanguage":"pt-BR","potentialAction":[{"@type":"ReadAction","target":["https:\/\/redoma.com.br\/corporativo\/informacoes\/cadernetas\/caderneta-de-anotacoes-personalizada\/"]}]},{"@type":"ImageObject","inLanguage":"pt-BR","@id":"https:\/\/redoma.com.br\/corporativo\/informacoes\/cadernetas\/caderneta-de-anotacoes-personalizada\/#primaryimage","url":"https:\/\/redoma.com.br\/corporativo\/wp-content\/uploads\/2021\/05\/agenda_corporativa_personalizada_02.jpg","contentUrl":"https:\/\/redoma.com.br\/corporativo\/wp-content\/uploads\/2021\/05\/agenda_corporativa_personalizada_02.jpg","width":480,"height":480},{"@type":"BreadcrumbList","@id":"https:\/\/redoma.com.br\/corporativo\/informacoes\/cadernetas\/caderneta-de-anotacoes-personalizada\/#breadcrumb","itemListElement":[{"@type":"ListItem","position":1,"name":"In\u00edcio","item":"https:\/\/redoma.com.br\/corporativo\/"},{"@type":"ListItem","position":2,"name":"Informa\u00e7\u00f5es","item":"https:\/\/redoma.com.br\/corporativo\/informacoes\/"},{"@type":"ListItem","position":3,"name":"Cadernetas","item":"https:\/\/redoma.com.br\/corporativo\/informacoes\/cadernetas\/"},{"@type":"ListItem","position":4,"name":"CADERNETA DE ANOTA\u00c7\u00d5ES PERSONALIZADA"}]},{"@type":"WebSite","@id":"https:\/\/redoma.com.br\/corporativo\/#website","url":"https:\/\/redoma.com.br\/corporativo\/","name":"Redoma - Brindes Corporativos","description":"Produzimos Agenda Personalizada, Calend\u00e1rio Financeiro, Planner Personalizado, Caderno Personalizado, Caderneta personalizada e mais","potentialAction":[{"@type":"SearchAction","target":{"@type":"EntryPoint","urlTemplate":"https:\/\/redoma.com.br\/corporativo\/?s={search_term_string}"},"query-input":{"@type":"PropertyValueSpecification","valueRequired":true,"valueName":"search_term_string"}}],"inLanguage":"pt-BR"}]}},"_links":{"self":[{"href":"https:\/\/redoma.com.br\/corporativo\/wp-json\/wp\/v2\/pages\/1926","targetHints":{"allow":["GET"]}}],"collection":[{"href":"https:\/\/redoma.com.br\/corporativo\/wp-json\/wp\/v2\/pages"}],"about":[{"href":"https:\/\/redoma.com.br\/corporativo\/wp-json\/wp\/v2\/types\/page"}],"author":[{"embeddable":true,"href":"https:\/\/redoma.com.br\/corporativo\/wp-json\/wp\/v2\/users\/1"}],"replies":[{"embeddable":true,"href":"https:\/\/redoma.com.br\/corporativo\/wp-json\/wp\/v2\/comments?post=1926"}],"version-history":[{"count":1,"href":"https:\/\/redoma.com.br\/corporativo\/wp-json\/wp\/v2\/pages\/1926\/revisions"}],"predecessor-version":[{"id":1927,"href":"https:\/\/redoma.com.br\/corporativo\/wp-json\/wp\/v2\/pages\/1926\/revisions\/1927"}],"up":[{"embeddable":true,"href":"https:\/\/redoma.com.br\/corporativo\/wp-json\/wp\/v2\/pages\/1877"}],"wp:featuredmedia":[{"embeddable":true,"href":"https:\/\/redoma.com.br\/corporativo\/wp-json\/wp\/v2\/media\/1791"}],"wp:attachment":[{"href":"https:\/\/redoma.com.br\/corporativo\/wp-json\/wp\/v2\/media?parent=1926"}],"curies":[{"name":"wp","href":"https:\/\/api.w.org\/{rel}","templated":true}]}}