
{"id":1913,"date":"2021-05-05T22:12:51","date_gmt":"2021-05-06T01:12:51","guid":{"rendered":"https:\/\/novo.redoma.com.br\/?page_id=1913"},"modified":"2021-05-05T22:12:51","modified_gmt":"2021-05-06T01:12:51","slug":"caderno-executivo-personalizado","status":"publish","type":"page","link":"https:\/\/redoma.com.br\/corporativo\/informacoes\/cadernos\/caderno-executivo-personalizado\/","title":{"rendered":"CADERNO EXECUTIVO PERSONALIZADO"},"content":{"rendered":"<div class=\"wpb-content-wrapper\"><p>[vc_row][vc_column][vc_column_text]<\/p>\n<h2>COMPRE CADERNO EXECUTIVO PERSONALIZADO<\/h2>\n<p>Cadernos executivos s\u00e3o amplamente utilizados em escrit\u00f3rios de grandes, m\u00e9dios e pequenos empreendimentos. Esse acess\u00f3rio \u00e9 utilizado para a organiza\u00e7\u00e3o e a anota\u00e7\u00e3o de lembretes e muitas outras informa\u00e7\u00f5es que passam pela rotina de todos os profissionais desse ambiente.<\/p>\n<p>Um\u00a0caderno executivo\u00a0<a title=\"CADERNETA PERSONALIZADA\" href=\"https:\/\/redoma.com.br\/corporativo\/informacoes\/cadernos\/caderneta-personalizada\">personalizado<\/a>\u00a0n\u00e3o s\u00f3 leva essa utilidade a todos, mas tamb\u00e9m pode ser utilizado para garantir sofistica\u00e7\u00e3o e organiza\u00e7\u00e3o \u00e0s empresas, al\u00e9m de poder ser distribu\u00eddo como estrat\u00e9gia de marketing em eventos corporativos.<\/p>\n<h2>CONFIRA O CADERNO EXECUTIVO PERSONALIZADO DA REDOMA<\/h2>\n<p>A Redoma est\u00e1, desde 1975, no mercado, com destaque na produ\u00e7\u00e3o de produtos sob medida, como o\u00a0caderno executivo personalizado. Tamanho, capa, textura, cor, pauta, enfim, tudo pode ser personalizado de acordo com o conceito da marca ou o bom gosto do cliente. Existem notebooks grandes, m\u00e9dios e pequenos.<\/p>\n<p>Essa caracter\u00edstica personaliz\u00e1vel leva ao\u00a0caderno executivo personalizado\u00a0muita sofistica\u00e7\u00e3o, fator que pode impressionar investidores e convidados de eventos corporativos onde esses produtos s\u00e3o distribu\u00eddos como brindes.<\/p>\n<h2>PRODU\u00c7\u00c3O COM ALTA TECNOLOGIA E CONSCI\u00caNCIA AMBIENTAL<\/h2>\n<p>Alta tecnologia e consci\u00eancia ambiental s\u00e3o muito importantes para a garantia de que os produtos feitos pela Redoma sejam, al\u00e9m de sofisticados, sustent\u00e1veis, de qualidade e com durabilidade garantida. Um exemplo disso \u00e9 o certificado FSC, pelo qual a Redoma comprova sua responsabilidade com o manejo de recursos naturais.<\/p>\n<p>Tamb\u00e9m n\u00e3o h\u00e1 desperd\u00edcios na produ\u00e7\u00e3o do\u00a0caderno executivo personalizado, pois todo o papel que sobra \u00e9 direcionado para a reciclagem e reaproveitamento.<\/p>\n<h2>CONFIRA AS VANTAGENS DA REDOMA!<\/h2>\n<p>Conhe\u00e7a a Redoma, empresa localizada em Cajamar, no Estado de S\u00e3o Paulo. H\u00e1 mais de 40 anos, o desenvolvimento tecnol\u00f3gico e a qualifica\u00e7\u00e3o da m\u00e3o de obra s\u00e3o dois fatores determinantes para a qualidade dos produtos da Redoma. Hoje, a empresa oferece as melhores solu\u00e7\u00f5es gr\u00e1ficas do Brasil.<\/p>\n<p>Caderno executivo personalizado, agendas, \u00edndices telef\u00f4nicos, calend\u00e1rios e muitos outros produtos que fazem parte da rotina de muitas pessoas est\u00e3o na Redoma. Entre em contato para saber as condi\u00e7\u00f5es para a aquisi\u00e7\u00e3o desses produtos. Vale lembrar que quanto maior o pedido, mais descontos podem ser oferecidos aos clientes! Contate a equipe da Redoma e saiba mais sobre o\u00a0caderno executivo personalizado!<\/p>\n<h2>PARA SABER MAIS SOBRE CADERNO EXECUTIVO PERSONALIZADO<\/h2>\n<p>Ligue para\u00a011 4448-7300\u00a0ou mande e-mail para:\u00a0atendimento@redoma.com.br[\/vc_column_text][\/vc_column][\/vc_row][vc_row][vc_column][vc_media_grid grid_id=&#8221;vc_gid:1620263548245-68924031-308c-2&#8243; include=&#8221;1893,1896,1897&#8243;][\/vc_column][\/vc_row]<\/p>\n<\/div>","protected":false},"excerpt":{"rendered":"<p>[vc_row][vc_column][vc_column_text] COMPRE CADERNO EXECUTIVO PERSONALIZADO Cadernos executivos s\u00e3o amplamente utilizados em escrit\u00f3rios de grandes, m\u00e9dios e pequenos empreendimentos. Esse acess\u00f3rio \u00e9 utilizado para a organiza\u00e7\u00e3o e a anota\u00e7\u00e3o de lembretes e muitas outras informa\u00e7\u00f5es que passam pela rotina de todos os profissionais desse ambiente. Um\u00a0caderno executivo\u00a0personalizado\u00a0n\u00e3o s\u00f3 leva essa utilidade a todos, mas tamb\u00e9m pode&hellip;<\/p>\n","protected":false},"author":1,"featured_media":1893,"parent":1874,"menu_order":0,"comment_status":"closed","ping_status":"closed","template":"","meta":{"footnotes":""},"class_list":["post-1913","page","type-page","status-publish","has-post-thumbnail","hentry","description-off"],"yoast_head":"<!-- This site is optimized with the Yoast SEO plugin v26.8 - https:\/\/yoast.com\/product\/yoast-seo-wordpress\/ -->\n<title>CADERNO EXECUTIVO PERSONALIZADO - Redoma - Brindes Corporativos<\/title>\n<meta name=\"robots\" content=\"index, follow, max-snippet:-1, max-image-preview:large, max-video-preview:-1\" \/>\n<link rel=\"canonical\" href=\"https:\/\/redoma.com.br\/corporativo\/informacoes\/cadernos\/caderno-executivo-personalizado\/\" \/>\n<meta property=\"og:locale\" content=\"pt_BR\" \/>\n<meta property=\"og:type\" content=\"article\" \/>\n<meta property=\"og:title\" content=\"CADERNO EXECUTIVO PERSONALIZADO - Redoma - Brindes Corporativos\" \/>\n<meta property=\"og:description\" content=\"[vc_row][vc_column][vc_column_text] COMPRE CADERNO EXECUTIVO PERSONALIZADO Cadernos executivos s\u00e3o amplamente utilizados em escrit\u00f3rios de grandes, m\u00e9dios e pequenos empreendimentos. Esse acess\u00f3rio \u00e9 utilizado para a organiza\u00e7\u00e3o e a anota\u00e7\u00e3o de lembretes e muitas outras informa\u00e7\u00f5es que passam pela rotina de todos os profissionais desse ambiente. Um\u00a0caderno executivo\u00a0personalizado\u00a0n\u00e3o s\u00f3 leva essa utilidade a todos, mas tamb\u00e9m pode&hellip;\" \/>\n<meta property=\"og:url\" content=\"https:\/\/redoma.com.br\/corporativo\/informacoes\/cadernos\/caderno-executivo-personalizado\/\" \/>\n<meta property=\"og:site_name\" content=\"Redoma - Brindes Corporativos\" \/>\n<meta property=\"og:image\" content=\"https:\/\/redoma.com.br\/corporativo\/wp-content\/uploads\/2021\/05\/brindes_cadernos_e_agendas_01.jpg\" \/>\n\t<meta property=\"og:image:width\" content=\"480\" \/>\n\t<meta property=\"og:image:height\" content=\"480\" \/>\n\t<meta property=\"og:image:type\" content=\"image\/jpeg\" \/>\n<meta name=\"twitter:card\" content=\"summary_large_image\" \/>\n<meta name=\"twitter:label1\" content=\"Est. tempo de leitura\" \/>\n\t<meta name=\"twitter:data1\" content=\"2 minutos\" \/>\n<script type=\"application\/ld+json\" class=\"yoast-schema-graph\">{\"@context\":\"https:\/\/schema.org\",\"@graph\":[{\"@type\":\"WebPage\",\"@id\":\"https:\/\/redoma.com.br\/corporativo\/informacoes\/cadernos\/caderno-executivo-personalizado\/\",\"url\":\"https:\/\/redoma.com.br\/corporativo\/informacoes\/cadernos\/caderno-executivo-personalizado\/\",\"name\":\"CADERNO EXECUTIVO PERSONALIZADO - Redoma - Brindes Corporativos\",\"isPartOf\":{\"@id\":\"https:\/\/redoma.com.br\/corporativo\/#website\"},\"primaryImageOfPage\":{\"@id\":\"https:\/\/redoma.com.br\/corporativo\/informacoes\/cadernos\/caderno-executivo-personalizado\/#primaryimage\"},\"image\":{\"@id\":\"https:\/\/redoma.com.br\/corporativo\/informacoes\/cadernos\/caderno-executivo-personalizado\/#primaryimage\"},\"thumbnailUrl\":\"https:\/\/redoma.com.br\/corporativo\/wp-content\/uploads\/2021\/05\/brindes_cadernos_e_agendas_01.jpg\",\"datePublished\":\"2021-05-06T01:12:51+00:00\",\"breadcrumb\":{\"@id\":\"https:\/\/redoma.com.br\/corporativo\/informacoes\/cadernos\/caderno-executivo-personalizado\/#breadcrumb\"},\"inLanguage\":\"pt-BR\",\"potentialAction\":[{\"@type\":\"ReadAction\",\"target\":[\"https:\/\/redoma.com.br\/corporativo\/informacoes\/cadernos\/caderno-executivo-personalizado\/\"]}]},{\"@type\":\"ImageObject\",\"inLanguage\":\"pt-BR\",\"@id\":\"https:\/\/redoma.com.br\/corporativo\/informacoes\/cadernos\/caderno-executivo-personalizado\/#primaryimage\",\"url\":\"https:\/\/redoma.com.br\/corporativo\/wp-content\/uploads\/2021\/05\/brindes_cadernos_e_agendas_01.jpg\",\"contentUrl\":\"https:\/\/redoma.com.br\/corporativo\/wp-content\/uploads\/2021\/05\/brindes_cadernos_e_agendas_01.jpg\",\"width\":480,\"height\":480},{\"@type\":\"BreadcrumbList\",\"@id\":\"https:\/\/redoma.com.br\/corporativo\/informacoes\/cadernos\/caderno-executivo-personalizado\/#breadcrumb\",\"itemListElement\":[{\"@type\":\"ListItem\",\"position\":1,\"name\":\"In\u00edcio\",\"item\":\"https:\/\/redoma.com.br\/corporativo\/\"},{\"@type\":\"ListItem\",\"position\":2,\"name\":\"Informa\u00e7\u00f5es\",\"item\":\"https:\/\/redoma.com.br\/corporativo\/informacoes\/\"},{\"@type\":\"ListItem\",\"position\":3,\"name\":\"Cadernos\",\"item\":\"https:\/\/redoma.com.br\/corporativo\/informacoes\/cadernos\/\"},{\"@type\":\"ListItem\",\"position\":4,\"name\":\"CADERNO EXECUTIVO PERSONALIZADO\"}]},{\"@type\":\"WebSite\",\"@id\":\"https:\/\/redoma.com.br\/corporativo\/#website\",\"url\":\"https:\/\/redoma.com.br\/corporativo\/\",\"name\":\"Redoma - Brindes Corporativos\",\"description\":\"Produzimos Agenda Personalizada, Calend\u00e1rio Financeiro, Planner Personalizado, Caderno Personalizado, Caderneta personalizada e mais\",\"potentialAction\":[{\"@type\":\"SearchAction\",\"target\":{\"@type\":\"EntryPoint\",\"urlTemplate\":\"https:\/\/redoma.com.br\/corporativo\/?s={search_term_string}\"},\"query-input\":{\"@type\":\"PropertyValueSpecification\",\"valueRequired\":true,\"valueName\":\"search_term_string\"}}],\"inLanguage\":\"pt-BR\"}]}<\/script>\n<!-- \/ Yoast SEO plugin. -->","yoast_head_json":{"title":"CADERNO EXECUTIVO PERSONALIZADO - Redoma - Brindes Corporativos","robots":{"index":"index","follow":"follow","max-snippet":"max-snippet:-1","max-image-preview":"max-image-preview:large","max-video-preview":"max-video-preview:-1"},"canonical":"https:\/\/redoma.com.br\/corporativo\/informacoes\/cadernos\/caderno-executivo-personalizado\/","og_locale":"pt_BR","og_type":"article","og_title":"CADERNO EXECUTIVO PERSONALIZADO - Redoma - Brindes Corporativos","og_description":"[vc_row][vc_column][vc_column_text] COMPRE CADERNO EXECUTIVO PERSONALIZADO Cadernos executivos s\u00e3o amplamente utilizados em escrit\u00f3rios de grandes, m\u00e9dios e pequenos empreendimentos. Esse acess\u00f3rio \u00e9 utilizado para a organiza\u00e7\u00e3o e a anota\u00e7\u00e3o de lembretes e muitas outras informa\u00e7\u00f5es que passam pela rotina de todos os profissionais desse ambiente. Um\u00a0caderno executivo\u00a0personalizado\u00a0n\u00e3o s\u00f3 leva essa utilidade a todos, mas tamb\u00e9m pode&hellip;","og_url":"https:\/\/redoma.com.br\/corporativo\/informacoes\/cadernos\/caderno-executivo-personalizado\/","og_site_name":"Redoma - Brindes Corporativos","og_image":[{"width":480,"height":480,"url":"https:\/\/redoma.com.br\/corporativo\/wp-content\/uploads\/2021\/05\/brindes_cadernos_e_agendas_01.jpg","type":"image\/jpeg"}],"twitter_card":"summary_large_image","twitter_misc":{"Est. tempo de leitura":"2 minutos"},"schema":{"@context":"https:\/\/schema.org","@graph":[{"@type":"WebPage","@id":"https:\/\/redoma.com.br\/corporativo\/informacoes\/cadernos\/caderno-executivo-personalizado\/","url":"https:\/\/redoma.com.br\/corporativo\/informacoes\/cadernos\/caderno-executivo-personalizado\/","name":"CADERNO EXECUTIVO PERSONALIZADO - Redoma - Brindes Corporativos","isPartOf":{"@id":"https:\/\/redoma.com.br\/corporativo\/#website"},"primaryImageOfPage":{"@id":"https:\/\/redoma.com.br\/corporativo\/informacoes\/cadernos\/caderno-executivo-personalizado\/#primaryimage"},"image":{"@id":"https:\/\/redoma.com.br\/corporativo\/informacoes\/cadernos\/caderno-executivo-personalizado\/#primaryimage"},"thumbnailUrl":"https:\/\/redoma.com.br\/corporativo\/wp-content\/uploads\/2021\/05\/brindes_cadernos_e_agendas_01.jpg","datePublished":"2021-05-06T01:12:51+00:00","breadcrumb":{"@id":"https:\/\/redoma.com.br\/corporativo\/informacoes\/cadernos\/caderno-executivo-personalizado\/#breadcrumb"},"inLanguage":"pt-BR","potentialAction":[{"@type":"ReadAction","target":["https:\/\/redoma.com.br\/corporativo\/informacoes\/cadernos\/caderno-executivo-personalizado\/"]}]},{"@type":"ImageObject","inLanguage":"pt-BR","@id":"https:\/\/redoma.com.br\/corporativo\/informacoes\/cadernos\/caderno-executivo-personalizado\/#primaryimage","url":"https:\/\/redoma.com.br\/corporativo\/wp-content\/uploads\/2021\/05\/brindes_cadernos_e_agendas_01.jpg","contentUrl":"https:\/\/redoma.com.br\/corporativo\/wp-content\/uploads\/2021\/05\/brindes_cadernos_e_agendas_01.jpg","width":480,"height":480},{"@type":"BreadcrumbList","@id":"https:\/\/redoma.com.br\/corporativo\/informacoes\/cadernos\/caderno-executivo-personalizado\/#breadcrumb","itemListElement":[{"@type":"ListItem","position":1,"name":"In\u00edcio","item":"https:\/\/redoma.com.br\/corporativo\/"},{"@type":"ListItem","position":2,"name":"Informa\u00e7\u00f5es","item":"https:\/\/redoma.com.br\/corporativo\/informacoes\/"},{"@type":"ListItem","position":3,"name":"Cadernos","item":"https:\/\/redoma.com.br\/corporativo\/informacoes\/cadernos\/"},{"@type":"ListItem","position":4,"name":"CADERNO EXECUTIVO PERSONALIZADO"}]},{"@type":"WebSite","@id":"https:\/\/redoma.com.br\/corporativo\/#website","url":"https:\/\/redoma.com.br\/corporativo\/","name":"Redoma - Brindes Corporativos","description":"Produzimos Agenda Personalizada, Calend\u00e1rio Financeiro, Planner Personalizado, Caderno Personalizado, Caderneta personalizada e mais","potentialAction":[{"@type":"SearchAction","target":{"@type":"EntryPoint","urlTemplate":"https:\/\/redoma.com.br\/corporativo\/?s={search_term_string}"},"query-input":{"@type":"PropertyValueSpecification","valueRequired":true,"valueName":"search_term_string"}}],"inLanguage":"pt-BR"}]}},"_links":{"self":[{"href":"https:\/\/redoma.com.br\/corporativo\/wp-json\/wp\/v2\/pages\/1913","targetHints":{"allow":["GET"]}}],"collection":[{"href":"https:\/\/redoma.com.br\/corporativo\/wp-json\/wp\/v2\/pages"}],"about":[{"href":"https:\/\/redoma.com.br\/corporativo\/wp-json\/wp\/v2\/types\/page"}],"author":[{"embeddable":true,"href":"https:\/\/redoma.com.br\/corporativo\/wp-json\/wp\/v2\/users\/1"}],"replies":[{"embeddable":true,"href":"https:\/\/redoma.com.br\/corporativo\/wp-json\/wp\/v2\/comments?post=1913"}],"version-history":[{"count":1,"href":"https:\/\/redoma.com.br\/corporativo\/wp-json\/wp\/v2\/pages\/1913\/revisions"}],"predecessor-version":[{"id":1914,"href":"https:\/\/redoma.com.br\/corporativo\/wp-json\/wp\/v2\/pages\/1913\/revisions\/1914"}],"up":[{"embeddable":true,"href":"https:\/\/redoma.com.br\/corporativo\/wp-json\/wp\/v2\/pages\/1874"}],"wp:featuredmedia":[{"embeddable":true,"href":"https:\/\/redoma.com.br\/corporativo\/wp-json\/wp\/v2\/media\/1893"}],"wp:attachment":[{"href":"https:\/\/redoma.com.br\/corporativo\/wp-json\/wp\/v2\/media?parent=1913"}],"curies":[{"name":"wp","href":"https:\/\/api.w.org\/{rel}","templated":true}]}}