
{"id":1910,"date":"2021-05-05T22:11:35","date_gmt":"2021-05-06T01:11:35","guid":{"rendered":"https:\/\/novo.redoma.com.br\/?page_id=1910"},"modified":"2021-05-05T22:11:35","modified_gmt":"2021-05-06T01:11:35","slug":"caderno-executivo-brinde","status":"publish","type":"page","link":"https:\/\/redoma.com.br\/corporativo\/informacoes\/cadernos\/caderno-executivo-brinde\/","title":{"rendered":"CADERNO EXECUTIVO BRINDE"},"content":{"rendered":"<div class=\"wpb-content-wrapper\"><p>[vc_row][vc_column][vc_column_text]<\/p>\n<h2>SOLICITE OR\u00c7AMENTO PARA CADERNO EXECUTIVO BRINDE<\/h2>\n<p>O\u00a0caderno executivo brinde\u00a0precisa de aten\u00e7\u00e3o especial na sofistica\u00e7\u00e3o da encaderna\u00e7\u00e3o e da capa por se tratar de um acess\u00f3rio distribu\u00eddo como lembran\u00e7a de eventos corporativos, reuni\u00f5es ou outras comemora\u00e7\u00f5es que empreendimentos utilizam como a\u00e7\u00f5es de marketing.<\/p>\n<p>Muitas vezes pautado e com capa de cores neutras, o\u00a0caderno executivo brinde\u00a0\u00e9 comumente encontrado em grandes empresas e distribu\u00eddo para parceiros, funcion\u00e1rios e muitos outros stakeholders. Esse \u00e9 um dos brindes mais conhecidos no universo corporativo por representar algo agrad\u00e1vel e muito \u00fatil na vida de pessoas.<\/p>\n<p>Na Redoma, os clientes encontram notebooks dos modelos pequeno, m\u00e9dio e grande, tamb\u00e9m dispon\u00edveis no papel reciclado.<\/p>\n<h2>LEVE O CADERNO EXECUTIVO BRINDE PARA O SEU EVENTO CORPORATIVO<\/h2>\n<p>A distribui\u00e7\u00e3o de\u00a0caderno executivo brinde\u00a0pode deixar a imagem da empresa e do evento corporativo muito mais elevada aos olhos de parceiros e poss\u00edveis investidores, j\u00e1 que o item representa bom gosto e sofistica\u00e7\u00e3o. A Redoma produz o\u00a0caderno executivo brinde\u00a0visando justamente essas duas caracter\u00edsticas, que s\u00e3o muito importantes para impressionar clientes em geral.<\/p>\n<p>Al\u00e9m disso, a Redoma fabrica cadernos executivos com tamanhos, cores, n\u00famero de folhas e capa de diversas maneiras diferentes. As cole\u00e7\u00f5es s\u00e3o todas feitas com vis\u00e3o no requinte e na satisfa\u00e7\u00e3o de gostos e pessoas diferentes. Esse \u00e9 um dos motivos pelos quais, desde 1975, a Redoma \u00e9 o grande destaque no ramo de solu\u00e7\u00f5es gr\u00e1ficas no Brasil.<\/p>\n<h2>SAIBA MAIS SOBRE O PROCESSO DE PRODU\u00c7\u00c3O DO CADERNO EXECUTIVO BRINDE<\/h2>\n<ul class=\"list\">\n<li>Sustentabilidade:\u00a0a produ\u00e7\u00e3o sustent\u00e1vel recebe grande aten\u00e7\u00e3o na Redoma, com solu\u00e7\u00f5es gr\u00e1ficas com papel produzido com o manejo consciente e renov\u00e1vel.<\/li>\n<li>Impress\u00e3o:\u00a0todos os produtos s\u00e3o impressos com tinta \u00e0 base de soja e totalmente at\u00f3xica, ent\u00e3o o meio ambiente n\u00e3o sofre com o contato e os trabalhadores est\u00e3o protegidos de riscos.<\/li>\n<li>Reciclagem:\u00a0os cortes de papel para o ajuste dos produtos s\u00e3o constantes, ent\u00e3o todas essas sobras s\u00e3o direcionadas a centros especializados em reciclagem e reaproveitamento.<\/li>\n<li>Tecnologia:\u00a0as m\u00e1quinas e a m\u00e3o de obra desenvolvedora de inova\u00e7\u00f5es tecnol\u00f3gicas garantem a melhoria acentuada ao processo de produ\u00e7\u00e3o da Redoma.<\/li>\n<\/ul>\n<p>Entre em contato com a Redoma e saiba mais! Pe\u00e7a um or\u00e7amento sem compromisso para a produ\u00e7\u00e3o de\u00a0caderno executivo brinde!<\/p>\n<h2>PARA SABER MAIS SOBRE CADERNO EXECUTIVO BRINDE<\/h2>\n<p>Ligue para\u00a011 4448-7300\u00a0ou mande e-mail para:\u00a0atendimento@redoma.com.br[\/vc_column_text][\/vc_column][\/vc_row][vc_row][vc_column][vc_media_grid grid_id=&#8221;vc_gid:1620263467324-af22875e-ed17-3&#8243; include=&#8221;1896,1897,1893&#8243;][\/vc_column][\/vc_row]<\/p>\n<\/div>","protected":false},"excerpt":{"rendered":"<p>[vc_row][vc_column][vc_column_text] SOLICITE OR\u00c7AMENTO PARA CADERNO EXECUTIVO BRINDE O\u00a0caderno executivo brinde\u00a0precisa de aten\u00e7\u00e3o especial na sofistica\u00e7\u00e3o da encaderna\u00e7\u00e3o e da capa por se tratar de um acess\u00f3rio distribu\u00eddo como lembran\u00e7a de eventos corporativos, reuni\u00f5es ou outras comemora\u00e7\u00f5es que empreendimentos utilizam como a\u00e7\u00f5es de marketing. Muitas vezes pautado e com capa de cores neutras, o\u00a0caderno executivo brinde\u00a0\u00e9&hellip;<\/p>\n","protected":false},"author":1,"featured_media":1896,"parent":1874,"menu_order":0,"comment_status":"closed","ping_status":"closed","template":"","meta":{"footnotes":""},"class_list":["post-1910","page","type-page","status-publish","has-post-thumbnail","hentry","description-off"],"yoast_head":"<!-- This site is optimized with the Yoast SEO plugin v26.8 - https:\/\/yoast.com\/product\/yoast-seo-wordpress\/ -->\n<title>CADERNO EXECUTIVO BRINDE - Redoma - Brindes Corporativos<\/title>\n<meta name=\"robots\" content=\"index, follow, max-snippet:-1, max-image-preview:large, max-video-preview:-1\" \/>\n<link rel=\"canonical\" href=\"https:\/\/redoma.com.br\/corporativo\/informacoes\/cadernos\/caderno-executivo-brinde\/\" \/>\n<meta property=\"og:locale\" content=\"pt_BR\" \/>\n<meta property=\"og:type\" content=\"article\" \/>\n<meta property=\"og:title\" content=\"CADERNO EXECUTIVO BRINDE - Redoma - Brindes Corporativos\" \/>\n<meta property=\"og:description\" content=\"[vc_row][vc_column][vc_column_text] SOLICITE OR\u00c7AMENTO PARA CADERNO EXECUTIVO BRINDE O\u00a0caderno executivo brinde\u00a0precisa de aten\u00e7\u00e3o especial na sofistica\u00e7\u00e3o da encaderna\u00e7\u00e3o e da capa por se tratar de um acess\u00f3rio distribu\u00eddo como lembran\u00e7a de eventos corporativos, reuni\u00f5es ou outras comemora\u00e7\u00f5es que empreendimentos utilizam como a\u00e7\u00f5es de marketing. Muitas vezes pautado e com capa de cores neutras, o\u00a0caderno executivo brinde\u00a0\u00e9&hellip;\" \/>\n<meta property=\"og:url\" content=\"https:\/\/redoma.com.br\/corporativo\/informacoes\/cadernos\/caderno-executivo-brinde\/\" \/>\n<meta property=\"og:site_name\" content=\"Redoma - Brindes Corporativos\" \/>\n<meta property=\"og:image\" content=\"https:\/\/redoma.com.br\/corporativo\/wp-content\/uploads\/2021\/05\/cadernos_personalizados_02.jpg\" \/>\n\t<meta property=\"og:image:width\" content=\"480\" \/>\n\t<meta property=\"og:image:height\" content=\"480\" \/>\n\t<meta property=\"og:image:type\" content=\"image\/jpeg\" \/>\n<meta name=\"twitter:card\" content=\"summary_large_image\" \/>\n<meta name=\"twitter:label1\" content=\"Est. tempo de leitura\" \/>\n\t<meta name=\"twitter:data1\" content=\"2 minutos\" \/>\n<script type=\"application\/ld+json\" class=\"yoast-schema-graph\">{\"@context\":\"https:\/\/schema.org\",\"@graph\":[{\"@type\":\"WebPage\",\"@id\":\"https:\/\/redoma.com.br\/corporativo\/informacoes\/cadernos\/caderno-executivo-brinde\/\",\"url\":\"https:\/\/redoma.com.br\/corporativo\/informacoes\/cadernos\/caderno-executivo-brinde\/\",\"name\":\"CADERNO EXECUTIVO BRINDE - Redoma - Brindes Corporativos\",\"isPartOf\":{\"@id\":\"https:\/\/redoma.com.br\/corporativo\/#website\"},\"primaryImageOfPage\":{\"@id\":\"https:\/\/redoma.com.br\/corporativo\/informacoes\/cadernos\/caderno-executivo-brinde\/#primaryimage\"},\"image\":{\"@id\":\"https:\/\/redoma.com.br\/corporativo\/informacoes\/cadernos\/caderno-executivo-brinde\/#primaryimage\"},\"thumbnailUrl\":\"https:\/\/redoma.com.br\/corporativo\/wp-content\/uploads\/2021\/05\/cadernos_personalizados_02.jpg\",\"datePublished\":\"2021-05-06T01:11:35+00:00\",\"breadcrumb\":{\"@id\":\"https:\/\/redoma.com.br\/corporativo\/informacoes\/cadernos\/caderno-executivo-brinde\/#breadcrumb\"},\"inLanguage\":\"pt-BR\",\"potentialAction\":[{\"@type\":\"ReadAction\",\"target\":[\"https:\/\/redoma.com.br\/corporativo\/informacoes\/cadernos\/caderno-executivo-brinde\/\"]}]},{\"@type\":\"ImageObject\",\"inLanguage\":\"pt-BR\",\"@id\":\"https:\/\/redoma.com.br\/corporativo\/informacoes\/cadernos\/caderno-executivo-brinde\/#primaryimage\",\"url\":\"https:\/\/redoma.com.br\/corporativo\/wp-content\/uploads\/2021\/05\/cadernos_personalizados_02.jpg\",\"contentUrl\":\"https:\/\/redoma.com.br\/corporativo\/wp-content\/uploads\/2021\/05\/cadernos_personalizados_02.jpg\",\"width\":480,\"height\":480},{\"@type\":\"BreadcrumbList\",\"@id\":\"https:\/\/redoma.com.br\/corporativo\/informacoes\/cadernos\/caderno-executivo-brinde\/#breadcrumb\",\"itemListElement\":[{\"@type\":\"ListItem\",\"position\":1,\"name\":\"In\u00edcio\",\"item\":\"https:\/\/redoma.com.br\/corporativo\/\"},{\"@type\":\"ListItem\",\"position\":2,\"name\":\"Informa\u00e7\u00f5es\",\"item\":\"https:\/\/redoma.com.br\/corporativo\/informacoes\/\"},{\"@type\":\"ListItem\",\"position\":3,\"name\":\"Cadernos\",\"item\":\"https:\/\/redoma.com.br\/corporativo\/informacoes\/cadernos\/\"},{\"@type\":\"ListItem\",\"position\":4,\"name\":\"CADERNO EXECUTIVO BRINDE\"}]},{\"@type\":\"WebSite\",\"@id\":\"https:\/\/redoma.com.br\/corporativo\/#website\",\"url\":\"https:\/\/redoma.com.br\/corporativo\/\",\"name\":\"Redoma - Brindes Corporativos\",\"description\":\"Produzimos Agenda Personalizada, Calend\u00e1rio Financeiro, Planner Personalizado, Caderno Personalizado, Caderneta personalizada e mais\",\"potentialAction\":[{\"@type\":\"SearchAction\",\"target\":{\"@type\":\"EntryPoint\",\"urlTemplate\":\"https:\/\/redoma.com.br\/corporativo\/?s={search_term_string}\"},\"query-input\":{\"@type\":\"PropertyValueSpecification\",\"valueRequired\":true,\"valueName\":\"search_term_string\"}}],\"inLanguage\":\"pt-BR\"}]}<\/script>\n<!-- \/ Yoast SEO plugin. -->","yoast_head_json":{"title":"CADERNO EXECUTIVO BRINDE - Redoma - Brindes Corporativos","robots":{"index":"index","follow":"follow","max-snippet":"max-snippet:-1","max-image-preview":"max-image-preview:large","max-video-preview":"max-video-preview:-1"},"canonical":"https:\/\/redoma.com.br\/corporativo\/informacoes\/cadernos\/caderno-executivo-brinde\/","og_locale":"pt_BR","og_type":"article","og_title":"CADERNO EXECUTIVO BRINDE - Redoma - Brindes Corporativos","og_description":"[vc_row][vc_column][vc_column_text] SOLICITE OR\u00c7AMENTO PARA CADERNO EXECUTIVO BRINDE O\u00a0caderno executivo brinde\u00a0precisa de aten\u00e7\u00e3o especial na sofistica\u00e7\u00e3o da encaderna\u00e7\u00e3o e da capa por se tratar de um acess\u00f3rio distribu\u00eddo como lembran\u00e7a de eventos corporativos, reuni\u00f5es ou outras comemora\u00e7\u00f5es que empreendimentos utilizam como a\u00e7\u00f5es de marketing. Muitas vezes pautado e com capa de cores neutras, o\u00a0caderno executivo brinde\u00a0\u00e9&hellip;","og_url":"https:\/\/redoma.com.br\/corporativo\/informacoes\/cadernos\/caderno-executivo-brinde\/","og_site_name":"Redoma - Brindes Corporativos","og_image":[{"width":480,"height":480,"url":"https:\/\/redoma.com.br\/corporativo\/wp-content\/uploads\/2021\/05\/cadernos_personalizados_02.jpg","type":"image\/jpeg"}],"twitter_card":"summary_large_image","twitter_misc":{"Est. tempo de leitura":"2 minutos"},"schema":{"@context":"https:\/\/schema.org","@graph":[{"@type":"WebPage","@id":"https:\/\/redoma.com.br\/corporativo\/informacoes\/cadernos\/caderno-executivo-brinde\/","url":"https:\/\/redoma.com.br\/corporativo\/informacoes\/cadernos\/caderno-executivo-brinde\/","name":"CADERNO EXECUTIVO BRINDE - Redoma - Brindes Corporativos","isPartOf":{"@id":"https:\/\/redoma.com.br\/corporativo\/#website"},"primaryImageOfPage":{"@id":"https:\/\/redoma.com.br\/corporativo\/informacoes\/cadernos\/caderno-executivo-brinde\/#primaryimage"},"image":{"@id":"https:\/\/redoma.com.br\/corporativo\/informacoes\/cadernos\/caderno-executivo-brinde\/#primaryimage"},"thumbnailUrl":"https:\/\/redoma.com.br\/corporativo\/wp-content\/uploads\/2021\/05\/cadernos_personalizados_02.jpg","datePublished":"2021-05-06T01:11:35+00:00","breadcrumb":{"@id":"https:\/\/redoma.com.br\/corporativo\/informacoes\/cadernos\/caderno-executivo-brinde\/#breadcrumb"},"inLanguage":"pt-BR","potentialAction":[{"@type":"ReadAction","target":["https:\/\/redoma.com.br\/corporativo\/informacoes\/cadernos\/caderno-executivo-brinde\/"]}]},{"@type":"ImageObject","inLanguage":"pt-BR","@id":"https:\/\/redoma.com.br\/corporativo\/informacoes\/cadernos\/caderno-executivo-brinde\/#primaryimage","url":"https:\/\/redoma.com.br\/corporativo\/wp-content\/uploads\/2021\/05\/cadernos_personalizados_02.jpg","contentUrl":"https:\/\/redoma.com.br\/corporativo\/wp-content\/uploads\/2021\/05\/cadernos_personalizados_02.jpg","width":480,"height":480},{"@type":"BreadcrumbList","@id":"https:\/\/redoma.com.br\/corporativo\/informacoes\/cadernos\/caderno-executivo-brinde\/#breadcrumb","itemListElement":[{"@type":"ListItem","position":1,"name":"In\u00edcio","item":"https:\/\/redoma.com.br\/corporativo\/"},{"@type":"ListItem","position":2,"name":"Informa\u00e7\u00f5es","item":"https:\/\/redoma.com.br\/corporativo\/informacoes\/"},{"@type":"ListItem","position":3,"name":"Cadernos","item":"https:\/\/redoma.com.br\/corporativo\/informacoes\/cadernos\/"},{"@type":"ListItem","position":4,"name":"CADERNO EXECUTIVO BRINDE"}]},{"@type":"WebSite","@id":"https:\/\/redoma.com.br\/corporativo\/#website","url":"https:\/\/redoma.com.br\/corporativo\/","name":"Redoma - Brindes Corporativos","description":"Produzimos Agenda Personalizada, Calend\u00e1rio Financeiro, Planner Personalizado, Caderno Personalizado, Caderneta personalizada e mais","potentialAction":[{"@type":"SearchAction","target":{"@type":"EntryPoint","urlTemplate":"https:\/\/redoma.com.br\/corporativo\/?s={search_term_string}"},"query-input":{"@type":"PropertyValueSpecification","valueRequired":true,"valueName":"search_term_string"}}],"inLanguage":"pt-BR"}]}},"_links":{"self":[{"href":"https:\/\/redoma.com.br\/corporativo\/wp-json\/wp\/v2\/pages\/1910","targetHints":{"allow":["GET"]}}],"collection":[{"href":"https:\/\/redoma.com.br\/corporativo\/wp-json\/wp\/v2\/pages"}],"about":[{"href":"https:\/\/redoma.com.br\/corporativo\/wp-json\/wp\/v2\/types\/page"}],"author":[{"embeddable":true,"href":"https:\/\/redoma.com.br\/corporativo\/wp-json\/wp\/v2\/users\/1"}],"replies":[{"embeddable":true,"href":"https:\/\/redoma.com.br\/corporativo\/wp-json\/wp\/v2\/comments?post=1910"}],"version-history":[{"count":2,"href":"https:\/\/redoma.com.br\/corporativo\/wp-json\/wp\/v2\/pages\/1910\/revisions"}],"predecessor-version":[{"id":1912,"href":"https:\/\/redoma.com.br\/corporativo\/wp-json\/wp\/v2\/pages\/1910\/revisions\/1912"}],"up":[{"embeddable":true,"href":"https:\/\/redoma.com.br\/corporativo\/wp-json\/wp\/v2\/pages\/1874"}],"wp:featuredmedia":[{"embeddable":true,"href":"https:\/\/redoma.com.br\/corporativo\/wp-json\/wp\/v2\/media\/1896"}],"wp:attachment":[{"href":"https:\/\/redoma.com.br\/corporativo\/wp-json\/wp\/v2\/media?parent=1910"}],"curies":[{"name":"wp","href":"https:\/\/api.w.org\/{rel}","templated":true}]}}