
{"id":1906,"date":"2021-05-05T22:09:23","date_gmt":"2021-05-06T01:09:23","guid":{"rendered":"https:\/\/novo.redoma.com.br\/?page_id=1906"},"modified":"2021-05-05T22:09:23","modified_gmt":"2021-05-06T01:09:23","slug":"grafica-de-cadernos-personalizados","status":"publish","type":"page","link":"https:\/\/redoma.com.br\/corporativo\/informacoes\/cadernos\/grafica-de-cadernos-personalizados\/","title":{"rendered":"GR\u00c1FICA DE CADERNOS PERSONALIZADOS"},"content":{"rendered":"<div class=\"wpb-content-wrapper\"><p>[vc_row][vc_column][vc_column_text]<\/p>\n<h2>ESCOLHA UMA EXCELENTE GR\u00c1FICA DE CADERNOS PERSONALIZADOS<\/h2>\n<p>Uma\u00a0gr\u00e1fica de cadernos personalizados\u00a0\u00e9 uma empresa que se responsabiliza por todo o processo criativo e de personaliza\u00e7\u00e3o de cadernos, desde o design das folhas at\u00e9 o acabamento das capas. Sendo assim, quando optar por personaliza\u00e7\u00e3o de cadernos, \u00e9 de suma import\u00e2ncia a escolha de uma\u00a0gr\u00e1fica de cadernos personalizados\u00a0qualificada, com boa reputa\u00e7\u00e3o e referenciada no mercado gr\u00e1fico.<\/p>\n<h2>POR QUE CONTAR COM UMA GR\u00c1FICA DE CADERNOS PERSONALIZADOS?<\/h2>\n<p>A personaliza\u00e7\u00e3o de cadernos agrega valor ao material. Ela pode ser feita com diferentes objetivos, uma vez que estes itens podem ser usados como material de escrit\u00f3rio, em escolas particulares e tamb\u00e9m como brindes empresariais, para a promo\u00e7\u00e3o de uma marca.<\/p>\n<p>Por isso, escolher uma\u00a0gr\u00e1fica de cadernos personalizados\u00a0pode ser altamente ben\u00e9fico para as organiza\u00e7\u00f5es, que conquistam suporte profissional e especializado para definir os detalhes do material impresso.<\/p>\n<h2>QUAL GR\u00c1FICA DE CADERNOS PERSONALIZADOS ESCOLHER?<\/h2>\n<p>Atendendo a princ\u00edpios como responsabilidade ambiental e social, criatividade, exclusividade, tradi\u00e7\u00e3o e inova\u00e7\u00e3o, a Redoma \u00e9 a\u00a0gr\u00e1fica de cadernos personalizados\u00a0mais qualificada para realizar a personaliza\u00e7\u00e3o destes materiais. A empresa atua no mercado gr\u00e1fico h\u00e1 mais de 40 anos, contando com equipamentos modernos e uma equipe altamente qualificada, al\u00e9m de adotar uma pol\u00edtica interna voltada \u00e0 responsabilidade no uso e no descarte de materiais.<\/p>\n<p>A Redoma \u00e9 uma gr\u00e1fica que assume o compromisso de preserva\u00e7\u00e3o do planeta, cuidando sempre dos res\u00edduos e das mat\u00e9rias-primas que utiliza em seus processos de produ\u00e7\u00e3o.<\/p>\n<h2>O PADR\u00c3O DE QUALIDADE REDOMA<\/h2>\n<p>Ao consultar o cat\u00e1logo de cadernos personalizados da Redoma \u00e9 poss\u00edvel ter no\u00e7\u00e3o da variedade de produtos oferecidos pela gr\u00e1fica e de seu padr\u00e3o de qualidade. A empresa oferece cadernos de diferentes formatos, como:<\/p>\n<ul class=\"list\">\n<li>Tamanhos variados;<\/li>\n<li>Uso ou n\u00e3o de papel reciclado;<\/li>\n<li>Variedade no design das folhas que ir\u00e3o compor o caderno;<\/li>\n<li>Possibilidade da cria\u00e7\u00e3o de layouts especiais;<\/li>\n<li>Grande variedade na paleta de cores para as capas.<\/li>\n<\/ul>\n<p>Consulte o cat\u00e1logo exclusivo de cadernos da Redoma, conhe\u00e7a mais sobre a hist\u00f3ria da gr\u00e1fica, veja quais s\u00e3o as possibilidades de cores e pe\u00e7a um or\u00e7amento sob medida. Fa\u00e7a contato agora mesmo e conhe\u00e7a a\u00a0gr\u00e1fica de cadernos personalizados!<\/p>\n<h2>PARA SABER MAIS SOBRE GR\u00c1FICA DE CADERNOS PERSONALIZADOS<\/h2>\n<p>Ligue para\u00a011 4448-7300\u00a0ou mande e-mail para:\u00a0atendimento@redoma.com.br[\/vc_column_text][\/vc_column][\/vc_row][vc_row][vc_column][vc_media_grid grid_id=&#8221;vc_gid:1620263330671-f585f536-9263-10&#8243; include=&#8221;1897,1893,1898&#8243;][\/vc_column][\/vc_row]<\/p>\n<\/div>","protected":false},"excerpt":{"rendered":"<p>[vc_row][vc_column][vc_column_text] ESCOLHA UMA EXCELENTE GR\u00c1FICA DE CADERNOS PERSONALIZADOS Uma\u00a0gr\u00e1fica de cadernos personalizados\u00a0\u00e9 uma empresa que se responsabiliza por todo o processo criativo e de personaliza\u00e7\u00e3o de cadernos, desde o design das folhas at\u00e9 o acabamento das capas. Sendo assim, quando optar por personaliza\u00e7\u00e3o de cadernos, \u00e9 de suma import\u00e2ncia a escolha de uma\u00a0gr\u00e1fica de cadernos&hellip;<\/p>\n","protected":false},"author":1,"featured_media":1897,"parent":1874,"menu_order":0,"comment_status":"closed","ping_status":"closed","template":"","meta":{"footnotes":""},"class_list":["post-1906","page","type-page","status-publish","has-post-thumbnail","hentry","description-off"],"yoast_head":"<!-- This site is optimized with the Yoast SEO plugin v26.8 - https:\/\/yoast.com\/product\/yoast-seo-wordpress\/ -->\n<title>GR\u00c1FICA DE CADERNOS PERSONALIZADOS - Redoma - Brindes Corporativos<\/title>\n<meta name=\"robots\" content=\"index, follow, max-snippet:-1, max-image-preview:large, max-video-preview:-1\" \/>\n<link rel=\"canonical\" href=\"https:\/\/redoma.com.br\/corporativo\/informacoes\/cadernos\/grafica-de-cadernos-personalizados\/\" \/>\n<meta property=\"og:locale\" content=\"pt_BR\" \/>\n<meta property=\"og:type\" content=\"article\" \/>\n<meta property=\"og:title\" content=\"GR\u00c1FICA DE CADERNOS PERSONALIZADOS - Redoma - Brindes Corporativos\" \/>\n<meta property=\"og:description\" content=\"[vc_row][vc_column][vc_column_text] ESCOLHA UMA EXCELENTE GR\u00c1FICA DE CADERNOS PERSONALIZADOS Uma\u00a0gr\u00e1fica de cadernos personalizados\u00a0\u00e9 uma empresa que se responsabiliza por todo o processo criativo e de personaliza\u00e7\u00e3o de cadernos, desde o design das folhas at\u00e9 o acabamento das capas. Sendo assim, quando optar por personaliza\u00e7\u00e3o de cadernos, \u00e9 de suma import\u00e2ncia a escolha de uma\u00a0gr\u00e1fica de cadernos&hellip;\" \/>\n<meta property=\"og:url\" content=\"https:\/\/redoma.com.br\/corporativo\/informacoes\/cadernos\/grafica-de-cadernos-personalizados\/\" \/>\n<meta property=\"og:site_name\" content=\"Redoma - Brindes Corporativos\" \/>\n<meta property=\"og:image\" content=\"https:\/\/redoma.com.br\/corporativo\/wp-content\/uploads\/2021\/05\/cadernos_personalizados_01.jpg\" \/>\n\t<meta property=\"og:image:width\" content=\"480\" \/>\n\t<meta property=\"og:image:height\" content=\"480\" \/>\n\t<meta property=\"og:image:type\" content=\"image\/jpeg\" \/>\n<meta name=\"twitter:card\" content=\"summary_large_image\" \/>\n<meta name=\"twitter:label1\" content=\"Est. tempo de leitura\" \/>\n\t<meta name=\"twitter:data1\" content=\"2 minutos\" \/>\n<script type=\"application\/ld+json\" class=\"yoast-schema-graph\">{\"@context\":\"https:\/\/schema.org\",\"@graph\":[{\"@type\":\"WebPage\",\"@id\":\"https:\/\/redoma.com.br\/corporativo\/informacoes\/cadernos\/grafica-de-cadernos-personalizados\/\",\"url\":\"https:\/\/redoma.com.br\/corporativo\/informacoes\/cadernos\/grafica-de-cadernos-personalizados\/\",\"name\":\"GR\u00c1FICA DE CADERNOS PERSONALIZADOS - Redoma - Brindes Corporativos\",\"isPartOf\":{\"@id\":\"https:\/\/redoma.com.br\/corporativo\/#website\"},\"primaryImageOfPage\":{\"@id\":\"https:\/\/redoma.com.br\/corporativo\/informacoes\/cadernos\/grafica-de-cadernos-personalizados\/#primaryimage\"},\"image\":{\"@id\":\"https:\/\/redoma.com.br\/corporativo\/informacoes\/cadernos\/grafica-de-cadernos-personalizados\/#primaryimage\"},\"thumbnailUrl\":\"https:\/\/redoma.com.br\/corporativo\/wp-content\/uploads\/2021\/05\/cadernos_personalizados_01.jpg\",\"datePublished\":\"2021-05-06T01:09:23+00:00\",\"breadcrumb\":{\"@id\":\"https:\/\/redoma.com.br\/corporativo\/informacoes\/cadernos\/grafica-de-cadernos-personalizados\/#breadcrumb\"},\"inLanguage\":\"pt-BR\",\"potentialAction\":[{\"@type\":\"ReadAction\",\"target\":[\"https:\/\/redoma.com.br\/corporativo\/informacoes\/cadernos\/grafica-de-cadernos-personalizados\/\"]}]},{\"@type\":\"ImageObject\",\"inLanguage\":\"pt-BR\",\"@id\":\"https:\/\/redoma.com.br\/corporativo\/informacoes\/cadernos\/grafica-de-cadernos-personalizados\/#primaryimage\",\"url\":\"https:\/\/redoma.com.br\/corporativo\/wp-content\/uploads\/2021\/05\/cadernos_personalizados_01.jpg\",\"contentUrl\":\"https:\/\/redoma.com.br\/corporativo\/wp-content\/uploads\/2021\/05\/cadernos_personalizados_01.jpg\",\"width\":480,\"height\":480},{\"@type\":\"BreadcrumbList\",\"@id\":\"https:\/\/redoma.com.br\/corporativo\/informacoes\/cadernos\/grafica-de-cadernos-personalizados\/#breadcrumb\",\"itemListElement\":[{\"@type\":\"ListItem\",\"position\":1,\"name\":\"In\u00edcio\",\"item\":\"https:\/\/redoma.com.br\/corporativo\/\"},{\"@type\":\"ListItem\",\"position\":2,\"name\":\"Informa\u00e7\u00f5es\",\"item\":\"https:\/\/redoma.com.br\/corporativo\/informacoes\/\"},{\"@type\":\"ListItem\",\"position\":3,\"name\":\"Cadernos\",\"item\":\"https:\/\/redoma.com.br\/corporativo\/informacoes\/cadernos\/\"},{\"@type\":\"ListItem\",\"position\":4,\"name\":\"GR\u00c1FICA DE CADERNOS PERSONALIZADOS\"}]},{\"@type\":\"WebSite\",\"@id\":\"https:\/\/redoma.com.br\/corporativo\/#website\",\"url\":\"https:\/\/redoma.com.br\/corporativo\/\",\"name\":\"Redoma - Brindes Corporativos\",\"description\":\"Produzimos Agenda Personalizada, Calend\u00e1rio Financeiro, Planner Personalizado, Caderno Personalizado, Caderneta personalizada e mais\",\"potentialAction\":[{\"@type\":\"SearchAction\",\"target\":{\"@type\":\"EntryPoint\",\"urlTemplate\":\"https:\/\/redoma.com.br\/corporativo\/?s={search_term_string}\"},\"query-input\":{\"@type\":\"PropertyValueSpecification\",\"valueRequired\":true,\"valueName\":\"search_term_string\"}}],\"inLanguage\":\"pt-BR\"}]}<\/script>\n<!-- \/ Yoast SEO plugin. -->","yoast_head_json":{"title":"GR\u00c1FICA DE CADERNOS PERSONALIZADOS - Redoma - Brindes Corporativos","robots":{"index":"index","follow":"follow","max-snippet":"max-snippet:-1","max-image-preview":"max-image-preview:large","max-video-preview":"max-video-preview:-1"},"canonical":"https:\/\/redoma.com.br\/corporativo\/informacoes\/cadernos\/grafica-de-cadernos-personalizados\/","og_locale":"pt_BR","og_type":"article","og_title":"GR\u00c1FICA DE CADERNOS PERSONALIZADOS - Redoma - Brindes Corporativos","og_description":"[vc_row][vc_column][vc_column_text] ESCOLHA UMA EXCELENTE GR\u00c1FICA DE CADERNOS PERSONALIZADOS Uma\u00a0gr\u00e1fica de cadernos personalizados\u00a0\u00e9 uma empresa que se responsabiliza por todo o processo criativo e de personaliza\u00e7\u00e3o de cadernos, desde o design das folhas at\u00e9 o acabamento das capas. Sendo assim, quando optar por personaliza\u00e7\u00e3o de cadernos, \u00e9 de suma import\u00e2ncia a escolha de uma\u00a0gr\u00e1fica de cadernos&hellip;","og_url":"https:\/\/redoma.com.br\/corporativo\/informacoes\/cadernos\/grafica-de-cadernos-personalizados\/","og_site_name":"Redoma - Brindes Corporativos","og_image":[{"width":480,"height":480,"url":"https:\/\/redoma.com.br\/corporativo\/wp-content\/uploads\/2021\/05\/cadernos_personalizados_01.jpg","type":"image\/jpeg"}],"twitter_card":"summary_large_image","twitter_misc":{"Est. tempo de leitura":"2 minutos"},"schema":{"@context":"https:\/\/schema.org","@graph":[{"@type":"WebPage","@id":"https:\/\/redoma.com.br\/corporativo\/informacoes\/cadernos\/grafica-de-cadernos-personalizados\/","url":"https:\/\/redoma.com.br\/corporativo\/informacoes\/cadernos\/grafica-de-cadernos-personalizados\/","name":"GR\u00c1FICA DE CADERNOS PERSONALIZADOS - Redoma - Brindes Corporativos","isPartOf":{"@id":"https:\/\/redoma.com.br\/corporativo\/#website"},"primaryImageOfPage":{"@id":"https:\/\/redoma.com.br\/corporativo\/informacoes\/cadernos\/grafica-de-cadernos-personalizados\/#primaryimage"},"image":{"@id":"https:\/\/redoma.com.br\/corporativo\/informacoes\/cadernos\/grafica-de-cadernos-personalizados\/#primaryimage"},"thumbnailUrl":"https:\/\/redoma.com.br\/corporativo\/wp-content\/uploads\/2021\/05\/cadernos_personalizados_01.jpg","datePublished":"2021-05-06T01:09:23+00:00","breadcrumb":{"@id":"https:\/\/redoma.com.br\/corporativo\/informacoes\/cadernos\/grafica-de-cadernos-personalizados\/#breadcrumb"},"inLanguage":"pt-BR","potentialAction":[{"@type":"ReadAction","target":["https:\/\/redoma.com.br\/corporativo\/informacoes\/cadernos\/grafica-de-cadernos-personalizados\/"]}]},{"@type":"ImageObject","inLanguage":"pt-BR","@id":"https:\/\/redoma.com.br\/corporativo\/informacoes\/cadernos\/grafica-de-cadernos-personalizados\/#primaryimage","url":"https:\/\/redoma.com.br\/corporativo\/wp-content\/uploads\/2021\/05\/cadernos_personalizados_01.jpg","contentUrl":"https:\/\/redoma.com.br\/corporativo\/wp-content\/uploads\/2021\/05\/cadernos_personalizados_01.jpg","width":480,"height":480},{"@type":"BreadcrumbList","@id":"https:\/\/redoma.com.br\/corporativo\/informacoes\/cadernos\/grafica-de-cadernos-personalizados\/#breadcrumb","itemListElement":[{"@type":"ListItem","position":1,"name":"In\u00edcio","item":"https:\/\/redoma.com.br\/corporativo\/"},{"@type":"ListItem","position":2,"name":"Informa\u00e7\u00f5es","item":"https:\/\/redoma.com.br\/corporativo\/informacoes\/"},{"@type":"ListItem","position":3,"name":"Cadernos","item":"https:\/\/redoma.com.br\/corporativo\/informacoes\/cadernos\/"},{"@type":"ListItem","position":4,"name":"GR\u00c1FICA DE CADERNOS PERSONALIZADOS"}]},{"@type":"WebSite","@id":"https:\/\/redoma.com.br\/corporativo\/#website","url":"https:\/\/redoma.com.br\/corporativo\/","name":"Redoma - Brindes Corporativos","description":"Produzimos Agenda Personalizada, Calend\u00e1rio Financeiro, Planner Personalizado, Caderno Personalizado, Caderneta personalizada e mais","potentialAction":[{"@type":"SearchAction","target":{"@type":"EntryPoint","urlTemplate":"https:\/\/redoma.com.br\/corporativo\/?s={search_term_string}"},"query-input":{"@type":"PropertyValueSpecification","valueRequired":true,"valueName":"search_term_string"}}],"inLanguage":"pt-BR"}]}},"_links":{"self":[{"href":"https:\/\/redoma.com.br\/corporativo\/wp-json\/wp\/v2\/pages\/1906","targetHints":{"allow":["GET"]}}],"collection":[{"href":"https:\/\/redoma.com.br\/corporativo\/wp-json\/wp\/v2\/pages"}],"about":[{"href":"https:\/\/redoma.com.br\/corporativo\/wp-json\/wp\/v2\/types\/page"}],"author":[{"embeddable":true,"href":"https:\/\/redoma.com.br\/corporativo\/wp-json\/wp\/v2\/users\/1"}],"replies":[{"embeddable":true,"href":"https:\/\/redoma.com.br\/corporativo\/wp-json\/wp\/v2\/comments?post=1906"}],"version-history":[{"count":1,"href":"https:\/\/redoma.com.br\/corporativo\/wp-json\/wp\/v2\/pages\/1906\/revisions"}],"predecessor-version":[{"id":1907,"href":"https:\/\/redoma.com.br\/corporativo\/wp-json\/wp\/v2\/pages\/1906\/revisions\/1907"}],"up":[{"embeddable":true,"href":"https:\/\/redoma.com.br\/corporativo\/wp-json\/wp\/v2\/pages\/1874"}],"wp:featuredmedia":[{"embeddable":true,"href":"https:\/\/redoma.com.br\/corporativo\/wp-json\/wp\/v2\/media\/1897"}],"wp:attachment":[{"href":"https:\/\/redoma.com.br\/corporativo\/wp-json\/wp\/v2\/media?parent=1906"}],"curies":[{"name":"wp","href":"https:\/\/api.w.org\/{rel}","templated":true}]}}