
{"id":1904,"date":"2021-05-05T22:08:07","date_gmt":"2021-05-06T01:08:07","guid":{"rendered":"https:\/\/novo.redoma.com.br\/?page_id=1904"},"modified":"2021-05-05T22:08:07","modified_gmt":"2021-05-06T01:08:07","slug":"caderno-brinde-corporativo","status":"publish","type":"page","link":"https:\/\/redoma.com.br\/corporativo\/informacoes\/cadernos\/caderno-brinde-corporativo\/","title":{"rendered":"CADERNO BRINDE CORPORATIVO"},"content":{"rendered":"<div class=\"wpb-content-wrapper\"><p>[vc_row][vc_column][vc_column_text]<\/p>\n<h2>OR\u00c7AMENTO PARA CADERNO BRINDE CORPORATIVO<\/h2>\n<p>A distribui\u00e7\u00e3o de brindes em eventos corporativos \u00e9 uma pr\u00e1tica muito comum e necess\u00e1ria para que todos os participantes se lembrem dos conceitos apresentados e da marca organizadora do evento. Uma \u00f3tima ideia de objeto para distribuir aos convidados \u00e9 o\u00a0caderno brinde corporativo.<\/p>\n<p>Por ser \u00fatil no dia a dia de quem recebe esse presente, o\u00a0caderno brinde corporativo\u00a0passa a fazer parte da vida do cliente, e a mem\u00f3ria do evento fica por mais tempo nas pessoas, que ao olharem para o brinde, se lembram da empresa. Como estrat\u00e9gia de marketing, a distribui\u00e7\u00e3o de cadernos como brindes corporativos \u00e9 muito efetiva.<\/p>\n<h2>O CADERNO BRINDE CORPORATIVO DA REDOMA<\/h2>\n<p>Distribuir um\u00a0caderno brinde corporativo\u00a0personalizado ou com cores que combinam com o evento e marca da empresa organizadora \u00e9 o ideal para que essa a\u00e7\u00e3o seja eficiente e represente para todos uma boa lembran\u00e7a. A Redoma produz\u00a0caderno brinde corporativo\u00a0de tamanhos, cores, texturas e estampas variadas, al\u00e9m de outras caracter\u00edsticas, de forma ampla para que todos os gostos sejam atendidos e um simples brinde se torne parte da rotina de quem o recebe.<\/p>\n<p>A jun\u00e7\u00e3o de tecnologia e estudos para a elabora\u00e7\u00e3o de cole\u00e7\u00f5es diferentes todos os anos s\u00e3o os fortes da Redoma, que h\u00e1 mais de 40 anos se destaca no ramo de solu\u00e7\u00f5es gr\u00e1ficas por oferecer produtos sofisticados e de qualidade indiscut\u00edvel.<\/p>\n<h2>OS BENEF\u00cdCIOS DA AQUISI\u00c7\u00c3O DO CADERNO BRINDE CORPORATIVO<\/h2>\n<p>Adquirir um produto Redoma \u00e9 levar consigo e para os convidados do evento corporativo tecnologia, inova\u00e7\u00e3o e sofistica\u00e7\u00e3o com total respeito \u00e0 natureza. Conhe\u00e7a os meios que a Redoma utiliza para fazer a jun\u00e7\u00e3o perfeita entre todas essas caracter\u00edsticas:<\/p>\n<ul class=\"list\">\n<li>Consci\u00eancia ecol\u00f3gica:\u00a0com o certificado FSC, a Redoma procura manusear os recursos naturais utilizados para a fabrica\u00e7\u00e3o do papel de forma consciente e sem desperd\u00edcios.<\/li>\n<li>Tecnologia:\u00a0equipamentos de alta tecnologia e m\u00e3o de obra qualificada s\u00e3o a uni\u00e3o ideal para que a energia e os recursos h\u00eddricos n\u00e3o sejam desperdi\u00e7ados durante a produ\u00e7\u00e3o.<\/li>\n<\/ul>\n<h2>CONTATE A REDOMA E SAIBA MAIS SOBRE OS PRODUTOS!<\/h2>\n<p>A equipe da Redoma est\u00e1 \u00e0 espera de todos que precisam saber mais sobre a aquisi\u00e7\u00e3o de solu\u00e7\u00f5es gr\u00e1ficas para lojas, brindes e muitos outros. Entre em contato pelos meios apresentados no site e conhe\u00e7a a empresa de Cajamar, S\u00e3o Paulo! Pe\u00e7a or\u00e7amento para\u00a0caderno brinde corporativo\u00a0da melhor qualidade!<\/p>\n<h2>PARA SABER MAIS SOBRE CADERNO BRINDE CORPORATIVO<\/h2>\n<p>Ligue para\u00a011 4448-7300\u00a0ou mande e-mail para:\u00a0atendimento@redoma.com.br[\/vc_column_text][\/vc_column][\/vc_row][vc_row][vc_column][vc_media_grid grid_id=&#8221;vc_gid:1620263256410-888a593f-9425-5&#8243; include=&#8221;1898,1897,1896&#8243;][\/vc_column][\/vc_row]<\/p>\n<\/div>","protected":false},"excerpt":{"rendered":"<p>[vc_row][vc_column][vc_column_text] OR\u00c7AMENTO PARA CADERNO BRINDE CORPORATIVO A distribui\u00e7\u00e3o de brindes em eventos corporativos \u00e9 uma pr\u00e1tica muito comum e necess\u00e1ria para que todos os participantes se lembrem dos conceitos apresentados e da marca organizadora do evento. Uma \u00f3tima ideia de objeto para distribuir aos convidados \u00e9 o\u00a0caderno brinde corporativo. Por ser \u00fatil no dia a&hellip;<\/p>\n","protected":false},"author":1,"featured_media":1898,"parent":1874,"menu_order":0,"comment_status":"closed","ping_status":"closed","template":"","meta":{"footnotes":""},"class_list":["post-1904","page","type-page","status-publish","has-post-thumbnail","hentry","description-off"],"yoast_head":"<!-- This site is optimized with the Yoast SEO plugin v26.8 - https:\/\/yoast.com\/product\/yoast-seo-wordpress\/ -->\n<title>CADERNO BRINDE CORPORATIVO - Redoma - Brindes Corporativos<\/title>\n<meta name=\"robots\" content=\"index, follow, max-snippet:-1, max-image-preview:large, max-video-preview:-1\" \/>\n<link rel=\"canonical\" href=\"https:\/\/redoma.com.br\/corporativo\/informacoes\/cadernos\/caderno-brinde-corporativo\/\" \/>\n<meta property=\"og:locale\" content=\"pt_BR\" \/>\n<meta property=\"og:type\" content=\"article\" \/>\n<meta property=\"og:title\" content=\"CADERNO BRINDE CORPORATIVO - Redoma - Brindes Corporativos\" \/>\n<meta property=\"og:description\" content=\"[vc_row][vc_column][vc_column_text] OR\u00c7AMENTO PARA CADERNO BRINDE CORPORATIVO A distribui\u00e7\u00e3o de brindes em eventos corporativos \u00e9 uma pr\u00e1tica muito comum e necess\u00e1ria para que todos os participantes se lembrem dos conceitos apresentados e da marca organizadora do evento. Uma \u00f3tima ideia de objeto para distribuir aos convidados \u00e9 o\u00a0caderno brinde corporativo. Por ser \u00fatil no dia a&hellip;\" \/>\n<meta property=\"og:url\" content=\"https:\/\/redoma.com.br\/corporativo\/informacoes\/cadernos\/caderno-brinde-corporativo\/\" \/>\n<meta property=\"og:site_name\" content=\"Redoma - Brindes Corporativos\" \/>\n<meta property=\"og:image\" content=\"https:\/\/redoma.com.br\/corporativo\/wp-content\/uploads\/2021\/05\/cadernos_personalizados_03.jpg\" \/>\n\t<meta property=\"og:image:width\" content=\"480\" \/>\n\t<meta property=\"og:image:height\" content=\"480\" \/>\n\t<meta property=\"og:image:type\" content=\"image\/jpeg\" \/>\n<meta name=\"twitter:card\" content=\"summary_large_image\" \/>\n<meta name=\"twitter:label1\" content=\"Est. tempo de leitura\" \/>\n\t<meta name=\"twitter:data1\" content=\"2 minutos\" \/>\n<script type=\"application\/ld+json\" class=\"yoast-schema-graph\">{\"@context\":\"https:\/\/schema.org\",\"@graph\":[{\"@type\":\"WebPage\",\"@id\":\"https:\/\/redoma.com.br\/corporativo\/informacoes\/cadernos\/caderno-brinde-corporativo\/\",\"url\":\"https:\/\/redoma.com.br\/corporativo\/informacoes\/cadernos\/caderno-brinde-corporativo\/\",\"name\":\"CADERNO BRINDE CORPORATIVO - Redoma - Brindes Corporativos\",\"isPartOf\":{\"@id\":\"https:\/\/redoma.com.br\/corporativo\/#website\"},\"primaryImageOfPage\":{\"@id\":\"https:\/\/redoma.com.br\/corporativo\/informacoes\/cadernos\/caderno-brinde-corporativo\/#primaryimage\"},\"image\":{\"@id\":\"https:\/\/redoma.com.br\/corporativo\/informacoes\/cadernos\/caderno-brinde-corporativo\/#primaryimage\"},\"thumbnailUrl\":\"https:\/\/redoma.com.br\/corporativo\/wp-content\/uploads\/2021\/05\/cadernos_personalizados_03.jpg\",\"datePublished\":\"2021-05-06T01:08:07+00:00\",\"breadcrumb\":{\"@id\":\"https:\/\/redoma.com.br\/corporativo\/informacoes\/cadernos\/caderno-brinde-corporativo\/#breadcrumb\"},\"inLanguage\":\"pt-BR\",\"potentialAction\":[{\"@type\":\"ReadAction\",\"target\":[\"https:\/\/redoma.com.br\/corporativo\/informacoes\/cadernos\/caderno-brinde-corporativo\/\"]}]},{\"@type\":\"ImageObject\",\"inLanguage\":\"pt-BR\",\"@id\":\"https:\/\/redoma.com.br\/corporativo\/informacoes\/cadernos\/caderno-brinde-corporativo\/#primaryimage\",\"url\":\"https:\/\/redoma.com.br\/corporativo\/wp-content\/uploads\/2021\/05\/cadernos_personalizados_03.jpg\",\"contentUrl\":\"https:\/\/redoma.com.br\/corporativo\/wp-content\/uploads\/2021\/05\/cadernos_personalizados_03.jpg\",\"width\":480,\"height\":480},{\"@type\":\"BreadcrumbList\",\"@id\":\"https:\/\/redoma.com.br\/corporativo\/informacoes\/cadernos\/caderno-brinde-corporativo\/#breadcrumb\",\"itemListElement\":[{\"@type\":\"ListItem\",\"position\":1,\"name\":\"In\u00edcio\",\"item\":\"https:\/\/redoma.com.br\/corporativo\/\"},{\"@type\":\"ListItem\",\"position\":2,\"name\":\"Informa\u00e7\u00f5es\",\"item\":\"https:\/\/redoma.com.br\/corporativo\/informacoes\/\"},{\"@type\":\"ListItem\",\"position\":3,\"name\":\"Cadernos\",\"item\":\"https:\/\/redoma.com.br\/corporativo\/informacoes\/cadernos\/\"},{\"@type\":\"ListItem\",\"position\":4,\"name\":\"CADERNO BRINDE CORPORATIVO\"}]},{\"@type\":\"WebSite\",\"@id\":\"https:\/\/redoma.com.br\/corporativo\/#website\",\"url\":\"https:\/\/redoma.com.br\/corporativo\/\",\"name\":\"Redoma - Brindes Corporativos\",\"description\":\"Produzimos Agenda Personalizada, Calend\u00e1rio Financeiro, Planner Personalizado, Caderno Personalizado, Caderneta personalizada e mais\",\"potentialAction\":[{\"@type\":\"SearchAction\",\"target\":{\"@type\":\"EntryPoint\",\"urlTemplate\":\"https:\/\/redoma.com.br\/corporativo\/?s={search_term_string}\"},\"query-input\":{\"@type\":\"PropertyValueSpecification\",\"valueRequired\":true,\"valueName\":\"search_term_string\"}}],\"inLanguage\":\"pt-BR\"}]}<\/script>\n<!-- \/ Yoast SEO plugin. -->","yoast_head_json":{"title":"CADERNO BRINDE CORPORATIVO - Redoma - Brindes Corporativos","robots":{"index":"index","follow":"follow","max-snippet":"max-snippet:-1","max-image-preview":"max-image-preview:large","max-video-preview":"max-video-preview:-1"},"canonical":"https:\/\/redoma.com.br\/corporativo\/informacoes\/cadernos\/caderno-brinde-corporativo\/","og_locale":"pt_BR","og_type":"article","og_title":"CADERNO BRINDE CORPORATIVO - Redoma - Brindes Corporativos","og_description":"[vc_row][vc_column][vc_column_text] OR\u00c7AMENTO PARA CADERNO BRINDE CORPORATIVO A distribui\u00e7\u00e3o de brindes em eventos corporativos \u00e9 uma pr\u00e1tica muito comum e necess\u00e1ria para que todos os participantes se lembrem dos conceitos apresentados e da marca organizadora do evento. Uma \u00f3tima ideia de objeto para distribuir aos convidados \u00e9 o\u00a0caderno brinde corporativo. Por ser \u00fatil no dia a&hellip;","og_url":"https:\/\/redoma.com.br\/corporativo\/informacoes\/cadernos\/caderno-brinde-corporativo\/","og_site_name":"Redoma - Brindes Corporativos","og_image":[{"width":480,"height":480,"url":"https:\/\/redoma.com.br\/corporativo\/wp-content\/uploads\/2021\/05\/cadernos_personalizados_03.jpg","type":"image\/jpeg"}],"twitter_card":"summary_large_image","twitter_misc":{"Est. tempo de leitura":"2 minutos"},"schema":{"@context":"https:\/\/schema.org","@graph":[{"@type":"WebPage","@id":"https:\/\/redoma.com.br\/corporativo\/informacoes\/cadernos\/caderno-brinde-corporativo\/","url":"https:\/\/redoma.com.br\/corporativo\/informacoes\/cadernos\/caderno-brinde-corporativo\/","name":"CADERNO BRINDE CORPORATIVO - Redoma - Brindes Corporativos","isPartOf":{"@id":"https:\/\/redoma.com.br\/corporativo\/#website"},"primaryImageOfPage":{"@id":"https:\/\/redoma.com.br\/corporativo\/informacoes\/cadernos\/caderno-brinde-corporativo\/#primaryimage"},"image":{"@id":"https:\/\/redoma.com.br\/corporativo\/informacoes\/cadernos\/caderno-brinde-corporativo\/#primaryimage"},"thumbnailUrl":"https:\/\/redoma.com.br\/corporativo\/wp-content\/uploads\/2021\/05\/cadernos_personalizados_03.jpg","datePublished":"2021-05-06T01:08:07+00:00","breadcrumb":{"@id":"https:\/\/redoma.com.br\/corporativo\/informacoes\/cadernos\/caderno-brinde-corporativo\/#breadcrumb"},"inLanguage":"pt-BR","potentialAction":[{"@type":"ReadAction","target":["https:\/\/redoma.com.br\/corporativo\/informacoes\/cadernos\/caderno-brinde-corporativo\/"]}]},{"@type":"ImageObject","inLanguage":"pt-BR","@id":"https:\/\/redoma.com.br\/corporativo\/informacoes\/cadernos\/caderno-brinde-corporativo\/#primaryimage","url":"https:\/\/redoma.com.br\/corporativo\/wp-content\/uploads\/2021\/05\/cadernos_personalizados_03.jpg","contentUrl":"https:\/\/redoma.com.br\/corporativo\/wp-content\/uploads\/2021\/05\/cadernos_personalizados_03.jpg","width":480,"height":480},{"@type":"BreadcrumbList","@id":"https:\/\/redoma.com.br\/corporativo\/informacoes\/cadernos\/caderno-brinde-corporativo\/#breadcrumb","itemListElement":[{"@type":"ListItem","position":1,"name":"In\u00edcio","item":"https:\/\/redoma.com.br\/corporativo\/"},{"@type":"ListItem","position":2,"name":"Informa\u00e7\u00f5es","item":"https:\/\/redoma.com.br\/corporativo\/informacoes\/"},{"@type":"ListItem","position":3,"name":"Cadernos","item":"https:\/\/redoma.com.br\/corporativo\/informacoes\/cadernos\/"},{"@type":"ListItem","position":4,"name":"CADERNO BRINDE CORPORATIVO"}]},{"@type":"WebSite","@id":"https:\/\/redoma.com.br\/corporativo\/#website","url":"https:\/\/redoma.com.br\/corporativo\/","name":"Redoma - Brindes Corporativos","description":"Produzimos Agenda Personalizada, Calend\u00e1rio Financeiro, Planner Personalizado, Caderno Personalizado, Caderneta personalizada e mais","potentialAction":[{"@type":"SearchAction","target":{"@type":"EntryPoint","urlTemplate":"https:\/\/redoma.com.br\/corporativo\/?s={search_term_string}"},"query-input":{"@type":"PropertyValueSpecification","valueRequired":true,"valueName":"search_term_string"}}],"inLanguage":"pt-BR"}]}},"_links":{"self":[{"href":"https:\/\/redoma.com.br\/corporativo\/wp-json\/wp\/v2\/pages\/1904","targetHints":{"allow":["GET"]}}],"collection":[{"href":"https:\/\/redoma.com.br\/corporativo\/wp-json\/wp\/v2\/pages"}],"about":[{"href":"https:\/\/redoma.com.br\/corporativo\/wp-json\/wp\/v2\/types\/page"}],"author":[{"embeddable":true,"href":"https:\/\/redoma.com.br\/corporativo\/wp-json\/wp\/v2\/users\/1"}],"replies":[{"embeddable":true,"href":"https:\/\/redoma.com.br\/corporativo\/wp-json\/wp\/v2\/comments?post=1904"}],"version-history":[{"count":1,"href":"https:\/\/redoma.com.br\/corporativo\/wp-json\/wp\/v2\/pages\/1904\/revisions"}],"predecessor-version":[{"id":1905,"href":"https:\/\/redoma.com.br\/corporativo\/wp-json\/wp\/v2\/pages\/1904\/revisions\/1905"}],"up":[{"embeddable":true,"href":"https:\/\/redoma.com.br\/corporativo\/wp-json\/wp\/v2\/pages\/1874"}],"wp:featuredmedia":[{"embeddable":true,"href":"https:\/\/redoma.com.br\/corporativo\/wp-json\/wp\/v2\/media\/1898"}],"wp:attachment":[{"href":"https:\/\/redoma.com.br\/corporativo\/wp-json\/wp\/v2\/media?parent=1904"}],"curies":[{"name":"wp","href":"https:\/\/api.w.org\/{rel}","templated":true}]}}