
{"id":1902,"date":"2021-05-05T22:06:56","date_gmt":"2021-05-06T01:06:56","guid":{"rendered":"https:\/\/novo.redoma.com.br\/?page_id=1902"},"modified":"2021-05-05T22:06:56","modified_gmt":"2021-05-06T01:06:56","slug":"fabricantes-de-cadernos-e-agendas","status":"publish","type":"page","link":"https:\/\/redoma.com.br\/corporativo\/informacoes\/cadernos\/fabricantes-de-cadernos-e-agendas\/","title":{"rendered":"FABRICANTES DE CADERNOS E AGENDAS"},"content":{"rendered":"<div class=\"wpb-content-wrapper\"><p>[vc_row][vc_column][vc_column_text]<\/p>\n<h2>SAIBA POR QUE A REDOMA SE DESTACA ENTRE FABRICANTES DE CADERNOS E AGENDAS<\/h2>\n<p>Os\u00a0fabricantes de cadernos e agendas\u00a0s\u00e3o aqueles que prezam pela qualidade e personaliza\u00e7\u00e3o de produtos voltados \u00e0 papelaria, que podem servir tanto como brindes corporativos quanto como instrumentos para organiza\u00e7\u00e3o pessoal. Essas empresas trabalham pela completa satisfa\u00e7\u00e3o de seus clientes, atuando de forma a garantir os objetivos planejados com o uso de cadernos e agendas personalizados.<\/p>\n<h2>QUAIS AS VANTAGENS DE OPTAR POR FABRICANTES DE CADERNOS E AGENDAS?<\/h2>\n<p>Ao escolher\u00a0fabricantes de cadernos e agendas, \u00e9 poss\u00edvel transformar um caderno ou agenda em algo exclusivo, devido \u00e0 possibilidade de personaliza\u00e7\u00e3o, que permite que cada cliente escolha o design, imagem, cor e material que ser\u00e1 utilizado na confec\u00e7\u00e3o dos cadernos ou agendas.<\/p>\n<p>\u00c9 poss\u00edvel contatar os fabricantes\u00a0para estabelecer uma forma de promo\u00e7\u00e3o e fixa\u00e7\u00e3o de marcas por meio de materiais impressos, j\u00e1 que agendas e cadernos s\u00e3o \u00f3timas formas de presentear clientes, stakeholders e funcion\u00e1rios.<\/p>\n<h2>COMO ESCOLHER CORRETAMENTE FABRICANTES DE CADERNOS E AGENDAS?<\/h2>\n<p>A escolha de\u00a0fabricantes de cadernos e agendas\u00a0deve respeitar o objetivo do cliente com esses produtos. Dessa forma, a busca por\u00a0fabricantes de cadernos e agendas\u00a0que sejam \u00e9ticos e respons\u00e1veis, tanto com prazos e qualidade do\u00a0servi\u00e7o quanto com a preserva\u00e7\u00e3o ambiental, \u00e9 essencial. \u00c9 preciso ter certeza de que os materiais utilizados para a confec\u00e7\u00e3o de cadernos e agendas s\u00e3o sustent\u00e1veis e ecologicamente corretos.<\/p>\n<p>Antes de definir o modelo de caderno ou agenda ideal, os clientes podem avaliar os cat\u00e1logos oferecidos pelos fabricantes. Essa \u00e9 uma maneira de fazer a escolha correta, com base no conhecimento total dos produtos ofertados pela gr\u00e1fica.<\/p>\n<h2>CONFIE APENAS NOS MELHORES FABRICANTES DE CADERNOS E AGENDAS<\/h2>\n<p>A gr\u00e1fica Redoma se encontra entre os melhores\u00a0fabricantes de cadernos e agendas, pois est\u00e1 no mercado h\u00e1 mais de 40 anos, o que comprova a excel\u00eancia de seus produtos. Essa gr\u00e1fica garante diversas vantagens aos clientes, como:<\/p>\n<ul class=\"list\">\n<li>Responsabilidade ambiental: a Redoma se preocupa com a preserva\u00e7\u00e3o da fauna e da flora e, por isso, usa materiais provenientes de fontes limpas e renov\u00e1veis, al\u00e9m de manter uma preocupa\u00e7\u00e3o constante com o descarte de res\u00edduos.<\/li>\n<li>Produtos 100% nacionais.<\/li>\n<li>Moderniza\u00e7\u00e3o de equipamentos e qualifica\u00e7\u00e3o da equipe.<\/li>\n<li>Possui uma vasta \u00e1rea para a confec\u00e7\u00e3o e log\u00edstica de seus produtos.<\/li>\n<\/ul>\n<p>Escolha qualidade, efici\u00eancia e cumprimento de prazos. Fale com a Redoma, uma das\u00a0fabricantes de cadernos e agendas\u00a0mais especializadas do mercado!<\/p>\n<h2>PARA SABER MAIS SOBRE FABRICANTES DE CADERNOS E AGENDAS<\/h2>\n<p>Ligue para\u00a011 4448-7300\u00a0ou mande e-mail para:\u00a0atendimento@redoma.com.br[\/vc_column_text][\/vc_column][\/vc_row][vc_row][vc_column][vc_media_grid grid_id=&#8221;vc_gid:1620263182400-532b59d4-ab4d-8&#8243; include=&#8221;1891,1897,1817&#8243;][\/vc_column][\/vc_row]<\/p>\n<\/div>","protected":false},"excerpt":{"rendered":"<p>[vc_row][vc_column][vc_column_text] SAIBA POR QUE A REDOMA SE DESTACA ENTRE FABRICANTES DE CADERNOS E AGENDAS Os\u00a0fabricantes de cadernos e agendas\u00a0s\u00e3o aqueles que prezam pela qualidade e personaliza\u00e7\u00e3o de produtos voltados \u00e0 papelaria, que podem servir tanto como brindes corporativos quanto como instrumentos para organiza\u00e7\u00e3o pessoal. Essas empresas trabalham pela completa satisfa\u00e7\u00e3o de seus clientes, atuando de&hellip;<\/p>\n","protected":false},"author":1,"featured_media":1891,"parent":1874,"menu_order":0,"comment_status":"closed","ping_status":"closed","template":"","meta":{"footnotes":""},"class_list":["post-1902","page","type-page","status-publish","has-post-thumbnail","hentry","description-off"],"yoast_head":"<!-- This site is optimized with the Yoast SEO plugin v26.8 - https:\/\/yoast.com\/product\/yoast-seo-wordpress\/ -->\n<title>FABRICANTES DE CADERNOS E AGENDAS - Redoma - Brindes Corporativos<\/title>\n<meta name=\"robots\" content=\"index, follow, max-snippet:-1, max-image-preview:large, max-video-preview:-1\" \/>\n<link rel=\"canonical\" href=\"https:\/\/redoma.com.br\/corporativo\/informacoes\/cadernos\/fabricantes-de-cadernos-e-agendas\/\" \/>\n<meta property=\"og:locale\" content=\"pt_BR\" \/>\n<meta property=\"og:type\" content=\"article\" \/>\n<meta property=\"og:title\" content=\"FABRICANTES DE CADERNOS E AGENDAS - Redoma - Brindes Corporativos\" \/>\n<meta property=\"og:description\" content=\"[vc_row][vc_column][vc_column_text] SAIBA POR QUE A REDOMA SE DESTACA ENTRE FABRICANTES DE CADERNOS E AGENDAS Os\u00a0fabricantes de cadernos e agendas\u00a0s\u00e3o aqueles que prezam pela qualidade e personaliza\u00e7\u00e3o de produtos voltados \u00e0 papelaria, que podem servir tanto como brindes corporativos quanto como instrumentos para organiza\u00e7\u00e3o pessoal. Essas empresas trabalham pela completa satisfa\u00e7\u00e3o de seus clientes, atuando de&hellip;\" \/>\n<meta property=\"og:url\" content=\"https:\/\/redoma.com.br\/corporativo\/informacoes\/cadernos\/fabricantes-de-cadernos-e-agendas\/\" \/>\n<meta property=\"og:site_name\" content=\"Redoma - Brindes Corporativos\" \/>\n<meta property=\"og:image\" content=\"https:\/\/redoma.com.br\/corporativo\/wp-content\/uploads\/2021\/05\/brindes_cadernos_e_agendas_03.jpg\" \/>\n\t<meta property=\"og:image:width\" content=\"480\" \/>\n\t<meta property=\"og:image:height\" content=\"480\" \/>\n\t<meta property=\"og:image:type\" content=\"image\/jpeg\" \/>\n<meta name=\"twitter:card\" content=\"summary_large_image\" \/>\n<meta name=\"twitter:label1\" content=\"Est. tempo de leitura\" \/>\n\t<meta name=\"twitter:data1\" content=\"2 minutos\" \/>\n<script type=\"application\/ld+json\" class=\"yoast-schema-graph\">{\"@context\":\"https:\/\/schema.org\",\"@graph\":[{\"@type\":\"WebPage\",\"@id\":\"https:\/\/redoma.com.br\/corporativo\/informacoes\/cadernos\/fabricantes-de-cadernos-e-agendas\/\",\"url\":\"https:\/\/redoma.com.br\/corporativo\/informacoes\/cadernos\/fabricantes-de-cadernos-e-agendas\/\",\"name\":\"FABRICANTES DE CADERNOS E AGENDAS - Redoma - Brindes Corporativos\",\"isPartOf\":{\"@id\":\"https:\/\/redoma.com.br\/corporativo\/#website\"},\"primaryImageOfPage\":{\"@id\":\"https:\/\/redoma.com.br\/corporativo\/informacoes\/cadernos\/fabricantes-de-cadernos-e-agendas\/#primaryimage\"},\"image\":{\"@id\":\"https:\/\/redoma.com.br\/corporativo\/informacoes\/cadernos\/fabricantes-de-cadernos-e-agendas\/#primaryimage\"},\"thumbnailUrl\":\"https:\/\/redoma.com.br\/corporativo\/wp-content\/uploads\/2021\/05\/brindes_cadernos_e_agendas_03.jpg\",\"datePublished\":\"2021-05-06T01:06:56+00:00\",\"breadcrumb\":{\"@id\":\"https:\/\/redoma.com.br\/corporativo\/informacoes\/cadernos\/fabricantes-de-cadernos-e-agendas\/#breadcrumb\"},\"inLanguage\":\"pt-BR\",\"potentialAction\":[{\"@type\":\"ReadAction\",\"target\":[\"https:\/\/redoma.com.br\/corporativo\/informacoes\/cadernos\/fabricantes-de-cadernos-e-agendas\/\"]}]},{\"@type\":\"ImageObject\",\"inLanguage\":\"pt-BR\",\"@id\":\"https:\/\/redoma.com.br\/corporativo\/informacoes\/cadernos\/fabricantes-de-cadernos-e-agendas\/#primaryimage\",\"url\":\"https:\/\/redoma.com.br\/corporativo\/wp-content\/uploads\/2021\/05\/brindes_cadernos_e_agendas_03.jpg\",\"contentUrl\":\"https:\/\/redoma.com.br\/corporativo\/wp-content\/uploads\/2021\/05\/brindes_cadernos_e_agendas_03.jpg\",\"width\":480,\"height\":480},{\"@type\":\"BreadcrumbList\",\"@id\":\"https:\/\/redoma.com.br\/corporativo\/informacoes\/cadernos\/fabricantes-de-cadernos-e-agendas\/#breadcrumb\",\"itemListElement\":[{\"@type\":\"ListItem\",\"position\":1,\"name\":\"In\u00edcio\",\"item\":\"https:\/\/redoma.com.br\/corporativo\/\"},{\"@type\":\"ListItem\",\"position\":2,\"name\":\"Informa\u00e7\u00f5es\",\"item\":\"https:\/\/redoma.com.br\/corporativo\/informacoes\/\"},{\"@type\":\"ListItem\",\"position\":3,\"name\":\"Cadernos\",\"item\":\"https:\/\/redoma.com.br\/corporativo\/informacoes\/cadernos\/\"},{\"@type\":\"ListItem\",\"position\":4,\"name\":\"FABRICANTES DE CADERNOS E AGENDAS\"}]},{\"@type\":\"WebSite\",\"@id\":\"https:\/\/redoma.com.br\/corporativo\/#website\",\"url\":\"https:\/\/redoma.com.br\/corporativo\/\",\"name\":\"Redoma - Brindes Corporativos\",\"description\":\"Produzimos Agenda Personalizada, Calend\u00e1rio Financeiro, Planner Personalizado, Caderno Personalizado, Caderneta personalizada e mais\",\"potentialAction\":[{\"@type\":\"SearchAction\",\"target\":{\"@type\":\"EntryPoint\",\"urlTemplate\":\"https:\/\/redoma.com.br\/corporativo\/?s={search_term_string}\"},\"query-input\":{\"@type\":\"PropertyValueSpecification\",\"valueRequired\":true,\"valueName\":\"search_term_string\"}}],\"inLanguage\":\"pt-BR\"}]}<\/script>\n<!-- \/ Yoast SEO plugin. -->","yoast_head_json":{"title":"FABRICANTES DE CADERNOS E AGENDAS - Redoma - Brindes Corporativos","robots":{"index":"index","follow":"follow","max-snippet":"max-snippet:-1","max-image-preview":"max-image-preview:large","max-video-preview":"max-video-preview:-1"},"canonical":"https:\/\/redoma.com.br\/corporativo\/informacoes\/cadernos\/fabricantes-de-cadernos-e-agendas\/","og_locale":"pt_BR","og_type":"article","og_title":"FABRICANTES DE CADERNOS E AGENDAS - Redoma - Brindes Corporativos","og_description":"[vc_row][vc_column][vc_column_text] SAIBA POR QUE A REDOMA SE DESTACA ENTRE FABRICANTES DE CADERNOS E AGENDAS Os\u00a0fabricantes de cadernos e agendas\u00a0s\u00e3o aqueles que prezam pela qualidade e personaliza\u00e7\u00e3o de produtos voltados \u00e0 papelaria, que podem servir tanto como brindes corporativos quanto como instrumentos para organiza\u00e7\u00e3o pessoal. Essas empresas trabalham pela completa satisfa\u00e7\u00e3o de seus clientes, atuando de&hellip;","og_url":"https:\/\/redoma.com.br\/corporativo\/informacoes\/cadernos\/fabricantes-de-cadernos-e-agendas\/","og_site_name":"Redoma - Brindes Corporativos","og_image":[{"width":480,"height":480,"url":"https:\/\/redoma.com.br\/corporativo\/wp-content\/uploads\/2021\/05\/brindes_cadernos_e_agendas_03.jpg","type":"image\/jpeg"}],"twitter_card":"summary_large_image","twitter_misc":{"Est. tempo de leitura":"2 minutos"},"schema":{"@context":"https:\/\/schema.org","@graph":[{"@type":"WebPage","@id":"https:\/\/redoma.com.br\/corporativo\/informacoes\/cadernos\/fabricantes-de-cadernos-e-agendas\/","url":"https:\/\/redoma.com.br\/corporativo\/informacoes\/cadernos\/fabricantes-de-cadernos-e-agendas\/","name":"FABRICANTES DE CADERNOS E AGENDAS - Redoma - Brindes Corporativos","isPartOf":{"@id":"https:\/\/redoma.com.br\/corporativo\/#website"},"primaryImageOfPage":{"@id":"https:\/\/redoma.com.br\/corporativo\/informacoes\/cadernos\/fabricantes-de-cadernos-e-agendas\/#primaryimage"},"image":{"@id":"https:\/\/redoma.com.br\/corporativo\/informacoes\/cadernos\/fabricantes-de-cadernos-e-agendas\/#primaryimage"},"thumbnailUrl":"https:\/\/redoma.com.br\/corporativo\/wp-content\/uploads\/2021\/05\/brindes_cadernos_e_agendas_03.jpg","datePublished":"2021-05-06T01:06:56+00:00","breadcrumb":{"@id":"https:\/\/redoma.com.br\/corporativo\/informacoes\/cadernos\/fabricantes-de-cadernos-e-agendas\/#breadcrumb"},"inLanguage":"pt-BR","potentialAction":[{"@type":"ReadAction","target":["https:\/\/redoma.com.br\/corporativo\/informacoes\/cadernos\/fabricantes-de-cadernos-e-agendas\/"]}]},{"@type":"ImageObject","inLanguage":"pt-BR","@id":"https:\/\/redoma.com.br\/corporativo\/informacoes\/cadernos\/fabricantes-de-cadernos-e-agendas\/#primaryimage","url":"https:\/\/redoma.com.br\/corporativo\/wp-content\/uploads\/2021\/05\/brindes_cadernos_e_agendas_03.jpg","contentUrl":"https:\/\/redoma.com.br\/corporativo\/wp-content\/uploads\/2021\/05\/brindes_cadernos_e_agendas_03.jpg","width":480,"height":480},{"@type":"BreadcrumbList","@id":"https:\/\/redoma.com.br\/corporativo\/informacoes\/cadernos\/fabricantes-de-cadernos-e-agendas\/#breadcrumb","itemListElement":[{"@type":"ListItem","position":1,"name":"In\u00edcio","item":"https:\/\/redoma.com.br\/corporativo\/"},{"@type":"ListItem","position":2,"name":"Informa\u00e7\u00f5es","item":"https:\/\/redoma.com.br\/corporativo\/informacoes\/"},{"@type":"ListItem","position":3,"name":"Cadernos","item":"https:\/\/redoma.com.br\/corporativo\/informacoes\/cadernos\/"},{"@type":"ListItem","position":4,"name":"FABRICANTES DE CADERNOS E AGENDAS"}]},{"@type":"WebSite","@id":"https:\/\/redoma.com.br\/corporativo\/#website","url":"https:\/\/redoma.com.br\/corporativo\/","name":"Redoma - Brindes Corporativos","description":"Produzimos Agenda Personalizada, Calend\u00e1rio Financeiro, Planner Personalizado, Caderno Personalizado, Caderneta personalizada e mais","potentialAction":[{"@type":"SearchAction","target":{"@type":"EntryPoint","urlTemplate":"https:\/\/redoma.com.br\/corporativo\/?s={search_term_string}"},"query-input":{"@type":"PropertyValueSpecification","valueRequired":true,"valueName":"search_term_string"}}],"inLanguage":"pt-BR"}]}},"_links":{"self":[{"href":"https:\/\/redoma.com.br\/corporativo\/wp-json\/wp\/v2\/pages\/1902","targetHints":{"allow":["GET"]}}],"collection":[{"href":"https:\/\/redoma.com.br\/corporativo\/wp-json\/wp\/v2\/pages"}],"about":[{"href":"https:\/\/redoma.com.br\/corporativo\/wp-json\/wp\/v2\/types\/page"}],"author":[{"embeddable":true,"href":"https:\/\/redoma.com.br\/corporativo\/wp-json\/wp\/v2\/users\/1"}],"replies":[{"embeddable":true,"href":"https:\/\/redoma.com.br\/corporativo\/wp-json\/wp\/v2\/comments?post=1902"}],"version-history":[{"count":1,"href":"https:\/\/redoma.com.br\/corporativo\/wp-json\/wp\/v2\/pages\/1902\/revisions"}],"predecessor-version":[{"id":1903,"href":"https:\/\/redoma.com.br\/corporativo\/wp-json\/wp\/v2\/pages\/1902\/revisions\/1903"}],"up":[{"embeddable":true,"href":"https:\/\/redoma.com.br\/corporativo\/wp-json\/wp\/v2\/pages\/1874"}],"wp:featuredmedia":[{"embeddable":true,"href":"https:\/\/redoma.com.br\/corporativo\/wp-json\/wp\/v2\/media\/1891"}],"wp:attachment":[{"href":"https:\/\/redoma.com.br\/corporativo\/wp-json\/wp\/v2\/media?parent=1902"}],"curies":[{"name":"wp","href":"https:\/\/api.w.org\/{rel}","templated":true}]}}