
{"id":1900,"date":"2021-05-05T22:05:41","date_gmt":"2021-05-06T01:05:41","guid":{"rendered":"https:\/\/novo.redoma.com.br\/?page_id=1900"},"modified":"2021-05-05T22:05:41","modified_gmt":"2021-05-06T01:05:41","slug":"fabrica-de-cadernos-personalizados","status":"publish","type":"page","link":"https:\/\/redoma.com.br\/corporativo\/informacoes\/cadernos\/fabrica-de-cadernos-personalizados\/","title":{"rendered":"F\u00c1BRICA DE CADERNOS PERSONALIZADOS"},"content":{"rendered":"<div class=\"wpb-content-wrapper\"><p>[vc_row][vc_column][vc_column_text]<\/p>\n<h2>ENCONTRE UMA F\u00c1BRICA DE CADERNOS PERSONALIZADOS<\/h2>\n<p>A Redoma \u00e9 uma\u00a0f\u00e1brica de cadernos personalizados\u00a0para empresas que est\u00e3o em busca de cadernos de alto padr\u00e3o de qualidade e que sejam exclusivos e estampados com suas marcas. A\u00a0f\u00e1brica de cadernos personalizados\u00a0Redoma apresenta uma linha de cadernos pequenos, m\u00e9dios e grandes.<\/p>\n<ul class=\"list\">\n<li>Caderno Pequeno \u2013\u00a0A\u00a0f\u00e1brica de cadernos personalizados\u00a0faz o caderno pequeno Turquesa, no formato 13,8 x20 cm, com 192 p\u00e1ginas, com a cor da impress\u00e3o cinza e papel miolo off set branco.<\/li>\n<li>Caderno M\u00e9dio \u2013\u00a0A\u00a0f\u00e1brica de cadernos personalizados\u00a0faz o caderno m\u00e9dio Pleno, no formato de 17&#215;24 cm, com o total de 192 p\u00e1ginas, colora\u00e7\u00e3o da impress\u00e3o da pauta em cinza, sendo o papel miolo do tipo off set branco.<\/li>\n<li>Caderno Grande \u2013\u00a0A\u00a0f\u00e1brica de cadernos personalizados\u00a0faz o caderno grande S\u00eanior, com o formato de 20,4&#215;28 cm. O caderno tem 192 p\u00e1ginas, com as pautas na cor cinza, feitas com papel miolo off set.<\/li>\n<\/ul>\n<h2>OUTROS PRODUTOS DA F\u00c1BRICA DE CADERNOS PERSONALIZADOS<\/h2>\n<p>A Redoma \u00e9 uma\u00a0f\u00e1brica de cadernos personalizados\u00a0que tamb\u00e9m oferece em seu cat\u00e1logo os cadernos cujo acabamento \u00e9 com lombada, como a lombada quadrada, por exemplo. Como o projeto \u00e9 personalizado, o cliente pode solicitar cadernos com canto redondo.<\/p>\n<p>A linha da Redoma apresenta dois modelos de cadernos assim: Luan e Alabastro. Os dois cadernos possuem apenas acabamento diferente, mas o formato \u00e9 de 17&#215;24 cm, com 192 p\u00e1ginas no total, pautas impressas na cor cinza e papel miolo off set branco.<\/p>\n<p>A Redoma tamb\u00e9m tem a op\u00e7\u00e3o de cadernos com layout especial, criando o caderno de acordo com a campanha de comunica\u00e7\u00e3o da empresa, aproveitando a criatividade para elaborar um material realmente exclusivo, que atenda \u00e0 demanda do cliente.<\/p>\n<h2>ACESS\u00d3RIOS ESPECIAIS<\/h2>\n<p>O cliente pode fazer a escolha das capas, das embalagens individuais para os cadernos, das embalagens especiais, como sacos para presente ou at\u00e9 mesmo envelopes (veludo, algod\u00e3o ou TNT), entre outros acess\u00f3rios. Quando for decidir pelo acabamento dos cadernos, o cliente pode usar color band e recortes para tornar o produto diferenciado, dando um destaque muito maior para a capa.<\/p>\n<p>Com o apoio especializado da Redoma, o cliente \u00e9 capaz de desenvolver um projeto totalmente exclusivo e qualificado!<\/p>\n<h2>PARA SABER MAIS SOBRE F\u00c1BRICA DE CADERNOS PERSONALIZADOS<\/h2>\n<p>Ligue para\u00a011 4448-7300\u00a0ou mande e-mail para:\u00a0atendimento@redoma.com.br[\/vc_column_text][\/vc_column][\/vc_row][vc_row][vc_column][vc_media_grid grid_id=&#8221;vc_gid:1620263104621-879c2acb-0c2d-8&#8243; include=&#8221;1896,1897,1893&#8243;][\/vc_column][\/vc_row]<\/p>\n<\/div>","protected":false},"excerpt":{"rendered":"<p>[vc_row][vc_column][vc_column_text] ENCONTRE UMA F\u00c1BRICA DE CADERNOS PERSONALIZADOS A Redoma \u00e9 uma\u00a0f\u00e1brica de cadernos personalizados\u00a0para empresas que est\u00e3o em busca de cadernos de alto padr\u00e3o de qualidade e que sejam exclusivos e estampados com suas marcas. A\u00a0f\u00e1brica de cadernos personalizados\u00a0Redoma apresenta uma linha de cadernos pequenos, m\u00e9dios e grandes. Caderno Pequeno \u2013\u00a0A\u00a0f\u00e1brica de cadernos personalizados\u00a0faz o&hellip;<\/p>\n","protected":false},"author":1,"featured_media":1896,"parent":1874,"menu_order":0,"comment_status":"closed","ping_status":"closed","template":"","meta":{"footnotes":""},"class_list":["post-1900","page","type-page","status-publish","has-post-thumbnail","hentry","description-off"],"yoast_head":"<!-- This site is optimized with the Yoast SEO plugin v26.8 - https:\/\/yoast.com\/product\/yoast-seo-wordpress\/ -->\n<title>F\u00c1BRICA DE CADERNOS PERSONALIZADOS - Redoma - Brindes Corporativos<\/title>\n<meta name=\"robots\" content=\"index, follow, max-snippet:-1, max-image-preview:large, max-video-preview:-1\" \/>\n<link rel=\"canonical\" href=\"https:\/\/redoma.com.br\/corporativo\/informacoes\/cadernos\/fabrica-de-cadernos-personalizados\/\" \/>\n<meta property=\"og:locale\" content=\"pt_BR\" \/>\n<meta property=\"og:type\" content=\"article\" \/>\n<meta property=\"og:title\" content=\"F\u00c1BRICA DE CADERNOS PERSONALIZADOS - Redoma - Brindes Corporativos\" \/>\n<meta property=\"og:description\" content=\"[vc_row][vc_column][vc_column_text] ENCONTRE UMA F\u00c1BRICA DE CADERNOS PERSONALIZADOS A Redoma \u00e9 uma\u00a0f\u00e1brica de cadernos personalizados\u00a0para empresas que est\u00e3o em busca de cadernos de alto padr\u00e3o de qualidade e que sejam exclusivos e estampados com suas marcas. A\u00a0f\u00e1brica de cadernos personalizados\u00a0Redoma apresenta uma linha de cadernos pequenos, m\u00e9dios e grandes. Caderno Pequeno \u2013\u00a0A\u00a0f\u00e1brica de cadernos personalizados\u00a0faz o&hellip;\" \/>\n<meta property=\"og:url\" content=\"https:\/\/redoma.com.br\/corporativo\/informacoes\/cadernos\/fabrica-de-cadernos-personalizados\/\" \/>\n<meta property=\"og:site_name\" content=\"Redoma - Brindes Corporativos\" \/>\n<meta property=\"og:image\" content=\"https:\/\/redoma.com.br\/corporativo\/wp-content\/uploads\/2021\/05\/cadernos_personalizados_02.jpg\" \/>\n\t<meta property=\"og:image:width\" content=\"480\" \/>\n\t<meta property=\"og:image:height\" content=\"480\" \/>\n\t<meta property=\"og:image:type\" content=\"image\/jpeg\" \/>\n<meta name=\"twitter:card\" content=\"summary_large_image\" \/>\n<meta name=\"twitter:label1\" content=\"Est. tempo de leitura\" \/>\n\t<meta name=\"twitter:data1\" content=\"2 minutos\" \/>\n<script type=\"application\/ld+json\" class=\"yoast-schema-graph\">{\"@context\":\"https:\/\/schema.org\",\"@graph\":[{\"@type\":\"WebPage\",\"@id\":\"https:\/\/redoma.com.br\/corporativo\/informacoes\/cadernos\/fabrica-de-cadernos-personalizados\/\",\"url\":\"https:\/\/redoma.com.br\/corporativo\/informacoes\/cadernos\/fabrica-de-cadernos-personalizados\/\",\"name\":\"F\u00c1BRICA DE CADERNOS PERSONALIZADOS - Redoma - Brindes Corporativos\",\"isPartOf\":{\"@id\":\"https:\/\/redoma.com.br\/corporativo\/#website\"},\"primaryImageOfPage\":{\"@id\":\"https:\/\/redoma.com.br\/corporativo\/informacoes\/cadernos\/fabrica-de-cadernos-personalizados\/#primaryimage\"},\"image\":{\"@id\":\"https:\/\/redoma.com.br\/corporativo\/informacoes\/cadernos\/fabrica-de-cadernos-personalizados\/#primaryimage\"},\"thumbnailUrl\":\"https:\/\/redoma.com.br\/corporativo\/wp-content\/uploads\/2021\/05\/cadernos_personalizados_02.jpg\",\"datePublished\":\"2021-05-06T01:05:41+00:00\",\"breadcrumb\":{\"@id\":\"https:\/\/redoma.com.br\/corporativo\/informacoes\/cadernos\/fabrica-de-cadernos-personalizados\/#breadcrumb\"},\"inLanguage\":\"pt-BR\",\"potentialAction\":[{\"@type\":\"ReadAction\",\"target\":[\"https:\/\/redoma.com.br\/corporativo\/informacoes\/cadernos\/fabrica-de-cadernos-personalizados\/\"]}]},{\"@type\":\"ImageObject\",\"inLanguage\":\"pt-BR\",\"@id\":\"https:\/\/redoma.com.br\/corporativo\/informacoes\/cadernos\/fabrica-de-cadernos-personalizados\/#primaryimage\",\"url\":\"https:\/\/redoma.com.br\/corporativo\/wp-content\/uploads\/2021\/05\/cadernos_personalizados_02.jpg\",\"contentUrl\":\"https:\/\/redoma.com.br\/corporativo\/wp-content\/uploads\/2021\/05\/cadernos_personalizados_02.jpg\",\"width\":480,\"height\":480},{\"@type\":\"BreadcrumbList\",\"@id\":\"https:\/\/redoma.com.br\/corporativo\/informacoes\/cadernos\/fabrica-de-cadernos-personalizados\/#breadcrumb\",\"itemListElement\":[{\"@type\":\"ListItem\",\"position\":1,\"name\":\"In\u00edcio\",\"item\":\"https:\/\/redoma.com.br\/corporativo\/\"},{\"@type\":\"ListItem\",\"position\":2,\"name\":\"Informa\u00e7\u00f5es\",\"item\":\"https:\/\/redoma.com.br\/corporativo\/informacoes\/\"},{\"@type\":\"ListItem\",\"position\":3,\"name\":\"Cadernos\",\"item\":\"https:\/\/redoma.com.br\/corporativo\/informacoes\/cadernos\/\"},{\"@type\":\"ListItem\",\"position\":4,\"name\":\"F\u00c1BRICA DE CADERNOS PERSONALIZADOS\"}]},{\"@type\":\"WebSite\",\"@id\":\"https:\/\/redoma.com.br\/corporativo\/#website\",\"url\":\"https:\/\/redoma.com.br\/corporativo\/\",\"name\":\"Redoma - Brindes Corporativos\",\"description\":\"Produzimos Agenda Personalizada, Calend\u00e1rio Financeiro, Planner Personalizado, Caderno Personalizado, Caderneta personalizada e mais\",\"potentialAction\":[{\"@type\":\"SearchAction\",\"target\":{\"@type\":\"EntryPoint\",\"urlTemplate\":\"https:\/\/redoma.com.br\/corporativo\/?s={search_term_string}\"},\"query-input\":{\"@type\":\"PropertyValueSpecification\",\"valueRequired\":true,\"valueName\":\"search_term_string\"}}],\"inLanguage\":\"pt-BR\"}]}<\/script>\n<!-- \/ Yoast SEO plugin. -->","yoast_head_json":{"title":"F\u00c1BRICA DE CADERNOS PERSONALIZADOS - Redoma - Brindes Corporativos","robots":{"index":"index","follow":"follow","max-snippet":"max-snippet:-1","max-image-preview":"max-image-preview:large","max-video-preview":"max-video-preview:-1"},"canonical":"https:\/\/redoma.com.br\/corporativo\/informacoes\/cadernos\/fabrica-de-cadernos-personalizados\/","og_locale":"pt_BR","og_type":"article","og_title":"F\u00c1BRICA DE CADERNOS PERSONALIZADOS - Redoma - Brindes Corporativos","og_description":"[vc_row][vc_column][vc_column_text] ENCONTRE UMA F\u00c1BRICA DE CADERNOS PERSONALIZADOS A Redoma \u00e9 uma\u00a0f\u00e1brica de cadernos personalizados\u00a0para empresas que est\u00e3o em busca de cadernos de alto padr\u00e3o de qualidade e que sejam exclusivos e estampados com suas marcas. A\u00a0f\u00e1brica de cadernos personalizados\u00a0Redoma apresenta uma linha de cadernos pequenos, m\u00e9dios e grandes. Caderno Pequeno \u2013\u00a0A\u00a0f\u00e1brica de cadernos personalizados\u00a0faz o&hellip;","og_url":"https:\/\/redoma.com.br\/corporativo\/informacoes\/cadernos\/fabrica-de-cadernos-personalizados\/","og_site_name":"Redoma - Brindes Corporativos","og_image":[{"width":480,"height":480,"url":"https:\/\/redoma.com.br\/corporativo\/wp-content\/uploads\/2021\/05\/cadernos_personalizados_02.jpg","type":"image\/jpeg"}],"twitter_card":"summary_large_image","twitter_misc":{"Est. tempo de leitura":"2 minutos"},"schema":{"@context":"https:\/\/schema.org","@graph":[{"@type":"WebPage","@id":"https:\/\/redoma.com.br\/corporativo\/informacoes\/cadernos\/fabrica-de-cadernos-personalizados\/","url":"https:\/\/redoma.com.br\/corporativo\/informacoes\/cadernos\/fabrica-de-cadernos-personalizados\/","name":"F\u00c1BRICA DE CADERNOS PERSONALIZADOS - Redoma - Brindes Corporativos","isPartOf":{"@id":"https:\/\/redoma.com.br\/corporativo\/#website"},"primaryImageOfPage":{"@id":"https:\/\/redoma.com.br\/corporativo\/informacoes\/cadernos\/fabrica-de-cadernos-personalizados\/#primaryimage"},"image":{"@id":"https:\/\/redoma.com.br\/corporativo\/informacoes\/cadernos\/fabrica-de-cadernos-personalizados\/#primaryimage"},"thumbnailUrl":"https:\/\/redoma.com.br\/corporativo\/wp-content\/uploads\/2021\/05\/cadernos_personalizados_02.jpg","datePublished":"2021-05-06T01:05:41+00:00","breadcrumb":{"@id":"https:\/\/redoma.com.br\/corporativo\/informacoes\/cadernos\/fabrica-de-cadernos-personalizados\/#breadcrumb"},"inLanguage":"pt-BR","potentialAction":[{"@type":"ReadAction","target":["https:\/\/redoma.com.br\/corporativo\/informacoes\/cadernos\/fabrica-de-cadernos-personalizados\/"]}]},{"@type":"ImageObject","inLanguage":"pt-BR","@id":"https:\/\/redoma.com.br\/corporativo\/informacoes\/cadernos\/fabrica-de-cadernos-personalizados\/#primaryimage","url":"https:\/\/redoma.com.br\/corporativo\/wp-content\/uploads\/2021\/05\/cadernos_personalizados_02.jpg","contentUrl":"https:\/\/redoma.com.br\/corporativo\/wp-content\/uploads\/2021\/05\/cadernos_personalizados_02.jpg","width":480,"height":480},{"@type":"BreadcrumbList","@id":"https:\/\/redoma.com.br\/corporativo\/informacoes\/cadernos\/fabrica-de-cadernos-personalizados\/#breadcrumb","itemListElement":[{"@type":"ListItem","position":1,"name":"In\u00edcio","item":"https:\/\/redoma.com.br\/corporativo\/"},{"@type":"ListItem","position":2,"name":"Informa\u00e7\u00f5es","item":"https:\/\/redoma.com.br\/corporativo\/informacoes\/"},{"@type":"ListItem","position":3,"name":"Cadernos","item":"https:\/\/redoma.com.br\/corporativo\/informacoes\/cadernos\/"},{"@type":"ListItem","position":4,"name":"F\u00c1BRICA DE CADERNOS PERSONALIZADOS"}]},{"@type":"WebSite","@id":"https:\/\/redoma.com.br\/corporativo\/#website","url":"https:\/\/redoma.com.br\/corporativo\/","name":"Redoma - Brindes Corporativos","description":"Produzimos Agenda Personalizada, Calend\u00e1rio Financeiro, Planner Personalizado, Caderno Personalizado, Caderneta personalizada e mais","potentialAction":[{"@type":"SearchAction","target":{"@type":"EntryPoint","urlTemplate":"https:\/\/redoma.com.br\/corporativo\/?s={search_term_string}"},"query-input":{"@type":"PropertyValueSpecification","valueRequired":true,"valueName":"search_term_string"}}],"inLanguage":"pt-BR"}]}},"_links":{"self":[{"href":"https:\/\/redoma.com.br\/corporativo\/wp-json\/wp\/v2\/pages\/1900","targetHints":{"allow":["GET"]}}],"collection":[{"href":"https:\/\/redoma.com.br\/corporativo\/wp-json\/wp\/v2\/pages"}],"about":[{"href":"https:\/\/redoma.com.br\/corporativo\/wp-json\/wp\/v2\/types\/page"}],"author":[{"embeddable":true,"href":"https:\/\/redoma.com.br\/corporativo\/wp-json\/wp\/v2\/users\/1"}],"replies":[{"embeddable":true,"href":"https:\/\/redoma.com.br\/corporativo\/wp-json\/wp\/v2\/comments?post=1900"}],"version-history":[{"count":1,"href":"https:\/\/redoma.com.br\/corporativo\/wp-json\/wp\/v2\/pages\/1900\/revisions"}],"predecessor-version":[{"id":1901,"href":"https:\/\/redoma.com.br\/corporativo\/wp-json\/wp\/v2\/pages\/1900\/revisions\/1901"}],"up":[{"embeddable":true,"href":"https:\/\/redoma.com.br\/corporativo\/wp-json\/wp\/v2\/pages\/1874"}],"wp:featuredmedia":[{"embeddable":true,"href":"https:\/\/redoma.com.br\/corporativo\/wp-json\/wp\/v2\/media\/1896"}],"wp:attachment":[{"href":"https:\/\/redoma.com.br\/corporativo\/wp-json\/wp\/v2\/media?parent=1900"}],"curies":[{"name":"wp","href":"https:\/\/api.w.org\/{rel}","templated":true}]}}