
{"id":1895,"date":"2021-05-05T22:04:24","date_gmt":"2021-05-06T01:04:24","guid":{"rendered":"https:\/\/novo.redoma.com.br\/?page_id=1895"},"modified":"2021-05-05T22:04:24","modified_gmt":"2021-05-06T01:04:24","slug":"cadernos-personalizados","status":"publish","type":"page","link":"https:\/\/redoma.com.br\/corporativo\/informacoes\/cadernos\/cadernos-personalizados\/","title":{"rendered":"CADERNOS PERSONALIZADOS"},"content":{"rendered":"<div class=\"wpb-content-wrapper\"><p>[vc_row][vc_column][vc_column_text]<\/p>\n<h2>OS BENEF\u00cdCIOS DOS CADERNOS PERSONALIZADOS REDOMA<\/h2>\n<p>Os\u00a0cadernos personalizados\u00a0podem levar o logo e a identidade visual de uma empresa, como uma forma estrat\u00e9gica de criar uma propaganda f\u00edsica e \u00fatil, que pode servir como brindes oferecidos ao p\u00fablico-alvo ou aos stakeholders de uma organiza\u00e7\u00e3o. A op\u00e7\u00e3o de\u00a0cadernos personalizados\u00a0como forma de promo\u00e7\u00e3o de uma marca tamb\u00e9m \u00e9 uma maneira de aproximar e fidelizar o cliente em potencial.<\/p>\n<h2>COMO ESCOLHER O DESIGN E O TIPO DOS CADERNOS PERSONALIZADOS PARA UMA EMPRESA?<\/h2>\n<p>Por meio do pensamento criativo de designers qualificados \u00e9 poss\u00edvel formatar\u00a0cadernos personalizados\u00a0e exclusivos, com elementos especiais tanto na \u00e1rea externa como interna. O cliente pode definir cores, frases e artes que levem a proposta da marca ao p\u00fablico. O mais importante na escolha de\u00a0cadernos personalizados\u00a0\u00e9 que eles sejam confeccionados em uma gr\u00e1fica respons\u00e1vel, criativa e com um bom cat\u00e1logo de op\u00e7\u00f5es, como \u00e9 o caso da gr\u00e1fica Redoma!<\/p>\n<h2>QUAIS S\u00c3O OS TIPOS DE CADERNOS PERSONALIZADOS DISPON\u00cdVEIS?<\/h2>\n<p>Existe o modelo ideal de caderno para cada demanda. Os clientes da Redoma podem optar por:<\/p>\n<ul class=\"list\">\n<li>Notepads: pequenos cadernos de anota\u00e7\u00f5es sem pauta;<\/li>\n<li>Notebooks: cadernos estilo universit\u00e1rio, com pauta em diferentes tamanhos;<\/li>\n<li>Cadernos padronizados ou personalizados.<\/li>\n<\/ul>\n<h2>CONHE\u00c7A A REDOMA!<\/h2>\n<p>A Redoma \u00e9 uma gr\u00e1fica com mais de 40 anos de presen\u00e7a no mercado especializado. Conceituada e apontada como refer\u00eancia em qualidade e responsabilidade ambiental, a gr\u00e1fica trabalha com um compromisso real com os clientes. Todos os produtos da Redoma s\u00e3o fabricados com mat\u00e9rias-primas de fontes naturais e renov\u00e1veis, como papel reciclado e tinta \u00e0 base de soja 100% at\u00f3xica.<\/p>\n<p>A gr\u00e1fica Redoma conta com cat\u00e1logos para que o cliente possa conhecer e escolher os produtos mais adequados \u00e0 sua necessidade, com capas e\u00a0cadernos personalizados.<\/p>\n<h2>ESCOLHA A REDOMA PARA A CONFEC\u00c7\u00c3O DE CADERNOS PERSONALIZADOS!<\/h2>\n<p>Confie em uma gr\u00e1fica que tem como objetivo oferecer solu\u00e7\u00f5es inteligentes e ideais para a organiza\u00e7\u00e3o pessoal ou empresarial, com produtos funcionais e sofisticados! Entre em contato com a gr\u00e1fica Redoma a partir de um dos meios de comunica\u00e7\u00e3o expostos no site e fa\u00e7a o or\u00e7amento de seus\u00a0cadernos personalizados. O atendimento da Redoma \u00e9 sempre cordial, \u00e1gil e eficiente!<\/p>\n<h2>PARA SABER MAIS SOBRE CADERNOS PERSONALIZADOS<\/h2>\n<p>Ligue para\u00a011 4448-7300\u00a0ou mande e-mail para:\u00a0atendimento@redoma.com.br[\/vc_column_text][\/vc_column][\/vc_row][vc_row][vc_column][vc_media_grid grid_id=&#8221;vc_gid:1620263000036-ae315615-5ff9-10&#8243; include=&#8221;1896,1897,1898&#8243;][\/vc_column][\/vc_row]<\/p>\n<\/div>","protected":false},"excerpt":{"rendered":"<p>[vc_row][vc_column][vc_column_text] OS BENEF\u00cdCIOS DOS CADERNOS PERSONALIZADOS REDOMA Os\u00a0cadernos personalizados\u00a0podem levar o logo e a identidade visual de uma empresa, como uma forma estrat\u00e9gica de criar uma propaganda f\u00edsica e \u00fatil, que pode servir como brindes oferecidos ao p\u00fablico-alvo ou aos stakeholders de uma organiza\u00e7\u00e3o. A op\u00e7\u00e3o de\u00a0cadernos personalizados\u00a0como forma de promo\u00e7\u00e3o de uma marca tamb\u00e9m&hellip;<\/p>\n","protected":false},"author":1,"featured_media":1898,"parent":1874,"menu_order":0,"comment_status":"closed","ping_status":"closed","template":"","meta":{"footnotes":""},"class_list":["post-1895","page","type-page","status-publish","has-post-thumbnail","hentry","description-off"],"yoast_head":"<!-- This site is optimized with the Yoast SEO plugin v26.8 - https:\/\/yoast.com\/product\/yoast-seo-wordpress\/ -->\n<title>CADERNOS PERSONALIZADOS - Redoma - Brindes Corporativos<\/title>\n<meta name=\"robots\" content=\"index, follow, max-snippet:-1, max-image-preview:large, max-video-preview:-1\" \/>\n<link rel=\"canonical\" href=\"https:\/\/redoma.com.br\/corporativo\/informacoes\/cadernos\/cadernos-personalizados\/\" \/>\n<meta property=\"og:locale\" content=\"pt_BR\" \/>\n<meta property=\"og:type\" content=\"article\" \/>\n<meta property=\"og:title\" content=\"CADERNOS PERSONALIZADOS - Redoma - Brindes Corporativos\" \/>\n<meta property=\"og:description\" content=\"[vc_row][vc_column][vc_column_text] OS BENEF\u00cdCIOS DOS CADERNOS PERSONALIZADOS REDOMA Os\u00a0cadernos personalizados\u00a0podem levar o logo e a identidade visual de uma empresa, como uma forma estrat\u00e9gica de criar uma propaganda f\u00edsica e \u00fatil, que pode servir como brindes oferecidos ao p\u00fablico-alvo ou aos stakeholders de uma organiza\u00e7\u00e3o. A op\u00e7\u00e3o de\u00a0cadernos personalizados\u00a0como forma de promo\u00e7\u00e3o de uma marca tamb\u00e9m&hellip;\" \/>\n<meta property=\"og:url\" content=\"https:\/\/redoma.com.br\/corporativo\/informacoes\/cadernos\/cadernos-personalizados\/\" \/>\n<meta property=\"og:site_name\" content=\"Redoma - Brindes Corporativos\" \/>\n<meta property=\"og:image\" content=\"https:\/\/redoma.com.br\/corporativo\/wp-content\/uploads\/2021\/05\/cadernos_personalizados_03.jpg\" \/>\n\t<meta property=\"og:image:width\" content=\"480\" \/>\n\t<meta property=\"og:image:height\" content=\"480\" \/>\n\t<meta property=\"og:image:type\" content=\"image\/jpeg\" \/>\n<meta name=\"twitter:card\" content=\"summary_large_image\" \/>\n<meta name=\"twitter:label1\" content=\"Est. tempo de leitura\" \/>\n\t<meta name=\"twitter:data1\" content=\"2 minutos\" \/>\n<script type=\"application\/ld+json\" class=\"yoast-schema-graph\">{\"@context\":\"https:\/\/schema.org\",\"@graph\":[{\"@type\":\"WebPage\",\"@id\":\"https:\/\/redoma.com.br\/corporativo\/informacoes\/cadernos\/cadernos-personalizados\/\",\"url\":\"https:\/\/redoma.com.br\/corporativo\/informacoes\/cadernos\/cadernos-personalizados\/\",\"name\":\"CADERNOS PERSONALIZADOS - Redoma - Brindes Corporativos\",\"isPartOf\":{\"@id\":\"https:\/\/redoma.com.br\/corporativo\/#website\"},\"primaryImageOfPage\":{\"@id\":\"https:\/\/redoma.com.br\/corporativo\/informacoes\/cadernos\/cadernos-personalizados\/#primaryimage\"},\"image\":{\"@id\":\"https:\/\/redoma.com.br\/corporativo\/informacoes\/cadernos\/cadernos-personalizados\/#primaryimage\"},\"thumbnailUrl\":\"https:\/\/redoma.com.br\/corporativo\/wp-content\/uploads\/2021\/05\/cadernos_personalizados_03.jpg\",\"datePublished\":\"2021-05-06T01:04:24+00:00\",\"breadcrumb\":{\"@id\":\"https:\/\/redoma.com.br\/corporativo\/informacoes\/cadernos\/cadernos-personalizados\/#breadcrumb\"},\"inLanguage\":\"pt-BR\",\"potentialAction\":[{\"@type\":\"ReadAction\",\"target\":[\"https:\/\/redoma.com.br\/corporativo\/informacoes\/cadernos\/cadernos-personalizados\/\"]}]},{\"@type\":\"ImageObject\",\"inLanguage\":\"pt-BR\",\"@id\":\"https:\/\/redoma.com.br\/corporativo\/informacoes\/cadernos\/cadernos-personalizados\/#primaryimage\",\"url\":\"https:\/\/redoma.com.br\/corporativo\/wp-content\/uploads\/2021\/05\/cadernos_personalizados_03.jpg\",\"contentUrl\":\"https:\/\/redoma.com.br\/corporativo\/wp-content\/uploads\/2021\/05\/cadernos_personalizados_03.jpg\",\"width\":480,\"height\":480},{\"@type\":\"BreadcrumbList\",\"@id\":\"https:\/\/redoma.com.br\/corporativo\/informacoes\/cadernos\/cadernos-personalizados\/#breadcrumb\",\"itemListElement\":[{\"@type\":\"ListItem\",\"position\":1,\"name\":\"In\u00edcio\",\"item\":\"https:\/\/redoma.com.br\/corporativo\/\"},{\"@type\":\"ListItem\",\"position\":2,\"name\":\"Informa\u00e7\u00f5es\",\"item\":\"https:\/\/redoma.com.br\/corporativo\/informacoes\/\"},{\"@type\":\"ListItem\",\"position\":3,\"name\":\"Cadernos\",\"item\":\"https:\/\/redoma.com.br\/corporativo\/informacoes\/cadernos\/\"},{\"@type\":\"ListItem\",\"position\":4,\"name\":\"CADERNOS PERSONALIZADOS\"}]},{\"@type\":\"WebSite\",\"@id\":\"https:\/\/redoma.com.br\/corporativo\/#website\",\"url\":\"https:\/\/redoma.com.br\/corporativo\/\",\"name\":\"Redoma - Brindes Corporativos\",\"description\":\"Produzimos Agenda Personalizada, Calend\u00e1rio Financeiro, Planner Personalizado, Caderno Personalizado, Caderneta personalizada e mais\",\"potentialAction\":[{\"@type\":\"SearchAction\",\"target\":{\"@type\":\"EntryPoint\",\"urlTemplate\":\"https:\/\/redoma.com.br\/corporativo\/?s={search_term_string}\"},\"query-input\":{\"@type\":\"PropertyValueSpecification\",\"valueRequired\":true,\"valueName\":\"search_term_string\"}}],\"inLanguage\":\"pt-BR\"}]}<\/script>\n<!-- \/ Yoast SEO plugin. -->","yoast_head_json":{"title":"CADERNOS PERSONALIZADOS - Redoma - Brindes Corporativos","robots":{"index":"index","follow":"follow","max-snippet":"max-snippet:-1","max-image-preview":"max-image-preview:large","max-video-preview":"max-video-preview:-1"},"canonical":"https:\/\/redoma.com.br\/corporativo\/informacoes\/cadernos\/cadernos-personalizados\/","og_locale":"pt_BR","og_type":"article","og_title":"CADERNOS PERSONALIZADOS - Redoma - Brindes Corporativos","og_description":"[vc_row][vc_column][vc_column_text] OS BENEF\u00cdCIOS DOS CADERNOS PERSONALIZADOS REDOMA Os\u00a0cadernos personalizados\u00a0podem levar o logo e a identidade visual de uma empresa, como uma forma estrat\u00e9gica de criar uma propaganda f\u00edsica e \u00fatil, que pode servir como brindes oferecidos ao p\u00fablico-alvo ou aos stakeholders de uma organiza\u00e7\u00e3o. A op\u00e7\u00e3o de\u00a0cadernos personalizados\u00a0como forma de promo\u00e7\u00e3o de uma marca tamb\u00e9m&hellip;","og_url":"https:\/\/redoma.com.br\/corporativo\/informacoes\/cadernos\/cadernos-personalizados\/","og_site_name":"Redoma - Brindes Corporativos","og_image":[{"width":480,"height":480,"url":"https:\/\/redoma.com.br\/corporativo\/wp-content\/uploads\/2021\/05\/cadernos_personalizados_03.jpg","type":"image\/jpeg"}],"twitter_card":"summary_large_image","twitter_misc":{"Est. tempo de leitura":"2 minutos"},"schema":{"@context":"https:\/\/schema.org","@graph":[{"@type":"WebPage","@id":"https:\/\/redoma.com.br\/corporativo\/informacoes\/cadernos\/cadernos-personalizados\/","url":"https:\/\/redoma.com.br\/corporativo\/informacoes\/cadernos\/cadernos-personalizados\/","name":"CADERNOS PERSONALIZADOS - Redoma - Brindes Corporativos","isPartOf":{"@id":"https:\/\/redoma.com.br\/corporativo\/#website"},"primaryImageOfPage":{"@id":"https:\/\/redoma.com.br\/corporativo\/informacoes\/cadernos\/cadernos-personalizados\/#primaryimage"},"image":{"@id":"https:\/\/redoma.com.br\/corporativo\/informacoes\/cadernos\/cadernos-personalizados\/#primaryimage"},"thumbnailUrl":"https:\/\/redoma.com.br\/corporativo\/wp-content\/uploads\/2021\/05\/cadernos_personalizados_03.jpg","datePublished":"2021-05-06T01:04:24+00:00","breadcrumb":{"@id":"https:\/\/redoma.com.br\/corporativo\/informacoes\/cadernos\/cadernos-personalizados\/#breadcrumb"},"inLanguage":"pt-BR","potentialAction":[{"@type":"ReadAction","target":["https:\/\/redoma.com.br\/corporativo\/informacoes\/cadernos\/cadernos-personalizados\/"]}]},{"@type":"ImageObject","inLanguage":"pt-BR","@id":"https:\/\/redoma.com.br\/corporativo\/informacoes\/cadernos\/cadernos-personalizados\/#primaryimage","url":"https:\/\/redoma.com.br\/corporativo\/wp-content\/uploads\/2021\/05\/cadernos_personalizados_03.jpg","contentUrl":"https:\/\/redoma.com.br\/corporativo\/wp-content\/uploads\/2021\/05\/cadernos_personalizados_03.jpg","width":480,"height":480},{"@type":"BreadcrumbList","@id":"https:\/\/redoma.com.br\/corporativo\/informacoes\/cadernos\/cadernos-personalizados\/#breadcrumb","itemListElement":[{"@type":"ListItem","position":1,"name":"In\u00edcio","item":"https:\/\/redoma.com.br\/corporativo\/"},{"@type":"ListItem","position":2,"name":"Informa\u00e7\u00f5es","item":"https:\/\/redoma.com.br\/corporativo\/informacoes\/"},{"@type":"ListItem","position":3,"name":"Cadernos","item":"https:\/\/redoma.com.br\/corporativo\/informacoes\/cadernos\/"},{"@type":"ListItem","position":4,"name":"CADERNOS PERSONALIZADOS"}]},{"@type":"WebSite","@id":"https:\/\/redoma.com.br\/corporativo\/#website","url":"https:\/\/redoma.com.br\/corporativo\/","name":"Redoma - Brindes Corporativos","description":"Produzimos Agenda Personalizada, Calend\u00e1rio Financeiro, Planner Personalizado, Caderno Personalizado, Caderneta personalizada e mais","potentialAction":[{"@type":"SearchAction","target":{"@type":"EntryPoint","urlTemplate":"https:\/\/redoma.com.br\/corporativo\/?s={search_term_string}"},"query-input":{"@type":"PropertyValueSpecification","valueRequired":true,"valueName":"search_term_string"}}],"inLanguage":"pt-BR"}]}},"_links":{"self":[{"href":"https:\/\/redoma.com.br\/corporativo\/wp-json\/wp\/v2\/pages\/1895","targetHints":{"allow":["GET"]}}],"collection":[{"href":"https:\/\/redoma.com.br\/corporativo\/wp-json\/wp\/v2\/pages"}],"about":[{"href":"https:\/\/redoma.com.br\/corporativo\/wp-json\/wp\/v2\/types\/page"}],"author":[{"embeddable":true,"href":"https:\/\/redoma.com.br\/corporativo\/wp-json\/wp\/v2\/users\/1"}],"replies":[{"embeddable":true,"href":"https:\/\/redoma.com.br\/corporativo\/wp-json\/wp\/v2\/comments?post=1895"}],"version-history":[{"count":1,"href":"https:\/\/redoma.com.br\/corporativo\/wp-json\/wp\/v2\/pages\/1895\/revisions"}],"predecessor-version":[{"id":1899,"href":"https:\/\/redoma.com.br\/corporativo\/wp-json\/wp\/v2\/pages\/1895\/revisions\/1899"}],"up":[{"embeddable":true,"href":"https:\/\/redoma.com.br\/corporativo\/wp-json\/wp\/v2\/pages\/1874"}],"wp:featuredmedia":[{"embeddable":true,"href":"https:\/\/redoma.com.br\/corporativo\/wp-json\/wp\/v2\/media\/1898"}],"wp:attachment":[{"href":"https:\/\/redoma.com.br\/corporativo\/wp-json\/wp\/v2\/media?parent=1895"}],"curies":[{"name":"wp","href":"https:\/\/api.w.org\/{rel}","templated":true}]}}