
{"id":1890,"date":"2021-05-05T21:56:44","date_gmt":"2021-05-06T00:56:44","guid":{"rendered":"https:\/\/novo.redoma.com.br\/?page_id=1890"},"modified":"2021-05-05T22:02:34","modified_gmt":"2021-05-06T01:02:34","slug":"brindes-cadernos-e-agendas","status":"publish","type":"page","link":"https:\/\/redoma.com.br\/corporativo\/informacoes\/cadernos\/brindes-cadernos-e-agendas\/","title":{"rendered":"BRINDES CADERNOS E AGENDAS"},"content":{"rendered":"<div class=\"wpb-content-wrapper\"><p>[vc_row][vc_column][vc_column_text]<\/p>\n<h2>FA\u00c7A BRINDES CADERNOS E AGENDAS COM A REDOMA<\/h2>\n<p>As compras de\u00a0brindes\u00a0<a title=\"CADERNOS PERSONALIZADOS\" href=\"https:\/\/redoma.com.br\/corporativo\/informacoes\/cadernos\/cadernos-personalizados\">cadernos<\/a>\u00a0e agendas\u00a0s\u00e3o muito populares entre clientes de todos os tipos. Adquirir esses produtos \u00e9 comum para empresas, escrit\u00f3rios, bibliotecas e tamb\u00e9m para o dia a dia da popula\u00e7\u00e3o em geral.<\/p>\n<p>Brindes cadernos e agendas tamb\u00e9m aparecem bastante em listas escolares, al\u00e9m de serem usados em locais diversos no ambiente escolar. \u00c9 por causa dessa variedade no uso de\u00a0brindes cadernos e agendas\u00a0que a qualidade \u00e9, acima de tudo, importante para que esses produtos cumpram suas fun\u00e7\u00f5es com efici\u00eancia.<\/p>\n<h2>CONHE\u00c7A OS BRINDES CADERNOS E AGENDAS DA GR\u00c1FICA REDOMA<\/h2>\n<p>O diferencial dos\u00a0brindes cadernos e agendas\u00a0da Redoma \u00e9 a sofistica\u00e7\u00e3o. Al\u00e9m de \u00fateis, dur\u00e1veis e perfeitos para a organiza\u00e7\u00e3o da rotina, s\u00e3o personaliz\u00e1veis e adquirem as caracter\u00edsticas necess\u00e1rias de textura, cor e tamanho ideais para todos os gostos.<\/p>\n<p>Est\u00e3o dispon\u00edveis combina\u00e7\u00f5es para agendas di\u00e1rias e semanais, blocos para anota\u00e7\u00f5es, calend\u00e1rios, cadernos e\u00a0 diversos outros produtos. Todas as solu\u00e7\u00f5es gr\u00e1ficas s\u00e3o fabricadas com aten\u00e7\u00e3o aos detalhes e mat\u00e9ria-prima de melhor qualidade.<\/p>\n<h2>RESPEITO AO MEIO AMBIENTE!<\/h2>\n<p>Os\u00a0brindes cadernos e agendas\u00a0da Redoma s\u00e3o produzidos por meio de recursos extra\u00eddos da natureza. Por serem principalmente \u00e0 base de papel, \u00e9 feito grande uso de madeira florestal. Quando esse manejo de recursos naturais \u00e9 feito com responsabilidade, o impacto ambiental \u00e9 extremamente reduzido e, por isso, a Redoma se preocupa com esse aspecto em sua produ\u00e7\u00e3o e emprega mat\u00e9ria-prima com o selo FSC.<\/p>\n<h3>O que \u00e9 o certificado\u00a0 FSC (Forest Stewardship Council)?<\/h3>\n<p>Esse selo \u00e9 dado para empresas que fazem uso de recursos naturais com responsabilidade.<\/p>\n<h3>Como \u00e9 feita a produ\u00e7\u00e3o mais sustent\u00e1vel?<\/h3>\n<p>A tecnologia tem grande destaque no desenvolvimento de pol\u00edticas mais sustent\u00e1veis para a produ\u00e7\u00e3o de solu\u00e7\u00f5es gr\u00e1ficas. \u00c9 a partir de m\u00e1quinas modernas e m\u00e3o de obra qualificada que s\u00e3o feitos processos com menor gasto energ\u00e9tico e economia de \u00e1gua.<\/p>\n<h2>COMPRE BRINDES CADERNOS E AGENDAS DA MARCA REDOMA<\/h2>\n<p>Para saber mais sobre as condi\u00e7\u00f5es para a aquisi\u00e7\u00e3o de solu\u00e7\u00f5es gr\u00e1ficas da Redoma, entre em contato e conhe\u00e7a a equipe especializada. A empresa j\u00e1 acumula mais de 40 anos de experi\u00eancia no setor gr\u00e1fico e tem os melhores pre\u00e7os e condi\u00e7\u00f5es de pagamento para\u00a0brindes cadernos e agendas. Confira!<\/p>\n<h2>PARA SABER MAIS SOBRE BRINDES CADERNOS E AGENDAS<\/h2>\n<p>[\/vc_column_text][\/vc_column][\/vc_row][vc_row][vc_column][vc_media_grid grid_id=&#8221;vc_gid:1620262579372-f248023e-8780-3&#8243; include=&#8221;1893,1892,1891&#8243;][\/vc_column][\/vc_row]<\/p>\n<\/div>","protected":false},"excerpt":{"rendered":"<p>[vc_row][vc_column][vc_column_text] FA\u00c7A BRINDES CADERNOS E AGENDAS COM A REDOMA As compras de\u00a0brindes\u00a0cadernos\u00a0e agendas\u00a0s\u00e3o muito populares entre clientes de todos os tipos. Adquirir esses produtos \u00e9 comum para empresas, escrit\u00f3rios, bibliotecas e tamb\u00e9m para o dia a dia da popula\u00e7\u00e3o em geral. Brindes cadernos e agendas tamb\u00e9m aparecem bastante em listas escolares, al\u00e9m de serem usados&hellip;<\/p>\n","protected":false},"author":1,"featured_media":1893,"parent":1874,"menu_order":0,"comment_status":"closed","ping_status":"closed","template":"","meta":{"footnotes":""},"class_list":["post-1890","page","type-page","status-publish","has-post-thumbnail","hentry","description-off"],"yoast_head":"<!-- This site is optimized with the Yoast SEO plugin v26.8 - https:\/\/yoast.com\/product\/yoast-seo-wordpress\/ -->\n<title>BRINDES CADERNOS E AGENDAS - Redoma - Brindes Corporativos<\/title>\n<meta name=\"robots\" content=\"index, follow, max-snippet:-1, max-image-preview:large, max-video-preview:-1\" \/>\n<link rel=\"canonical\" href=\"https:\/\/redoma.com.br\/corporativo\/informacoes\/cadernos\/brindes-cadernos-e-agendas\/\" \/>\n<meta property=\"og:locale\" content=\"pt_BR\" \/>\n<meta property=\"og:type\" content=\"article\" \/>\n<meta property=\"og:title\" content=\"BRINDES CADERNOS E AGENDAS - Redoma - Brindes Corporativos\" \/>\n<meta property=\"og:description\" content=\"[vc_row][vc_column][vc_column_text] FA\u00c7A BRINDES CADERNOS E AGENDAS COM A REDOMA As compras de\u00a0brindes\u00a0cadernos\u00a0e agendas\u00a0s\u00e3o muito populares entre clientes de todos os tipos. Adquirir esses produtos \u00e9 comum para empresas, escrit\u00f3rios, bibliotecas e tamb\u00e9m para o dia a dia da popula\u00e7\u00e3o em geral. Brindes cadernos e agendas tamb\u00e9m aparecem bastante em listas escolares, al\u00e9m de serem usados&hellip;\" \/>\n<meta property=\"og:url\" content=\"https:\/\/redoma.com.br\/corporativo\/informacoes\/cadernos\/brindes-cadernos-e-agendas\/\" \/>\n<meta property=\"og:site_name\" content=\"Redoma - Brindes Corporativos\" \/>\n<meta property=\"article:modified_time\" content=\"2021-05-06T01:02:34+00:00\" \/>\n<meta property=\"og:image\" content=\"https:\/\/redoma.com.br\/corporativo\/wp-content\/uploads\/2021\/05\/brindes_cadernos_e_agendas_01.jpg\" \/>\n\t<meta property=\"og:image:width\" content=\"480\" \/>\n\t<meta property=\"og:image:height\" content=\"480\" \/>\n\t<meta property=\"og:image:type\" content=\"image\/jpeg\" \/>\n<meta name=\"twitter:card\" content=\"summary_large_image\" \/>\n<meta name=\"twitter:label1\" content=\"Est. tempo de leitura\" \/>\n\t<meta name=\"twitter:data1\" content=\"2 minutos\" \/>\n<script type=\"application\/ld+json\" class=\"yoast-schema-graph\">{\"@context\":\"https:\/\/schema.org\",\"@graph\":[{\"@type\":\"WebPage\",\"@id\":\"https:\/\/redoma.com.br\/corporativo\/informacoes\/cadernos\/brindes-cadernos-e-agendas\/\",\"url\":\"https:\/\/redoma.com.br\/corporativo\/informacoes\/cadernos\/brindes-cadernos-e-agendas\/\",\"name\":\"BRINDES CADERNOS E AGENDAS - Redoma - Brindes Corporativos\",\"isPartOf\":{\"@id\":\"https:\/\/redoma.com.br\/corporativo\/#website\"},\"primaryImageOfPage\":{\"@id\":\"https:\/\/redoma.com.br\/corporativo\/informacoes\/cadernos\/brindes-cadernos-e-agendas\/#primaryimage\"},\"image\":{\"@id\":\"https:\/\/redoma.com.br\/corporativo\/informacoes\/cadernos\/brindes-cadernos-e-agendas\/#primaryimage\"},\"thumbnailUrl\":\"https:\/\/redoma.com.br\/corporativo\/wp-content\/uploads\/2021\/05\/brindes_cadernos_e_agendas_01.jpg\",\"datePublished\":\"2021-05-06T00:56:44+00:00\",\"dateModified\":\"2021-05-06T01:02:34+00:00\",\"breadcrumb\":{\"@id\":\"https:\/\/redoma.com.br\/corporativo\/informacoes\/cadernos\/brindes-cadernos-e-agendas\/#breadcrumb\"},\"inLanguage\":\"pt-BR\",\"potentialAction\":[{\"@type\":\"ReadAction\",\"target\":[\"https:\/\/redoma.com.br\/corporativo\/informacoes\/cadernos\/brindes-cadernos-e-agendas\/\"]}]},{\"@type\":\"ImageObject\",\"inLanguage\":\"pt-BR\",\"@id\":\"https:\/\/redoma.com.br\/corporativo\/informacoes\/cadernos\/brindes-cadernos-e-agendas\/#primaryimage\",\"url\":\"https:\/\/redoma.com.br\/corporativo\/wp-content\/uploads\/2021\/05\/brindes_cadernos_e_agendas_01.jpg\",\"contentUrl\":\"https:\/\/redoma.com.br\/corporativo\/wp-content\/uploads\/2021\/05\/brindes_cadernos_e_agendas_01.jpg\",\"width\":480,\"height\":480},{\"@type\":\"BreadcrumbList\",\"@id\":\"https:\/\/redoma.com.br\/corporativo\/informacoes\/cadernos\/brindes-cadernos-e-agendas\/#breadcrumb\",\"itemListElement\":[{\"@type\":\"ListItem\",\"position\":1,\"name\":\"In\u00edcio\",\"item\":\"https:\/\/redoma.com.br\/corporativo\/\"},{\"@type\":\"ListItem\",\"position\":2,\"name\":\"Informa\u00e7\u00f5es\",\"item\":\"https:\/\/redoma.com.br\/corporativo\/informacoes\/\"},{\"@type\":\"ListItem\",\"position\":3,\"name\":\"Cadernos\",\"item\":\"https:\/\/redoma.com.br\/corporativo\/informacoes\/cadernos\/\"},{\"@type\":\"ListItem\",\"position\":4,\"name\":\"BRINDES CADERNOS E AGENDAS\"}]},{\"@type\":\"WebSite\",\"@id\":\"https:\/\/redoma.com.br\/corporativo\/#website\",\"url\":\"https:\/\/redoma.com.br\/corporativo\/\",\"name\":\"Redoma - Brindes Corporativos\",\"description\":\"Produzimos Agenda Personalizada, Calend\u00e1rio Financeiro, Planner Personalizado, Caderno Personalizado, Caderneta personalizada e mais\",\"potentialAction\":[{\"@type\":\"SearchAction\",\"target\":{\"@type\":\"EntryPoint\",\"urlTemplate\":\"https:\/\/redoma.com.br\/corporativo\/?s={search_term_string}\"},\"query-input\":{\"@type\":\"PropertyValueSpecification\",\"valueRequired\":true,\"valueName\":\"search_term_string\"}}],\"inLanguage\":\"pt-BR\"}]}<\/script>\n<!-- \/ Yoast SEO plugin. -->","yoast_head_json":{"title":"BRINDES CADERNOS E AGENDAS - Redoma - Brindes Corporativos","robots":{"index":"index","follow":"follow","max-snippet":"max-snippet:-1","max-image-preview":"max-image-preview:large","max-video-preview":"max-video-preview:-1"},"canonical":"https:\/\/redoma.com.br\/corporativo\/informacoes\/cadernos\/brindes-cadernos-e-agendas\/","og_locale":"pt_BR","og_type":"article","og_title":"BRINDES CADERNOS E AGENDAS - Redoma - Brindes Corporativos","og_description":"[vc_row][vc_column][vc_column_text] FA\u00c7A BRINDES CADERNOS E AGENDAS COM A REDOMA As compras de\u00a0brindes\u00a0cadernos\u00a0e agendas\u00a0s\u00e3o muito populares entre clientes de todos os tipos. Adquirir esses produtos \u00e9 comum para empresas, escrit\u00f3rios, bibliotecas e tamb\u00e9m para o dia a dia da popula\u00e7\u00e3o em geral. Brindes cadernos e agendas tamb\u00e9m aparecem bastante em listas escolares, al\u00e9m de serem usados&hellip;","og_url":"https:\/\/redoma.com.br\/corporativo\/informacoes\/cadernos\/brindes-cadernos-e-agendas\/","og_site_name":"Redoma - Brindes Corporativos","article_modified_time":"2021-05-06T01:02:34+00:00","og_image":[{"width":480,"height":480,"url":"https:\/\/redoma.com.br\/corporativo\/wp-content\/uploads\/2021\/05\/brindes_cadernos_e_agendas_01.jpg","type":"image\/jpeg"}],"twitter_card":"summary_large_image","twitter_misc":{"Est. tempo de leitura":"2 minutos"},"schema":{"@context":"https:\/\/schema.org","@graph":[{"@type":"WebPage","@id":"https:\/\/redoma.com.br\/corporativo\/informacoes\/cadernos\/brindes-cadernos-e-agendas\/","url":"https:\/\/redoma.com.br\/corporativo\/informacoes\/cadernos\/brindes-cadernos-e-agendas\/","name":"BRINDES CADERNOS E AGENDAS - Redoma - Brindes Corporativos","isPartOf":{"@id":"https:\/\/redoma.com.br\/corporativo\/#website"},"primaryImageOfPage":{"@id":"https:\/\/redoma.com.br\/corporativo\/informacoes\/cadernos\/brindes-cadernos-e-agendas\/#primaryimage"},"image":{"@id":"https:\/\/redoma.com.br\/corporativo\/informacoes\/cadernos\/brindes-cadernos-e-agendas\/#primaryimage"},"thumbnailUrl":"https:\/\/redoma.com.br\/corporativo\/wp-content\/uploads\/2021\/05\/brindes_cadernos_e_agendas_01.jpg","datePublished":"2021-05-06T00:56:44+00:00","dateModified":"2021-05-06T01:02:34+00:00","breadcrumb":{"@id":"https:\/\/redoma.com.br\/corporativo\/informacoes\/cadernos\/brindes-cadernos-e-agendas\/#breadcrumb"},"inLanguage":"pt-BR","potentialAction":[{"@type":"ReadAction","target":["https:\/\/redoma.com.br\/corporativo\/informacoes\/cadernos\/brindes-cadernos-e-agendas\/"]}]},{"@type":"ImageObject","inLanguage":"pt-BR","@id":"https:\/\/redoma.com.br\/corporativo\/informacoes\/cadernos\/brindes-cadernos-e-agendas\/#primaryimage","url":"https:\/\/redoma.com.br\/corporativo\/wp-content\/uploads\/2021\/05\/brindes_cadernos_e_agendas_01.jpg","contentUrl":"https:\/\/redoma.com.br\/corporativo\/wp-content\/uploads\/2021\/05\/brindes_cadernos_e_agendas_01.jpg","width":480,"height":480},{"@type":"BreadcrumbList","@id":"https:\/\/redoma.com.br\/corporativo\/informacoes\/cadernos\/brindes-cadernos-e-agendas\/#breadcrumb","itemListElement":[{"@type":"ListItem","position":1,"name":"In\u00edcio","item":"https:\/\/redoma.com.br\/corporativo\/"},{"@type":"ListItem","position":2,"name":"Informa\u00e7\u00f5es","item":"https:\/\/redoma.com.br\/corporativo\/informacoes\/"},{"@type":"ListItem","position":3,"name":"Cadernos","item":"https:\/\/redoma.com.br\/corporativo\/informacoes\/cadernos\/"},{"@type":"ListItem","position":4,"name":"BRINDES CADERNOS E AGENDAS"}]},{"@type":"WebSite","@id":"https:\/\/redoma.com.br\/corporativo\/#website","url":"https:\/\/redoma.com.br\/corporativo\/","name":"Redoma - Brindes Corporativos","description":"Produzimos Agenda Personalizada, Calend\u00e1rio Financeiro, Planner Personalizado, Caderno Personalizado, Caderneta personalizada e mais","potentialAction":[{"@type":"SearchAction","target":{"@type":"EntryPoint","urlTemplate":"https:\/\/redoma.com.br\/corporativo\/?s={search_term_string}"},"query-input":{"@type":"PropertyValueSpecification","valueRequired":true,"valueName":"search_term_string"}}],"inLanguage":"pt-BR"}]}},"_links":{"self":[{"href":"https:\/\/redoma.com.br\/corporativo\/wp-json\/wp\/v2\/pages\/1890","targetHints":{"allow":["GET"]}}],"collection":[{"href":"https:\/\/redoma.com.br\/corporativo\/wp-json\/wp\/v2\/pages"}],"about":[{"href":"https:\/\/redoma.com.br\/corporativo\/wp-json\/wp\/v2\/types\/page"}],"author":[{"embeddable":true,"href":"https:\/\/redoma.com.br\/corporativo\/wp-json\/wp\/v2\/users\/1"}],"replies":[{"embeddable":true,"href":"https:\/\/redoma.com.br\/corporativo\/wp-json\/wp\/v2\/comments?post=1890"}],"version-history":[{"count":1,"href":"https:\/\/redoma.com.br\/corporativo\/wp-json\/wp\/v2\/pages\/1890\/revisions"}],"predecessor-version":[{"id":1894,"href":"https:\/\/redoma.com.br\/corporativo\/wp-json\/wp\/v2\/pages\/1890\/revisions\/1894"}],"up":[{"embeddable":true,"href":"https:\/\/redoma.com.br\/corporativo\/wp-json\/wp\/v2\/pages\/1874"}],"wp:featuredmedia":[{"embeddable":true,"href":"https:\/\/redoma.com.br\/corporativo\/wp-json\/wp\/v2\/media\/1893"}],"wp:attachment":[{"href":"https:\/\/redoma.com.br\/corporativo\/wp-json\/wp\/v2\/media?parent=1890"}],"curies":[{"name":"wp","href":"https:\/\/api.w.org\/{rel}","templated":true}]}}