
{"id":1830,"date":"2021-05-05T19:40:29","date_gmt":"2021-05-05T22:40:29","guid":{"rendered":"https:\/\/novo.redoma.com.br\/?page_id=1830"},"modified":"2021-05-05T19:40:29","modified_gmt":"2021-05-05T22:40:29","slug":"grafica-de-agendas-personalizadas","status":"publish","type":"page","link":"https:\/\/redoma.com.br\/corporativo\/informacoes\/agendas\/grafica-de-agendas-personalizadas\/","title":{"rendered":"GR\u00c1FICA DE AGENDAS PERSONALIZADAS"},"content":{"rendered":"<div class=\"wpb-content-wrapper\"><p>[vc_row][vc_column][vc_column_text]<\/p>\n<h2>FA\u00c7A CONTATO COM A GR\u00c1FICA DE AGENDAS PERSONALIZADAS<\/h2>\n<p>A\u00a0gr\u00e1fica de agendas personalizadas\u00a0\u00e9 um tipo de empresa fundamental dentro do mercado gr\u00e1fico nacional. Ela se responsabiliza pela cria\u00e7\u00e3o de agendas e outros itens de papelaria que possam servir para estrat\u00e9gias de organiza\u00e7\u00e3o pessoal, venda no varejo e brindes corporativos.<\/p>\n<p>Dessa forma, a\u00a0gr\u00e1fica de agendas personalizadas\u00a0precisa ser moderna, inovadora e diferenciada, a fim de manter a qualidade de todos os produtos confeccionados. A escolha de uma gr\u00e1fica que atenda aos seus objetivos do cliente \u00e9 essencial para obter sucesso na cria\u00e7\u00e3o de uma agenda personalizada. Saiba mais!<\/p>\n<h2>COMO OPTAR PELA MELHOR GR\u00c1FICA DE AGENDAS PERSONALIZADAS?<\/h2>\n<p>Ao consultar uma\u00a0gr\u00e1fica de agendas personalizadas, \u00e9 de suma import\u00e2ncia a an\u00e1lise de seus cat\u00e1logos de produtos, onde ser\u00e1 poss\u00edvel conhecer a qualidade do servi\u00e7o, as cores, variedades de estilos e, principalmente, os materiais usados pela empresa na confec\u00e7\u00e3o de agendas personalizadas.<\/p>\n<h2>COMO CRIAR AGENDAS PERSONALIZADAS DE ACORDO COM O SEU OBJETIVO?<\/h2>\n<p>Ap\u00f3s a escolha de uma\u00a0gr\u00e1fica de agendas personalizadas, \u00e9 fundamental especificar qual \u00e9 a finalidade da agenda. Normalmente, as agendas personalizadas t\u00eam dois objetivos:<\/p>\n<ul class=\"list\">\n<li>Uso nas atividades de escrit\u00f3rio:\u00a0essas agendas s\u00e3o ideais para a organiza\u00e7\u00e3o di\u00e1ria de compromissos, reuni\u00f5es e atividades corporativas. A escolha do design \u00e9 livre e depende unicamente do gosto do cliente. A\u00a0gr\u00e1fica de agendas personalizadas, nesse caso, j\u00e1 possui em seus cat\u00e1logos agendas personalizadas divididas por categorias, como agendas femininas e masculinas, por exemplo.<\/li>\n<li>Brinde corporativo:\u00a0nesse caso, as agendas personalizadas devem seguir os padr\u00f5es da marca. A\u00a0gr\u00e1fica de agendas personalizadas\u00a0ir\u00e1 auxiliar o cliente na defini\u00e7\u00e3o do design da agenda, como colocar as propostas de identidade visual da marca e, o mais importante, como fazer a exposi\u00e7\u00e3o da logomarca.<\/li>\n<\/ul>\n<h2>REDOMA: REFER\u00caNCIA DE QUALIDADE EM GR\u00c1FICA DE AGENDAS PERSONALIZADAS<\/h2>\n<p>A Redoma \u00e9 uma refer\u00eancia no mercado gr\u00e1fico, com cat\u00e1logos espec\u00edficos de produtos 100% nacionais. Al\u00e9m de ser uma\u00a0gr\u00e1fica de agendas personalizadas, ela tamb\u00e9m oferece diversos outros produtos em seu portf\u00f3lio.<\/p>\n<p>A Redoma est\u00e1 no mercado h\u00e1 mais de 40 anos, trabalhando com produtos de alto padr\u00e3o e com materiais que preservam o meio ambiente. O principal objetivo da Redoma \u00e9 garantir ao cliente o sucesso de seu produto. Por isso, a gr\u00e1fica atua com muita criatividade, equipe altamente qualificada e uma vasta \u00e1rea para confec\u00e7\u00e3o e entrega dos pedidos no prazo correto.<\/p>\n<p>Consulte os cat\u00e1logos da Redoma e entre em contato com a gr\u00e1fica por meio dos canais de comunica\u00e7\u00e3o com o cliente. Solicite um or\u00e7amento de agendas personalizadas!<\/p>\n<h2>PARA SABER MAIS SOBRE GR\u00c1FICA DE AGENDAS PERSONALIZADAS<\/h2>\n<p>Ligue para\u00a011 4448-7300\u00a0ou mande e-mail para:\u00a0atendimento@redoma.com.br[\/vc_column_text][\/vc_column][\/vc_row][vc_row][vc_column][vc_media_grid grid_id=&#8221;vc_gid:1620254383964-fa3747dd-fd70-1&#8243; include=&#8221;1787,1831,1777&#8243;][\/vc_column][\/vc_row]<\/p>\n<\/div>","protected":false},"excerpt":{"rendered":"<p>[vc_row][vc_column][vc_column_text] FA\u00c7A CONTATO COM A GR\u00c1FICA DE AGENDAS PERSONALIZADAS A\u00a0gr\u00e1fica de agendas personalizadas\u00a0\u00e9 um tipo de empresa fundamental dentro do mercado gr\u00e1fico nacional. Ela se responsabiliza pela cria\u00e7\u00e3o de agendas e outros itens de papelaria que possam servir para estrat\u00e9gias de organiza\u00e7\u00e3o pessoal, venda no varejo e brindes corporativos. Dessa forma, a\u00a0gr\u00e1fica de agendas personalizadas\u00a0precisa&hellip;<\/p>\n","protected":false},"author":1,"featured_media":1787,"parent":1776,"menu_order":0,"comment_status":"closed","ping_status":"closed","template":"","meta":{"footnotes":""},"class_list":["post-1830","page","type-page","status-publish","has-post-thumbnail","hentry","description-off"],"yoast_head":"<!-- This site is optimized with the Yoast SEO plugin v26.8 - https:\/\/yoast.com\/product\/yoast-seo-wordpress\/ -->\n<title>GR\u00c1FICA DE AGENDAS PERSONALIZADAS - Redoma - Brindes Corporativos<\/title>\n<meta name=\"robots\" content=\"index, follow, max-snippet:-1, max-image-preview:large, max-video-preview:-1\" \/>\n<link rel=\"canonical\" href=\"https:\/\/redoma.com.br\/corporativo\/informacoes\/agendas\/grafica-de-agendas-personalizadas\/\" \/>\n<meta property=\"og:locale\" content=\"pt_BR\" \/>\n<meta property=\"og:type\" content=\"article\" \/>\n<meta property=\"og:title\" content=\"GR\u00c1FICA DE AGENDAS PERSONALIZADAS - Redoma - Brindes Corporativos\" \/>\n<meta property=\"og:description\" content=\"[vc_row][vc_column][vc_column_text] FA\u00c7A CONTATO COM A GR\u00c1FICA DE AGENDAS PERSONALIZADAS A\u00a0gr\u00e1fica de agendas personalizadas\u00a0\u00e9 um tipo de empresa fundamental dentro do mercado gr\u00e1fico nacional. Ela se responsabiliza pela cria\u00e7\u00e3o de agendas e outros itens de papelaria que possam servir para estrat\u00e9gias de organiza\u00e7\u00e3o pessoal, venda no varejo e brindes corporativos. Dessa forma, a\u00a0gr\u00e1fica de agendas personalizadas\u00a0precisa&hellip;\" \/>\n<meta property=\"og:url\" content=\"https:\/\/redoma.com.br\/corporativo\/informacoes\/agendas\/grafica-de-agendas-personalizadas\/\" \/>\n<meta property=\"og:site_name\" content=\"Redoma - Brindes Corporativos\" \/>\n<meta property=\"og:image\" content=\"https:\/\/redoma.com.br\/corporativo\/wp-content\/uploads\/2021\/05\/agenda_corporativa_personalizada_01.jpg\" \/>\n\t<meta property=\"og:image:width\" content=\"480\" \/>\n\t<meta property=\"og:image:height\" content=\"480\" \/>\n\t<meta property=\"og:image:type\" content=\"image\/jpeg\" \/>\n<meta name=\"twitter:card\" content=\"summary_large_image\" \/>\n<meta name=\"twitter:label1\" content=\"Est. tempo de leitura\" \/>\n\t<meta name=\"twitter:data1\" content=\"3 minutos\" \/>\n<script type=\"application\/ld+json\" class=\"yoast-schema-graph\">{\"@context\":\"https:\/\/schema.org\",\"@graph\":[{\"@type\":\"WebPage\",\"@id\":\"https:\/\/redoma.com.br\/corporativo\/informacoes\/agendas\/grafica-de-agendas-personalizadas\/\",\"url\":\"https:\/\/redoma.com.br\/corporativo\/informacoes\/agendas\/grafica-de-agendas-personalizadas\/\",\"name\":\"GR\u00c1FICA DE AGENDAS PERSONALIZADAS - Redoma - Brindes Corporativos\",\"isPartOf\":{\"@id\":\"https:\/\/redoma.com.br\/corporativo\/#website\"},\"primaryImageOfPage\":{\"@id\":\"https:\/\/redoma.com.br\/corporativo\/informacoes\/agendas\/grafica-de-agendas-personalizadas\/#primaryimage\"},\"image\":{\"@id\":\"https:\/\/redoma.com.br\/corporativo\/informacoes\/agendas\/grafica-de-agendas-personalizadas\/#primaryimage\"},\"thumbnailUrl\":\"https:\/\/redoma.com.br\/corporativo\/wp-content\/uploads\/2021\/05\/agenda_corporativa_personalizada_01.jpg\",\"datePublished\":\"2021-05-05T22:40:29+00:00\",\"breadcrumb\":{\"@id\":\"https:\/\/redoma.com.br\/corporativo\/informacoes\/agendas\/grafica-de-agendas-personalizadas\/#breadcrumb\"},\"inLanguage\":\"pt-BR\",\"potentialAction\":[{\"@type\":\"ReadAction\",\"target\":[\"https:\/\/redoma.com.br\/corporativo\/informacoes\/agendas\/grafica-de-agendas-personalizadas\/\"]}]},{\"@type\":\"ImageObject\",\"inLanguage\":\"pt-BR\",\"@id\":\"https:\/\/redoma.com.br\/corporativo\/informacoes\/agendas\/grafica-de-agendas-personalizadas\/#primaryimage\",\"url\":\"https:\/\/redoma.com.br\/corporativo\/wp-content\/uploads\/2021\/05\/agenda_corporativa_personalizada_01.jpg\",\"contentUrl\":\"https:\/\/redoma.com.br\/corporativo\/wp-content\/uploads\/2021\/05\/agenda_corporativa_personalizada_01.jpg\",\"width\":480,\"height\":480},{\"@type\":\"BreadcrumbList\",\"@id\":\"https:\/\/redoma.com.br\/corporativo\/informacoes\/agendas\/grafica-de-agendas-personalizadas\/#breadcrumb\",\"itemListElement\":[{\"@type\":\"ListItem\",\"position\":1,\"name\":\"In\u00edcio\",\"item\":\"https:\/\/redoma.com.br\/corporativo\/\"},{\"@type\":\"ListItem\",\"position\":2,\"name\":\"Informa\u00e7\u00f5es\",\"item\":\"https:\/\/redoma.com.br\/corporativo\/informacoes\/\"},{\"@type\":\"ListItem\",\"position\":3,\"name\":\"Agendas\",\"item\":\"https:\/\/redoma.com.br\/corporativo\/informacoes\/agendas\/\"},{\"@type\":\"ListItem\",\"position\":4,\"name\":\"GR\u00c1FICA DE AGENDAS PERSONALIZADAS\"}]},{\"@type\":\"WebSite\",\"@id\":\"https:\/\/redoma.com.br\/corporativo\/#website\",\"url\":\"https:\/\/redoma.com.br\/corporativo\/\",\"name\":\"Redoma - Brindes Corporativos\",\"description\":\"Produzimos Agenda Personalizada, Calend\u00e1rio Financeiro, Planner Personalizado, Caderno Personalizado, Caderneta personalizada e mais\",\"potentialAction\":[{\"@type\":\"SearchAction\",\"target\":{\"@type\":\"EntryPoint\",\"urlTemplate\":\"https:\/\/redoma.com.br\/corporativo\/?s={search_term_string}\"},\"query-input\":{\"@type\":\"PropertyValueSpecification\",\"valueRequired\":true,\"valueName\":\"search_term_string\"}}],\"inLanguage\":\"pt-BR\"}]}<\/script>\n<!-- \/ Yoast SEO plugin. -->","yoast_head_json":{"title":"GR\u00c1FICA DE AGENDAS PERSONALIZADAS - Redoma - Brindes Corporativos","robots":{"index":"index","follow":"follow","max-snippet":"max-snippet:-1","max-image-preview":"max-image-preview:large","max-video-preview":"max-video-preview:-1"},"canonical":"https:\/\/redoma.com.br\/corporativo\/informacoes\/agendas\/grafica-de-agendas-personalizadas\/","og_locale":"pt_BR","og_type":"article","og_title":"GR\u00c1FICA DE AGENDAS PERSONALIZADAS - Redoma - Brindes Corporativos","og_description":"[vc_row][vc_column][vc_column_text] FA\u00c7A CONTATO COM A GR\u00c1FICA DE AGENDAS PERSONALIZADAS A\u00a0gr\u00e1fica de agendas personalizadas\u00a0\u00e9 um tipo de empresa fundamental dentro do mercado gr\u00e1fico nacional. Ela se responsabiliza pela cria\u00e7\u00e3o de agendas e outros itens de papelaria que possam servir para estrat\u00e9gias de organiza\u00e7\u00e3o pessoal, venda no varejo e brindes corporativos. Dessa forma, a\u00a0gr\u00e1fica de agendas personalizadas\u00a0precisa&hellip;","og_url":"https:\/\/redoma.com.br\/corporativo\/informacoes\/agendas\/grafica-de-agendas-personalizadas\/","og_site_name":"Redoma - Brindes Corporativos","og_image":[{"width":480,"height":480,"url":"https:\/\/redoma.com.br\/corporativo\/wp-content\/uploads\/2021\/05\/agenda_corporativa_personalizada_01.jpg","type":"image\/jpeg"}],"twitter_card":"summary_large_image","twitter_misc":{"Est. tempo de leitura":"3 minutos"},"schema":{"@context":"https:\/\/schema.org","@graph":[{"@type":"WebPage","@id":"https:\/\/redoma.com.br\/corporativo\/informacoes\/agendas\/grafica-de-agendas-personalizadas\/","url":"https:\/\/redoma.com.br\/corporativo\/informacoes\/agendas\/grafica-de-agendas-personalizadas\/","name":"GR\u00c1FICA DE AGENDAS PERSONALIZADAS - Redoma - Brindes Corporativos","isPartOf":{"@id":"https:\/\/redoma.com.br\/corporativo\/#website"},"primaryImageOfPage":{"@id":"https:\/\/redoma.com.br\/corporativo\/informacoes\/agendas\/grafica-de-agendas-personalizadas\/#primaryimage"},"image":{"@id":"https:\/\/redoma.com.br\/corporativo\/informacoes\/agendas\/grafica-de-agendas-personalizadas\/#primaryimage"},"thumbnailUrl":"https:\/\/redoma.com.br\/corporativo\/wp-content\/uploads\/2021\/05\/agenda_corporativa_personalizada_01.jpg","datePublished":"2021-05-05T22:40:29+00:00","breadcrumb":{"@id":"https:\/\/redoma.com.br\/corporativo\/informacoes\/agendas\/grafica-de-agendas-personalizadas\/#breadcrumb"},"inLanguage":"pt-BR","potentialAction":[{"@type":"ReadAction","target":["https:\/\/redoma.com.br\/corporativo\/informacoes\/agendas\/grafica-de-agendas-personalizadas\/"]}]},{"@type":"ImageObject","inLanguage":"pt-BR","@id":"https:\/\/redoma.com.br\/corporativo\/informacoes\/agendas\/grafica-de-agendas-personalizadas\/#primaryimage","url":"https:\/\/redoma.com.br\/corporativo\/wp-content\/uploads\/2021\/05\/agenda_corporativa_personalizada_01.jpg","contentUrl":"https:\/\/redoma.com.br\/corporativo\/wp-content\/uploads\/2021\/05\/agenda_corporativa_personalizada_01.jpg","width":480,"height":480},{"@type":"BreadcrumbList","@id":"https:\/\/redoma.com.br\/corporativo\/informacoes\/agendas\/grafica-de-agendas-personalizadas\/#breadcrumb","itemListElement":[{"@type":"ListItem","position":1,"name":"In\u00edcio","item":"https:\/\/redoma.com.br\/corporativo\/"},{"@type":"ListItem","position":2,"name":"Informa\u00e7\u00f5es","item":"https:\/\/redoma.com.br\/corporativo\/informacoes\/"},{"@type":"ListItem","position":3,"name":"Agendas","item":"https:\/\/redoma.com.br\/corporativo\/informacoes\/agendas\/"},{"@type":"ListItem","position":4,"name":"GR\u00c1FICA DE AGENDAS PERSONALIZADAS"}]},{"@type":"WebSite","@id":"https:\/\/redoma.com.br\/corporativo\/#website","url":"https:\/\/redoma.com.br\/corporativo\/","name":"Redoma - Brindes Corporativos","description":"Produzimos Agenda Personalizada, Calend\u00e1rio Financeiro, Planner Personalizado, Caderno Personalizado, Caderneta personalizada e mais","potentialAction":[{"@type":"SearchAction","target":{"@type":"EntryPoint","urlTemplate":"https:\/\/redoma.com.br\/corporativo\/?s={search_term_string}"},"query-input":{"@type":"PropertyValueSpecification","valueRequired":true,"valueName":"search_term_string"}}],"inLanguage":"pt-BR"}]}},"_links":{"self":[{"href":"https:\/\/redoma.com.br\/corporativo\/wp-json\/wp\/v2\/pages\/1830","targetHints":{"allow":["GET"]}}],"collection":[{"href":"https:\/\/redoma.com.br\/corporativo\/wp-json\/wp\/v2\/pages"}],"about":[{"href":"https:\/\/redoma.com.br\/corporativo\/wp-json\/wp\/v2\/types\/page"}],"author":[{"embeddable":true,"href":"https:\/\/redoma.com.br\/corporativo\/wp-json\/wp\/v2\/users\/1"}],"replies":[{"embeddable":true,"href":"https:\/\/redoma.com.br\/corporativo\/wp-json\/wp\/v2\/comments?post=1830"}],"version-history":[{"count":1,"href":"https:\/\/redoma.com.br\/corporativo\/wp-json\/wp\/v2\/pages\/1830\/revisions"}],"predecessor-version":[{"id":1832,"href":"https:\/\/redoma.com.br\/corporativo\/wp-json\/wp\/v2\/pages\/1830\/revisions\/1832"}],"up":[{"embeddable":true,"href":"https:\/\/redoma.com.br\/corporativo\/wp-json\/wp\/v2\/pages\/1776"}],"wp:featuredmedia":[{"embeddable":true,"href":"https:\/\/redoma.com.br\/corporativo\/wp-json\/wp\/v2\/media\/1787"}],"wp:attachment":[{"href":"https:\/\/redoma.com.br\/corporativo\/wp-json\/wp\/v2\/media?parent=1830"}],"curies":[{"name":"wp","href":"https:\/\/api.w.org\/{rel}","templated":true}]}}