
{"id":1828,"date":"2021-05-05T19:38:52","date_gmt":"2021-05-05T22:38:52","guid":{"rendered":"https:\/\/novo.redoma.com.br\/?page_id=1828"},"modified":"2021-05-05T19:38:52","modified_gmt":"2021-05-05T22:38:52","slug":"fornecedores-de-agendas-personalizadas","status":"publish","type":"page","link":"https:\/\/redoma.com.br\/corporativo\/informacoes\/agendas\/fornecedores-de-agendas-personalizadas\/","title":{"rendered":"FORNECEDORES DE AGENDAS PERSONALIZADAS"},"content":{"rendered":"<div class=\"wpb-content-wrapper\"><p>[vc_row][vc_column][vc_column_text]<\/p>\n<h2>ENCONTRE FORNECEDORES DE AGENDAS PERSONALIZADAS<\/h2>\n<p>Os\u00a0fornecedores de agendas personalizadas\u00a0s\u00e3o respons\u00e1veis pela cria\u00e7\u00e3o de agendas que atendam diretamente \u00e0 necessidade do cliente. As agendas personalizadas podem ser uma forma de organiza\u00e7\u00e3o pessoal, mas tamb\u00e9m costumam ser usadas como brindes corporativos, uma vez que a logomarca da empresa pode ser estampada no produto, contribuindo para que ela seja promovida espontaneamente e fixada entre clientes ou mesmo funcion\u00e1rios.<\/p>\n<p>Os\u00a0fornecedores de agendas personalizadas\u00a0s\u00e3o gr\u00e1ficas especializadas em produtos de papelarias e organiza\u00e7\u00e3o pessoal. Normalmente, estas empresas oferecem ao mercado itens produzidos com papel de alta qualidade e proveniente de madeira de reflorestamento.<\/p>\n<h2>COMO REALIZAR UM OR\u00c7AMENTO COM FORNECEDORES DE AGENDAS PERSONALIZADAS?<\/h2>\n<p>Ao contatar os\u00a0fornecedores de agendas personalizadas, \u00e9 preciso ter em mente qual ser\u00e1 o objetivo da agenda. Comumente, o processo criativo de agendas personalizadas se d\u00e1 da seguinte forma:<\/p>\n<ul class=\"list\">\n<li>Agendas personalizadas para fim de organiza\u00e7\u00e3o pessoal: o or\u00e7amento com\u00a0fornecedores de agendas personalizadas\u00a0que servir\u00e3o para fazer parte do dia a dia de uma empresa ou do consumidor final, pode contemplar produtos padronizados, que fa\u00e7am parte das cole\u00e7\u00f5es lan\u00e7adas pela pr\u00f3pria gr\u00e1fica. Essas agendas t\u00eam design inovador e cores, imagens, folhas e marca\u00e7\u00f5es qualificadas.<\/li>\n<li>Agendas personalizadas para brindes corporativos: nessa op\u00e7\u00e3o, os\u00a0fornecedores de agendas personalizadas\u00a0ir\u00e3o atuar de maneira mais exclusiva, a fim de criar um produto totalmente customizado para a promo\u00e7\u00e3o e fixa\u00e7\u00e3o de uma marca espec\u00edfica. Portanto, ser\u00e1 necess\u00e1rio contemplar o uso da logomarca, de cores que se relacionem com a empresa e um design adequado \u00e0 proposta do cliente.<\/li>\n<\/ul>\n<h2>COMO ESCOLHER OS MELHORES FORNECEDORES DE AGENDAS PERSONALIZADAS?<\/h2>\n<p>A escolha de\u00a0fornecedores de agendas personalizadas\u00a0deve atender ao objetivo da empresa que busca as agendas. Dessa forma, \u00e9 importante contar com fornecedores que possuam um grande cat\u00e1logo para consulta, variedades de cores e estilos de agendas, al\u00e9m de responsabilidade e criatividade para o desenvolvimento de agendas personalizadas.<\/p>\n<h2>CONVERSE COM A EQUIPE DA GR\u00c1FICA REDOMA!<\/h2>\n<p>A gr\u00e1fica Redoma se encontra no mercado h\u00e1 mais de 40 anos e possui experi\u00eancia e excel\u00eancia em produtos de papelaria e brindes corporativos. A Redoma possui cat\u00e1logos para a consulta dos clientes, que oferecem grande variedade de modelos, cores e estilos para compor projetos de agendas personalizadas.<\/p>\n<p>A gr\u00e1fica conta com uma equipe de designers especializados e criativos, tudo para que os produtos possam se destacar no mercado. Al\u00e9m disso, a Redoma \u00e9 uma gr\u00e1fica comprometida com o meio ambiente, pois todo o processo de escolha e descarte de materiais \u00e9 ecologicamente correto.<\/p>\n<p>Entre em contato com os melhores\u00a0fornecedores de agendas personalizadas! A gr\u00e1fica Redoma est\u00e1 \u00e0 sua disposi\u00e7\u00e3o. Fa\u00e7a um or\u00e7amento de seus produtos sem compromisso!<\/p>\n<h2>PARA SABER MAIS SOBRE FORNECEDORES DE AGENDAS PERSONALIZADAS<\/h2>\n<p>Ligue para\u00a011 4448-7300\u00a0ou mande e-mail para:\u00a0atendimento@redoma.com.br[\/vc_column_text][\/vc_column][\/vc_row][vc_row][vc_column][vc_media_grid grid_id=&#8221;vc_gid:1620254315478-e9de310d-c33e-3&#8243; include=&#8221;1809,1777,1798&#8243;][\/vc_column][\/vc_row]<\/p>\n<\/div>","protected":false},"excerpt":{"rendered":"<p>[vc_row][vc_column][vc_column_text] ENCONTRE FORNECEDORES DE AGENDAS PERSONALIZADAS Os\u00a0fornecedores de agendas personalizadas\u00a0s\u00e3o respons\u00e1veis pela cria\u00e7\u00e3o de agendas que atendam diretamente \u00e0 necessidade do cliente. As agendas personalizadas podem ser uma forma de organiza\u00e7\u00e3o pessoal, mas tamb\u00e9m costumam ser usadas como brindes corporativos, uma vez que a logomarca da empresa pode ser estampada no produto, contribuindo para que&hellip;<\/p>\n","protected":false},"author":1,"featured_media":1809,"parent":1776,"menu_order":0,"comment_status":"closed","ping_status":"closed","template":"","meta":{"footnotes":""},"class_list":["post-1828","page","type-page","status-publish","has-post-thumbnail","hentry","description-off"],"yoast_head":"<!-- This site is optimized with the Yoast SEO plugin v26.8 - https:\/\/yoast.com\/product\/yoast-seo-wordpress\/ -->\n<title>FORNECEDORES DE AGENDAS PERSONALIZADAS - Redoma - Brindes Corporativos<\/title>\n<meta name=\"robots\" content=\"index, follow, max-snippet:-1, max-image-preview:large, max-video-preview:-1\" \/>\n<link rel=\"canonical\" href=\"https:\/\/redoma.com.br\/corporativo\/informacoes\/agendas\/fornecedores-de-agendas-personalizadas\/\" \/>\n<meta property=\"og:locale\" content=\"pt_BR\" \/>\n<meta property=\"og:type\" content=\"article\" \/>\n<meta property=\"og:title\" content=\"FORNECEDORES DE AGENDAS PERSONALIZADAS - Redoma - Brindes Corporativos\" \/>\n<meta property=\"og:description\" content=\"[vc_row][vc_column][vc_column_text] ENCONTRE FORNECEDORES DE AGENDAS PERSONALIZADAS Os\u00a0fornecedores de agendas personalizadas\u00a0s\u00e3o respons\u00e1veis pela cria\u00e7\u00e3o de agendas que atendam diretamente \u00e0 necessidade do cliente. As agendas personalizadas podem ser uma forma de organiza\u00e7\u00e3o pessoal, mas tamb\u00e9m costumam ser usadas como brindes corporativos, uma vez que a logomarca da empresa pode ser estampada no produto, contribuindo para que&hellip;\" \/>\n<meta property=\"og:url\" content=\"https:\/\/redoma.com.br\/corporativo\/informacoes\/agendas\/fornecedores-de-agendas-personalizadas\/\" \/>\n<meta property=\"og:site_name\" content=\"Redoma - Brindes Corporativos\" \/>\n<meta property=\"og:image\" content=\"https:\/\/redoma.com.br\/corporativo\/wp-content\/uploads\/2021\/05\/agenda_semanal_personalizada_01.jpg\" \/>\n\t<meta property=\"og:image:width\" content=\"480\" \/>\n\t<meta property=\"og:image:height\" content=\"480\" \/>\n\t<meta property=\"og:image:type\" content=\"image\/jpeg\" \/>\n<meta name=\"twitter:card\" content=\"summary_large_image\" \/>\n<meta name=\"twitter:label1\" content=\"Est. tempo de leitura\" \/>\n\t<meta name=\"twitter:data1\" content=\"3 minutos\" \/>\n<script type=\"application\/ld+json\" class=\"yoast-schema-graph\">{\"@context\":\"https:\/\/schema.org\",\"@graph\":[{\"@type\":\"WebPage\",\"@id\":\"https:\/\/redoma.com.br\/corporativo\/informacoes\/agendas\/fornecedores-de-agendas-personalizadas\/\",\"url\":\"https:\/\/redoma.com.br\/corporativo\/informacoes\/agendas\/fornecedores-de-agendas-personalizadas\/\",\"name\":\"FORNECEDORES DE AGENDAS PERSONALIZADAS - Redoma - Brindes Corporativos\",\"isPartOf\":{\"@id\":\"https:\/\/redoma.com.br\/corporativo\/#website\"},\"primaryImageOfPage\":{\"@id\":\"https:\/\/redoma.com.br\/corporativo\/informacoes\/agendas\/fornecedores-de-agendas-personalizadas\/#primaryimage\"},\"image\":{\"@id\":\"https:\/\/redoma.com.br\/corporativo\/informacoes\/agendas\/fornecedores-de-agendas-personalizadas\/#primaryimage\"},\"thumbnailUrl\":\"https:\/\/redoma.com.br\/corporativo\/wp-content\/uploads\/2021\/05\/agenda_semanal_personalizada_01.jpg\",\"datePublished\":\"2021-05-05T22:38:52+00:00\",\"breadcrumb\":{\"@id\":\"https:\/\/redoma.com.br\/corporativo\/informacoes\/agendas\/fornecedores-de-agendas-personalizadas\/#breadcrumb\"},\"inLanguage\":\"pt-BR\",\"potentialAction\":[{\"@type\":\"ReadAction\",\"target\":[\"https:\/\/redoma.com.br\/corporativo\/informacoes\/agendas\/fornecedores-de-agendas-personalizadas\/\"]}]},{\"@type\":\"ImageObject\",\"inLanguage\":\"pt-BR\",\"@id\":\"https:\/\/redoma.com.br\/corporativo\/informacoes\/agendas\/fornecedores-de-agendas-personalizadas\/#primaryimage\",\"url\":\"https:\/\/redoma.com.br\/corporativo\/wp-content\/uploads\/2021\/05\/agenda_semanal_personalizada_01.jpg\",\"contentUrl\":\"https:\/\/redoma.com.br\/corporativo\/wp-content\/uploads\/2021\/05\/agenda_semanal_personalizada_01.jpg\",\"width\":480,\"height\":480},{\"@type\":\"BreadcrumbList\",\"@id\":\"https:\/\/redoma.com.br\/corporativo\/informacoes\/agendas\/fornecedores-de-agendas-personalizadas\/#breadcrumb\",\"itemListElement\":[{\"@type\":\"ListItem\",\"position\":1,\"name\":\"In\u00edcio\",\"item\":\"https:\/\/redoma.com.br\/corporativo\/\"},{\"@type\":\"ListItem\",\"position\":2,\"name\":\"Informa\u00e7\u00f5es\",\"item\":\"https:\/\/redoma.com.br\/corporativo\/informacoes\/\"},{\"@type\":\"ListItem\",\"position\":3,\"name\":\"Agendas\",\"item\":\"https:\/\/redoma.com.br\/corporativo\/informacoes\/agendas\/\"},{\"@type\":\"ListItem\",\"position\":4,\"name\":\"FORNECEDORES DE AGENDAS PERSONALIZADAS\"}]},{\"@type\":\"WebSite\",\"@id\":\"https:\/\/redoma.com.br\/corporativo\/#website\",\"url\":\"https:\/\/redoma.com.br\/corporativo\/\",\"name\":\"Redoma - Brindes Corporativos\",\"description\":\"Produzimos Agenda Personalizada, Calend\u00e1rio Financeiro, Planner Personalizado, Caderno Personalizado, Caderneta personalizada e mais\",\"potentialAction\":[{\"@type\":\"SearchAction\",\"target\":{\"@type\":\"EntryPoint\",\"urlTemplate\":\"https:\/\/redoma.com.br\/corporativo\/?s={search_term_string}\"},\"query-input\":{\"@type\":\"PropertyValueSpecification\",\"valueRequired\":true,\"valueName\":\"search_term_string\"}}],\"inLanguage\":\"pt-BR\"}]}<\/script>\n<!-- \/ Yoast SEO plugin. -->","yoast_head_json":{"title":"FORNECEDORES DE AGENDAS PERSONALIZADAS - Redoma - Brindes Corporativos","robots":{"index":"index","follow":"follow","max-snippet":"max-snippet:-1","max-image-preview":"max-image-preview:large","max-video-preview":"max-video-preview:-1"},"canonical":"https:\/\/redoma.com.br\/corporativo\/informacoes\/agendas\/fornecedores-de-agendas-personalizadas\/","og_locale":"pt_BR","og_type":"article","og_title":"FORNECEDORES DE AGENDAS PERSONALIZADAS - Redoma - Brindes Corporativos","og_description":"[vc_row][vc_column][vc_column_text] ENCONTRE FORNECEDORES DE AGENDAS PERSONALIZADAS Os\u00a0fornecedores de agendas personalizadas\u00a0s\u00e3o respons\u00e1veis pela cria\u00e7\u00e3o de agendas que atendam diretamente \u00e0 necessidade do cliente. As agendas personalizadas podem ser uma forma de organiza\u00e7\u00e3o pessoal, mas tamb\u00e9m costumam ser usadas como brindes corporativos, uma vez que a logomarca da empresa pode ser estampada no produto, contribuindo para que&hellip;","og_url":"https:\/\/redoma.com.br\/corporativo\/informacoes\/agendas\/fornecedores-de-agendas-personalizadas\/","og_site_name":"Redoma - Brindes Corporativos","og_image":[{"width":480,"height":480,"url":"https:\/\/redoma.com.br\/corporativo\/wp-content\/uploads\/2021\/05\/agenda_semanal_personalizada_01.jpg","type":"image\/jpeg"}],"twitter_card":"summary_large_image","twitter_misc":{"Est. tempo de leitura":"3 minutos"},"schema":{"@context":"https:\/\/schema.org","@graph":[{"@type":"WebPage","@id":"https:\/\/redoma.com.br\/corporativo\/informacoes\/agendas\/fornecedores-de-agendas-personalizadas\/","url":"https:\/\/redoma.com.br\/corporativo\/informacoes\/agendas\/fornecedores-de-agendas-personalizadas\/","name":"FORNECEDORES DE AGENDAS PERSONALIZADAS - Redoma - Brindes Corporativos","isPartOf":{"@id":"https:\/\/redoma.com.br\/corporativo\/#website"},"primaryImageOfPage":{"@id":"https:\/\/redoma.com.br\/corporativo\/informacoes\/agendas\/fornecedores-de-agendas-personalizadas\/#primaryimage"},"image":{"@id":"https:\/\/redoma.com.br\/corporativo\/informacoes\/agendas\/fornecedores-de-agendas-personalizadas\/#primaryimage"},"thumbnailUrl":"https:\/\/redoma.com.br\/corporativo\/wp-content\/uploads\/2021\/05\/agenda_semanal_personalizada_01.jpg","datePublished":"2021-05-05T22:38:52+00:00","breadcrumb":{"@id":"https:\/\/redoma.com.br\/corporativo\/informacoes\/agendas\/fornecedores-de-agendas-personalizadas\/#breadcrumb"},"inLanguage":"pt-BR","potentialAction":[{"@type":"ReadAction","target":["https:\/\/redoma.com.br\/corporativo\/informacoes\/agendas\/fornecedores-de-agendas-personalizadas\/"]}]},{"@type":"ImageObject","inLanguage":"pt-BR","@id":"https:\/\/redoma.com.br\/corporativo\/informacoes\/agendas\/fornecedores-de-agendas-personalizadas\/#primaryimage","url":"https:\/\/redoma.com.br\/corporativo\/wp-content\/uploads\/2021\/05\/agenda_semanal_personalizada_01.jpg","contentUrl":"https:\/\/redoma.com.br\/corporativo\/wp-content\/uploads\/2021\/05\/agenda_semanal_personalizada_01.jpg","width":480,"height":480},{"@type":"BreadcrumbList","@id":"https:\/\/redoma.com.br\/corporativo\/informacoes\/agendas\/fornecedores-de-agendas-personalizadas\/#breadcrumb","itemListElement":[{"@type":"ListItem","position":1,"name":"In\u00edcio","item":"https:\/\/redoma.com.br\/corporativo\/"},{"@type":"ListItem","position":2,"name":"Informa\u00e7\u00f5es","item":"https:\/\/redoma.com.br\/corporativo\/informacoes\/"},{"@type":"ListItem","position":3,"name":"Agendas","item":"https:\/\/redoma.com.br\/corporativo\/informacoes\/agendas\/"},{"@type":"ListItem","position":4,"name":"FORNECEDORES DE AGENDAS PERSONALIZADAS"}]},{"@type":"WebSite","@id":"https:\/\/redoma.com.br\/corporativo\/#website","url":"https:\/\/redoma.com.br\/corporativo\/","name":"Redoma - Brindes Corporativos","description":"Produzimos Agenda Personalizada, Calend\u00e1rio Financeiro, Planner Personalizado, Caderno Personalizado, Caderneta personalizada e mais","potentialAction":[{"@type":"SearchAction","target":{"@type":"EntryPoint","urlTemplate":"https:\/\/redoma.com.br\/corporativo\/?s={search_term_string}"},"query-input":{"@type":"PropertyValueSpecification","valueRequired":true,"valueName":"search_term_string"}}],"inLanguage":"pt-BR"}]}},"_links":{"self":[{"href":"https:\/\/redoma.com.br\/corporativo\/wp-json\/wp\/v2\/pages\/1828","targetHints":{"allow":["GET"]}}],"collection":[{"href":"https:\/\/redoma.com.br\/corporativo\/wp-json\/wp\/v2\/pages"}],"about":[{"href":"https:\/\/redoma.com.br\/corporativo\/wp-json\/wp\/v2\/types\/page"}],"author":[{"embeddable":true,"href":"https:\/\/redoma.com.br\/corporativo\/wp-json\/wp\/v2\/users\/1"}],"replies":[{"embeddable":true,"href":"https:\/\/redoma.com.br\/corporativo\/wp-json\/wp\/v2\/comments?post=1828"}],"version-history":[{"count":1,"href":"https:\/\/redoma.com.br\/corporativo\/wp-json\/wp\/v2\/pages\/1828\/revisions"}],"predecessor-version":[{"id":1829,"href":"https:\/\/redoma.com.br\/corporativo\/wp-json\/wp\/v2\/pages\/1828\/revisions\/1829"}],"up":[{"embeddable":true,"href":"https:\/\/redoma.com.br\/corporativo\/wp-json\/wp\/v2\/pages\/1776"}],"wp:featuredmedia":[{"embeddable":true,"href":"https:\/\/redoma.com.br\/corporativo\/wp-json\/wp\/v2\/media\/1809"}],"wp:attachment":[{"href":"https:\/\/redoma.com.br\/corporativo\/wp-json\/wp\/v2\/media?parent=1828"}],"curies":[{"name":"wp","href":"https:\/\/api.w.org\/{rel}","templated":true}]}}