
{"id":1826,"date":"2021-05-05T19:37:32","date_gmt":"2021-05-05T22:37:32","guid":{"rendered":"https:\/\/novo.redoma.com.br\/?page_id=1826"},"modified":"2021-05-05T19:37:32","modified_gmt":"2021-05-05T22:37:32","slug":"fornecedores-de-agendas","status":"publish","type":"page","link":"https:\/\/redoma.com.br\/corporativo\/informacoes\/agendas\/fornecedores-de-agendas\/","title":{"rendered":"FORNECEDORES DE AGENDAS"},"content":{"rendered":"<div class=\"wpb-content-wrapper\"><p>[vc_row][vc_column][vc_column_text]<\/p>\n<h2>ENCONTRE FORNECEDORES DE AGENDAS<\/h2>\n<p>A Redoma \u00e9 uma empresa que se destaca entre os\u00a0fornecedores de agendas\u00a0e outros brindes corporativos. A gr\u00e1fica especializada atende empresas com produtos personalizados e tamb\u00e9m oferece solu\u00e7\u00f5es voltadas ao varejo, para lojas que querem garantir aos seus clientes agendas de qualidade por um pre\u00e7o acess\u00edvel.<\/p>\n<p>Os\u00a0fornecedores de agendas, como a Redoma, apresentam aos clientes as melhores op\u00e7\u00f5es de material para escrit\u00f3rio, com atendimento personalizado e projetos sob medida para as campanhas empresariais. Entre os produtos mais procurados nos\u00a0fornecedores de agendas, est\u00e3o:<\/p>\n<ul class=\"list\">\n<li>Agenda para uso di\u00e1rio;<\/li>\n<li>Agenda semanal;<\/li>\n<li>Agenda para uso mensal;<\/li>\n<li>Agenda para 18 meses.<\/li>\n<\/ul>\n<h2>QUAIS S\u00c3O AS VANTAGENS DOS FORNECEDORES DE AGENDAS COMO A REDOMA?<\/h2>\n<p>Contar com bons\u00a0fornecedores de agendas\u00a0e outros materiais t\u00edpicos de gr\u00e1ficas de alto padr\u00e3o, com muita tecnologia, \u00e9 importante para clientes que est\u00e3o interessados em variedade e qualidade. Nas categorias citadas acima, o cliente que precisa de\u00a0fornecedores de agendascomo a Redoma, pode encontrar muitas op\u00e7\u00f5es de Paper Tablet para anota\u00e7\u00f5es.<\/p>\n<p>No caso de agendas di\u00e1rias, as empresas que est\u00e3o em busca de agendas datadas de janeiro at\u00e9 dezembro podem solicitar uma encomenda nos\u00a0fornecedores de agendas\u00a0com op\u00e7\u00f5es vers\u00e1teis, com capa dura de lindo acabamento, formato que mostra uma p\u00e1gina para cada dia e que cont\u00e9m espa\u00e7o para feriados, calend\u00e1rio, \u00e1rea para anota\u00e7\u00f5es, lista telef\u00f4nica, entre outros itens importantes.<\/p>\n<p>A Redoma est\u00e1 entre os\u00a0fornecedores de agendas\u00a0que trabalham com v\u00e1rios tamanhos, como:<\/p>\n<ul class=\"list\">\n<li>Agendas grandes;<\/li>\n<li>Agendas m\u00e9dias;<\/li>\n<li>Agendas de bolso.<\/li>\n<\/ul>\n<p>Os\u00a0fornecedores de agendas\u00a0como a Redoma tamb\u00e9m apresentam solu\u00e7\u00f5es especiais para a sua empresa, entre elas: agenda extra large, agenda vertical e horizontal.<\/p>\n<p>As agendas s\u00e3o oferecidas em muitas cores, com a possibilidade de personaliza\u00e7\u00e3o, com a estampa do logotipo da empresa, entre outros detalhes gr\u00e1ficos muito importantes para promover uma comunica\u00e7\u00e3o eficiente.<\/p>\n<h2>DETALHES IMPORTANTES<\/h2>\n<p>A empresa que vai investir em agendas e brindes corporativos pode aproveitar para prestar aten\u00e7\u00e3o em detalhes importantes, que tornam os produtos mais funcionais e que valorizam a imagem da companhia. Na Redoma, por exemplo, as agendas semanais s\u00e3o mais pr\u00e1ticas e vers\u00e1teis, pois as p\u00e1ginas possuem uma divis\u00e3o para anota\u00e7\u00f5es dos compromissos da semana, deixando essas informa\u00e7\u00f5es em evid\u00eancia.<\/p>\n<p>Para conhecer todos os modelos, basta fazer contato com a equipe da empresa, solicitar o cat\u00e1logo virtual e falar com um dos atendentes!<\/p>\n<h2>PARA SABER MAIS SOBRE FORNECEDORES DE AGENDAS<\/h2>\n<p>Ligue para\u00a011 4448-7300\u00a0ou mande e-mail para:\u00a0atendimento@redoma.com.br[\/vc_column_text][\/vc_column][\/vc_row][vc_row][vc_column][vc_media_grid grid_id=&#8221;vc_gid:1620254230692-f72c214e-e321-7&#8243; include=&#8221;1799,1803,1808&#8243;][\/vc_column][\/vc_row]<\/p>\n<\/div>","protected":false},"excerpt":{"rendered":"<p>[vc_row][vc_column][vc_column_text] ENCONTRE FORNECEDORES DE AGENDAS A Redoma \u00e9 uma empresa que se destaca entre os\u00a0fornecedores de agendas\u00a0e outros brindes corporativos. A gr\u00e1fica especializada atende empresas com produtos personalizados e tamb\u00e9m oferece solu\u00e7\u00f5es voltadas ao varejo, para lojas que querem garantir aos seus clientes agendas de qualidade por um pre\u00e7o acess\u00edvel. Os\u00a0fornecedores de agendas, como a&hellip;<\/p>\n","protected":false},"author":1,"featured_media":1799,"parent":1776,"menu_order":0,"comment_status":"closed","ping_status":"closed","template":"","meta":{"footnotes":""},"class_list":["post-1826","page","type-page","status-publish","has-post-thumbnail","hentry","description-off"],"yoast_head":"<!-- This site is optimized with the Yoast SEO plugin v26.8 - https:\/\/yoast.com\/product\/yoast-seo-wordpress\/ -->\n<title>FORNECEDORES DE AGENDAS - Redoma - Brindes Corporativos<\/title>\n<meta name=\"robots\" content=\"index, follow, max-snippet:-1, max-image-preview:large, max-video-preview:-1\" \/>\n<link rel=\"canonical\" href=\"https:\/\/redoma.com.br\/corporativo\/informacoes\/agendas\/fornecedores-de-agendas\/\" \/>\n<meta property=\"og:locale\" content=\"pt_BR\" \/>\n<meta property=\"og:type\" content=\"article\" \/>\n<meta property=\"og:title\" content=\"FORNECEDORES DE AGENDAS - Redoma - Brindes Corporativos\" \/>\n<meta property=\"og:description\" content=\"[vc_row][vc_column][vc_column_text] ENCONTRE FORNECEDORES DE AGENDAS A Redoma \u00e9 uma empresa que se destaca entre os\u00a0fornecedores de agendas\u00a0e outros brindes corporativos. A gr\u00e1fica especializada atende empresas com produtos personalizados e tamb\u00e9m oferece solu\u00e7\u00f5es voltadas ao varejo, para lojas que querem garantir aos seus clientes agendas de qualidade por um pre\u00e7o acess\u00edvel. Os\u00a0fornecedores de agendas, como a&hellip;\" \/>\n<meta property=\"og:url\" content=\"https:\/\/redoma.com.br\/corporativo\/informacoes\/agendas\/fornecedores-de-agendas\/\" \/>\n<meta property=\"og:site_name\" content=\"Redoma - Brindes Corporativos\" \/>\n<meta property=\"og:image\" content=\"https:\/\/redoma.com.br\/corporativo\/wp-content\/uploads\/2021\/05\/agenda_bolso_personalizada_03.jpg\" \/>\n\t<meta property=\"og:image:width\" content=\"480\" \/>\n\t<meta property=\"og:image:height\" content=\"480\" \/>\n\t<meta property=\"og:image:type\" content=\"image\/jpeg\" \/>\n<meta name=\"twitter:card\" content=\"summary_large_image\" \/>\n<meta name=\"twitter:label1\" content=\"Est. tempo de leitura\" \/>\n\t<meta name=\"twitter:data1\" content=\"2 minutos\" \/>\n<script type=\"application\/ld+json\" class=\"yoast-schema-graph\">{\"@context\":\"https:\/\/schema.org\",\"@graph\":[{\"@type\":\"WebPage\",\"@id\":\"https:\/\/redoma.com.br\/corporativo\/informacoes\/agendas\/fornecedores-de-agendas\/\",\"url\":\"https:\/\/redoma.com.br\/corporativo\/informacoes\/agendas\/fornecedores-de-agendas\/\",\"name\":\"FORNECEDORES DE AGENDAS - Redoma - Brindes Corporativos\",\"isPartOf\":{\"@id\":\"https:\/\/redoma.com.br\/corporativo\/#website\"},\"primaryImageOfPage\":{\"@id\":\"https:\/\/redoma.com.br\/corporativo\/informacoes\/agendas\/fornecedores-de-agendas\/#primaryimage\"},\"image\":{\"@id\":\"https:\/\/redoma.com.br\/corporativo\/informacoes\/agendas\/fornecedores-de-agendas\/#primaryimage\"},\"thumbnailUrl\":\"https:\/\/redoma.com.br\/corporativo\/wp-content\/uploads\/2021\/05\/agenda_bolso_personalizada_03.jpg\",\"datePublished\":\"2021-05-05T22:37:32+00:00\",\"breadcrumb\":{\"@id\":\"https:\/\/redoma.com.br\/corporativo\/informacoes\/agendas\/fornecedores-de-agendas\/#breadcrumb\"},\"inLanguage\":\"pt-BR\",\"potentialAction\":[{\"@type\":\"ReadAction\",\"target\":[\"https:\/\/redoma.com.br\/corporativo\/informacoes\/agendas\/fornecedores-de-agendas\/\"]}]},{\"@type\":\"ImageObject\",\"inLanguage\":\"pt-BR\",\"@id\":\"https:\/\/redoma.com.br\/corporativo\/informacoes\/agendas\/fornecedores-de-agendas\/#primaryimage\",\"url\":\"https:\/\/redoma.com.br\/corporativo\/wp-content\/uploads\/2021\/05\/agenda_bolso_personalizada_03.jpg\",\"contentUrl\":\"https:\/\/redoma.com.br\/corporativo\/wp-content\/uploads\/2021\/05\/agenda_bolso_personalizada_03.jpg\",\"width\":480,\"height\":480},{\"@type\":\"BreadcrumbList\",\"@id\":\"https:\/\/redoma.com.br\/corporativo\/informacoes\/agendas\/fornecedores-de-agendas\/#breadcrumb\",\"itemListElement\":[{\"@type\":\"ListItem\",\"position\":1,\"name\":\"In\u00edcio\",\"item\":\"https:\/\/redoma.com.br\/corporativo\/\"},{\"@type\":\"ListItem\",\"position\":2,\"name\":\"Informa\u00e7\u00f5es\",\"item\":\"https:\/\/redoma.com.br\/corporativo\/informacoes\/\"},{\"@type\":\"ListItem\",\"position\":3,\"name\":\"Agendas\",\"item\":\"https:\/\/redoma.com.br\/corporativo\/informacoes\/agendas\/\"},{\"@type\":\"ListItem\",\"position\":4,\"name\":\"FORNECEDORES DE AGENDAS\"}]},{\"@type\":\"WebSite\",\"@id\":\"https:\/\/redoma.com.br\/corporativo\/#website\",\"url\":\"https:\/\/redoma.com.br\/corporativo\/\",\"name\":\"Redoma - Brindes Corporativos\",\"description\":\"Produzimos Agenda Personalizada, Calend\u00e1rio Financeiro, Planner Personalizado, Caderno Personalizado, Caderneta personalizada e mais\",\"potentialAction\":[{\"@type\":\"SearchAction\",\"target\":{\"@type\":\"EntryPoint\",\"urlTemplate\":\"https:\/\/redoma.com.br\/corporativo\/?s={search_term_string}\"},\"query-input\":{\"@type\":\"PropertyValueSpecification\",\"valueRequired\":true,\"valueName\":\"search_term_string\"}}],\"inLanguage\":\"pt-BR\"}]}<\/script>\n<!-- \/ Yoast SEO plugin. -->","yoast_head_json":{"title":"FORNECEDORES DE AGENDAS - Redoma - Brindes Corporativos","robots":{"index":"index","follow":"follow","max-snippet":"max-snippet:-1","max-image-preview":"max-image-preview:large","max-video-preview":"max-video-preview:-1"},"canonical":"https:\/\/redoma.com.br\/corporativo\/informacoes\/agendas\/fornecedores-de-agendas\/","og_locale":"pt_BR","og_type":"article","og_title":"FORNECEDORES DE AGENDAS - Redoma - Brindes Corporativos","og_description":"[vc_row][vc_column][vc_column_text] ENCONTRE FORNECEDORES DE AGENDAS A Redoma \u00e9 uma empresa que se destaca entre os\u00a0fornecedores de agendas\u00a0e outros brindes corporativos. A gr\u00e1fica especializada atende empresas com produtos personalizados e tamb\u00e9m oferece solu\u00e7\u00f5es voltadas ao varejo, para lojas que querem garantir aos seus clientes agendas de qualidade por um pre\u00e7o acess\u00edvel. Os\u00a0fornecedores de agendas, como a&hellip;","og_url":"https:\/\/redoma.com.br\/corporativo\/informacoes\/agendas\/fornecedores-de-agendas\/","og_site_name":"Redoma - Brindes Corporativos","og_image":[{"width":480,"height":480,"url":"https:\/\/redoma.com.br\/corporativo\/wp-content\/uploads\/2021\/05\/agenda_bolso_personalizada_03.jpg","type":"image\/jpeg"}],"twitter_card":"summary_large_image","twitter_misc":{"Est. tempo de leitura":"2 minutos"},"schema":{"@context":"https:\/\/schema.org","@graph":[{"@type":"WebPage","@id":"https:\/\/redoma.com.br\/corporativo\/informacoes\/agendas\/fornecedores-de-agendas\/","url":"https:\/\/redoma.com.br\/corporativo\/informacoes\/agendas\/fornecedores-de-agendas\/","name":"FORNECEDORES DE AGENDAS - Redoma - Brindes Corporativos","isPartOf":{"@id":"https:\/\/redoma.com.br\/corporativo\/#website"},"primaryImageOfPage":{"@id":"https:\/\/redoma.com.br\/corporativo\/informacoes\/agendas\/fornecedores-de-agendas\/#primaryimage"},"image":{"@id":"https:\/\/redoma.com.br\/corporativo\/informacoes\/agendas\/fornecedores-de-agendas\/#primaryimage"},"thumbnailUrl":"https:\/\/redoma.com.br\/corporativo\/wp-content\/uploads\/2021\/05\/agenda_bolso_personalizada_03.jpg","datePublished":"2021-05-05T22:37:32+00:00","breadcrumb":{"@id":"https:\/\/redoma.com.br\/corporativo\/informacoes\/agendas\/fornecedores-de-agendas\/#breadcrumb"},"inLanguage":"pt-BR","potentialAction":[{"@type":"ReadAction","target":["https:\/\/redoma.com.br\/corporativo\/informacoes\/agendas\/fornecedores-de-agendas\/"]}]},{"@type":"ImageObject","inLanguage":"pt-BR","@id":"https:\/\/redoma.com.br\/corporativo\/informacoes\/agendas\/fornecedores-de-agendas\/#primaryimage","url":"https:\/\/redoma.com.br\/corporativo\/wp-content\/uploads\/2021\/05\/agenda_bolso_personalizada_03.jpg","contentUrl":"https:\/\/redoma.com.br\/corporativo\/wp-content\/uploads\/2021\/05\/agenda_bolso_personalizada_03.jpg","width":480,"height":480},{"@type":"BreadcrumbList","@id":"https:\/\/redoma.com.br\/corporativo\/informacoes\/agendas\/fornecedores-de-agendas\/#breadcrumb","itemListElement":[{"@type":"ListItem","position":1,"name":"In\u00edcio","item":"https:\/\/redoma.com.br\/corporativo\/"},{"@type":"ListItem","position":2,"name":"Informa\u00e7\u00f5es","item":"https:\/\/redoma.com.br\/corporativo\/informacoes\/"},{"@type":"ListItem","position":3,"name":"Agendas","item":"https:\/\/redoma.com.br\/corporativo\/informacoes\/agendas\/"},{"@type":"ListItem","position":4,"name":"FORNECEDORES DE AGENDAS"}]},{"@type":"WebSite","@id":"https:\/\/redoma.com.br\/corporativo\/#website","url":"https:\/\/redoma.com.br\/corporativo\/","name":"Redoma - Brindes Corporativos","description":"Produzimos Agenda Personalizada, Calend\u00e1rio Financeiro, Planner Personalizado, Caderno Personalizado, Caderneta personalizada e mais","potentialAction":[{"@type":"SearchAction","target":{"@type":"EntryPoint","urlTemplate":"https:\/\/redoma.com.br\/corporativo\/?s={search_term_string}"},"query-input":{"@type":"PropertyValueSpecification","valueRequired":true,"valueName":"search_term_string"}}],"inLanguage":"pt-BR"}]}},"_links":{"self":[{"href":"https:\/\/redoma.com.br\/corporativo\/wp-json\/wp\/v2\/pages\/1826","targetHints":{"allow":["GET"]}}],"collection":[{"href":"https:\/\/redoma.com.br\/corporativo\/wp-json\/wp\/v2\/pages"}],"about":[{"href":"https:\/\/redoma.com.br\/corporativo\/wp-json\/wp\/v2\/types\/page"}],"author":[{"embeddable":true,"href":"https:\/\/redoma.com.br\/corporativo\/wp-json\/wp\/v2\/users\/1"}],"replies":[{"embeddable":true,"href":"https:\/\/redoma.com.br\/corporativo\/wp-json\/wp\/v2\/comments?post=1826"}],"version-history":[{"count":1,"href":"https:\/\/redoma.com.br\/corporativo\/wp-json\/wp\/v2\/pages\/1826\/revisions"}],"predecessor-version":[{"id":1827,"href":"https:\/\/redoma.com.br\/corporativo\/wp-json\/wp\/v2\/pages\/1826\/revisions\/1827"}],"up":[{"embeddable":true,"href":"https:\/\/redoma.com.br\/corporativo\/wp-json\/wp\/v2\/pages\/1776"}],"wp:featuredmedia":[{"embeddable":true,"href":"https:\/\/redoma.com.br\/corporativo\/wp-json\/wp\/v2\/media\/1799"}],"wp:attachment":[{"href":"https:\/\/redoma.com.br\/corporativo\/wp-json\/wp\/v2\/media?parent=1826"}],"curies":[{"name":"wp","href":"https:\/\/api.w.org\/{rel}","templated":true}]}}