
{"id":1824,"date":"2021-05-05T19:36:18","date_gmt":"2021-05-05T22:36:18","guid":{"rendered":"https:\/\/novo.redoma.com.br\/?page_id=1824"},"modified":"2021-05-05T19:36:18","modified_gmt":"2021-05-05T22:36:18","slug":"fabrica-de-agendas-personalizadas","status":"publish","type":"page","link":"https:\/\/redoma.com.br\/corporativo\/informacoes\/agendas\/fabrica-de-agendas-personalizadas\/","title":{"rendered":"F\u00c1BRICA DE AGENDAS PERSONALIZADAS"},"content":{"rendered":"<div class=\"wpb-content-wrapper\"><p>[vc_row][vc_column][vc_column_text]<\/p>\n<h2>REDOMA: A MELHOR F\u00c1BRICA DE AGENDAS PERSONALIZADAS<\/h2>\n<p>A Redoma \u00e9 uma\u00a0f\u00e1brica de agendas personalizadas\u00a0para empresas que querem presentes corporativos e materiais de escrit\u00f3rios totalmente exclusivos e estilizados. A\u00a0f\u00e1brica de agendas personalizadas\u00a0trabalha com dois tipos b\u00e1sicos de modelos. S\u00e3o eles:<\/p>\n<ul class=\"list\">\n<li>Agendas di\u00e1rias;<\/li>\n<li>Agendas semanais.<\/li>\n<\/ul>\n<p>Entre os produtos da\u00a0f\u00e1brica de agendas personalizadas\u00a0est\u00e3o os modelos dispostos no cat\u00e1logo da gr\u00e1fica para o cliente conhecer, como o Roma, Time, London, M\u00f4naco, Pamplona, Rubi, Saragoza, M\u00farcia, Napoli, entre outras.<\/p>\n<h2>COMO REALIZAR UM PROJETO EXCLUSIVO NA F\u00c1BRICA DE AGENDAS PERSONALIZADAS?<\/h2>\n<p>Para fazer o pedido personalizado, o cliente precisa definir alguns detalhes importantes, como os materiais que v\u00e3o ser usados no acabamento das agendas, tipo de agenda, acess\u00f3rios, itens adicionais, entre outros.<\/p>\n<p>A\u00a0f\u00e1brica de agendas personalizadas\u00a0Redoma tem uma equipe especializada em design, arte e criatividade. Com o suporte da gr\u00e1fica, todos os clientes podem contar com agendas feitas sob medida para cada necessidade.<\/p>\n<h2>ACESS\u00d3RIOS DA F\u00c1BRICA DE AGENDAS PERSONALIZADAS<\/h2>\n<p>A\u00a0f\u00e1brica de agendas personalizadas\u00a0conta com uma linha muito interessante de acess\u00f3rios, fundamentais para a personaliza\u00e7\u00e3o dos produtos gr\u00e1ficos. Entre os acess\u00f3rios est\u00e3o a bolsa pl\u00e1stica e o wire-o, friccionado e dianteiro. Os itens d\u00e3o um destaque muito especial \u00e0s agendas.<\/p>\n<p>A\u00a0f\u00e1brica de agendas personalizadas\u00a0tamb\u00e9m oferece ao cliente uma linha completa de marcadores e el\u00e1sticos de v\u00e1rias cores, al\u00e9m de r\u00e9gua hoje, r\u00e9gua com marcadores e fitilhos em v\u00e1rias op\u00e7\u00f5es de cor.<\/p>\n<p>A\u00a0f\u00e1brica de agendas personalizadas\u00a0pode deixar o produto do cliente ainda mais especial com o uso de color band, faixas feitas em papel couch\u00e9 de alto padr\u00e3o, impressas em cromia, que valorizam ainda mais o visual da agenda.<\/p>\n<p>A Redoma tamb\u00e9m faz v\u00e1rios tipos de recortes nas agendas, para elas ficarem com o design perfeito.<\/p>\n<h2>APOSTE NAS EMBALAGENS!<\/h2>\n<p>As embalagens tamb\u00e9m s\u00e3o essenciais para as agendas causarem uma \u00f3tima impress\u00e3o quando s\u00e3o usadas com presentes para clientes. A embalagem individual pode ser Duplex, Kraft e Shrink. O cliente tamb\u00e9m pode conhecer as embalagens especiais, como o Box Triplex, o saco para presente e o envelope personalizado (ambos podem ser fabricados com o logo da empresa).<\/p>\n<p>Para conhecer todos os modelos de agenda, os detalhes t\u00e9cnicos e os acess\u00f3rios, basta visualizar o cat\u00e1logo virtual da Redoma. O interessado tamb\u00e9m pode entrar em contato com a equipe de atendimento!<\/p>\n<h2>PARA SABER MAIS SOBRE F\u00c1BRICA DE AGENDAS PERSONALIZADAS<\/h2>\n<p>Ligue para\u00a011 4448-7300\u00a0ou mande e-mail para:\u00a0atendimento@redoma.com.br[\/vc_column_text][\/vc_column][\/vc_row][vc_row][vc_column][vc_media_grid grid_id=&#8221;vc_gid:1620254140835-f4e6f7bb-1aca-1&#8243; include=&#8221;1803,1817,1808&#8243;][\/vc_column][\/vc_row]<\/p>\n<\/div>","protected":false},"excerpt":{"rendered":"<p>[vc_row][vc_column][vc_column_text] REDOMA: A MELHOR F\u00c1BRICA DE AGENDAS PERSONALIZADAS A Redoma \u00e9 uma\u00a0f\u00e1brica de agendas personalizadas\u00a0para empresas que querem presentes corporativos e materiais de escrit\u00f3rios totalmente exclusivos e estilizados. A\u00a0f\u00e1brica de agendas personalizadas\u00a0trabalha com dois tipos b\u00e1sicos de modelos. S\u00e3o eles: Agendas di\u00e1rias; Agendas semanais. Entre os produtos da\u00a0f\u00e1brica de agendas personalizadas\u00a0est\u00e3o os modelos dispostos no&hellip;<\/p>\n","protected":false},"author":1,"featured_media":1777,"parent":1776,"menu_order":0,"comment_status":"closed","ping_status":"closed","template":"","meta":{"footnotes":""},"class_list":["post-1824","page","type-page","status-publish","has-post-thumbnail","hentry","description-off"],"yoast_head":"<!-- This site is optimized with the Yoast SEO plugin v26.8 - https:\/\/yoast.com\/product\/yoast-seo-wordpress\/ -->\n<title>F\u00c1BRICA DE AGENDAS PERSONALIZADAS - Redoma - Brindes Corporativos<\/title>\n<meta name=\"robots\" content=\"index, follow, max-snippet:-1, max-image-preview:large, max-video-preview:-1\" \/>\n<link rel=\"canonical\" href=\"https:\/\/redoma.com.br\/corporativo\/informacoes\/agendas\/fabrica-de-agendas-personalizadas\/\" \/>\n<meta property=\"og:locale\" content=\"pt_BR\" \/>\n<meta property=\"og:type\" content=\"article\" \/>\n<meta property=\"og:title\" content=\"F\u00c1BRICA DE AGENDAS PERSONALIZADAS - Redoma - Brindes Corporativos\" \/>\n<meta property=\"og:description\" content=\"[vc_row][vc_column][vc_column_text] REDOMA: A MELHOR F\u00c1BRICA DE AGENDAS PERSONALIZADAS A Redoma \u00e9 uma\u00a0f\u00e1brica de agendas personalizadas\u00a0para empresas que querem presentes corporativos e materiais de escrit\u00f3rios totalmente exclusivos e estilizados. A\u00a0f\u00e1brica de agendas personalizadas\u00a0trabalha com dois tipos b\u00e1sicos de modelos. S\u00e3o eles: Agendas di\u00e1rias; Agendas semanais. Entre os produtos da\u00a0f\u00e1brica de agendas personalizadas\u00a0est\u00e3o os modelos dispostos no&hellip;\" \/>\n<meta property=\"og:url\" content=\"https:\/\/redoma.com.br\/corporativo\/informacoes\/agendas\/fabrica-de-agendas-personalizadas\/\" \/>\n<meta property=\"og:site_name\" content=\"Redoma - Brindes Corporativos\" \/>\n<meta property=\"og:image\" content=\"https:\/\/redoma.com.br\/corporativo\/wp-content\/uploads\/2021\/05\/informacoes-agendas.jpg\" \/>\n\t<meta property=\"og:image:width\" content=\"480\" \/>\n\t<meta property=\"og:image:height\" content=\"480\" \/>\n\t<meta property=\"og:image:type\" content=\"image\/jpeg\" \/>\n<meta name=\"twitter:card\" content=\"summary_large_image\" \/>\n<meta name=\"twitter:label1\" content=\"Est. tempo de leitura\" \/>\n\t<meta name=\"twitter:data1\" content=\"2 minutos\" \/>\n<script type=\"application\/ld+json\" class=\"yoast-schema-graph\">{\"@context\":\"https:\/\/schema.org\",\"@graph\":[{\"@type\":\"WebPage\",\"@id\":\"https:\/\/redoma.com.br\/corporativo\/informacoes\/agendas\/fabrica-de-agendas-personalizadas\/\",\"url\":\"https:\/\/redoma.com.br\/corporativo\/informacoes\/agendas\/fabrica-de-agendas-personalizadas\/\",\"name\":\"F\u00c1BRICA DE AGENDAS PERSONALIZADAS - Redoma - Brindes Corporativos\",\"isPartOf\":{\"@id\":\"https:\/\/redoma.com.br\/corporativo\/#website\"},\"primaryImageOfPage\":{\"@id\":\"https:\/\/redoma.com.br\/corporativo\/informacoes\/agendas\/fabrica-de-agendas-personalizadas\/#primaryimage\"},\"image\":{\"@id\":\"https:\/\/redoma.com.br\/corporativo\/informacoes\/agendas\/fabrica-de-agendas-personalizadas\/#primaryimage\"},\"thumbnailUrl\":\"https:\/\/redoma.com.br\/corporativo\/wp-content\/uploads\/2021\/05\/informacoes-agendas.jpg\",\"datePublished\":\"2021-05-05T22:36:18+00:00\",\"breadcrumb\":{\"@id\":\"https:\/\/redoma.com.br\/corporativo\/informacoes\/agendas\/fabrica-de-agendas-personalizadas\/#breadcrumb\"},\"inLanguage\":\"pt-BR\",\"potentialAction\":[{\"@type\":\"ReadAction\",\"target\":[\"https:\/\/redoma.com.br\/corporativo\/informacoes\/agendas\/fabrica-de-agendas-personalizadas\/\"]}]},{\"@type\":\"ImageObject\",\"inLanguage\":\"pt-BR\",\"@id\":\"https:\/\/redoma.com.br\/corporativo\/informacoes\/agendas\/fabrica-de-agendas-personalizadas\/#primaryimage\",\"url\":\"https:\/\/redoma.com.br\/corporativo\/wp-content\/uploads\/2021\/05\/informacoes-agendas.jpg\",\"contentUrl\":\"https:\/\/redoma.com.br\/corporativo\/wp-content\/uploads\/2021\/05\/informacoes-agendas.jpg\",\"width\":480,\"height\":480},{\"@type\":\"BreadcrumbList\",\"@id\":\"https:\/\/redoma.com.br\/corporativo\/informacoes\/agendas\/fabrica-de-agendas-personalizadas\/#breadcrumb\",\"itemListElement\":[{\"@type\":\"ListItem\",\"position\":1,\"name\":\"In\u00edcio\",\"item\":\"https:\/\/redoma.com.br\/corporativo\/\"},{\"@type\":\"ListItem\",\"position\":2,\"name\":\"Informa\u00e7\u00f5es\",\"item\":\"https:\/\/redoma.com.br\/corporativo\/informacoes\/\"},{\"@type\":\"ListItem\",\"position\":3,\"name\":\"Agendas\",\"item\":\"https:\/\/redoma.com.br\/corporativo\/informacoes\/agendas\/\"},{\"@type\":\"ListItem\",\"position\":4,\"name\":\"F\u00c1BRICA DE AGENDAS PERSONALIZADAS\"}]},{\"@type\":\"WebSite\",\"@id\":\"https:\/\/redoma.com.br\/corporativo\/#website\",\"url\":\"https:\/\/redoma.com.br\/corporativo\/\",\"name\":\"Redoma - Brindes Corporativos\",\"description\":\"Produzimos Agenda Personalizada, Calend\u00e1rio Financeiro, Planner Personalizado, Caderno Personalizado, Caderneta personalizada e mais\",\"potentialAction\":[{\"@type\":\"SearchAction\",\"target\":{\"@type\":\"EntryPoint\",\"urlTemplate\":\"https:\/\/redoma.com.br\/corporativo\/?s={search_term_string}\"},\"query-input\":{\"@type\":\"PropertyValueSpecification\",\"valueRequired\":true,\"valueName\":\"search_term_string\"}}],\"inLanguage\":\"pt-BR\"}]}<\/script>\n<!-- \/ Yoast SEO plugin. -->","yoast_head_json":{"title":"F\u00c1BRICA DE AGENDAS PERSONALIZADAS - Redoma - Brindes Corporativos","robots":{"index":"index","follow":"follow","max-snippet":"max-snippet:-1","max-image-preview":"max-image-preview:large","max-video-preview":"max-video-preview:-1"},"canonical":"https:\/\/redoma.com.br\/corporativo\/informacoes\/agendas\/fabrica-de-agendas-personalizadas\/","og_locale":"pt_BR","og_type":"article","og_title":"F\u00c1BRICA DE AGENDAS PERSONALIZADAS - Redoma - Brindes Corporativos","og_description":"[vc_row][vc_column][vc_column_text] REDOMA: A MELHOR F\u00c1BRICA DE AGENDAS PERSONALIZADAS A Redoma \u00e9 uma\u00a0f\u00e1brica de agendas personalizadas\u00a0para empresas que querem presentes corporativos e materiais de escrit\u00f3rios totalmente exclusivos e estilizados. A\u00a0f\u00e1brica de agendas personalizadas\u00a0trabalha com dois tipos b\u00e1sicos de modelos. S\u00e3o eles: Agendas di\u00e1rias; Agendas semanais. Entre os produtos da\u00a0f\u00e1brica de agendas personalizadas\u00a0est\u00e3o os modelos dispostos no&hellip;","og_url":"https:\/\/redoma.com.br\/corporativo\/informacoes\/agendas\/fabrica-de-agendas-personalizadas\/","og_site_name":"Redoma - Brindes Corporativos","og_image":[{"width":480,"height":480,"url":"https:\/\/redoma.com.br\/corporativo\/wp-content\/uploads\/2021\/05\/informacoes-agendas.jpg","type":"image\/jpeg"}],"twitter_card":"summary_large_image","twitter_misc":{"Est. tempo de leitura":"2 minutos"},"schema":{"@context":"https:\/\/schema.org","@graph":[{"@type":"WebPage","@id":"https:\/\/redoma.com.br\/corporativo\/informacoes\/agendas\/fabrica-de-agendas-personalizadas\/","url":"https:\/\/redoma.com.br\/corporativo\/informacoes\/agendas\/fabrica-de-agendas-personalizadas\/","name":"F\u00c1BRICA DE AGENDAS PERSONALIZADAS - Redoma - Brindes Corporativos","isPartOf":{"@id":"https:\/\/redoma.com.br\/corporativo\/#website"},"primaryImageOfPage":{"@id":"https:\/\/redoma.com.br\/corporativo\/informacoes\/agendas\/fabrica-de-agendas-personalizadas\/#primaryimage"},"image":{"@id":"https:\/\/redoma.com.br\/corporativo\/informacoes\/agendas\/fabrica-de-agendas-personalizadas\/#primaryimage"},"thumbnailUrl":"https:\/\/redoma.com.br\/corporativo\/wp-content\/uploads\/2021\/05\/informacoes-agendas.jpg","datePublished":"2021-05-05T22:36:18+00:00","breadcrumb":{"@id":"https:\/\/redoma.com.br\/corporativo\/informacoes\/agendas\/fabrica-de-agendas-personalizadas\/#breadcrumb"},"inLanguage":"pt-BR","potentialAction":[{"@type":"ReadAction","target":["https:\/\/redoma.com.br\/corporativo\/informacoes\/agendas\/fabrica-de-agendas-personalizadas\/"]}]},{"@type":"ImageObject","inLanguage":"pt-BR","@id":"https:\/\/redoma.com.br\/corporativo\/informacoes\/agendas\/fabrica-de-agendas-personalizadas\/#primaryimage","url":"https:\/\/redoma.com.br\/corporativo\/wp-content\/uploads\/2021\/05\/informacoes-agendas.jpg","contentUrl":"https:\/\/redoma.com.br\/corporativo\/wp-content\/uploads\/2021\/05\/informacoes-agendas.jpg","width":480,"height":480},{"@type":"BreadcrumbList","@id":"https:\/\/redoma.com.br\/corporativo\/informacoes\/agendas\/fabrica-de-agendas-personalizadas\/#breadcrumb","itemListElement":[{"@type":"ListItem","position":1,"name":"In\u00edcio","item":"https:\/\/redoma.com.br\/corporativo\/"},{"@type":"ListItem","position":2,"name":"Informa\u00e7\u00f5es","item":"https:\/\/redoma.com.br\/corporativo\/informacoes\/"},{"@type":"ListItem","position":3,"name":"Agendas","item":"https:\/\/redoma.com.br\/corporativo\/informacoes\/agendas\/"},{"@type":"ListItem","position":4,"name":"F\u00c1BRICA DE AGENDAS PERSONALIZADAS"}]},{"@type":"WebSite","@id":"https:\/\/redoma.com.br\/corporativo\/#website","url":"https:\/\/redoma.com.br\/corporativo\/","name":"Redoma - Brindes Corporativos","description":"Produzimos Agenda Personalizada, Calend\u00e1rio Financeiro, Planner Personalizado, Caderno Personalizado, Caderneta personalizada e mais","potentialAction":[{"@type":"SearchAction","target":{"@type":"EntryPoint","urlTemplate":"https:\/\/redoma.com.br\/corporativo\/?s={search_term_string}"},"query-input":{"@type":"PropertyValueSpecification","valueRequired":true,"valueName":"search_term_string"}}],"inLanguage":"pt-BR"}]}},"_links":{"self":[{"href":"https:\/\/redoma.com.br\/corporativo\/wp-json\/wp\/v2\/pages\/1824","targetHints":{"allow":["GET"]}}],"collection":[{"href":"https:\/\/redoma.com.br\/corporativo\/wp-json\/wp\/v2\/pages"}],"about":[{"href":"https:\/\/redoma.com.br\/corporativo\/wp-json\/wp\/v2\/types\/page"}],"author":[{"embeddable":true,"href":"https:\/\/redoma.com.br\/corporativo\/wp-json\/wp\/v2\/users\/1"}],"replies":[{"embeddable":true,"href":"https:\/\/redoma.com.br\/corporativo\/wp-json\/wp\/v2\/comments?post=1824"}],"version-history":[{"count":1,"href":"https:\/\/redoma.com.br\/corporativo\/wp-json\/wp\/v2\/pages\/1824\/revisions"}],"predecessor-version":[{"id":1825,"href":"https:\/\/redoma.com.br\/corporativo\/wp-json\/wp\/v2\/pages\/1824\/revisions\/1825"}],"up":[{"embeddable":true,"href":"https:\/\/redoma.com.br\/corporativo\/wp-json\/wp\/v2\/pages\/1776"}],"wp:featuredmedia":[{"embeddable":true,"href":"https:\/\/redoma.com.br\/corporativo\/wp-json\/wp\/v2\/media\/1777"}],"wp:attachment":[{"href":"https:\/\/redoma.com.br\/corporativo\/wp-json\/wp\/v2\/media?parent=1824"}],"curies":[{"name":"wp","href":"https:\/\/api.w.org\/{rel}","templated":true}]}}