
{"id":1813,"date":"2021-05-05T19:30:04","date_gmt":"2021-05-05T22:30:04","guid":{"rendered":"https:\/\/novo.redoma.com.br\/?page_id=1813"},"modified":"2021-05-05T19:40:47","modified_gmt":"2021-05-05T22:40:47","slug":"agendas-personalizadas","status":"publish","type":"page","link":"https:\/\/redoma.com.br\/corporativo\/informacoes\/agendas\/agendas-personalizadas\/","title":{"rendered":"AGENDAS PERSONALIZADAS"},"content":{"rendered":"<div class=\"wpb-content-wrapper\"><p>[vc_row][vc_column][vc_column_text]<\/p>\n<h2>A FUNCIONALIDADE DAS AGENDAS PERSONALIZADAS<\/h2>\n<p>Agendas personalizadas s\u00e3o \u00f3timos presentes, brindes e aquisi\u00e7\u00f5es pessoais para todos os tipos de gostos. Esse produto \u00e9 perfeito para a organiza\u00e7\u00e3o da rotina, al\u00e9m de eventos, compromissos e muitos outros. As\u00a0agendas personalizadas\u00a0da Redoma podem ser encomendadas para satisfazer os gostos de todos os tipos de consumidores, caracter\u00edstica que leva para as empresas parceiras novos clientes e a consolida\u00e7\u00e3o de neg\u00f3cios estrat\u00e9gicos.<\/p>\n<h2>DIFERENCIAIS DAS AGENDAS PERSONALIZADAS DA REDOMA<\/h2>\n<p>A agenda personalizada se destaca por estar dispon\u00edvel na cor, tamanho, textura e padr\u00e3o da capa e das p\u00e1ginas ideais para cada cliente. S\u00f3 uma empresa com grande experi\u00eancia consegue reunir todas essas qualidades.<\/p>\n<p>Outro diferencial das\u00a0agendas personalizadas\u00a0da Redoma \u00e9 a sofistica\u00e7\u00e3o aliada \u00e0 qualidade. Esses dois fatores garantem a durabilidade da encaderna\u00e7\u00e3o, ou seja, \u00e9 poss\u00edvel usar esse acess\u00f3rio de organiza\u00e7\u00e3o durante o ano todo sem que ele sofra danos.<\/p>\n<h2>CONSCI\u00caNCIA AMBIENTAL NA PRODU\u00c7\u00c3O DAS AGENDAS PERSONALIZADAS<\/h2>\n<p>As\u00a0agendas personalizadas\u00a0s\u00e3o fabricadas a partir de recursos naturais, como o papel que \u00e9 feito a partir de madeira. \u00c9 por isso que a Redoma se preocupa tanto com a sustentabilidade. Entre os esfor\u00e7os para se manter o respeito com o meio ambiente, est\u00e3o os listados a seguir:<\/p>\n<p>Certificado\u00a0 FSC (Forest Stewardship Council), que mostra o respeito com o manejo ecol\u00f3gico, a fauna e a flora dos locais de onde s\u00e3o extra\u00eddas as mat\u00e9rias-primas naturais utilizadas na fabrica\u00e7\u00e3o das solu\u00e7\u00f5es gr\u00e1ficas.<\/p>\n<p>O desenvolvimento tecnol\u00f3gico recebe aten\u00e7\u00e3o total para tornar mais eficiente o uso de \u00e1gua e energia. Al\u00e9m disso, todas as sobras de papel s\u00e3o levadas diretamente \u00e0 reciclagem, sem desperd\u00edcios e danos ao meio ambiente.<\/p>\n<p>Toda a tinta utilizada para a impress\u00e3o das solu\u00e7\u00f5es gr\u00e1ficas \u00e9 completamente at\u00f3xica e n\u00e3o leva produtos prejudiciais \u00e0 natureza em sua composi\u00e7\u00e3o, que \u00e9 feita a partir da soja.<\/p>\n<h2>CONHE\u00c7A AS SOLU\u00c7\u00d5ES GR\u00c1FICAS DA REDOMA!<\/h2>\n<p>Entre em contato para conhecer as solu\u00e7\u00f5es gr\u00e1ficas da Redoma, empresa com mais de 40 anos de experi\u00eancia de mercado. A gr\u00e1fica est\u00e1 instalada em Cajamar, S\u00e3o Paulo. Saiba mais sobre os produtos e sobre a equipe e solicite um or\u00e7amento sob medida para\u00a0agendas personalizadas!<\/p>\n<h2>PARA SABER MAIS SOBRE AGENDAS PERSONALIZADAS<\/h2>\n<p>Ligue para\u00a011 4448-7300\u00a0ou mande e-mail para:\u00a0atendimento@redoma.com.br[\/vc_column_text][\/vc_column][\/vc_row][vc_row][vc_column][vc_media_grid grid_id=&#8221;vc_gid:1620253783225-8e09cd42-7bdb-8&#8243; include=&#8221;1798,1803,1804&#8243;][\/vc_column][\/vc_row]<\/p>\n<\/div>","protected":false},"excerpt":{"rendered":"<p>[vc_row][vc_column][vc_column_text] A FUNCIONALIDADE DAS AGENDAS PERSONALIZADAS Agendas personalizadas s\u00e3o \u00f3timos presentes, brindes e aquisi\u00e7\u00f5es pessoais para todos os tipos de gostos. Esse produto \u00e9 perfeito para a organiza\u00e7\u00e3o da rotina, al\u00e9m de eventos, compromissos e muitos outros. As\u00a0agendas personalizadas\u00a0da Redoma podem ser encomendadas para satisfazer os gostos de todos os tipos de consumidores, caracter\u00edstica que&hellip;<\/p>\n","protected":false},"author":1,"featured_media":1798,"parent":1776,"menu_order":0,"comment_status":"closed","ping_status":"closed","template":"","meta":{"footnotes":""},"class_list":["post-1813","page","type-page","status-publish","has-post-thumbnail","hentry","description-off"],"yoast_head":"<!-- This site is optimized with the Yoast SEO plugin v26.8 - https:\/\/yoast.com\/product\/yoast-seo-wordpress\/ -->\n<title>AGENDAS PERSONALIZADAS - Redoma - Brindes Corporativos<\/title>\n<meta name=\"robots\" content=\"index, follow, max-snippet:-1, max-image-preview:large, max-video-preview:-1\" \/>\n<link rel=\"canonical\" href=\"https:\/\/redoma.com.br\/corporativo\/informacoes\/agendas\/agendas-personalizadas\/\" \/>\n<meta property=\"og:locale\" content=\"pt_BR\" \/>\n<meta property=\"og:type\" content=\"article\" \/>\n<meta property=\"og:title\" content=\"AGENDAS PERSONALIZADAS - Redoma - Brindes Corporativos\" \/>\n<meta property=\"og:description\" content=\"[vc_row][vc_column][vc_column_text] A FUNCIONALIDADE DAS AGENDAS PERSONALIZADAS Agendas personalizadas s\u00e3o \u00f3timos presentes, brindes e aquisi\u00e7\u00f5es pessoais para todos os tipos de gostos. Esse produto \u00e9 perfeito para a organiza\u00e7\u00e3o da rotina, al\u00e9m de eventos, compromissos e muitos outros. As\u00a0agendas personalizadas\u00a0da Redoma podem ser encomendadas para satisfazer os gostos de todos os tipos de consumidores, caracter\u00edstica que&hellip;\" \/>\n<meta property=\"og:url\" content=\"https:\/\/redoma.com.br\/corporativo\/informacoes\/agendas\/agendas-personalizadas\/\" \/>\n<meta property=\"og:site_name\" content=\"Redoma - Brindes Corporativos\" \/>\n<meta property=\"article:modified_time\" content=\"2021-05-05T22:40:47+00:00\" \/>\n<meta property=\"og:image\" content=\"https:\/\/redoma.com.br\/corporativo\/wp-content\/uploads\/2021\/05\/agenda_bolso_personalizada_02.jpg\" \/>\n\t<meta property=\"og:image:width\" content=\"480\" \/>\n\t<meta property=\"og:image:height\" content=\"480\" \/>\n\t<meta property=\"og:image:type\" content=\"image\/jpeg\" \/>\n<meta name=\"twitter:card\" content=\"summary_large_image\" \/>\n<meta name=\"twitter:label1\" content=\"Est. tempo de leitura\" \/>\n\t<meta name=\"twitter:data1\" content=\"2 minutos\" \/>\n<script type=\"application\/ld+json\" class=\"yoast-schema-graph\">{\"@context\":\"https:\/\/schema.org\",\"@graph\":[{\"@type\":\"WebPage\",\"@id\":\"https:\/\/redoma.com.br\/corporativo\/informacoes\/agendas\/agendas-personalizadas\/\",\"url\":\"https:\/\/redoma.com.br\/corporativo\/informacoes\/agendas\/agendas-personalizadas\/\",\"name\":\"AGENDAS PERSONALIZADAS - Redoma - Brindes Corporativos\",\"isPartOf\":{\"@id\":\"https:\/\/redoma.com.br\/corporativo\/#website\"},\"primaryImageOfPage\":{\"@id\":\"https:\/\/redoma.com.br\/corporativo\/informacoes\/agendas\/agendas-personalizadas\/#primaryimage\"},\"image\":{\"@id\":\"https:\/\/redoma.com.br\/corporativo\/informacoes\/agendas\/agendas-personalizadas\/#primaryimage\"},\"thumbnailUrl\":\"https:\/\/redoma.com.br\/corporativo\/wp-content\/uploads\/2021\/05\/agenda_bolso_personalizada_02.jpg\",\"datePublished\":\"2021-05-05T22:30:04+00:00\",\"dateModified\":\"2021-05-05T22:40:47+00:00\",\"breadcrumb\":{\"@id\":\"https:\/\/redoma.com.br\/corporativo\/informacoes\/agendas\/agendas-personalizadas\/#breadcrumb\"},\"inLanguage\":\"pt-BR\",\"potentialAction\":[{\"@type\":\"ReadAction\",\"target\":[\"https:\/\/redoma.com.br\/corporativo\/informacoes\/agendas\/agendas-personalizadas\/\"]}]},{\"@type\":\"ImageObject\",\"inLanguage\":\"pt-BR\",\"@id\":\"https:\/\/redoma.com.br\/corporativo\/informacoes\/agendas\/agendas-personalizadas\/#primaryimage\",\"url\":\"https:\/\/redoma.com.br\/corporativo\/wp-content\/uploads\/2021\/05\/agenda_bolso_personalizada_02.jpg\",\"contentUrl\":\"https:\/\/redoma.com.br\/corporativo\/wp-content\/uploads\/2021\/05\/agenda_bolso_personalizada_02.jpg\",\"width\":480,\"height\":480},{\"@type\":\"BreadcrumbList\",\"@id\":\"https:\/\/redoma.com.br\/corporativo\/informacoes\/agendas\/agendas-personalizadas\/#breadcrumb\",\"itemListElement\":[{\"@type\":\"ListItem\",\"position\":1,\"name\":\"In\u00edcio\",\"item\":\"https:\/\/redoma.com.br\/corporativo\/\"},{\"@type\":\"ListItem\",\"position\":2,\"name\":\"Informa\u00e7\u00f5es\",\"item\":\"https:\/\/redoma.com.br\/corporativo\/informacoes\/\"},{\"@type\":\"ListItem\",\"position\":3,\"name\":\"Agendas\",\"item\":\"https:\/\/redoma.com.br\/corporativo\/informacoes\/agendas\/\"},{\"@type\":\"ListItem\",\"position\":4,\"name\":\"AGENDAS PERSONALIZADAS\"}]},{\"@type\":\"WebSite\",\"@id\":\"https:\/\/redoma.com.br\/corporativo\/#website\",\"url\":\"https:\/\/redoma.com.br\/corporativo\/\",\"name\":\"Redoma - Brindes Corporativos\",\"description\":\"Produzimos Agenda Personalizada, Calend\u00e1rio Financeiro, Planner Personalizado, Caderno Personalizado, Caderneta personalizada e mais\",\"potentialAction\":[{\"@type\":\"SearchAction\",\"target\":{\"@type\":\"EntryPoint\",\"urlTemplate\":\"https:\/\/redoma.com.br\/corporativo\/?s={search_term_string}\"},\"query-input\":{\"@type\":\"PropertyValueSpecification\",\"valueRequired\":true,\"valueName\":\"search_term_string\"}}],\"inLanguage\":\"pt-BR\"}]}<\/script>\n<!-- \/ Yoast SEO plugin. -->","yoast_head_json":{"title":"AGENDAS PERSONALIZADAS - Redoma - Brindes Corporativos","robots":{"index":"index","follow":"follow","max-snippet":"max-snippet:-1","max-image-preview":"max-image-preview:large","max-video-preview":"max-video-preview:-1"},"canonical":"https:\/\/redoma.com.br\/corporativo\/informacoes\/agendas\/agendas-personalizadas\/","og_locale":"pt_BR","og_type":"article","og_title":"AGENDAS PERSONALIZADAS - Redoma - Brindes Corporativos","og_description":"[vc_row][vc_column][vc_column_text] A FUNCIONALIDADE DAS AGENDAS PERSONALIZADAS Agendas personalizadas s\u00e3o \u00f3timos presentes, brindes e aquisi\u00e7\u00f5es pessoais para todos os tipos de gostos. Esse produto \u00e9 perfeito para a organiza\u00e7\u00e3o da rotina, al\u00e9m de eventos, compromissos e muitos outros. As\u00a0agendas personalizadas\u00a0da Redoma podem ser encomendadas para satisfazer os gostos de todos os tipos de consumidores, caracter\u00edstica que&hellip;","og_url":"https:\/\/redoma.com.br\/corporativo\/informacoes\/agendas\/agendas-personalizadas\/","og_site_name":"Redoma - Brindes Corporativos","article_modified_time":"2021-05-05T22:40:47+00:00","og_image":[{"width":480,"height":480,"url":"https:\/\/redoma.com.br\/corporativo\/wp-content\/uploads\/2021\/05\/agenda_bolso_personalizada_02.jpg","type":"image\/jpeg"}],"twitter_card":"summary_large_image","twitter_misc":{"Est. tempo de leitura":"2 minutos"},"schema":{"@context":"https:\/\/schema.org","@graph":[{"@type":"WebPage","@id":"https:\/\/redoma.com.br\/corporativo\/informacoes\/agendas\/agendas-personalizadas\/","url":"https:\/\/redoma.com.br\/corporativo\/informacoes\/agendas\/agendas-personalizadas\/","name":"AGENDAS PERSONALIZADAS - Redoma - Brindes Corporativos","isPartOf":{"@id":"https:\/\/redoma.com.br\/corporativo\/#website"},"primaryImageOfPage":{"@id":"https:\/\/redoma.com.br\/corporativo\/informacoes\/agendas\/agendas-personalizadas\/#primaryimage"},"image":{"@id":"https:\/\/redoma.com.br\/corporativo\/informacoes\/agendas\/agendas-personalizadas\/#primaryimage"},"thumbnailUrl":"https:\/\/redoma.com.br\/corporativo\/wp-content\/uploads\/2021\/05\/agenda_bolso_personalizada_02.jpg","datePublished":"2021-05-05T22:30:04+00:00","dateModified":"2021-05-05T22:40:47+00:00","breadcrumb":{"@id":"https:\/\/redoma.com.br\/corporativo\/informacoes\/agendas\/agendas-personalizadas\/#breadcrumb"},"inLanguage":"pt-BR","potentialAction":[{"@type":"ReadAction","target":["https:\/\/redoma.com.br\/corporativo\/informacoes\/agendas\/agendas-personalizadas\/"]}]},{"@type":"ImageObject","inLanguage":"pt-BR","@id":"https:\/\/redoma.com.br\/corporativo\/informacoes\/agendas\/agendas-personalizadas\/#primaryimage","url":"https:\/\/redoma.com.br\/corporativo\/wp-content\/uploads\/2021\/05\/agenda_bolso_personalizada_02.jpg","contentUrl":"https:\/\/redoma.com.br\/corporativo\/wp-content\/uploads\/2021\/05\/agenda_bolso_personalizada_02.jpg","width":480,"height":480},{"@type":"BreadcrumbList","@id":"https:\/\/redoma.com.br\/corporativo\/informacoes\/agendas\/agendas-personalizadas\/#breadcrumb","itemListElement":[{"@type":"ListItem","position":1,"name":"In\u00edcio","item":"https:\/\/redoma.com.br\/corporativo\/"},{"@type":"ListItem","position":2,"name":"Informa\u00e7\u00f5es","item":"https:\/\/redoma.com.br\/corporativo\/informacoes\/"},{"@type":"ListItem","position":3,"name":"Agendas","item":"https:\/\/redoma.com.br\/corporativo\/informacoes\/agendas\/"},{"@type":"ListItem","position":4,"name":"AGENDAS PERSONALIZADAS"}]},{"@type":"WebSite","@id":"https:\/\/redoma.com.br\/corporativo\/#website","url":"https:\/\/redoma.com.br\/corporativo\/","name":"Redoma - Brindes Corporativos","description":"Produzimos Agenda Personalizada, Calend\u00e1rio Financeiro, Planner Personalizado, Caderno Personalizado, Caderneta personalizada e mais","potentialAction":[{"@type":"SearchAction","target":{"@type":"EntryPoint","urlTemplate":"https:\/\/redoma.com.br\/corporativo\/?s={search_term_string}"},"query-input":{"@type":"PropertyValueSpecification","valueRequired":true,"valueName":"search_term_string"}}],"inLanguage":"pt-BR"}]}},"_links":{"self":[{"href":"https:\/\/redoma.com.br\/corporativo\/wp-json\/wp\/v2\/pages\/1813","targetHints":{"allow":["GET"]}}],"collection":[{"href":"https:\/\/redoma.com.br\/corporativo\/wp-json\/wp\/v2\/pages"}],"about":[{"href":"https:\/\/redoma.com.br\/corporativo\/wp-json\/wp\/v2\/types\/page"}],"author":[{"embeddable":true,"href":"https:\/\/redoma.com.br\/corporativo\/wp-json\/wp\/v2\/users\/1"}],"replies":[{"embeddable":true,"href":"https:\/\/redoma.com.br\/corporativo\/wp-json\/wp\/v2\/comments?post=1813"}],"version-history":[{"count":1,"href":"https:\/\/redoma.com.br\/corporativo\/wp-json\/wp\/v2\/pages\/1813\/revisions"}],"predecessor-version":[{"id":1814,"href":"https:\/\/redoma.com.br\/corporativo\/wp-json\/wp\/v2\/pages\/1813\/revisions\/1814"}],"up":[{"embeddable":true,"href":"https:\/\/redoma.com.br\/corporativo\/wp-json\/wp\/v2\/pages\/1776"}],"wp:featuredmedia":[{"embeddable":true,"href":"https:\/\/redoma.com.br\/corporativo\/wp-json\/wp\/v2\/media\/1798"}],"wp:attachment":[{"href":"https:\/\/redoma.com.br\/corporativo\/wp-json\/wp\/v2\/media?parent=1813"}],"curies":[{"name":"wp","href":"https:\/\/api.w.org\/{rel}","templated":true}]}}