
{"id":1811,"date":"2021-05-05T19:28:23","date_gmt":"2021-05-05T22:28:23","guid":{"rendered":"https:\/\/novo.redoma.com.br\/?page_id=1811"},"modified":"2021-05-05T19:40:56","modified_gmt":"2021-05-05T22:40:56","slug":"agendas-direto-de-fabrica","status":"publish","type":"page","link":"https:\/\/redoma.com.br\/corporativo\/informacoes\/agendas\/agendas-direto-de-fabrica\/","title":{"rendered":"AGENDAS DIRETO DE F\u00c1BRICA"},"content":{"rendered":"<div class=\"wpb-content-wrapper\"><p>[vc_row][vc_column][vc_column_text]<\/p>\n<h2>COMPRE AGENDAS DIRETO DE F\u00c1BRICA<\/h2>\n<p>As\u00a0agendas direto de f\u00e1brica\u00a0s\u00e3o uma oportunidade de personalizar o produto para finalidades pessoais ou corporativas. Com a confec\u00e7\u00e3o de\u00a0agendas direto de f\u00e1brica\u00a0\u00e9 poss\u00edvel escolher qual ser\u00e1 o modelo, cor e, principalmente, a finalidade do material.<\/p>\n<p>Normalmente, aqueles que optam por\u00a0agendas direto de f\u00e1brica\u00a0procuram por economia e praticidade na escolha de brindes corporativos, sendo esta a maneira mais vi\u00e1vel para obter sucesso e agilidade na confec\u00e7\u00e3o das agendas.<\/p>\n<h2>COMO TRANSFORMAR AGENDAS DIRETO DE F\u00c1BRICA EM BRINDES CORPORATIVOS?<\/h2>\n<p>As agendas direto de f\u00e1brica podem ser personalizadas e, por isso, servem como brindes corporativos. A escolha por uma gr\u00e1fica especializada e com tradi\u00e7\u00e3o \u00e9 muito importante para que o brinde possa funcionar como uma forma de promo\u00e7\u00e3o de marcas. A confec\u00e7\u00e3o das agendas leva em conta a fixa\u00e7\u00e3o da logomarca, os par\u00e2metros de qualidade, as cores da identidade visual e os valores corporativos do cliente.<\/p>\n<p>No processo de produ\u00e7\u00e3o da agenda, a gr\u00e1fica considera os seguintes fatores:<\/p>\n<ul class=\"list\">\n<li>Logomarca:\u00a0a logomarca da empresa deve estar bem exposta no design da agenda, pois essa \u00e9 a parte mais importante para a promo\u00e7\u00e3o e fixa\u00e7\u00e3o da imagem corporativa.<\/li>\n<li>Cores:\u00a0a escolha das cores deve respeitar os tons j\u00e1 presentes na identidade visual e que j\u00e1 representam a marca.<\/li>\n<li>Modelo:\u00a0os modelos de\u00a0agendas direto de f\u00e1brica\u00a0s\u00e3o variados e podem ser de agendas di\u00e1rias, semanais ou com espa\u00e7o para planejamentos.<\/li>\n<\/ul>\n<h2>QUAL \u00c9 A MELHOR OP\u00c7\u00c3O DO MERCADO PARA ADQUIRIR AGENDAS DIRETO DE F\u00c1BRICA?<\/h2>\n<p>Para a escolha de uma gr\u00e1fica respons\u00e1vel por agendas, \u00e9 importante consultar cat\u00e1logos, avaliar os materiais usados, a responsabilidade ambiental da empresa, seus equipamentos de impress\u00e3o, equipe de designers e trabalhos personalizados j\u00e1 realizados.<\/p>\n<p>A Redoma \u00e9 uma gr\u00e1fica especializada em brindes corporativos e, por isso, \u00e9 a melhor escolha para a produ\u00e7\u00e3o de\u00a0agendas direto de f\u00e1brica. A Redoma conta com cat\u00e1logos exclusivos, imensa variedade de modelos tradicionais, cores e materiais diferenciados.<\/p>\n<p>H\u00e1 mais de 40 anos no mercado, a Redoma \u00e9 uma gr\u00e1fica que se responsabiliza tanto com os prazos determinados por seus clientes como com o uso de mat\u00e9rias-primas de alta qualidade e com perfil ecol\u00f3gico. Entre em contato com a Redoma e fa\u00e7a o or\u00e7amento de\u00a0agendas direto de f\u00e1brica!<\/p>\n<h2>PARA SABER MAIS SOBRE AGENDAS DIRETO DE F\u00c1BRICA<\/h2>\n<p>Ligue para\u00a011 4448-7300\u00a0ou mande e-mail para:\u00a0atendimento@redoma.com.br[\/vc_column_text][\/vc_column][\/vc_row][vc_row][vc_column][vc_media_grid grid_id=&#8221;vc_gid:1620253656519-fde1e289-027b-7&#8243; include=&#8221;1802,1804,1803&#8243;][\/vc_column][\/vc_row]<\/p>\n<\/div>","protected":false},"excerpt":{"rendered":"<p>[vc_row][vc_column][vc_column_text] COMPRE AGENDAS DIRETO DE F\u00c1BRICA As\u00a0agendas direto de f\u00e1brica\u00a0s\u00e3o uma oportunidade de personalizar o produto para finalidades pessoais ou corporativas. Com a confec\u00e7\u00e3o de\u00a0agendas direto de f\u00e1brica\u00a0\u00e9 poss\u00edvel escolher qual ser\u00e1 o modelo, cor e, principalmente, a finalidade do material. Normalmente, aqueles que optam por\u00a0agendas direto de f\u00e1brica\u00a0procuram por economia e praticidade na escolha&hellip;<\/p>\n","protected":false},"author":1,"featured_media":1802,"parent":1776,"menu_order":0,"comment_status":"closed","ping_status":"closed","template":"","meta":{"footnotes":""},"class_list":["post-1811","page","type-page","status-publish","has-post-thumbnail","hentry","description-off"],"yoast_head":"<!-- This site is optimized with the Yoast SEO plugin v26.8 - https:\/\/yoast.com\/product\/yoast-seo-wordpress\/ -->\n<title>AGENDAS DIRETO DE F\u00c1BRICA - Redoma - Brindes Corporativos<\/title>\n<meta name=\"robots\" content=\"index, follow, max-snippet:-1, max-image-preview:large, max-video-preview:-1\" \/>\n<link rel=\"canonical\" href=\"https:\/\/redoma.com.br\/corporativo\/informacoes\/agendas\/agendas-direto-de-fabrica\/\" \/>\n<meta property=\"og:locale\" content=\"pt_BR\" \/>\n<meta property=\"og:type\" content=\"article\" \/>\n<meta property=\"og:title\" content=\"AGENDAS DIRETO DE F\u00c1BRICA - Redoma - Brindes Corporativos\" \/>\n<meta property=\"og:description\" content=\"[vc_row][vc_column][vc_column_text] COMPRE AGENDAS DIRETO DE F\u00c1BRICA As\u00a0agendas direto de f\u00e1brica\u00a0s\u00e3o uma oportunidade de personalizar o produto para finalidades pessoais ou corporativas. Com a confec\u00e7\u00e3o de\u00a0agendas direto de f\u00e1brica\u00a0\u00e9 poss\u00edvel escolher qual ser\u00e1 o modelo, cor e, principalmente, a finalidade do material. Normalmente, aqueles que optam por\u00a0agendas direto de f\u00e1brica\u00a0procuram por economia e praticidade na escolha&hellip;\" \/>\n<meta property=\"og:url\" content=\"https:\/\/redoma.com.br\/corporativo\/informacoes\/agendas\/agendas-direto-de-fabrica\/\" \/>\n<meta property=\"og:site_name\" content=\"Redoma - Brindes Corporativos\" \/>\n<meta property=\"article:modified_time\" content=\"2021-05-05T22:40:56+00:00\" \/>\n<meta property=\"og:image\" content=\"https:\/\/redoma.com.br\/corporativo\/wp-content\/uploads\/2021\/05\/agenda_diaria_personalizada_03.jpg\" \/>\n\t<meta property=\"og:image:width\" content=\"480\" \/>\n\t<meta property=\"og:image:height\" content=\"480\" \/>\n\t<meta property=\"og:image:type\" content=\"image\/jpeg\" \/>\n<meta name=\"twitter:card\" content=\"summary_large_image\" \/>\n<meta name=\"twitter:label1\" content=\"Est. tempo de leitura\" \/>\n\t<meta name=\"twitter:data1\" content=\"2 minutos\" \/>\n<script type=\"application\/ld+json\" class=\"yoast-schema-graph\">{\"@context\":\"https:\/\/schema.org\",\"@graph\":[{\"@type\":\"WebPage\",\"@id\":\"https:\/\/redoma.com.br\/corporativo\/informacoes\/agendas\/agendas-direto-de-fabrica\/\",\"url\":\"https:\/\/redoma.com.br\/corporativo\/informacoes\/agendas\/agendas-direto-de-fabrica\/\",\"name\":\"AGENDAS DIRETO DE F\u00c1BRICA - Redoma - Brindes Corporativos\",\"isPartOf\":{\"@id\":\"https:\/\/redoma.com.br\/corporativo\/#website\"},\"primaryImageOfPage\":{\"@id\":\"https:\/\/redoma.com.br\/corporativo\/informacoes\/agendas\/agendas-direto-de-fabrica\/#primaryimage\"},\"image\":{\"@id\":\"https:\/\/redoma.com.br\/corporativo\/informacoes\/agendas\/agendas-direto-de-fabrica\/#primaryimage\"},\"thumbnailUrl\":\"https:\/\/redoma.com.br\/corporativo\/wp-content\/uploads\/2021\/05\/agenda_diaria_personalizada_03.jpg\",\"datePublished\":\"2021-05-05T22:28:23+00:00\",\"dateModified\":\"2021-05-05T22:40:56+00:00\",\"breadcrumb\":{\"@id\":\"https:\/\/redoma.com.br\/corporativo\/informacoes\/agendas\/agendas-direto-de-fabrica\/#breadcrumb\"},\"inLanguage\":\"pt-BR\",\"potentialAction\":[{\"@type\":\"ReadAction\",\"target\":[\"https:\/\/redoma.com.br\/corporativo\/informacoes\/agendas\/agendas-direto-de-fabrica\/\"]}]},{\"@type\":\"ImageObject\",\"inLanguage\":\"pt-BR\",\"@id\":\"https:\/\/redoma.com.br\/corporativo\/informacoes\/agendas\/agendas-direto-de-fabrica\/#primaryimage\",\"url\":\"https:\/\/redoma.com.br\/corporativo\/wp-content\/uploads\/2021\/05\/agenda_diaria_personalizada_03.jpg\",\"contentUrl\":\"https:\/\/redoma.com.br\/corporativo\/wp-content\/uploads\/2021\/05\/agenda_diaria_personalizada_03.jpg\",\"width\":480,\"height\":480},{\"@type\":\"BreadcrumbList\",\"@id\":\"https:\/\/redoma.com.br\/corporativo\/informacoes\/agendas\/agendas-direto-de-fabrica\/#breadcrumb\",\"itemListElement\":[{\"@type\":\"ListItem\",\"position\":1,\"name\":\"In\u00edcio\",\"item\":\"https:\/\/redoma.com.br\/corporativo\/\"},{\"@type\":\"ListItem\",\"position\":2,\"name\":\"Informa\u00e7\u00f5es\",\"item\":\"https:\/\/redoma.com.br\/corporativo\/informacoes\/\"},{\"@type\":\"ListItem\",\"position\":3,\"name\":\"Agendas\",\"item\":\"https:\/\/redoma.com.br\/corporativo\/informacoes\/agendas\/\"},{\"@type\":\"ListItem\",\"position\":4,\"name\":\"AGENDAS DIRETO DE F\u00c1BRICA\"}]},{\"@type\":\"WebSite\",\"@id\":\"https:\/\/redoma.com.br\/corporativo\/#website\",\"url\":\"https:\/\/redoma.com.br\/corporativo\/\",\"name\":\"Redoma - Brindes Corporativos\",\"description\":\"Produzimos Agenda Personalizada, Calend\u00e1rio Financeiro, Planner Personalizado, Caderno Personalizado, Caderneta personalizada e mais\",\"potentialAction\":[{\"@type\":\"SearchAction\",\"target\":{\"@type\":\"EntryPoint\",\"urlTemplate\":\"https:\/\/redoma.com.br\/corporativo\/?s={search_term_string}\"},\"query-input\":{\"@type\":\"PropertyValueSpecification\",\"valueRequired\":true,\"valueName\":\"search_term_string\"}}],\"inLanguage\":\"pt-BR\"}]}<\/script>\n<!-- \/ Yoast SEO plugin. -->","yoast_head_json":{"title":"AGENDAS DIRETO DE F\u00c1BRICA - Redoma - Brindes Corporativos","robots":{"index":"index","follow":"follow","max-snippet":"max-snippet:-1","max-image-preview":"max-image-preview:large","max-video-preview":"max-video-preview:-1"},"canonical":"https:\/\/redoma.com.br\/corporativo\/informacoes\/agendas\/agendas-direto-de-fabrica\/","og_locale":"pt_BR","og_type":"article","og_title":"AGENDAS DIRETO DE F\u00c1BRICA - Redoma - Brindes Corporativos","og_description":"[vc_row][vc_column][vc_column_text] COMPRE AGENDAS DIRETO DE F\u00c1BRICA As\u00a0agendas direto de f\u00e1brica\u00a0s\u00e3o uma oportunidade de personalizar o produto para finalidades pessoais ou corporativas. Com a confec\u00e7\u00e3o de\u00a0agendas direto de f\u00e1brica\u00a0\u00e9 poss\u00edvel escolher qual ser\u00e1 o modelo, cor e, principalmente, a finalidade do material. Normalmente, aqueles que optam por\u00a0agendas direto de f\u00e1brica\u00a0procuram por economia e praticidade na escolha&hellip;","og_url":"https:\/\/redoma.com.br\/corporativo\/informacoes\/agendas\/agendas-direto-de-fabrica\/","og_site_name":"Redoma - Brindes Corporativos","article_modified_time":"2021-05-05T22:40:56+00:00","og_image":[{"width":480,"height":480,"url":"https:\/\/redoma.com.br\/corporativo\/wp-content\/uploads\/2021\/05\/agenda_diaria_personalizada_03.jpg","type":"image\/jpeg"}],"twitter_card":"summary_large_image","twitter_misc":{"Est. tempo de leitura":"2 minutos"},"schema":{"@context":"https:\/\/schema.org","@graph":[{"@type":"WebPage","@id":"https:\/\/redoma.com.br\/corporativo\/informacoes\/agendas\/agendas-direto-de-fabrica\/","url":"https:\/\/redoma.com.br\/corporativo\/informacoes\/agendas\/agendas-direto-de-fabrica\/","name":"AGENDAS DIRETO DE F\u00c1BRICA - Redoma - Brindes Corporativos","isPartOf":{"@id":"https:\/\/redoma.com.br\/corporativo\/#website"},"primaryImageOfPage":{"@id":"https:\/\/redoma.com.br\/corporativo\/informacoes\/agendas\/agendas-direto-de-fabrica\/#primaryimage"},"image":{"@id":"https:\/\/redoma.com.br\/corporativo\/informacoes\/agendas\/agendas-direto-de-fabrica\/#primaryimage"},"thumbnailUrl":"https:\/\/redoma.com.br\/corporativo\/wp-content\/uploads\/2021\/05\/agenda_diaria_personalizada_03.jpg","datePublished":"2021-05-05T22:28:23+00:00","dateModified":"2021-05-05T22:40:56+00:00","breadcrumb":{"@id":"https:\/\/redoma.com.br\/corporativo\/informacoes\/agendas\/agendas-direto-de-fabrica\/#breadcrumb"},"inLanguage":"pt-BR","potentialAction":[{"@type":"ReadAction","target":["https:\/\/redoma.com.br\/corporativo\/informacoes\/agendas\/agendas-direto-de-fabrica\/"]}]},{"@type":"ImageObject","inLanguage":"pt-BR","@id":"https:\/\/redoma.com.br\/corporativo\/informacoes\/agendas\/agendas-direto-de-fabrica\/#primaryimage","url":"https:\/\/redoma.com.br\/corporativo\/wp-content\/uploads\/2021\/05\/agenda_diaria_personalizada_03.jpg","contentUrl":"https:\/\/redoma.com.br\/corporativo\/wp-content\/uploads\/2021\/05\/agenda_diaria_personalizada_03.jpg","width":480,"height":480},{"@type":"BreadcrumbList","@id":"https:\/\/redoma.com.br\/corporativo\/informacoes\/agendas\/agendas-direto-de-fabrica\/#breadcrumb","itemListElement":[{"@type":"ListItem","position":1,"name":"In\u00edcio","item":"https:\/\/redoma.com.br\/corporativo\/"},{"@type":"ListItem","position":2,"name":"Informa\u00e7\u00f5es","item":"https:\/\/redoma.com.br\/corporativo\/informacoes\/"},{"@type":"ListItem","position":3,"name":"Agendas","item":"https:\/\/redoma.com.br\/corporativo\/informacoes\/agendas\/"},{"@type":"ListItem","position":4,"name":"AGENDAS DIRETO DE F\u00c1BRICA"}]},{"@type":"WebSite","@id":"https:\/\/redoma.com.br\/corporativo\/#website","url":"https:\/\/redoma.com.br\/corporativo\/","name":"Redoma - Brindes Corporativos","description":"Produzimos Agenda Personalizada, Calend\u00e1rio Financeiro, Planner Personalizado, Caderno Personalizado, Caderneta personalizada e mais","potentialAction":[{"@type":"SearchAction","target":{"@type":"EntryPoint","urlTemplate":"https:\/\/redoma.com.br\/corporativo\/?s={search_term_string}"},"query-input":{"@type":"PropertyValueSpecification","valueRequired":true,"valueName":"search_term_string"}}],"inLanguage":"pt-BR"}]}},"_links":{"self":[{"href":"https:\/\/redoma.com.br\/corporativo\/wp-json\/wp\/v2\/pages\/1811","targetHints":{"allow":["GET"]}}],"collection":[{"href":"https:\/\/redoma.com.br\/corporativo\/wp-json\/wp\/v2\/pages"}],"about":[{"href":"https:\/\/redoma.com.br\/corporativo\/wp-json\/wp\/v2\/types\/page"}],"author":[{"embeddable":true,"href":"https:\/\/redoma.com.br\/corporativo\/wp-json\/wp\/v2\/users\/1"}],"replies":[{"embeddable":true,"href":"https:\/\/redoma.com.br\/corporativo\/wp-json\/wp\/v2\/comments?post=1811"}],"version-history":[{"count":1,"href":"https:\/\/redoma.com.br\/corporativo\/wp-json\/wp\/v2\/pages\/1811\/revisions"}],"predecessor-version":[{"id":1812,"href":"https:\/\/redoma.com.br\/corporativo\/wp-json\/wp\/v2\/pages\/1811\/revisions\/1812"}],"up":[{"embeddable":true,"href":"https:\/\/redoma.com.br\/corporativo\/wp-json\/wp\/v2\/pages\/1776"}],"wp:featuredmedia":[{"embeddable":true,"href":"https:\/\/redoma.com.br\/corporativo\/wp-json\/wp\/v2\/media\/1802"}],"wp:attachment":[{"href":"https:\/\/redoma.com.br\/corporativo\/wp-json\/wp\/v2\/media?parent=1811"}],"curies":[{"name":"wp","href":"https:\/\/api.w.org\/{rel}","templated":true}]}}