
{"id":1806,"date":"2021-05-05T19:26:31","date_gmt":"2021-05-05T22:26:31","guid":{"rendered":"https:\/\/novo.redoma.com.br\/?page_id=1806"},"modified":"2021-05-05T19:41:07","modified_gmt":"2021-05-05T22:41:07","slug":"agenda-semanal-personalizada","status":"publish","type":"page","link":"https:\/\/redoma.com.br\/corporativo\/informacoes\/agendas\/agenda-semanal-personalizada\/","title":{"rendered":"AGENDA SEMANAL PERSONALIZADA"},"content":{"rendered":"<div class=\"wpb-content-wrapper\"><p>[vc_row][vc_column][vc_column_text]<\/p>\n<h2>POR QUE USAR UMA AGENDA SEMANAL PERSONALIZADA?<\/h2>\n<p>A\u00a0agenda semanal personalizada\u00a0\u00e9 usada por pessoas que preferem dar um passo a mais na organiza\u00e7\u00e3o de eventos e compromissos. As p\u00e1ginas permitem uma vis\u00e3o mais ampla da semana inteira e ajudam a ordenar tudo de maneira mais pr\u00e1tica.<\/p>\n<p>A import\u00e2ncia da\u00a0agenda semanal personalizada\u00a0\u00e9 percebida na mudan\u00e7a que essa ferramenta oferece para a rotina de quem a utiliza. \u00c9 mais f\u00e1cil organizar as tarefas di\u00e1rias e compar\u00e1-las no decorrer da semana.<\/p>\n<h2>AS VANTAGENS DA AGENDA SEMANAL PERSONALIZADA DA REDOMA<\/h2>\n<p>A\u00a0agenda semanal personalizada\u00a0\u00e9 \u00fanica e pode mudar em textura, cor, estampa e tamanho. Oferecer um produto \u00fanico e sob encomenda atrai clientes de todos os ramos.<\/p>\n<p>Quanto maior a encomenda, menores s\u00e3o os pre\u00e7os. S\u00e3o 15.000 combina\u00e7\u00f5es de cores, acabamentos e formatos, com excelente qualidade e durabilidade da encaderna\u00e7\u00e3o e impress\u00e3o.<\/p>\n<p>A responsabilidade com a natureza \u00e9 levada muito a s\u00e9rio pela Redoma. Um exemplo disso \u00e9 o certificado FSC (Forest Stewardship Council), selo que marca o manejo consciente das mat\u00e9rias-primas extra\u00eddas da natureza e o respeito com a flora e a fauna.<\/p>\n<p>O papel \u00e9 fabricado a partir de mat\u00e9ria natural, mais precisamente de \u00e1rvores. \u00c9 por isso que todas as sobras provenientes dos cortes das p\u00e1ginas s\u00e3o enviadas para a reciclagem, o que torna a taxa de desperd\u00edcio m\u00ednima.<\/p>\n<p>A tinta utilizada na fabrica\u00e7\u00e3o da\u00a0agenda semanal personalizada\u00a0\u00e9 at\u00f3xica e \u00e0 base de soja.<\/p>\n<h2>REDOMA: SOLU\u00c7\u00d5ES GR\u00c1FICAS DE EXCEL\u00caNCIA E QUALIDADE<\/h2>\n<p>H\u00e1 mais de 40 anos no mercado, a Redoma oferece solu\u00e7\u00f5es gr\u00e1ficas em forma de calend\u00e1rios, agendas, \u00edndices telef\u00f4nicos, blocos para lembretes e muitos outros produtos que adicionam facilidade \u00e0 organiza\u00e7\u00e3o da rotina de pessoas por todo o Brasil. A experi\u00eancia da Redoma leva aos parceiros produtos de qualidade e durabilidade, com cumprimento de prazos mesmo em grandes pedidos. Isso se d\u00e1 por causa do desenvolvimento tecnol\u00f3gico que a empresa possui, sempre levando inova\u00e7\u00f5es para o p\u00fablico.<\/p>\n<h2>ENTRE EM CONTATO E SAIBA MAIS SOBRE A AGENDA SEMANAL PERSONALIZADA<\/h2>\n<p>Saiba mais sobre a cole\u00e7\u00e3o da Redoma ao entrar em contato com a equipe. Leve sofistica\u00e7\u00e3o ao seu empreendimento e ao seu dia a dia com produtos desenvolvidos especialmente para se destacarem no mercado. Pe\u00e7a um or\u00e7amento para\u00a0agenda semanal personalizada!<\/p>\n<h2>PARA SABER MAIS SOBRE AGENDA SEMANAL PERSONALIZADA<\/h2>\n<p>Ligue para\u00a011 4448-7300\u00a0ou mande e-mail para:\u00a0atendimento@redoma.com.br[\/vc_column_text][\/vc_column][\/vc_row][vc_row][vc_column][vc_media_grid grid_id=&#8221;vc_gid:1620253551270-791a0c37-93a0-10&#8243; include=&#8221;1807,1808,1809&#8243;][\/vc_column][\/vc_row]<\/p>\n<\/div>","protected":false},"excerpt":{"rendered":"<p>[vc_row][vc_column][vc_column_text] POR QUE USAR UMA AGENDA SEMANAL PERSONALIZADA? A\u00a0agenda semanal personalizada\u00a0\u00e9 usada por pessoas que preferem dar um passo a mais na organiza\u00e7\u00e3o de eventos e compromissos. As p\u00e1ginas permitem uma vis\u00e3o mais ampla da semana inteira e ajudam a ordenar tudo de maneira mais pr\u00e1tica. A import\u00e2ncia da\u00a0agenda semanal personalizada\u00a0\u00e9 percebida na mudan\u00e7a que&hellip;<\/p>\n","protected":false},"author":1,"featured_media":1809,"parent":1776,"menu_order":0,"comment_status":"closed","ping_status":"closed","template":"","meta":{"footnotes":""},"class_list":["post-1806","page","type-page","status-publish","has-post-thumbnail","hentry","description-off"],"yoast_head":"<!-- This site is optimized with the Yoast SEO plugin v26.8 - https:\/\/yoast.com\/product\/yoast-seo-wordpress\/ -->\n<title>AGENDA SEMANAL PERSONALIZADA - Redoma - Brindes Corporativos<\/title>\n<meta name=\"robots\" content=\"index, follow, max-snippet:-1, max-image-preview:large, max-video-preview:-1\" \/>\n<link rel=\"canonical\" href=\"https:\/\/redoma.com.br\/corporativo\/informacoes\/agendas\/agenda-semanal-personalizada\/\" \/>\n<meta property=\"og:locale\" content=\"pt_BR\" \/>\n<meta property=\"og:type\" content=\"article\" \/>\n<meta property=\"og:title\" content=\"AGENDA SEMANAL PERSONALIZADA - Redoma - Brindes Corporativos\" \/>\n<meta property=\"og:description\" content=\"[vc_row][vc_column][vc_column_text] POR QUE USAR UMA AGENDA SEMANAL PERSONALIZADA? A\u00a0agenda semanal personalizada\u00a0\u00e9 usada por pessoas que preferem dar um passo a mais na organiza\u00e7\u00e3o de eventos e compromissos. As p\u00e1ginas permitem uma vis\u00e3o mais ampla da semana inteira e ajudam a ordenar tudo de maneira mais pr\u00e1tica. A import\u00e2ncia da\u00a0agenda semanal personalizada\u00a0\u00e9 percebida na mudan\u00e7a que&hellip;\" \/>\n<meta property=\"og:url\" content=\"https:\/\/redoma.com.br\/corporativo\/informacoes\/agendas\/agenda-semanal-personalizada\/\" \/>\n<meta property=\"og:site_name\" content=\"Redoma - Brindes Corporativos\" \/>\n<meta property=\"article:modified_time\" content=\"2021-05-05T22:41:07+00:00\" \/>\n<meta property=\"og:image\" content=\"https:\/\/redoma.com.br\/corporativo\/wp-content\/uploads\/2021\/05\/agenda_semanal_personalizada_01.jpg\" \/>\n\t<meta property=\"og:image:width\" content=\"480\" \/>\n\t<meta property=\"og:image:height\" content=\"480\" \/>\n\t<meta property=\"og:image:type\" content=\"image\/jpeg\" \/>\n<meta name=\"twitter:card\" content=\"summary_large_image\" \/>\n<meta name=\"twitter:label1\" content=\"Est. tempo de leitura\" \/>\n\t<meta name=\"twitter:data1\" content=\"2 minutos\" \/>\n<script type=\"application\/ld+json\" class=\"yoast-schema-graph\">{\"@context\":\"https:\/\/schema.org\",\"@graph\":[{\"@type\":\"WebPage\",\"@id\":\"https:\/\/redoma.com.br\/corporativo\/informacoes\/agendas\/agenda-semanal-personalizada\/\",\"url\":\"https:\/\/redoma.com.br\/corporativo\/informacoes\/agendas\/agenda-semanal-personalizada\/\",\"name\":\"AGENDA SEMANAL PERSONALIZADA - Redoma - Brindes Corporativos\",\"isPartOf\":{\"@id\":\"https:\/\/redoma.com.br\/corporativo\/#website\"},\"primaryImageOfPage\":{\"@id\":\"https:\/\/redoma.com.br\/corporativo\/informacoes\/agendas\/agenda-semanal-personalizada\/#primaryimage\"},\"image\":{\"@id\":\"https:\/\/redoma.com.br\/corporativo\/informacoes\/agendas\/agenda-semanal-personalizada\/#primaryimage\"},\"thumbnailUrl\":\"https:\/\/redoma.com.br\/corporativo\/wp-content\/uploads\/2021\/05\/agenda_semanal_personalizada_01.jpg\",\"datePublished\":\"2021-05-05T22:26:31+00:00\",\"dateModified\":\"2021-05-05T22:41:07+00:00\",\"breadcrumb\":{\"@id\":\"https:\/\/redoma.com.br\/corporativo\/informacoes\/agendas\/agenda-semanal-personalizada\/#breadcrumb\"},\"inLanguage\":\"pt-BR\",\"potentialAction\":[{\"@type\":\"ReadAction\",\"target\":[\"https:\/\/redoma.com.br\/corporativo\/informacoes\/agendas\/agenda-semanal-personalizada\/\"]}]},{\"@type\":\"ImageObject\",\"inLanguage\":\"pt-BR\",\"@id\":\"https:\/\/redoma.com.br\/corporativo\/informacoes\/agendas\/agenda-semanal-personalizada\/#primaryimage\",\"url\":\"https:\/\/redoma.com.br\/corporativo\/wp-content\/uploads\/2021\/05\/agenda_semanal_personalizada_01.jpg\",\"contentUrl\":\"https:\/\/redoma.com.br\/corporativo\/wp-content\/uploads\/2021\/05\/agenda_semanal_personalizada_01.jpg\",\"width\":480,\"height\":480},{\"@type\":\"BreadcrumbList\",\"@id\":\"https:\/\/redoma.com.br\/corporativo\/informacoes\/agendas\/agenda-semanal-personalizada\/#breadcrumb\",\"itemListElement\":[{\"@type\":\"ListItem\",\"position\":1,\"name\":\"In\u00edcio\",\"item\":\"https:\/\/redoma.com.br\/corporativo\/\"},{\"@type\":\"ListItem\",\"position\":2,\"name\":\"Informa\u00e7\u00f5es\",\"item\":\"https:\/\/redoma.com.br\/corporativo\/informacoes\/\"},{\"@type\":\"ListItem\",\"position\":3,\"name\":\"Agendas\",\"item\":\"https:\/\/redoma.com.br\/corporativo\/informacoes\/agendas\/\"},{\"@type\":\"ListItem\",\"position\":4,\"name\":\"AGENDA SEMANAL PERSONALIZADA\"}]},{\"@type\":\"WebSite\",\"@id\":\"https:\/\/redoma.com.br\/corporativo\/#website\",\"url\":\"https:\/\/redoma.com.br\/corporativo\/\",\"name\":\"Redoma - Brindes Corporativos\",\"description\":\"Produzimos Agenda Personalizada, Calend\u00e1rio Financeiro, Planner Personalizado, Caderno Personalizado, Caderneta personalizada e mais\",\"potentialAction\":[{\"@type\":\"SearchAction\",\"target\":{\"@type\":\"EntryPoint\",\"urlTemplate\":\"https:\/\/redoma.com.br\/corporativo\/?s={search_term_string}\"},\"query-input\":{\"@type\":\"PropertyValueSpecification\",\"valueRequired\":true,\"valueName\":\"search_term_string\"}}],\"inLanguage\":\"pt-BR\"}]}<\/script>\n<!-- \/ Yoast SEO plugin. -->","yoast_head_json":{"title":"AGENDA SEMANAL PERSONALIZADA - Redoma - Brindes Corporativos","robots":{"index":"index","follow":"follow","max-snippet":"max-snippet:-1","max-image-preview":"max-image-preview:large","max-video-preview":"max-video-preview:-1"},"canonical":"https:\/\/redoma.com.br\/corporativo\/informacoes\/agendas\/agenda-semanal-personalizada\/","og_locale":"pt_BR","og_type":"article","og_title":"AGENDA SEMANAL PERSONALIZADA - Redoma - Brindes Corporativos","og_description":"[vc_row][vc_column][vc_column_text] POR QUE USAR UMA AGENDA SEMANAL PERSONALIZADA? A\u00a0agenda semanal personalizada\u00a0\u00e9 usada por pessoas que preferem dar um passo a mais na organiza\u00e7\u00e3o de eventos e compromissos. As p\u00e1ginas permitem uma vis\u00e3o mais ampla da semana inteira e ajudam a ordenar tudo de maneira mais pr\u00e1tica. A import\u00e2ncia da\u00a0agenda semanal personalizada\u00a0\u00e9 percebida na mudan\u00e7a que&hellip;","og_url":"https:\/\/redoma.com.br\/corporativo\/informacoes\/agendas\/agenda-semanal-personalizada\/","og_site_name":"Redoma - Brindes Corporativos","article_modified_time":"2021-05-05T22:41:07+00:00","og_image":[{"width":480,"height":480,"url":"https:\/\/redoma.com.br\/corporativo\/wp-content\/uploads\/2021\/05\/agenda_semanal_personalizada_01.jpg","type":"image\/jpeg"}],"twitter_card":"summary_large_image","twitter_misc":{"Est. tempo de leitura":"2 minutos"},"schema":{"@context":"https:\/\/schema.org","@graph":[{"@type":"WebPage","@id":"https:\/\/redoma.com.br\/corporativo\/informacoes\/agendas\/agenda-semanal-personalizada\/","url":"https:\/\/redoma.com.br\/corporativo\/informacoes\/agendas\/agenda-semanal-personalizada\/","name":"AGENDA SEMANAL PERSONALIZADA - Redoma - Brindes Corporativos","isPartOf":{"@id":"https:\/\/redoma.com.br\/corporativo\/#website"},"primaryImageOfPage":{"@id":"https:\/\/redoma.com.br\/corporativo\/informacoes\/agendas\/agenda-semanal-personalizada\/#primaryimage"},"image":{"@id":"https:\/\/redoma.com.br\/corporativo\/informacoes\/agendas\/agenda-semanal-personalizada\/#primaryimage"},"thumbnailUrl":"https:\/\/redoma.com.br\/corporativo\/wp-content\/uploads\/2021\/05\/agenda_semanal_personalizada_01.jpg","datePublished":"2021-05-05T22:26:31+00:00","dateModified":"2021-05-05T22:41:07+00:00","breadcrumb":{"@id":"https:\/\/redoma.com.br\/corporativo\/informacoes\/agendas\/agenda-semanal-personalizada\/#breadcrumb"},"inLanguage":"pt-BR","potentialAction":[{"@type":"ReadAction","target":["https:\/\/redoma.com.br\/corporativo\/informacoes\/agendas\/agenda-semanal-personalizada\/"]}]},{"@type":"ImageObject","inLanguage":"pt-BR","@id":"https:\/\/redoma.com.br\/corporativo\/informacoes\/agendas\/agenda-semanal-personalizada\/#primaryimage","url":"https:\/\/redoma.com.br\/corporativo\/wp-content\/uploads\/2021\/05\/agenda_semanal_personalizada_01.jpg","contentUrl":"https:\/\/redoma.com.br\/corporativo\/wp-content\/uploads\/2021\/05\/agenda_semanal_personalizada_01.jpg","width":480,"height":480},{"@type":"BreadcrumbList","@id":"https:\/\/redoma.com.br\/corporativo\/informacoes\/agendas\/agenda-semanal-personalizada\/#breadcrumb","itemListElement":[{"@type":"ListItem","position":1,"name":"In\u00edcio","item":"https:\/\/redoma.com.br\/corporativo\/"},{"@type":"ListItem","position":2,"name":"Informa\u00e7\u00f5es","item":"https:\/\/redoma.com.br\/corporativo\/informacoes\/"},{"@type":"ListItem","position":3,"name":"Agendas","item":"https:\/\/redoma.com.br\/corporativo\/informacoes\/agendas\/"},{"@type":"ListItem","position":4,"name":"AGENDA SEMANAL PERSONALIZADA"}]},{"@type":"WebSite","@id":"https:\/\/redoma.com.br\/corporativo\/#website","url":"https:\/\/redoma.com.br\/corporativo\/","name":"Redoma - Brindes Corporativos","description":"Produzimos Agenda Personalizada, Calend\u00e1rio Financeiro, Planner Personalizado, Caderno Personalizado, Caderneta personalizada e mais","potentialAction":[{"@type":"SearchAction","target":{"@type":"EntryPoint","urlTemplate":"https:\/\/redoma.com.br\/corporativo\/?s={search_term_string}"},"query-input":{"@type":"PropertyValueSpecification","valueRequired":true,"valueName":"search_term_string"}}],"inLanguage":"pt-BR"}]}},"_links":{"self":[{"href":"https:\/\/redoma.com.br\/corporativo\/wp-json\/wp\/v2\/pages\/1806","targetHints":{"allow":["GET"]}}],"collection":[{"href":"https:\/\/redoma.com.br\/corporativo\/wp-json\/wp\/v2\/pages"}],"about":[{"href":"https:\/\/redoma.com.br\/corporativo\/wp-json\/wp\/v2\/types\/page"}],"author":[{"embeddable":true,"href":"https:\/\/redoma.com.br\/corporativo\/wp-json\/wp\/v2\/users\/1"}],"replies":[{"embeddable":true,"href":"https:\/\/redoma.com.br\/corporativo\/wp-json\/wp\/v2\/comments?post=1806"}],"version-history":[{"count":1,"href":"https:\/\/redoma.com.br\/corporativo\/wp-json\/wp\/v2\/pages\/1806\/revisions"}],"predecessor-version":[{"id":1810,"href":"https:\/\/redoma.com.br\/corporativo\/wp-json\/wp\/v2\/pages\/1806\/revisions\/1810"}],"up":[{"embeddable":true,"href":"https:\/\/redoma.com.br\/corporativo\/wp-json\/wp\/v2\/pages\/1776"}],"wp:featuredmedia":[{"embeddable":true,"href":"https:\/\/redoma.com.br\/corporativo\/wp-json\/wp\/v2\/media\/1809"}],"wp:attachment":[{"href":"https:\/\/redoma.com.br\/corporativo\/wp-json\/wp\/v2\/media?parent=1806"}],"curies":[{"name":"wp","href":"https:\/\/api.w.org\/{rel}","templated":true}]}}