
{"id":1801,"date":"2021-05-05T19:24:16","date_gmt":"2021-05-05T22:24:16","guid":{"rendered":"https:\/\/novo.redoma.com.br\/?page_id=1801"},"modified":"2021-05-05T19:41:02","modified_gmt":"2021-05-05T22:41:02","slug":"agenda-diaria-personalizada","status":"publish","type":"page","link":"https:\/\/redoma.com.br\/corporativo\/informacoes\/agendas\/agenda-diaria-personalizada\/","title":{"rendered":"AGENDA DI\u00c1RIA PERSONALIZADA"},"content":{"rendered":"<div class=\"wpb-content-wrapper\"><p>[vc_row][vc_column][vc_column_text]<\/p>\n<h2>A PRATICIDADE DA AGENDA DI\u00c1RIA PERSONALIZADA<\/h2>\n<p>Uma\u00a0agenda di\u00e1ria personalizada\u00a0\u00e9 feita com p\u00e1ginas especiais para o planejamento de compromissos, eventos e anota\u00e7\u00e3o de lembretes de acordo com os dias do m\u00eas. Esse tipo de planejador \u00e9 amplamente conhecido e, por isso, uma\u00a0agenda di\u00e1ria personalizada\u00a0leva um grande diferencial para o empreendedor. Estampas e texturas exclusivas aliadas a papel e encaderna\u00e7\u00e3o de excelente qualidade atraem e fidelizam clientes de todos os tipos.<\/p>\n<h2>CONHE\u00c7A DETALHES SOBRE A AGENDA DI\u00c1RIA PERSONALIZADA DA REDOMA<\/h2>\n<p>O papel \u00e9 fabricado totalmente com recursos naturais. \u00c9 por isso que toda a aten\u00e7\u00e3o \u00e9 direcionada para a responsabilidade no manejo da madeira florestal. A Redoma s\u00f3 emprega papel com certificado FSC (Forest Stewardship Council), justamente por considerar t\u00e3o importante a responsabilidade ambiental.<\/p>\n<p>A\u00a0agenda di\u00e1ria personalizada\u00a0pode ser feita de diversos tamanhos, tipos de papel, cores e texturas. A tinta utilizada na impress\u00e3o dessas p\u00e1ginas \u00e9 100% at\u00f3xica e fabricada \u00e0 base de soja.<\/p>\n<p>Cada\u00a0agenda di\u00e1ria personalizada\u00a0\u00e9 \u00fanica e pode ter a cara do cliente ou da marca. Encomendar quantidades maiores garante menores pre\u00e7os.<\/p>\n<p>H\u00e1 mais de 15.000 combina\u00e7\u00f5es de cores e texturas diferentes nas solu\u00e7\u00f5es gr\u00e1ficas da Redoma.<\/p>\n<h2>CONFIRA OS PRODUTOS EXCLUSIVOS DA REDOMA!<\/h2>\n<p>A Redoma oferece solu\u00e7\u00f5es gr\u00e1ficas, em produtos como calend\u00e1rios, agendas e muitos outros, h\u00e1 mais de 40 anos. S\u00e3o quatro d\u00e9cadas de crescimento e inova\u00e7\u00f5es no ramo e, por isso, a qualidade dos produtos \u00e9 garantida e os pedidos seguem o calend\u00e1rio estipulado para o cumprimento de prazos.<\/p>\n<p>A m\u00e3o de obra \u00e9 qualificada e a estrutura de 11.000m2 garante que grandes projetos sejam realizados com efici\u00eancia. Al\u00e9m disso, h\u00e1 muito investimento para o desenvolvimento de tecnologias e produtos mais sustent\u00e1veis, com o descarte de sobras de forma consciente.<\/p>\n<p>Os produtos, como a\u00a0agenda di\u00e1ria personalizada,\u00a0s\u00e3o sofisticados e inovadores e, por isso, a Redoma se mant\u00e9m em destaque no mercado nacional.<\/p>\n<h2>SOLICITE INFORMA\u00c7\u00d5ES SOBRE A NOVA COLE\u00c7\u00c3O DA REDOMA<\/h2>\n<p>A nova cole\u00e7\u00e3o de agendas da Redoma j\u00e1 est\u00e1 pronta para ser adquirida por clientes que desejam oferecer produtos de qualidade e sofistica\u00e7\u00e3o para seus parceiros ou consumidores. Entre em contato com a Redoma para saber mais e pedir um or\u00e7amento detalhado de\u00a0agenda di\u00e1ria personalizada!<\/p>\n<h2>PARA SABER MAIS SOBRE AGENDA DI\u00c1RIA PERSONALIZADA<\/h2>\n<p>Ligue para\u00a011 4448-7300\u00a0ou mande e-mail para:\u00a0atendimento@redoma.com.br[\/vc_column_text][\/vc_column][\/vc_row][vc_row][vc_column][vc_media_grid grid_id=&#8221;vc_gid:1620253404166-aeb41842-7d1c-6&#8243; include=&#8221;1802,1803,1804&#8243;][\/vc_column][\/vc_row]<\/p>\n<\/div>","protected":false},"excerpt":{"rendered":"<p>[vc_row][vc_column][vc_column_text] A PRATICIDADE DA AGENDA DI\u00c1RIA PERSONALIZADA Uma\u00a0agenda di\u00e1ria personalizada\u00a0\u00e9 feita com p\u00e1ginas especiais para o planejamento de compromissos, eventos e anota\u00e7\u00e3o de lembretes de acordo com os dias do m\u00eas. Esse tipo de planejador \u00e9 amplamente conhecido e, por isso, uma\u00a0agenda di\u00e1ria personalizada\u00a0leva um grande diferencial para o empreendedor. Estampas e texturas exclusivas aliadas&hellip;<\/p>\n","protected":false},"author":1,"featured_media":1804,"parent":1776,"menu_order":0,"comment_status":"closed","ping_status":"closed","template":"","meta":{"footnotes":""},"class_list":["post-1801","page","type-page","status-publish","has-post-thumbnail","hentry","description-off"],"yoast_head":"<!-- This site is optimized with the Yoast SEO plugin v26.8 - https:\/\/yoast.com\/product\/yoast-seo-wordpress\/ -->\n<title>AGENDA DI\u00c1RIA PERSONALIZADA - Redoma - Brindes Corporativos<\/title>\n<meta name=\"robots\" content=\"index, follow, max-snippet:-1, max-image-preview:large, max-video-preview:-1\" \/>\n<link rel=\"canonical\" href=\"https:\/\/redoma.com.br\/corporativo\/informacoes\/agendas\/agenda-diaria-personalizada\/\" \/>\n<meta property=\"og:locale\" content=\"pt_BR\" \/>\n<meta property=\"og:type\" content=\"article\" \/>\n<meta property=\"og:title\" content=\"AGENDA DI\u00c1RIA PERSONALIZADA - Redoma - Brindes Corporativos\" \/>\n<meta property=\"og:description\" content=\"[vc_row][vc_column][vc_column_text] A PRATICIDADE DA AGENDA DI\u00c1RIA PERSONALIZADA Uma\u00a0agenda di\u00e1ria personalizada\u00a0\u00e9 feita com p\u00e1ginas especiais para o planejamento de compromissos, eventos e anota\u00e7\u00e3o de lembretes de acordo com os dias do m\u00eas. Esse tipo de planejador \u00e9 amplamente conhecido e, por isso, uma\u00a0agenda di\u00e1ria personalizada\u00a0leva um grande diferencial para o empreendedor. Estampas e texturas exclusivas aliadas&hellip;\" \/>\n<meta property=\"og:url\" content=\"https:\/\/redoma.com.br\/corporativo\/informacoes\/agendas\/agenda-diaria-personalizada\/\" \/>\n<meta property=\"og:site_name\" content=\"Redoma - Brindes Corporativos\" \/>\n<meta property=\"article:modified_time\" content=\"2021-05-05T22:41:02+00:00\" \/>\n<meta property=\"og:image\" content=\"https:\/\/redoma.com.br\/corporativo\/wp-content\/uploads\/2021\/05\/agenda_diaria_personalizada_01.jpg\" \/>\n\t<meta property=\"og:image:width\" content=\"480\" \/>\n\t<meta property=\"og:image:height\" content=\"480\" \/>\n\t<meta property=\"og:image:type\" content=\"image\/jpeg\" \/>\n<meta name=\"twitter:card\" content=\"summary_large_image\" \/>\n<meta name=\"twitter:label1\" content=\"Est. tempo de leitura\" \/>\n\t<meta name=\"twitter:data1\" content=\"2 minutos\" \/>\n<script type=\"application\/ld+json\" class=\"yoast-schema-graph\">{\"@context\":\"https:\/\/schema.org\",\"@graph\":[{\"@type\":\"WebPage\",\"@id\":\"https:\/\/redoma.com.br\/corporativo\/informacoes\/agendas\/agenda-diaria-personalizada\/\",\"url\":\"https:\/\/redoma.com.br\/corporativo\/informacoes\/agendas\/agenda-diaria-personalizada\/\",\"name\":\"AGENDA DI\u00c1RIA PERSONALIZADA - Redoma - Brindes Corporativos\",\"isPartOf\":{\"@id\":\"https:\/\/redoma.com.br\/corporativo\/#website\"},\"primaryImageOfPage\":{\"@id\":\"https:\/\/redoma.com.br\/corporativo\/informacoes\/agendas\/agenda-diaria-personalizada\/#primaryimage\"},\"image\":{\"@id\":\"https:\/\/redoma.com.br\/corporativo\/informacoes\/agendas\/agenda-diaria-personalizada\/#primaryimage\"},\"thumbnailUrl\":\"https:\/\/redoma.com.br\/corporativo\/wp-content\/uploads\/2021\/05\/agenda_diaria_personalizada_01.jpg\",\"datePublished\":\"2021-05-05T22:24:16+00:00\",\"dateModified\":\"2021-05-05T22:41:02+00:00\",\"breadcrumb\":{\"@id\":\"https:\/\/redoma.com.br\/corporativo\/informacoes\/agendas\/agenda-diaria-personalizada\/#breadcrumb\"},\"inLanguage\":\"pt-BR\",\"potentialAction\":[{\"@type\":\"ReadAction\",\"target\":[\"https:\/\/redoma.com.br\/corporativo\/informacoes\/agendas\/agenda-diaria-personalizada\/\"]}]},{\"@type\":\"ImageObject\",\"inLanguage\":\"pt-BR\",\"@id\":\"https:\/\/redoma.com.br\/corporativo\/informacoes\/agendas\/agenda-diaria-personalizada\/#primaryimage\",\"url\":\"https:\/\/redoma.com.br\/corporativo\/wp-content\/uploads\/2021\/05\/agenda_diaria_personalizada_01.jpg\",\"contentUrl\":\"https:\/\/redoma.com.br\/corporativo\/wp-content\/uploads\/2021\/05\/agenda_diaria_personalizada_01.jpg\",\"width\":480,\"height\":480},{\"@type\":\"BreadcrumbList\",\"@id\":\"https:\/\/redoma.com.br\/corporativo\/informacoes\/agendas\/agenda-diaria-personalizada\/#breadcrumb\",\"itemListElement\":[{\"@type\":\"ListItem\",\"position\":1,\"name\":\"In\u00edcio\",\"item\":\"https:\/\/redoma.com.br\/corporativo\/\"},{\"@type\":\"ListItem\",\"position\":2,\"name\":\"Informa\u00e7\u00f5es\",\"item\":\"https:\/\/redoma.com.br\/corporativo\/informacoes\/\"},{\"@type\":\"ListItem\",\"position\":3,\"name\":\"Agendas\",\"item\":\"https:\/\/redoma.com.br\/corporativo\/informacoes\/agendas\/\"},{\"@type\":\"ListItem\",\"position\":4,\"name\":\"AGENDA DI\u00c1RIA PERSONALIZADA\"}]},{\"@type\":\"WebSite\",\"@id\":\"https:\/\/redoma.com.br\/corporativo\/#website\",\"url\":\"https:\/\/redoma.com.br\/corporativo\/\",\"name\":\"Redoma - Brindes Corporativos\",\"description\":\"Produzimos Agenda Personalizada, Calend\u00e1rio Financeiro, Planner Personalizado, Caderno Personalizado, Caderneta personalizada e mais\",\"potentialAction\":[{\"@type\":\"SearchAction\",\"target\":{\"@type\":\"EntryPoint\",\"urlTemplate\":\"https:\/\/redoma.com.br\/corporativo\/?s={search_term_string}\"},\"query-input\":{\"@type\":\"PropertyValueSpecification\",\"valueRequired\":true,\"valueName\":\"search_term_string\"}}],\"inLanguage\":\"pt-BR\"}]}<\/script>\n<!-- \/ Yoast SEO plugin. -->","yoast_head_json":{"title":"AGENDA DI\u00c1RIA PERSONALIZADA - Redoma - Brindes Corporativos","robots":{"index":"index","follow":"follow","max-snippet":"max-snippet:-1","max-image-preview":"max-image-preview:large","max-video-preview":"max-video-preview:-1"},"canonical":"https:\/\/redoma.com.br\/corporativo\/informacoes\/agendas\/agenda-diaria-personalizada\/","og_locale":"pt_BR","og_type":"article","og_title":"AGENDA DI\u00c1RIA PERSONALIZADA - Redoma - Brindes Corporativos","og_description":"[vc_row][vc_column][vc_column_text] A PRATICIDADE DA AGENDA DI\u00c1RIA PERSONALIZADA Uma\u00a0agenda di\u00e1ria personalizada\u00a0\u00e9 feita com p\u00e1ginas especiais para o planejamento de compromissos, eventos e anota\u00e7\u00e3o de lembretes de acordo com os dias do m\u00eas. Esse tipo de planejador \u00e9 amplamente conhecido e, por isso, uma\u00a0agenda di\u00e1ria personalizada\u00a0leva um grande diferencial para o empreendedor. Estampas e texturas exclusivas aliadas&hellip;","og_url":"https:\/\/redoma.com.br\/corporativo\/informacoes\/agendas\/agenda-diaria-personalizada\/","og_site_name":"Redoma - Brindes Corporativos","article_modified_time":"2021-05-05T22:41:02+00:00","og_image":[{"width":480,"height":480,"url":"https:\/\/redoma.com.br\/corporativo\/wp-content\/uploads\/2021\/05\/agenda_diaria_personalizada_01.jpg","type":"image\/jpeg"}],"twitter_card":"summary_large_image","twitter_misc":{"Est. tempo de leitura":"2 minutos"},"schema":{"@context":"https:\/\/schema.org","@graph":[{"@type":"WebPage","@id":"https:\/\/redoma.com.br\/corporativo\/informacoes\/agendas\/agenda-diaria-personalizada\/","url":"https:\/\/redoma.com.br\/corporativo\/informacoes\/agendas\/agenda-diaria-personalizada\/","name":"AGENDA DI\u00c1RIA PERSONALIZADA - Redoma - Brindes Corporativos","isPartOf":{"@id":"https:\/\/redoma.com.br\/corporativo\/#website"},"primaryImageOfPage":{"@id":"https:\/\/redoma.com.br\/corporativo\/informacoes\/agendas\/agenda-diaria-personalizada\/#primaryimage"},"image":{"@id":"https:\/\/redoma.com.br\/corporativo\/informacoes\/agendas\/agenda-diaria-personalizada\/#primaryimage"},"thumbnailUrl":"https:\/\/redoma.com.br\/corporativo\/wp-content\/uploads\/2021\/05\/agenda_diaria_personalizada_01.jpg","datePublished":"2021-05-05T22:24:16+00:00","dateModified":"2021-05-05T22:41:02+00:00","breadcrumb":{"@id":"https:\/\/redoma.com.br\/corporativo\/informacoes\/agendas\/agenda-diaria-personalizada\/#breadcrumb"},"inLanguage":"pt-BR","potentialAction":[{"@type":"ReadAction","target":["https:\/\/redoma.com.br\/corporativo\/informacoes\/agendas\/agenda-diaria-personalizada\/"]}]},{"@type":"ImageObject","inLanguage":"pt-BR","@id":"https:\/\/redoma.com.br\/corporativo\/informacoes\/agendas\/agenda-diaria-personalizada\/#primaryimage","url":"https:\/\/redoma.com.br\/corporativo\/wp-content\/uploads\/2021\/05\/agenda_diaria_personalizada_01.jpg","contentUrl":"https:\/\/redoma.com.br\/corporativo\/wp-content\/uploads\/2021\/05\/agenda_diaria_personalizada_01.jpg","width":480,"height":480},{"@type":"BreadcrumbList","@id":"https:\/\/redoma.com.br\/corporativo\/informacoes\/agendas\/agenda-diaria-personalizada\/#breadcrumb","itemListElement":[{"@type":"ListItem","position":1,"name":"In\u00edcio","item":"https:\/\/redoma.com.br\/corporativo\/"},{"@type":"ListItem","position":2,"name":"Informa\u00e7\u00f5es","item":"https:\/\/redoma.com.br\/corporativo\/informacoes\/"},{"@type":"ListItem","position":3,"name":"Agendas","item":"https:\/\/redoma.com.br\/corporativo\/informacoes\/agendas\/"},{"@type":"ListItem","position":4,"name":"AGENDA DI\u00c1RIA PERSONALIZADA"}]},{"@type":"WebSite","@id":"https:\/\/redoma.com.br\/corporativo\/#website","url":"https:\/\/redoma.com.br\/corporativo\/","name":"Redoma - Brindes Corporativos","description":"Produzimos Agenda Personalizada, Calend\u00e1rio Financeiro, Planner Personalizado, Caderno Personalizado, Caderneta personalizada e mais","potentialAction":[{"@type":"SearchAction","target":{"@type":"EntryPoint","urlTemplate":"https:\/\/redoma.com.br\/corporativo\/?s={search_term_string}"},"query-input":{"@type":"PropertyValueSpecification","valueRequired":true,"valueName":"search_term_string"}}],"inLanguage":"pt-BR"}]}},"_links":{"self":[{"href":"https:\/\/redoma.com.br\/corporativo\/wp-json\/wp\/v2\/pages\/1801","targetHints":{"allow":["GET"]}}],"collection":[{"href":"https:\/\/redoma.com.br\/corporativo\/wp-json\/wp\/v2\/pages"}],"about":[{"href":"https:\/\/redoma.com.br\/corporativo\/wp-json\/wp\/v2\/types\/page"}],"author":[{"embeddable":true,"href":"https:\/\/redoma.com.br\/corporativo\/wp-json\/wp\/v2\/users\/1"}],"replies":[{"embeddable":true,"href":"https:\/\/redoma.com.br\/corporativo\/wp-json\/wp\/v2\/comments?post=1801"}],"version-history":[{"count":1,"href":"https:\/\/redoma.com.br\/corporativo\/wp-json\/wp\/v2\/pages\/1801\/revisions"}],"predecessor-version":[{"id":1805,"href":"https:\/\/redoma.com.br\/corporativo\/wp-json\/wp\/v2\/pages\/1801\/revisions\/1805"}],"up":[{"embeddable":true,"href":"https:\/\/redoma.com.br\/corporativo\/wp-json\/wp\/v2\/pages\/1776"}],"wp:featuredmedia":[{"embeddable":true,"href":"https:\/\/redoma.com.br\/corporativo\/wp-json\/wp\/v2\/media\/1804"}],"wp:attachment":[{"href":"https:\/\/redoma.com.br\/corporativo\/wp-json\/wp\/v2\/media?parent=1801"}],"curies":[{"name":"wp","href":"https:\/\/api.w.org\/{rel}","templated":true}]}}