
{"id":1796,"date":"2021-05-05T19:22:02","date_gmt":"2021-05-05T22:22:02","guid":{"rendered":"https:\/\/novo.redoma.com.br\/?page_id=1796"},"modified":"2021-05-05T19:41:14","modified_gmt":"2021-05-05T22:41:14","slug":"agenda-de-bolso-personalizada","status":"publish","type":"page","link":"https:\/\/redoma.com.br\/corporativo\/informacoes\/agendas\/agenda-de-bolso-personalizada\/","title":{"rendered":"AGENDA DE BOLSO PERSONALIZADA"},"content":{"rendered":"<div class=\"wpb-content-wrapper\"><p>[vc_row][vc_column][vc_column_text]<\/p>\n<h2>BENEF\u00cdCIOS DA AGENDA DE BOLSO PERSONALIZADA<\/h2>\n<p>A agenda de bolso personalizada foi idealizada para fazer parte da rotina de pessoas que precisam levar, com facilidade e praticidade, um meio de marcar compromissos ou outros eventos importantes. Esse tipo de agenda \u00e9 ideal para o transporte em bolsas, pastas e mochilas porque se encaixa perfeitamente a espa\u00e7os limitados.<\/p>\n<p>Os eventos s\u00e3o facilmente anotados ou conferidos na agenda de bolso personalizada, que pode ser levada para todos os lugares por possuir uma estrutura pensada com medidas exatas, leves e compactas.<\/p>\n<h2>ENCOMENDE AGENDA DE BOLSO PERSONALIZADA COM A REDOMA<\/h2>\n<p>A Redoma \u00e9 uma gr\u00e1fica com mais de 40 anos de dedica\u00e7\u00e3o para se manter em destaque no mercado com produtos de qualidade. Entre as solu\u00e7\u00f5es gr\u00e1ficas idealizadas pela Redoma est\u00e1 a agenda de bolso personalizada, um produto de \u00f3tima durabilidade e que excede as expectativas dos clientes.<\/p>\n<p>Os investimentos em m\u00e3o de obra qualificada e desenvolvimento sustent\u00e1vel para a fabrica\u00e7\u00e3o de produtos cada vez melhores s\u00e3o levados muito a s\u00e9rio pela Redoma. \u00c9 por isso que a empresa se mant\u00e9m como uma das gr\u00e1ficas mais inovadoras do mercado, levando produtos sofisticados e pr\u00e1ticos para o dia a dia das pessoas.<\/p>\n<h2>AGENDA DE BOLSO PERSONALIZADA E A RESPONSABILIDADE COM O MEIO AMBIENTE<\/h2>\n<p>O papel da agenda \u00e9 feito a partir da madeira, fonte renov\u00e1vel e natural.<\/p>\n<p>A Redoma s\u00f3 utiliza papel com certificado FSC (Forest Stewardship Council), que garante manejo respons\u00e1vel das florestas e respeito com a fauna, flora e comunidades locais.<\/p>\n<p>A tinta usada na impress\u00e3o dos padr\u00f5es encontrados dentro da agenda de bolso personalizada \u00e9 totalmente \u00e0 base de soja e tamb\u00e9m \u00e9 at\u00f3xica.<\/p>\n<p>Todas as sobras de papel provenientes do corte dos produtos s\u00e3o encaminhadas para empresas especializadas em reciclagem.<\/p>\n<p>Os consumos de \u00e1gua e energia el\u00e9trica s\u00e3o calculados, e a Redoma investe em novas tecnologias para facilitar a economia e crescer de modo sustent\u00e1vel.<\/p>\n<h2>ENTRE EM CONTATO COM A REDOMA E SAIBA MAIS!<\/h2>\n<p>A sede da Redoma fica em Cajamar, S\u00e3o Paulo. H\u00e1 uma grande \u00e1rea de 11.000 m2 pronta para receber pedidos, com aten\u00e7\u00e3o e cumprimento dos prazos. Entre em contato para saber mais sobre agenda de bolso personalizada!<\/p>\n<h2>PARA SABER MAIS SOBRE AGENDA DE BOLSO PERSONALIZADA<\/h2>\n<p>Ligue para\u00a011 4448-7300\u00a0ou mande e-mail para:\u00a0atendimento@redoma.com.br[\/vc_column_text][\/vc_column][\/vc_row][vc_row][vc_column][vc_media_grid grid_id=&#8221;vc_gid:1620253270714-a60a267e-ad17-0&#8243; include=&#8221;1797,1798,1799&#8243;][\/vc_column][\/vc_row]<\/p>\n<\/div>","protected":false},"excerpt":{"rendered":"<p>[vc_row][vc_column][vc_column_text] BENEF\u00cdCIOS DA AGENDA DE BOLSO PERSONALIZADA A agenda de bolso personalizada foi idealizada para fazer parte da rotina de pessoas que precisam levar, com facilidade e praticidade, um meio de marcar compromissos ou outros eventos importantes. Esse tipo de agenda \u00e9 ideal para o transporte em bolsas, pastas e mochilas porque se encaixa perfeitamente&hellip;<\/p>\n","protected":false},"author":1,"featured_media":1797,"parent":1776,"menu_order":0,"comment_status":"closed","ping_status":"closed","template":"","meta":{"footnotes":""},"class_list":["post-1796","page","type-page","status-publish","has-post-thumbnail","hentry","description-off"],"yoast_head":"<!-- This site is optimized with the Yoast SEO plugin v26.8 - https:\/\/yoast.com\/product\/yoast-seo-wordpress\/ -->\n<title>AGENDA DE BOLSO PERSONALIZADA - Redoma - Brindes Corporativos<\/title>\n<meta name=\"robots\" content=\"index, follow, max-snippet:-1, max-image-preview:large, max-video-preview:-1\" \/>\n<link rel=\"canonical\" href=\"https:\/\/redoma.com.br\/corporativo\/informacoes\/agendas\/agenda-de-bolso-personalizada\/\" \/>\n<meta property=\"og:locale\" content=\"pt_BR\" \/>\n<meta property=\"og:type\" content=\"article\" \/>\n<meta property=\"og:title\" content=\"AGENDA DE BOLSO PERSONALIZADA - Redoma - Brindes Corporativos\" \/>\n<meta property=\"og:description\" content=\"[vc_row][vc_column][vc_column_text] BENEF\u00cdCIOS DA AGENDA DE BOLSO PERSONALIZADA A agenda de bolso personalizada foi idealizada para fazer parte da rotina de pessoas que precisam levar, com facilidade e praticidade, um meio de marcar compromissos ou outros eventos importantes. Esse tipo de agenda \u00e9 ideal para o transporte em bolsas, pastas e mochilas porque se encaixa perfeitamente&hellip;\" \/>\n<meta property=\"og:url\" content=\"https:\/\/redoma.com.br\/corporativo\/informacoes\/agendas\/agenda-de-bolso-personalizada\/\" \/>\n<meta property=\"og:site_name\" content=\"Redoma - Brindes Corporativos\" \/>\n<meta property=\"article:modified_time\" content=\"2021-05-05T22:41:14+00:00\" \/>\n<meta property=\"og:image\" content=\"https:\/\/redoma.com.br\/corporativo\/wp-content\/uploads\/2021\/05\/agenda_bolso_personalizada_01.jpg\" \/>\n\t<meta property=\"og:image:width\" content=\"480\" \/>\n\t<meta property=\"og:image:height\" content=\"480\" \/>\n\t<meta property=\"og:image:type\" content=\"image\/jpeg\" \/>\n<meta name=\"twitter:card\" content=\"summary_large_image\" \/>\n<meta name=\"twitter:label1\" content=\"Est. tempo de leitura\" \/>\n\t<meta name=\"twitter:data1\" content=\"2 minutos\" \/>\n<script type=\"application\/ld+json\" class=\"yoast-schema-graph\">{\"@context\":\"https:\/\/schema.org\",\"@graph\":[{\"@type\":\"WebPage\",\"@id\":\"https:\/\/redoma.com.br\/corporativo\/informacoes\/agendas\/agenda-de-bolso-personalizada\/\",\"url\":\"https:\/\/redoma.com.br\/corporativo\/informacoes\/agendas\/agenda-de-bolso-personalizada\/\",\"name\":\"AGENDA DE BOLSO PERSONALIZADA - Redoma - Brindes Corporativos\",\"isPartOf\":{\"@id\":\"https:\/\/redoma.com.br\/corporativo\/#website\"},\"primaryImageOfPage\":{\"@id\":\"https:\/\/redoma.com.br\/corporativo\/informacoes\/agendas\/agenda-de-bolso-personalizada\/#primaryimage\"},\"image\":{\"@id\":\"https:\/\/redoma.com.br\/corporativo\/informacoes\/agendas\/agenda-de-bolso-personalizada\/#primaryimage\"},\"thumbnailUrl\":\"https:\/\/redoma.com.br\/corporativo\/wp-content\/uploads\/2021\/05\/agenda_bolso_personalizada_01.jpg\",\"datePublished\":\"2021-05-05T22:22:02+00:00\",\"dateModified\":\"2021-05-05T22:41:14+00:00\",\"breadcrumb\":{\"@id\":\"https:\/\/redoma.com.br\/corporativo\/informacoes\/agendas\/agenda-de-bolso-personalizada\/#breadcrumb\"},\"inLanguage\":\"pt-BR\",\"potentialAction\":[{\"@type\":\"ReadAction\",\"target\":[\"https:\/\/redoma.com.br\/corporativo\/informacoes\/agendas\/agenda-de-bolso-personalizada\/\"]}]},{\"@type\":\"ImageObject\",\"inLanguage\":\"pt-BR\",\"@id\":\"https:\/\/redoma.com.br\/corporativo\/informacoes\/agendas\/agenda-de-bolso-personalizada\/#primaryimage\",\"url\":\"https:\/\/redoma.com.br\/corporativo\/wp-content\/uploads\/2021\/05\/agenda_bolso_personalizada_01.jpg\",\"contentUrl\":\"https:\/\/redoma.com.br\/corporativo\/wp-content\/uploads\/2021\/05\/agenda_bolso_personalizada_01.jpg\",\"width\":480,\"height\":480},{\"@type\":\"BreadcrumbList\",\"@id\":\"https:\/\/redoma.com.br\/corporativo\/informacoes\/agendas\/agenda-de-bolso-personalizada\/#breadcrumb\",\"itemListElement\":[{\"@type\":\"ListItem\",\"position\":1,\"name\":\"In\u00edcio\",\"item\":\"https:\/\/redoma.com.br\/corporativo\/\"},{\"@type\":\"ListItem\",\"position\":2,\"name\":\"Informa\u00e7\u00f5es\",\"item\":\"https:\/\/redoma.com.br\/corporativo\/informacoes\/\"},{\"@type\":\"ListItem\",\"position\":3,\"name\":\"Agendas\",\"item\":\"https:\/\/redoma.com.br\/corporativo\/informacoes\/agendas\/\"},{\"@type\":\"ListItem\",\"position\":4,\"name\":\"AGENDA DE BOLSO PERSONALIZADA\"}]},{\"@type\":\"WebSite\",\"@id\":\"https:\/\/redoma.com.br\/corporativo\/#website\",\"url\":\"https:\/\/redoma.com.br\/corporativo\/\",\"name\":\"Redoma - Brindes Corporativos\",\"description\":\"Produzimos Agenda Personalizada, Calend\u00e1rio Financeiro, Planner Personalizado, Caderno Personalizado, Caderneta personalizada e mais\",\"potentialAction\":[{\"@type\":\"SearchAction\",\"target\":{\"@type\":\"EntryPoint\",\"urlTemplate\":\"https:\/\/redoma.com.br\/corporativo\/?s={search_term_string}\"},\"query-input\":{\"@type\":\"PropertyValueSpecification\",\"valueRequired\":true,\"valueName\":\"search_term_string\"}}],\"inLanguage\":\"pt-BR\"}]}<\/script>\n<!-- \/ Yoast SEO plugin. -->","yoast_head_json":{"title":"AGENDA DE BOLSO PERSONALIZADA - Redoma - Brindes Corporativos","robots":{"index":"index","follow":"follow","max-snippet":"max-snippet:-1","max-image-preview":"max-image-preview:large","max-video-preview":"max-video-preview:-1"},"canonical":"https:\/\/redoma.com.br\/corporativo\/informacoes\/agendas\/agenda-de-bolso-personalizada\/","og_locale":"pt_BR","og_type":"article","og_title":"AGENDA DE BOLSO PERSONALIZADA - Redoma - Brindes Corporativos","og_description":"[vc_row][vc_column][vc_column_text] BENEF\u00cdCIOS DA AGENDA DE BOLSO PERSONALIZADA A agenda de bolso personalizada foi idealizada para fazer parte da rotina de pessoas que precisam levar, com facilidade e praticidade, um meio de marcar compromissos ou outros eventos importantes. Esse tipo de agenda \u00e9 ideal para o transporte em bolsas, pastas e mochilas porque se encaixa perfeitamente&hellip;","og_url":"https:\/\/redoma.com.br\/corporativo\/informacoes\/agendas\/agenda-de-bolso-personalizada\/","og_site_name":"Redoma - Brindes Corporativos","article_modified_time":"2021-05-05T22:41:14+00:00","og_image":[{"width":480,"height":480,"url":"https:\/\/redoma.com.br\/corporativo\/wp-content\/uploads\/2021\/05\/agenda_bolso_personalizada_01.jpg","type":"image\/jpeg"}],"twitter_card":"summary_large_image","twitter_misc":{"Est. tempo de leitura":"2 minutos"},"schema":{"@context":"https:\/\/schema.org","@graph":[{"@type":"WebPage","@id":"https:\/\/redoma.com.br\/corporativo\/informacoes\/agendas\/agenda-de-bolso-personalizada\/","url":"https:\/\/redoma.com.br\/corporativo\/informacoes\/agendas\/agenda-de-bolso-personalizada\/","name":"AGENDA DE BOLSO PERSONALIZADA - Redoma - Brindes Corporativos","isPartOf":{"@id":"https:\/\/redoma.com.br\/corporativo\/#website"},"primaryImageOfPage":{"@id":"https:\/\/redoma.com.br\/corporativo\/informacoes\/agendas\/agenda-de-bolso-personalizada\/#primaryimage"},"image":{"@id":"https:\/\/redoma.com.br\/corporativo\/informacoes\/agendas\/agenda-de-bolso-personalizada\/#primaryimage"},"thumbnailUrl":"https:\/\/redoma.com.br\/corporativo\/wp-content\/uploads\/2021\/05\/agenda_bolso_personalizada_01.jpg","datePublished":"2021-05-05T22:22:02+00:00","dateModified":"2021-05-05T22:41:14+00:00","breadcrumb":{"@id":"https:\/\/redoma.com.br\/corporativo\/informacoes\/agendas\/agenda-de-bolso-personalizada\/#breadcrumb"},"inLanguage":"pt-BR","potentialAction":[{"@type":"ReadAction","target":["https:\/\/redoma.com.br\/corporativo\/informacoes\/agendas\/agenda-de-bolso-personalizada\/"]}]},{"@type":"ImageObject","inLanguage":"pt-BR","@id":"https:\/\/redoma.com.br\/corporativo\/informacoes\/agendas\/agenda-de-bolso-personalizada\/#primaryimage","url":"https:\/\/redoma.com.br\/corporativo\/wp-content\/uploads\/2021\/05\/agenda_bolso_personalizada_01.jpg","contentUrl":"https:\/\/redoma.com.br\/corporativo\/wp-content\/uploads\/2021\/05\/agenda_bolso_personalizada_01.jpg","width":480,"height":480},{"@type":"BreadcrumbList","@id":"https:\/\/redoma.com.br\/corporativo\/informacoes\/agendas\/agenda-de-bolso-personalizada\/#breadcrumb","itemListElement":[{"@type":"ListItem","position":1,"name":"In\u00edcio","item":"https:\/\/redoma.com.br\/corporativo\/"},{"@type":"ListItem","position":2,"name":"Informa\u00e7\u00f5es","item":"https:\/\/redoma.com.br\/corporativo\/informacoes\/"},{"@type":"ListItem","position":3,"name":"Agendas","item":"https:\/\/redoma.com.br\/corporativo\/informacoes\/agendas\/"},{"@type":"ListItem","position":4,"name":"AGENDA DE BOLSO PERSONALIZADA"}]},{"@type":"WebSite","@id":"https:\/\/redoma.com.br\/corporativo\/#website","url":"https:\/\/redoma.com.br\/corporativo\/","name":"Redoma - Brindes Corporativos","description":"Produzimos Agenda Personalizada, Calend\u00e1rio Financeiro, Planner Personalizado, Caderno Personalizado, Caderneta personalizada e mais","potentialAction":[{"@type":"SearchAction","target":{"@type":"EntryPoint","urlTemplate":"https:\/\/redoma.com.br\/corporativo\/?s={search_term_string}"},"query-input":{"@type":"PropertyValueSpecification","valueRequired":true,"valueName":"search_term_string"}}],"inLanguage":"pt-BR"}]}},"_links":{"self":[{"href":"https:\/\/redoma.com.br\/corporativo\/wp-json\/wp\/v2\/pages\/1796","targetHints":{"allow":["GET"]}}],"collection":[{"href":"https:\/\/redoma.com.br\/corporativo\/wp-json\/wp\/v2\/pages"}],"about":[{"href":"https:\/\/redoma.com.br\/corporativo\/wp-json\/wp\/v2\/types\/page"}],"author":[{"embeddable":true,"href":"https:\/\/redoma.com.br\/corporativo\/wp-json\/wp\/v2\/users\/1"}],"replies":[{"embeddable":true,"href":"https:\/\/redoma.com.br\/corporativo\/wp-json\/wp\/v2\/comments?post=1796"}],"version-history":[{"count":1,"href":"https:\/\/redoma.com.br\/corporativo\/wp-json\/wp\/v2\/pages\/1796\/revisions"}],"predecessor-version":[{"id":1800,"href":"https:\/\/redoma.com.br\/corporativo\/wp-json\/wp\/v2\/pages\/1796\/revisions\/1800"}],"up":[{"embeddable":true,"href":"https:\/\/redoma.com.br\/corporativo\/wp-json\/wp\/v2\/pages\/1776"}],"wp:featuredmedia":[{"embeddable":true,"href":"https:\/\/redoma.com.br\/corporativo\/wp-json\/wp\/v2\/media\/1797"}],"wp:attachment":[{"href":"https:\/\/redoma.com.br\/corporativo\/wp-json\/wp\/v2\/media?parent=1796"}],"curies":[{"name":"wp","href":"https:\/\/api.w.org\/{rel}","templated":true}]}}